{"id":10458,"date":"2018-09-08T12:53:19","date_gmt":"2018-09-08T10:53:19","guid":{"rendered":"https:\/\/www.topohvar.at\/?page_id=10458"},"modified":"2021-05-12T06:15:57","modified_gmt":"2021-05-12T04:15:57","slug":"po-tr-05-1","status":"publish","type":"page","link":"https:\/\/www.topohvar.at\/topo\/orte\/po\/po-tr-05-1\/","title":{"rendered":"POLJICA &#8211; Trim \u00bbPO-TR-05\u00ab"},"content":{"rendered":"<p><a name=\"seite_oben\"><\/a><br \/>\n<strong><img loading=\"lazy\" decoding=\"async\" class=\"alignnone wp-image-10445 size-large\" src=\"https:\/\/www.topohvar.at\/wp-content\/uploads\/2018\/09\/hu-tr-03-0-1024x503.jpg\" alt=\"\" width=\"640\" height=\"314\" srcset=\"https:\/\/www.topohvar.at\/wp-content\/uploads\/2018\/09\/hu-tr-03-0-1024x503.jpg 1024w, https:\/\/www.topohvar.at\/wp-content\/uploads\/2018\/09\/hu-tr-03-0-300x147.jpg 300w, https:\/\/www.topohvar.at\/wp-content\/uploads\/2018\/09\/hu-tr-03-0-768x377.jpg 768w, https:\/\/www.topohvar.at\/wp-content\/uploads\/2018\/09\/hu-tr-03-0.jpg 1080w\" sizes=\"auto, (max-width: 640px) 100vw, 640px\" \/><\/strong><\/p>\n<p><strong>Ime \/ Name<br \/>\n<\/strong>Trim \u00bbPO-TR-05\u00ab<\/p>\n<p><strong>Code: <\/strong>PO-TR-05\u00a0 \u00a0 \u00a0 \u00a0 \u00a0 \u00a0 \u00a0 \u00a0 \u00a0 \u00a0 \u00a0 \u00a0 \u00a0 \u00a0 \u00a0 \u00a0 \u00a0 \u00a0 \u00a0 \u00a0 \u00a0<strong><a href=\"https:\/\/www.topohvar.at\/topo\/orte\/po\/po-tr-00-1\/\"><img loading=\"lazy\" decoding=\"async\" class=\"alignnone wp-image-12300 size-full\" src=\"https:\/\/www.topohvar.at\/wp-content\/uploads\/2018\/09\/push-vor-30.jpg\" alt=\"\" width=\"61\" height=\"30\" \/><\/a> <a href=\"https:\/\/www.topohvar.at\/orte\/po\/po-tr-17-1\/\"><img loading=\"lazy\" decoding=\"async\" class=\"alignnone wp-image-533 size-full\" src=\"https:\/\/www.topohvar.at\/wp-content\/uploads\/2018\/07\/push-l-30.jpg\" alt=\"\" width=\"61\" height=\"30\" \/><\/a> <a href=\"https:\/\/www.topohvar.at\/orte\/po\/\"><img loading=\"lazy\" decoding=\"async\" class=\"alignnone wp-image-535 size-full\" src=\"https:\/\/www.topohvar.at\/wp-content\/uploads\/2018\/07\/push-o-30.jpg\" alt=\"\" width=\"61\" height=\"30\" \/><\/a>\u00a0<a href=\"https:\/\/www.topohvar.at\/orte\/po\/po-tr-10-1\/\"><img loading=\"lazy\" decoding=\"async\" class=\"alignnone wp-image-536 size-full\" src=\"https:\/\/www.topohvar.at\/wp-content\/uploads\/2018\/07\/push-r-30.jpg\" alt=\"\" width=\"61\" height=\"30\" \/><\/a><\/strong><\/p>\n<hr \/>\n<p><strong>Adresa \/ Adresse<br \/>\n<\/strong>Ju\u017eno od Poljice \/ s\u00fcdlich der Ortschaft Poljica<\/p>\n<p><strong>Lokacija \/ Position<a href=\"https:\/\/goo.gl\/maps\/m9dh3LAZpkKBYGUTA\"><img loading=\"lazy\" decoding=\"async\" class=\"alignright wp-image-10484\" src=\"https:\/\/www.topohvar.at\/wp-content\/uploads\/2018\/09\/0222.jpg\" alt=\"\" width=\"133\" height=\"100\" \/><\/a><br \/>\n<\/strong><span style=\"color: #3366ff;\"><a style=\"color: #3366ff;\" href=\"https:\/\/goo.gl\/maps\/m9dh3LAZpkKBYGUTA\">Latitude: N 43,13934\u00b0\u00a0 \u00a0Longitude: E 16,79199\u00b0<\/a> <\/span><strong><br \/>\n<\/strong>Visina \/ H\u00f6he: 324\u00a0 m<\/p>\n<p><strong>Katastarska \u010destica \/ Grundst\u00fccke<br \/>\n<\/strong>718\/34 (DKP Zastra\u017ei\u0161\u0107e)<div class='content-column one_half'><div style=\"padding-right:6px;\"><p><strong>Datum snimanja \/ Erfassungsdatum<br \/>\n<\/strong>19.09.2015 09:43:47<\/p>\n<hr \/>\n<p><strong>Informacije<\/strong><\/p>\n<p>Prekrasni trim je na stazi koja vodi od Istoka od Poljica do grebena. Nalazi se u \u0161irokom kamenom zidu koji je tako\u0111er ome\u0111en cisternom s pjoverom. S desne strane ulaza, korbelino stubi\u0161te vodi do prvog kata trima. Veliki ulaz vodi u prostrani interijer, u kojem se nalazi mali kameni stol, kamena sjedala i zidna ni\u0161a.<\/p><\/div><\/div><div class='content-column one_half last_column'><div style=\"padding-right:0px;padding-left:6px;\"><p><strong>Stupanj za\u0161tite \/ Schutzstellung<br \/>\n<\/strong>&#8211;<\/p>\n<hr \/>\n<p><strong>Info<\/strong><\/p>\n<p>Der sch\u00f6ne Trim befindet sich am Weg der \u00f6stlich von Poljica auf den Bergr\u00fccken f\u00fchrt. Er steckt in einer breiten Steinmauer, an die auch eine Zisterne mit Wasserauffangfl\u00e4che grenzt. Rechts vom Eingang f\u00fchren Kragsteine auf die erste Etage des Trim. Durch den gro\u00dfen Eingang gelangt man in den ger\u00e4umigen Innenraum, in dem sich ein kleiner Steintisch, Sitzsteine und eine Wandnische befinden.<\/p><\/div><\/div><div class='clear_column'><\/div><div class='content-column one_half'><div style=\"padding-right:6px;\"><div id=\"attachment_39678\" style=\"width: 310px\" class=\"wp-caption aligncenter\"><img loading=\"lazy\" decoding=\"async\" aria-describedby=\"caption-attachment-39678\" class=\"wp-image-39678 size-medium\" src=\"https:\/\/www.topohvar.at\/wp-content\/uploads\/2020\/08\/po-tr-05-18-300x300.jpg\" alt=\"\" width=\"300\" height=\"300\" srcset=\"https:\/\/www.topohvar.at\/wp-content\/uploads\/2020\/08\/po-tr-05-18-300x300.jpg 300w, https:\/\/www.topohvar.at\/wp-content\/uploads\/2020\/08\/po-tr-05-18-150x150.jpg 150w, https:\/\/www.topohvar.at\/wp-content\/uploads\/2020\/08\/po-tr-05-18.jpg 450w\" sizes=\"auto, (max-width: 300px) 100vw, 300px\" \/><p id=\"caption-attachment-39678\" class=\"wp-caption-text\">Ulaz \/ Eingang<\/p><\/div><\/div><\/div><div class='content-column one_half last_column'><div style=\"padding-right:0px;padding-left:6px;\"><div id=\"attachment_39679\" style=\"width: 310px\" class=\"wp-caption aligncenter\"><img loading=\"lazy\" decoding=\"async\" aria-describedby=\"caption-attachment-39679\" class=\"wp-image-39679 size-medium\" src=\"https:\/\/www.topohvar.at\/wp-content\/uploads\/2020\/08\/po-tr-05-19-300x300.jpg\" alt=\"\" width=\"300\" height=\"300\" srcset=\"https:\/\/www.topohvar.at\/wp-content\/uploads\/2020\/08\/po-tr-05-19-300x300.jpg 300w, https:\/\/www.topohvar.at\/wp-content\/uploads\/2020\/08\/po-tr-05-19-150x150.jpg 150w, https:\/\/www.topohvar.at\/wp-content\/uploads\/2020\/08\/po-tr-05-19.jpg 450w\" sizes=\"auto, (max-width: 300px) 100vw, 300px\" \/><p id=\"caption-attachment-39679\" class=\"wp-caption-text\">Pogled na zapad \/ Blick nach Westen<\/p><\/div><\/div><\/div><div class='clear_column'><\/div><\/p>\n<div id=\"attachment_39680\" style=\"width: 1090px\" class=\"wp-caption alignnone\"><img loading=\"lazy\" decoding=\"async\" aria-describedby=\"caption-attachment-39680\" class=\"wp-image-39680 size-full\" src=\"https:\/\/www.topohvar.at\/wp-content\/uploads\/2020\/08\/po-tr-05-17.jpg\" alt=\"\" width=\"1080\" height=\"530\" srcset=\"https:\/\/www.topohvar.at\/wp-content\/uploads\/2020\/08\/po-tr-05-17.jpg 1080w, https:\/\/www.topohvar.at\/wp-content\/uploads\/2020\/08\/po-tr-05-17-300x147.jpg 300w, https:\/\/www.topohvar.at\/wp-content\/uploads\/2020\/08\/po-tr-05-17-1024x503.jpg 1024w, https:\/\/www.topohvar.at\/wp-content\/uploads\/2020\/08\/po-tr-05-17-768x377.jpg 768w\" sizes=\"auto, (max-width: 1080px) 100vw, 1080px\" \/><p id=\"caption-attachment-39680\" class=\"wp-caption-text\">Cisterna (9) pored trim \/ Zisterne (9) neben dem Trim<\/p><\/div>\n<div class='content-column one_half'><div style=\"padding-right:6px;\"><p>Dana 25.07.2020 trim je posje\u0107en i prona\u0111en je sljede\u0107i<\/p>\n<p>Lokacija: grmlje<br \/>\nPodzemlje: sklon<br \/>\nSklop: kameni zid , pjover<br \/>\nUpotreba: koristi<br \/>\nStanje izgradnje: vrlo dobro uzdr\u017eati<br \/>\nBroj prstenova trima: dva prstena<br \/>\nDodatni kameni prsten: nema kamenog prstena<br \/>\nStepeni\u0161te: stube<br \/>\nOblik kamena: uglast<br \/>\nPodru\u010dje ispred ulaza: lako dostupni<br \/>\nVrata na stranicu: S (10\u00b0)<br \/>\nPromjer trima (cm): 500<br \/>\nVisina trima (cm): 310<br \/>\nVisina prstena (cm): prsten 1: 210 , prsten 2: 290<br \/>\nDebljina zida (cm): 90<br \/>\n\u0160irina vrata (cm): 100<br \/>\nVisina vrata (cm): 120<br \/>\n\u0160irina unutra (cm): 320<br \/>\nVisina unutra (cm): 320<br \/>\nVolumen iznutra (m3): 15,24<br \/>\nNi\u0161a 1 (P\/\u0160\/V\/D) (cm): 110 \/ 30 \/ 35 \/ 65<\/p><\/div><\/div><div class='content-column one_half last_column'><div style=\"padding-right:0px;padding-left:6px;\"><p>Am 25.07.2020 wurde der Trim besucht und untersucht<\/p>\n<p>Standort: Buschwerk<br \/>\nUntergrund: geneigt<br \/>\nVerbunden mit: Steinmauer , Wasserauffangbecken<br \/>\nNutzung: genutzt<br \/>\nZustand: sehr gut erhalten<br \/>\nRinge\/Stufen des Trim: zweistufig<br \/>\nZus\u00e4tzlicher Steinring: kein Steinring<br \/>\nStiege: Stufen<br \/>\nSteinform: kantig<br \/>\nEingangsbereich: frei<br \/>\nEingangsseite: N (10\u00b0)<br \/>\nTrimdurchmesser (cm): 500<br \/>\nTrimh\u00f6he (cm): 310<br \/>\nStufen\/Ringh\u00f6he (cm): Ring 1: 210 , Ring 2: 290<br \/>\nWandst\u00e4rke: 90<br \/>\nT\u00fcrbreite (cm): 100<br \/>\nT\u00fcrh\u00f6he (cm): 120<br \/>\nInnenraumbreite (cm): 320<br \/>\nInnenraumh\u00f6he (cm): 320<br \/>\nRaumvolumen (m3): 15,24<br \/>\nNische 1 (P\/B\/H\/T) (cm): 110 \/ 30 \/ 35 \/ 65<\/p><\/div><\/div><div class='clear_column'><\/div><br \/>\n<img loading=\"lazy\" decoding=\"async\" class=\"alignleft size-full wp-image-40099\" src=\"https:\/\/www.topohvar.at\/wp-content\/uploads\/2020\/08\/po-tr-05-sca.jpg\" alt=\"\" width=\"640\" height=\"969\" srcset=\"https:\/\/www.topohvar.at\/wp-content\/uploads\/2020\/08\/po-tr-05-sca.jpg 640w, https:\/\/www.topohvar.at\/wp-content\/uploads\/2020\/08\/po-tr-05-sca-198x300.jpg 198w\" sizes=\"auto, (max-width: 640px) 100vw, 640px\" \/><\/p>\n<p style=\"text-align: right;\"><a href=\"#seite_oben\">natrag na vrh \/ Seitenanfang<\/a><\/p>\n<hr \/>\n<p><strong>Linkovi \/ Links<\/strong><\/p>\n<p><span style=\"color: #3366ff;\"><a style=\"color: #3366ff;\" href=\"https:\/\/www.topohvar.at\/topo\/orte\/po\/po-op-12-1\/\">Cisterna 9 \/ Zisterne 9<\/a><\/span><\/p>\n","protected":false},"excerpt":{"rendered":"<p>Ime \/ Name Trim \u00bbPO-TR-05\u00ab Code: PO-TR-05\u00a0 \u00a0 \u00a0 \u00a0 \u00a0 \u00a0 \u00a0 \u00a0 \u00a0 \u00a0 \u00a0 \u00a0 \u00a0 \u00a0 \u00a0 \u00a0 \u00a0 \u00a0 \u00a0 \u00a0 \u00a0 \u00a0 Adresa \/ Adresse Ju\u017eno od Poljice \/ s\u00fcdlich der Ortschaft Poljica Lokacija &hellip; <a href=\"https:\/\/www.topohvar.at\/topo\/orte\/po\/po-tr-05-1\/\">Weiterlesen <span class=\"meta-nav\">&rarr;<\/span><\/a><\/p>\n","protected":false},"author":1,"featured_media":0,"parent":91,"menu_order":0,"comment_status":"closed","ping_status":"closed","template":"","meta":{"footnotes":""},"class_list":["post-10458","page","type-page","status-publish","hentry"],"_links":{"self":[{"href":"https:\/\/www.topohvar.at\/topo\/wp-json\/wp\/v2\/pages\/10458","targetHints":{"allow":["GET"]}}],"collection":[{"href":"https:\/\/www.topohvar.at\/topo\/wp-json\/wp\/v2\/pages"}],"about":[{"href":"https:\/\/www.topohvar.at\/topo\/wp-json\/wp\/v2\/types\/page"}],"author":[{"embeddable":true,"href":"https:\/\/www.topohvar.at\/topo\/wp-json\/wp\/v2\/users\/1"}],"replies":[{"embeddable":true,"href":"https:\/\/www.topohvar.at\/topo\/wp-json\/wp\/v2\/comments?post=10458"}],"version-history":[{"count":19,"href":"https:\/\/www.topohvar.at\/topo\/wp-json\/wp\/v2\/pages\/10458\/revisions"}],"predecessor-version":[{"id":49047,"href":"https:\/\/www.topohvar.at\/topo\/wp-json\/wp\/v2\/pages\/10458\/revisions\/49047"}],"up":[{"embeddable":true,"href":"https:\/\/www.topohvar.at\/topo\/wp-json\/wp\/v2\/pages\/91"}],"wp:attachment":[{"href":"https:\/\/www.topohvar.at\/topo\/wp-json\/wp\/v2\/media?parent=10458"}],"curies":[{"name":"wp","href":"https:\/\/api.w.org\/{rel}","templated":true}]}}