{"id":10460,"date":"2018-09-08T12:55:12","date_gmt":"2018-09-08T10:55:12","guid":{"rendered":"https:\/\/www.topohvar.at\/?page_id=10460"},"modified":"2023-01-05T11:09:23","modified_gmt":"2023-01-05T10:09:23","slug":"hu-po-01-1","status":"publish","type":"page","link":"https:\/\/www.topohvar.at\/topo\/orte\/hu\/hu-po-01-1\/","title":{"rendered":"HUMAC &#8211; Arheolo\u0161ko nalazi\u0161te \u00bbGrap\u010deva \u0161pilja\u00ab"},"content":{"rendered":"<p><a name=\"seite_oben\"><\/a><br \/>\n<strong><img loading=\"lazy\" decoding=\"async\" class=\"alignnone wp-image-10442 size-large\" src=\"https:\/\/www.topohvar.at\/wp-content\/uploads\/2018\/09\/HU-PO-01-0-1024x503.jpg\" alt=\"\" width=\"640\" height=\"314\" srcset=\"https:\/\/www.topohvar.at\/wp-content\/uploads\/2018\/09\/HU-PO-01-0-1024x503.jpg 1024w, https:\/\/www.topohvar.at\/wp-content\/uploads\/2018\/09\/HU-PO-01-0-300x147.jpg 300w, https:\/\/www.topohvar.at\/wp-content\/uploads\/2018\/09\/HU-PO-01-0-768x377.jpg 768w, https:\/\/www.topohvar.at\/wp-content\/uploads\/2018\/09\/HU-PO-01-0.jpg 1080w\" sizes=\"auto, (max-width: 640px) 100vw, 640px\" \/><\/strong><\/p>\n<p><strong>Ime \/ Name<br \/>\n<\/strong>Arheolo\u0161ko nalazi\u0161te \u00bbGrap\u010deva \u0161pilja\u00ab \/ Arch\u00e4ologische St\u00e4tte <em>H\u00f6hle\u00a0Grap\u010deva<\/em><\/p>\n<p><strong>Code: <\/strong>HU-PO-01\u00a0 \u00a0 \u00a0 \u00a0 \u00a0 \u00a0 \u00a0 \u00a0 \u00a0 \u00a0 \u00a0 \u00a0 \u00a0 \u00a0 \u00a0 \u00a0 \u00a0 \u00a0 \u00a0 \u00a0 \u00a0<strong> <a href=\"https:\/\/www.topohvar.at\/orte\/hu\/\"><img loading=\"lazy\" decoding=\"async\" class=\"alignnone wp-image-535 size-full\" src=\"https:\/\/www.topohvar.at\/wp-content\/uploads\/2018\/07\/push-o-30.jpg\" alt=\"\" width=\"61\" height=\"30\" \/><\/a> <\/strong><\/p>\n<hr \/>\n<p><strong>Adresa \/ Adresse<br \/>\n<\/strong>Humac,\u00a0Grap\u010deva \u0161pilja \/ H\u00f6hle Grap\u010deva<\/p>\n<p><strong>Lokacija \/ Position<a href=\"https:\/\/goo.gl\/maps\/raW2fuiHBLG5RAUFA\"><img loading=\"lazy\" decoding=\"async\" class=\"alignright wp-image-10487\" src=\"https:\/\/www.topohvar.at\/wp-content\/uploads\/2018\/09\/1259.jpg\" alt=\"\" width=\"134\" height=\"100\" \/><\/a><br \/>\n<\/strong><span style=\"color: #3366ff;\"><a style=\"color: #3366ff;\" href=\"https:\/\/goo.gl\/maps\/raW2fuiHBLG5RAUFA\">Latitude: N 43,13389\u00b0\u00a0 \u00a0Longitude: E 16,75302\u00b0<\/a> <\/span><strong><br \/>\n<\/strong>Visina \/ H\u00f6he: 239 m<\/p>\n<p><strong>Katastarska \u010destica <\/strong><strong>\/ Grundst\u00fccke<br \/>\n<\/strong>5336\/12<div class='content-column one_half'><div style=\"padding-right:6px;\"><p><strong>Datum snimanja \/ Erfassungsdatum<br \/>\n<\/strong>01.01.2000 00:00:00<\/p>\n<hr \/>\n<p><strong>Informacije<\/strong><\/p>\n<p>GRAP\u010cEVA \u0160PILJA, na ju\u017enom obronku brda Grabak, na visini od 239 m, ispod malog seoca Humca, nalazi se me\u0111u drve\u0107em, iz kojega se penju klisure. Krasan polo\u017eaj, sredozemno raslinje i mirisno bilje daju okoli\u0161u poseban ugo\u0111aj. Vidik s ulaza pru\u017ea se do Pelje\u0161ca, Kor\u010dule, Lastova, Su\u0161ca, Visa i hvarskih oto\u010di\u0107a pred lukom grada Hvara, te na \u0160\u0107edro, ispod spilje. Podno nje je mala lu\u010dica Virak s izvorom bo\u010date hladne vode. U Virku mo\u017ee stajati tek po koja la\u0111a zaklonjena od svakoga vjetra.<\/p><\/div><\/div><div class='content-column one_half last_column'><div style=\"padding-right:0px;padding-left:6px;\"><p><strong>Stupanj za\u0161tite<\/strong><strong> \/ Schutzstellung<br \/>\n<\/strong>Z-5610<\/p>\n<hr \/>\n<p><strong>Info<\/strong><\/p>\n<p>Die H\u00f6hle befindet sich am S\u00fcdhang des Berges Grabak in einer H\u00f6he von 239 Meter unterhalb des kleinen Dorfes Humac. Sie liegt unter B\u00e4umen, zu denen man aus der Schlucht klettern muss. Die sch\u00f6ne Lage, die mediterranen Pflanzen und duftenden Kr\u00e4uter, die Sicht auf die Halbinsel Pelje\u0161ac, auf Kor\u010dul, Lastova, Su\u0161ac, Vis und die Hvarer Inseln vor der Hafenstadt Hvar, sowie \u0160\u0107edro unterhalb der H\u00f6hle, verleihen der Umgebung eine besondere Atmosph\u00e4re. Unten liegt der kleine Hafen Virak mit einer Quelle von kaltem Brackwasser. In Virak kann man von allen Winden gesch\u00fctzt anlegen.<\/p><\/div><\/div><div class='clear_column'><\/div><div class='content-column one_half'><div style=\"padding-right:6px;\"><p>Prva istra\u017eivanja Grap\u010deve \u0161pilje proveo je prirodoslovac Grgur Bu\u010di\u0107 krajem 19 stolje\u0107a. Detaljno znanstveno istra\u017eivanje proveo je akademik Grgo Novak od 1947. do 1952. godine. Materijal koji je prikupio omogu\u0107io je da se po prvi puta odredi nova kulturna pojava u prapovijesti na isto\u010dnoj obali Jadranskog mora \u2013 hvarsko-lisi\u010di\u0107ka kultura kasnog neolitika.<\/p><\/div><\/div><div class='content-column one_half last_column'><div style=\"padding-right:0px;padding-left:6px;\"><p>Die erste Erforschung von Grap\u010deva H\u00f6hle wurde Ende des 19. Jahrhunderts vom Naturforscher Grgur Bu\u010di\u0107 durchgef\u00fchrt. Detaillierte wissenschaftliche Forschungen wurden von 1947 bis 1952 vom Akademiker Grgo Novak durchgef\u00fchrt. Das von ihm gesammelte Material erm\u00f6glichte erstmals die Bestimmung eines neuen kulturellen Ph\u00e4nomens in der Vorgeschichte an der Ostk\u00fcste der Adria \u2013 der Hvar-Lisi\u010di\u0107-Kultur des sp\u00e4ten Neolithikums.<\/p><\/div><\/div><div class='clear_column'><\/div><div class='content-column one_half'><div style=\"padding-right:6px;\"><p>Sistematska iskapanja akademika Novaka u \u0161pilji su otkrila tri kulturna sloja od kojih je najzanimljiviji neoliti\u010dki sloj, bogat ornamentiranom i obojenom keramikom. Keramika je okru\u017eena crte\u017eima brodica iz \u010dega se zaklju\u010duje da je otok Hvar ve\u0107 tada odr\u017eavao trgova\u010dke veze s udaljenim krajevima. Slika la\u0111e, na\u0111ena u ovoj \u0161pilji, potje\u010de iz 3000. godine prije Krista. Urezana je na vazi i predstavlja najstariju sliku la\u0111e u Europi.<\/p><\/div><\/div><div class='content-column one_half last_column'><div style=\"padding-right:0px;padding-left:6px;\"><p>Die systematischen Ausgrabungen des Akademikers Novak in der H\u00f6hle enth\u00fcllten drei kulturelle Schichten, von denen die interessanteste die neolithische Schicht ist, die reich an verzierten und farbigen Keramiken ist. Die Keramik ist von Schiffszeichnungen umgeben, aus denen geschlossen werden kann, dass die Insel Hvar schon damals Handelsbeziehungen zu fernen L\u00e4ndern unterhielt. Das in dieser H\u00f6hle gefundene Bild des Schiffes stammt aus dem Jahr 3000 v. Es ist auf einer Vase eingraviert und stellt das \u00e4lteste Schiffsgem\u00e4lde in Europa dar.<\/p><\/div><\/div><div class='clear_column'><\/div><div class='content-column one_half'><div style=\"padding-right:6px;\"><p>U svojoj raspravi iz 1972. (Hvar kroz stoljeca, Zagreb 1972.) Grga Novak ka\u017ee: Grap\u010deva spilja slu\u017eila je jednako malo kao Markova spilja i Pokrivenikova u vrijeme neolitske obojene keramike ili eneolitske keramike, tj. u 3. tisu\u0107lje\u0107u prije na\u0161eg doba za \u017eivot, ali su bila mjesta koja su bila rezervirana za kult, prvenstveno kult predaka. Bile su mjesto uto\u010di\u0161ta u vrijeme opasnosti od neprijatelja.<\/p><\/div><\/div><div class='content-column one_half last_column'><div style=\"padding-right:0px;padding-left:6px;\"><p>In seiner Abhandlung aus dem Jahr 1972 (Hvar kroz stoljeca, Zagreb 1972) meinte Grga Novak: Die Grapceva spilja diente ebensowenig wie die Markova spilja und die von<br \/>\nPokrivenik in der Zeit der neolithischen Bunt-Keramik bzw. der eneolithischen<br \/>\nKeramik, d.h. im 3. Jt. v. u. Z. zum Wohnen, sondern waren Orte, die dem Kult<br \/>\nvorbehalten waren, in erster Linie dem Ahnenkult. In Zeiten, in denen Gefahr von<br \/>\nFeinden drohte, waren sie eine Zufluchtsst\u00e4tte.<\/p><\/div><\/div><div class='clear_column'><\/div><div class='content-column one_half'><div style=\"padding-right:6px;\"><p>Jugozapadni ulaz je stisnut i uzak, jer su klisure, koje su stajale nad ulazom, skliznule i zatvorile velik otvor prema moru. Jugoisto\u010dni ulaz je na visini od 221 m, a postoji i otvor na gornjemu dijelu jedne prostorije.<\/p><\/div><\/div><div class='content-column one_half last_column'><div style=\"padding-right:0px;padding-left:6px;\"><p>Der s\u00fcdwestliche Eingang ist durch einen Erdrutsch heute eng und schmal. Der s\u00fcd\u00f6stliche Eingang befindet sich auf einer H\u00f6he von 221 m, und f\u00fchrt durch ein Loch in den oberen Teil eines Raumes.<\/p><\/div><\/div><div class='clear_column'><\/div><div class='content-column one_half'><div style=\"padding-right:6px;\"><p>\u0160pilja se sastoji od manje prostorije, uz ulaz (13,5 m x 5 m), velike dvorane (22 x 23 m), koja se na sjevernoj strani di\u017ee i produljuje za 4,5 m i sporednih nedostupnih prostorija. Ukupna duljina \u0161pilje (sjever &#8211; jug) je 31,5 m, a \u0161irina dviju glavnih dvorana 32,75 m.<\/p><\/div><\/div><div class='content-column one_half last_column'><div style=\"padding-right:0px;padding-left:6px;\"><p>Die H\u00f6hle besteht aus einem kleinen Raum beim Eingang (13,5 m x 5 m), einer gro\u00dfen Halle (22 x 23 m) die sich auf der Nordseite auf 4,5 m H\u00f6he erhebt, sowie weitere unzug\u00e4ngliche Nebenr\u00e4ume. Die Gesamtl\u00e4nge der H\u00f6hle (Nord &#8211; S\u00fcd) betr\u00e4gt 31,5 m, die Breite der zwei Haupthallen 32,75 m.<\/p><\/div><\/div><div class='clear_column'><\/div><div class='content-column one_half'><div style=\"padding-right:6px;\"><p>Usprkos uni\u0161tavanju, ostalo je dosta lijepih stalaktita i stalagmita, stupova i ni\u0161a. Iskopavanja su otkrila postojanje visoke kulture u drugoj polovici 4. tisu\u0107lje\u0107a i kroz cijelo 3. tisu\u0107elje\u0107e prije Krista. Tada\u0161nji stanovnici ve\u0107 poznaju izrezanu i obojenu keramiku (naj\u010de\u0161\u0107e sme\u0111a ili crna), peku ju, premazuju, poliraju i na njoj slikaju ornamente (naj\u010de\u0161\u0107e stilizirana spirala).<\/p><\/div><\/div><div class='content-column one_half last_column'><div style=\"padding-right:0px;padding-left:6px;\"><p>Trotz den Zerst\u00f6rungen sind noch eine Menge sch\u00f6ner Stalaktiten und Stalagmiten, S\u00e4ulen und Nischen vorhanden. Ausgrabungen haben Kulturg\u00fcter aus der zweiten H\u00e4lfte des 4. Jahrtausends und des gesamten dritten Jahrtausends vor Chr. ans Licht gebracht. Die ehemaligen Bewohner wussten bereits gut gravierte, farbige Keramik (meist braun oder schwarz) zu brennen, sie zu beschichten, polieren und mit farbigen Ornamenten (in der Regel stilisierte Spiralen) zu verzieren.<\/p><\/div><\/div><div class='clear_column'><\/div><div class='content-column one_half'><div style=\"padding-right:6px;\"><p>Hvarske luke, izvrsna skloni\u0161ta i mjesta za opskrbu la\u0111a, na izvrsnomu polo\u017eaju, na morskim putovima od Sredozemnoga mora prema Bosni ili Kvarneru bili su putovi prodora mediteranske kulture u Srednju Europu. Zbog svega toga razvila se na otoku Hvaru kerami\u010dka proizvodnja do savr\u0161enstva.<\/p><\/div><\/div><div class='content-column one_half last_column'><div style=\"padding-right:0px;padding-left:6px;\"><p>Die H\u00e4fen von Hvar schafften ausgezeichnete Zufluchtsorte und Pl\u00e4tze f\u00fcr Versorgungsschiffe, in einer ausgesetzten Lage am Seeweg in Richtung Bosnien und Kvarner und erm\u00f6glichten auf diese Weise das Eindringen der mediterranen Kultur in Mitteleuropa. Aufgrund all dessen hat sich Keramik-Produktion auf der Insel Hvar bis zur Perfektion entwickelt<\/p><\/div><\/div><div class='clear_column'><\/div><div class='content-column one_half'><div style=\"padding-right:6px;\"><p>Tu je prona\u0111ena najstarija slika la\u0111e u Europi (3000. prije Krista) urezana na dijelu ve\u0107e vaze. Tek se u bron\u010dano doba javljaju slike la\u0111a u \u0160vedskoj. Niz neoliti\u010dkih posuda obojeno je cinabaritom (mineral \u017eive). Kako je on otrovan, njime su se ukra\u0161avale posude za vjerske obrede, a ne za svagdanju uporabu<\/p><\/div><\/div><div class='content-column one_half last_column'><div style=\"padding-right:0px;padding-left:6px;\"><p>Hier wurde auch das \u00e4lteste Bild eines Bootes in Europa (3000 v. Chr.), geritzt auf dem Bruchst\u00fcck einer gr\u00f6\u00dferen Vase gefunden. In der Bronzezeit gab es Darstellungen von Schiffen nur in Schweden. Eine Reihe von neolithischen T\u00f6pfen waren mit Zinnober (quecksilberhaltiges Mineral) bemalt. Als man das Gift erkannte, wurde, das Gef\u00e4\u00df nur f\u00fcr den Gottesdienst und nicht mehr f\u00fcr den t\u00e4glichen Gebrauch verwendet.<\/p><\/div><\/div><div class='clear_column'><\/div><div class='content-column one_half'><div style=\"padding-right:6px;\"><p>Registra kilzutnih dobara Republike Hrvartske br. 03\/2012, lista za\u0161ti\u0107enih kulturnih dobara:<br \/>\nRje\u0161enje: 24.9.2012<br \/>\nBroj registra: Z-5610<\/p><\/div><\/div><div class='content-column one_half last_column'><div style=\"padding-right:0px;padding-left:6px;\"><p>Register der Kulturg\u00fcter der Republik Kroatien Nr. 02\/2016, Liste der gesch\u00fctzten Kulturg\u00fcter:<br \/>\nEntscheidung vom: 24.9.2012<br \/>\nRegistrierungsnummer: Z-5610<\/p><\/div><\/div><div class='clear_column'><\/div><\/p>\n<p style=\"text-align: right;\"><span style=\"color: #3366ff;\"><a style=\"color: #3366ff;\" href=\"#seite_oben\">natrag na vrh \/ Seitenanfang<\/a><\/span><\/p>\n<hr \/>\n<p><strong>Linkovi \/ Links<\/strong><\/p>\n<p><span style=\"color: #3366ff;\"><a style=\"color: #3366ff;\" href=\"https:\/\/www.topohvar.at\/orte\/za\/za-po-01-1\">\u0160pilja na uvalu Pokrivenik\u00ab \/ H\u00f6hle in der Bucht Pokrivenik<\/a><br \/>\n<a style=\"color: #3366ff;\" href=\"https:\/\/www.topohvar.at\/topo\/orte\/hv\/hv-po-01-1\/\">Arheolo\u0161ko nalazi\u0161te \u00bbMarkova \u0161pilja\u00ab \/ Arch\u00e4ologische St\u00e4tte\u00a0 Mark-H\u00f6hle<\/a><\/span><\/p>\n<p><span style=\"color: #3366ff;\">\u00a0<\/span><\/p>\n","protected":false},"excerpt":{"rendered":"<p>Ime \/ Name Arheolo\u0161ko nalazi\u0161te \u00bbGrap\u010deva \u0161pilja\u00ab \/ Arch\u00e4ologische St\u00e4tte H\u00f6hle\u00a0Grap\u010deva Code: HU-PO-01\u00a0 \u00a0 \u00a0 \u00a0 \u00a0 \u00a0 \u00a0 \u00a0 \u00a0 \u00a0 \u00a0 \u00a0 \u00a0 \u00a0 \u00a0 \u00a0 \u00a0 \u00a0 \u00a0 \u00a0 \u00a0 Adresa \/ Adresse Humac,\u00a0Grap\u010deva \u0161pilja \/ H\u00f6hle &hellip; <a href=\"https:\/\/www.topohvar.at\/topo\/orte\/hu\/hu-po-01-1\/\">Weiterlesen <span class=\"meta-nav\">&rarr;<\/span><\/a><\/p>\n","protected":false},"author":1,"featured_media":0,"parent":78,"menu_order":0,"comment_status":"closed","ping_status":"closed","template":"","meta":{"footnotes":""},"class_list":["post-10460","page","type-page","status-publish","hentry"],"_links":{"self":[{"href":"https:\/\/www.topohvar.at\/topo\/wp-json\/wp\/v2\/pages\/10460","targetHints":{"allow":["GET"]}}],"collection":[{"href":"https:\/\/www.topohvar.at\/topo\/wp-json\/wp\/v2\/pages"}],"about":[{"href":"https:\/\/www.topohvar.at\/topo\/wp-json\/wp\/v2\/types\/page"}],"author":[{"embeddable":true,"href":"https:\/\/www.topohvar.at\/topo\/wp-json\/wp\/v2\/users\/1"}],"replies":[{"embeddable":true,"href":"https:\/\/www.topohvar.at\/topo\/wp-json\/wp\/v2\/comments?post=10460"}],"version-history":[{"count":17,"href":"https:\/\/www.topohvar.at\/topo\/wp-json\/wp\/v2\/pages\/10460\/revisions"}],"predecessor-version":[{"id":10486,"href":"https:\/\/www.topohvar.at\/topo\/wp-json\/wp\/v2\/pages\/10460\/revisions\/10486"}],"up":[{"embeddable":true,"href":"https:\/\/www.topohvar.at\/topo\/wp-json\/wp\/v2\/pages\/78"}],"wp:attachment":[{"href":"https:\/\/www.topohvar.at\/topo\/wp-json\/wp\/v2\/media?parent=10460"}],"curies":[{"name":"wp","href":"https:\/\/api.w.org\/{rel}","templated":true}]}}