{"id":10512,"date":"2018-09-08T18:20:03","date_gmt":"2018-09-08T16:20:03","guid":{"rendered":"https:\/\/www.topohvar.at\/?page_id=10512"},"modified":"2024-09-05T16:29:17","modified_gmt":"2024-09-05T14:29:17","slug":"po-aa-01-1","status":"publish","type":"page","link":"https:\/\/www.topohvar.at\/topo\/orte\/po\/po-aa-01-1\/","title":{"rendered":"POLJICA &#8211; Selo \u00bbPoljica\u00ab"},"content":{"rendered":"<p><a name=\"seite_oben\"><\/a><br \/>\n<img loading=\"lazy\" decoding=\"async\" class=\"aligncenter wp-image-37898 size-full\" src=\"https:\/\/www.topohvar.at\/wp-content\/uploads\/2020\/05\/po-aa-01-2.jpg\" alt=\"\" width=\"1080\" height=\"530\" srcset=\"https:\/\/www.topohvar.at\/wp-content\/uploads\/2020\/05\/po-aa-01-2.jpg 1080w, https:\/\/www.topohvar.at\/wp-content\/uploads\/2020\/05\/po-aa-01-2-300x147.jpg 300w, https:\/\/www.topohvar.at\/wp-content\/uploads\/2020\/05\/po-aa-01-2-1024x503.jpg 1024w, https:\/\/www.topohvar.at\/wp-content\/uploads\/2020\/05\/po-aa-01-2-768x377.jpg 768w\" sizes=\"auto, (max-width: 1080px) 100vw, 1080px\" \/><\/p>\n<p><strong>Ime \/ Name<br \/>\n<\/strong>Selo \u00bbPoljica\u00ab<\/p>\n<p><strong>Code: <\/strong>PO-AA-01\u00a0 \u00a0 \u00a0 \u00a0 \u00a0 \u00a0 \u00a0 \u00a0\u00a0<strong>\u00a0 \u00a0 \u00a0 \u00a0 \u00a0 \u00a0 \u00a0 \u00a0 \u00a0 \u00a0 \u00a0\u00a0 \u00a0 \u00a0 <a href=\"https:\/\/www.topohvar.at\/topo\/orte\/po\/po-ai-01-1\/\"><img loading=\"lazy\" decoding=\"async\" class=\"alignnone wp-image-533 size-full\" src=\"https:\/\/www.topohvar.at\/wp-content\/uploads\/2018\/07\/push-l-30.jpg\" alt=\"\" width=\"61\" height=\"30\" \/><\/a> <a href=\"https:\/\/www.topohvar.at\/orte\/po\/\"><img loading=\"lazy\" decoding=\"async\" class=\"alignnone wp-image-535 size-full\" src=\"https:\/\/www.topohvar.at\/wp-content\/uploads\/2018\/07\/push-o-30.jpg\" alt=\"\" width=\"61\" height=\"30\" \/><\/a> <a href=\"https:\/\/www.topohvar.at\/orte\/po\/po-aa-02-1\/\"><img loading=\"lazy\" decoding=\"async\" class=\"alignnone wp-image-536 size-full\" src=\"https:\/\/www.topohvar.at\/wp-content\/uploads\/2018\/07\/push-r-30.jpg\" alt=\"\" width=\"61\" height=\"30\" \/><\/a> <a href=\"https:\/\/www.topohvar.at\/orte\/po\/po-au-10-1\/\"><img loading=\"lazy\" decoding=\"async\" class=\"alignnone wp-image-12299 size-full\" src=\"https:\/\/www.topohvar.at\/wp-content\/uploads\/2018\/09\/push-next-30.jpg\" alt=\"\" width=\"61\" height=\"30\" \/><\/a>\u00a0 \u00a0\u00a0<\/strong><\/p>\n<hr \/>\n<p><strong>Adresa \/ Adresse<br \/>\n<\/strong>Poljica<\/p>\n<p><strong>Lokacija<\/strong><strong> \/ Position<a href=\"https:\/\/goo.gl\/maps\/B1C6zWLSwhNvNn6b8\"><img loading=\"lazy\" decoding=\"async\" class=\"alignright wp-image-36487\" src=\"https:\/\/www.topohvar.at\/wp-content\/uploads\/2020\/04\/2611.jpg\" alt=\"\" width=\"134\" height=\"100\" \/><\/a><br \/>\n<\/strong><span style=\"color: #3366ff;\"><a style=\"color: #3366ff;\" href=\"https:\/\/goo.gl\/maps\/B1C6zWLSwhNvNn6b8\">Latitude: N 43,14820\u00b0\u00a0 \u00a0 Longitude: E 16,79375\u00b0\u00a0<\/a><\/span><strong><br \/>\n<\/strong>Visina \/ H\u00f6he: 160 m<\/p>\n<p><strong>Katastarska \u010destica <\/strong><strong>\/ Grundst\u00fccke<br \/>\n<\/strong>&#8211; <div class='content-column one_half'><div style=\"padding-right:6px;\"><p><strong>Datum snimanja \/ Erfassungsdatum<br \/>\n<\/strong>26.05.2013 14:26:00<\/p>\n<hr \/>\n<p><strong>Informacije<\/strong><\/p>\n<p>Poljica (na dijalektu &#8222;Pojica&#8220;) su manje selo ra\u0161trkanog, dinarskog tipa koji se nalazi na samom zapadnom po\u010detku Plama, izme\u00f1u Jelse i Su\u0107urja. Poljica su dobila svoje ime od malih, plodnih polja kojih je u tom podru\u010dju bilo mnogo.<\/p><\/div><\/div><div class='content-column one_half last_column'><div style=\"padding-right:0px;padding-left:6px;\"><p><strong>Stupanj za\u0161tite<\/strong><strong> \/ Schutzstellung<br \/>\n<\/strong>&#8211;<\/p>\n<hr \/>\n<p><strong>Info<\/strong><\/p>\n<p>Poljica (im Dialekt &#8222;Pojica&#8220;) ist ein kleines, verstreutes Dorf dinarischen Typs, das am westlichen Beginn der Plame, zwischen Jelsa und Su\u0107uraj befidet. Der Name stammt von kleinen, fruchtbaren Feldern, von denen es in der Gegend viele gab.<\/p><\/div><\/div><div class='clear_column'><\/div><div class='content-column one_half'><div style=\"padding-right:6px;\"><div class='content-column one_half'><div style=\"padding-right:6px;\"><\/div><\/div>\n<p>Najstariji dokument koji spominje Poljica pisan je 10. velja\u010de 1453. Taj se dokument nalazi u zbirci Libro d&#8216; oro splitske op\u0107ine, a u njemu se navode razgrani\u010denja Splita i Poljica.<\/p><\/div><\/div><div class='content-column one_half last_column'><div style=\"padding-right:0px;padding-left:6px;\"><p>Das \u00e4lteste Dokument, in dem Poljica erw\u00e4hnt wird, wurde am 10. Februar 1453 verfasst. Dieses Dokument in dem auch die Abgrenzungen von Split und Poljica aufgef\u00fchrt sind.<\/p><\/div><\/div><div class='clear_column'><\/div><div class='content-column one_half'><div style=\"padding-right:6px;\"><p>Nastanak Poljica vezuje se uz proces intenzivnog uzgoja vinove loze od druge polovice 15. stolje\u0107a kao i istovremeni proces naseljavanja otoka od strane izbjeglica s kopna kao posljedice turskih osvajanja. Godine 1579. spomenuti su kao villa, selo s crkvom Sv. Ivana.<\/p><\/div><\/div><div class='content-column one_half last_column'><div style=\"padding-right:0px;padding-left:6px;\"><p>Der Aufstieg von Poljica ist verbunden mit dem intensiven Weinanbau in der zweiten H\u00e4lfte des 15. Jahrhunderts sowie der gleichzeitigen Besiedlung der Insel durch Fl\u00fcchtlinge vom Festland infolge der t\u00fcrkischen Eroberungen. 1579 wurden es als Villa bezeichnet, ein Dorf mit der Kirche zum hl. Johannes.<\/p><\/div><\/div><div class='clear_column'><\/div><div class='content-column one_half'><div style=\"padding-right:6px;\"><p>Najve\u0107i vlasnici zemlji\u0161ta na podru\u010dju Poljica bili su vlastelini An\u00f1elinovi\u0107 (Angelini) koji su unutar sela krajem 17. stolje\u0107a podigli ve\u0107i ljetnikovac, a zasigurno su imali presudni utjecaj na njegovo \u0161irenje tijekom 17. i 18. stolje\u0107a. Godine 1833. obitelj Dubokovi\u0107-Nadalini kupuje zemlje i ljetnikovac od An\u00f1elinovi\u0107a koje do agrarne reforme u prvoj polovini 20. stolje\u0107a zamjenjuju u ulozi veleposjednika.<\/p><\/div><\/div><div class='content-column one_half last_column'><div style=\"padding-right:0px;padding-left:6px;\"><p>Die gr\u00f6\u00dften Landbesitzer im Poljica-Gebiet waren die Gutsbesitzer An\u00f1elinovi\u0107 (Angelini), die Ende des 17. Jh. ein gr\u00f6\u00dferes Sommerhaus im Dorf errichteten und mit Sicherheit entscheidenden Einfluss bei deren Verbreitung im 17. und 18. Jh. hatten. Im Jahr 1833 kaufte Dubokovic-Nadalini das Land- und Sommerhaus von An\u00f1elinovi\u0107, die durch die Agrarreform in der ersten H\u00e4lfte des 20. Jahrhunderts als Vermieter abgel\u00f6st wurden.<\/p><\/div><\/div><div class='clear_column'><\/div><div class='content-column one_half'><div style=\"padding-right:6px;\"><p><strong>\u00a0<\/strong>Ruralna cjelina Poljica je kulturno-povijesna cjelina. Oznaka za\u0161tite: Zakona o za\u0161titi i o\u010duvanju kulturnih dobara, ve\u0107 se \u0161tite kroz va\u017ee\u0107u prostorno\u2013 plansku dokumentaciju<\/p><\/div><\/div><div class='content-column one_half last_column'><div style=\"padding-right:0px;padding-left:6px;\"><p>Die l\u00e4ndliche Einheit Poljica ist ein kulturhistorisches Ensemble. Die gesetzlichen Grundlagen zum Schutz und zur Erhaltung des Kulturgutes sind durch g\u00fcltige Raumplanungsdokumente gegeben.<\/p><\/div><\/div><div class='clear_column'><\/div><\/p>\n<p><img loading=\"lazy\" decoding=\"async\" class=\"alignnone size-full wp-image-56940\" src=\"https:\/\/www.topohvar.at\/wp-content\/uploads\/2022\/01\/po-aa-01-10.jpg\" alt=\"\" width=\"640\" height=\"307\" srcset=\"https:\/\/www.topohvar.at\/wp-content\/uploads\/2022\/01\/po-aa-01-10.jpg 640w, https:\/\/www.topohvar.at\/wp-content\/uploads\/2022\/01\/po-aa-01-10-300x144.jpg 300w\" sizes=\"auto, (max-width: 640px) 100vw, 640px\" \/><\/p>\n<p style=\"text-align: right;\"><span style=\"color: #3366ff;\"><a style=\"color: #3366ff;\" href=\"#seite_oben\">natrag na vrh \/ Seitenanfang<\/a><\/span><\/p>\n<hr \/>\n<p><strong>Linkovi \/ Links<\/strong><\/p>\n<p>&#8211;<\/p>\n","protected":false},"excerpt":{"rendered":"<p>Ime \/ Name Selo \u00bbPoljica\u00ab Code: PO-AA-01\u00a0 \u00a0 \u00a0 \u00a0 \u00a0 \u00a0 \u00a0 \u00a0\u00a0\u00a0 \u00a0 \u00a0 \u00a0 \u00a0 \u00a0 \u00a0 \u00a0 \u00a0 \u00a0 \u00a0\u00a0 \u00a0 \u00a0 \u00a0 \u00a0\u00a0 Adresa \/ Adresse Poljica Lokacija \/ Position Latitude: N 43,14820\u00b0\u00a0 \u00a0 Longitude: &hellip; <a href=\"https:\/\/www.topohvar.at\/topo\/orte\/po\/po-aa-01-1\/\">Weiterlesen <span class=\"meta-nav\">&rarr;<\/span><\/a><\/p>\n","protected":false},"author":1,"featured_media":0,"parent":91,"menu_order":0,"comment_status":"closed","ping_status":"closed","template":"","meta":{"footnotes":""},"class_list":["post-10512","page","type-page","status-publish","hentry"],"_links":{"self":[{"href":"https:\/\/www.topohvar.at\/topo\/wp-json\/wp\/v2\/pages\/10512","targetHints":{"allow":["GET"]}}],"collection":[{"href":"https:\/\/www.topohvar.at\/topo\/wp-json\/wp\/v2\/pages"}],"about":[{"href":"https:\/\/www.topohvar.at\/topo\/wp-json\/wp\/v2\/types\/page"}],"author":[{"embeddable":true,"href":"https:\/\/www.topohvar.at\/topo\/wp-json\/wp\/v2\/users\/1"}],"replies":[{"embeddable":true,"href":"https:\/\/www.topohvar.at\/topo\/wp-json\/wp\/v2\/comments?post=10512"}],"version-history":[{"count":23,"href":"https:\/\/www.topohvar.at\/topo\/wp-json\/wp\/v2\/pages\/10512\/revisions"}],"predecessor-version":[{"id":69586,"href":"https:\/\/www.topohvar.at\/topo\/wp-json\/wp\/v2\/pages\/10512\/revisions\/69586"}],"up":[{"embeddable":true,"href":"https:\/\/www.topohvar.at\/topo\/wp-json\/wp\/v2\/pages\/91"}],"wp:attachment":[{"href":"https:\/\/www.topohvar.at\/topo\/wp-json\/wp\/v2\/media?parent=10512"}],"curies":[{"name":"wp","href":"https:\/\/api.w.org\/{rel}","templated":true}]}}