{"id":10514,"date":"2018-09-08T18:22:01","date_gmt":"2018-09-08T16:22:01","guid":{"rendered":"https:\/\/www.topohvar.at\/?page_id=10514"},"modified":"2026-02-12T17:26:14","modified_gmt":"2026-02-12T16:26:14","slug":"po-ci-01-1","status":"publish","type":"page","link":"https:\/\/www.topohvar.at\/topo\/orte\/po\/po-ci-01-1\/","title":{"rendered":"POLJICA &#8211; \u017dupna crkva \u00bbSv. Ivan Krstitelj\u00ab"},"content":{"rendered":"<p><a name=\"seite_oben\"><\/a><br \/>\n<img loading=\"lazy\" decoding=\"async\" class=\"alignnone wp-image-10494 size-large\" src=\"https:\/\/www.topohvar.at\/wp-content\/uploads\/2018\/09\/po-ci-01-0-1024x503.jpg\" alt=\"\" width=\"640\" height=\"314\" srcset=\"https:\/\/www.topohvar.at\/wp-content\/uploads\/2018\/09\/po-ci-01-0-1024x503.jpg 1024w, https:\/\/www.topohvar.at\/wp-content\/uploads\/2018\/09\/po-ci-01-0-300x147.jpg 300w, https:\/\/www.topohvar.at\/wp-content\/uploads\/2018\/09\/po-ci-01-0-768x377.jpg 768w, https:\/\/www.topohvar.at\/wp-content\/uploads\/2018\/09\/po-ci-01-0.jpg 1080w\" sizes=\"auto, (max-width: 640px) 100vw, 640px\" \/><\/p>\n<p><strong>Ime \/ Name<br \/>\n<\/strong>\u017dupna crkva \u00bbSv. Ivan Krstitelj\u00ab \/ Pfarrkirche zum hl. Johannes dem T\u00e4ufer<\/p>\n<p><strong>Code: <\/strong>PO-CI-01\u00a0 \u00a0 \u00a0 \u00a0 \u00a0 \u00a0 \u00a0 \u00a0 \u00a0 \u00a0 \u00a0 \u00a0 \u00a0\u00a0<strong>\u00a0 \u00a0 \u00a0 \u00a0 \u00a0 \u00a0\u00a0 \u00a0 \u00a0 \u00a0<a href=\"https:\/\/www.topohvar.at\/orte\/po\/\"><img loading=\"lazy\" decoding=\"async\" class=\"alignnone wp-image-535 size-full\" src=\"https:\/\/www.topohvar.at\/wp-content\/uploads\/2018\/07\/push-o-30.jpg\" alt=\"\" width=\"61\" height=\"30\" \/><\/a>\u00a0 \u00a0 \u00a0\u00a0<\/strong><\/p>\n<hr \/>\n<p><strong>Adresa \/ Adresse<br \/>\n<\/strong>Poljica<\/p>\n<p><strong>Lokacija \/ Position<a href=\"https:\/\/goo.gl\/maps\/i3orZBbQCNtjnCJP6\"><img loading=\"lazy\" decoding=\"async\" class=\"alignright wp-image-10564\" src=\"https:\/\/www.topohvar.at\/wp-content\/uploads\/2018\/09\/0478.jpg\" alt=\"\" width=\"134\" height=\"100\" \/><\/a><br \/>\n<\/strong><span style=\"color: #3366ff;\"><a style=\"color: #3366ff;\" href=\"https:\/\/goo.gl\/maps\/i3orZBbQCNtjnCJP6\">Latitude: N 43,14885\u00b0\u00a0 \u00a0 Longitude: E 16,79351\u00b0\u00a0<\/a><\/span><strong><br \/>\n<\/strong>Visina \/ H\u00f6he: 159 m<\/p>\n<p><strong>Katastarska \u010destica <\/strong><strong>\/ Grundst\u00fccke<br \/>\n<\/strong>*36\u00a0<div class='content-column one_half'><div style=\"padding-right:6px;\"><p><strong>Datum snimanja \/ Erfassungsdatum<br \/>\n<\/strong>26.05.2013 14:26:21<\/p>\n<hr \/>\n<p><strong>Informacije<\/strong><\/p>\n<p>\u017dupna crkva svetog Ivana Krstitelja prvi se put spominje povodom posjeta Augustina Valiera 1579. godine. Godine 1603. posve\u0107ena je crkva i novi oltar. 1734. crkva je imala krstionicu. Prozor iznad vrata bio je ugra\u0111en kako bi dobili vi\u0161e svjetla. Crkva je 1769. godine bila o\u0161te\u0107ena vlagom, ali obnovljena naporima stanovnika.<\/p><\/div><\/div><div class='content-column one_half last_column'><div style=\"padding-right:0px;padding-left:6px;\"><p><strong>Stupanj za\u0161tite<\/strong><strong> \/ Schutzstellung<br \/>\n<\/strong>&#8211;<\/p>\n<hr \/>\n<p><strong>Info<\/strong><\/p>\n<p>Die Pfarrkirche St. Johannes der T\u00e4ufer wird erstmals anl\u00e4sslich der Visitation durch Augustine Valier im Jahr 1579 erw\u00e4hnt. Im Jahr 1603 wurden Kirche und ein neuer Altar geweiht. Im Jahr 1734 hatte die Kirche ein Baptisterium. Ein Fenster \u00fcber der T\u00fcr wurde errichtet, um mehr Licht zu erhalten. 1769 wurde die Kirche durch Feuchtigkeit besch\u00e4digt, aber mit den Bem\u00fchungen der Bewohner saniert.<\/p><\/div><\/div><div class='clear_column'><\/div><div class='content-column one_half'><div style=\"padding-right:6px;\"><p>Stara crkva je u velikoj mjeri zadr\u017eala svoju izvornu veli\u010dinu sve dok nije obnovljena 1940. godine. Godine 1897. imao je ove unutarnje dimenzije: brod 5,50 x 7 m, visina 4,20 m; Apida 3,20 x 4,90 m, visina 3,90 m.<\/p><\/div><\/div><div class='content-column one_half last_column'><div style=\"padding-right:0px;padding-left:6px;\"><p>Die alte Kirche behielt bis zu ihren Umbau von 1940 gr\u00f6\u00dftenteils ihre urspr\u00fcngliche Gr\u00f6\u00dfe bei. Im Jahr 1897 hatte sie diese Innenma\u00dfe: das Schiff 5,50 x 7 m, H\u00f6he 4,20 m; Apsis 3,20 x 4,90 m, H\u00f6he 3,90 m.<\/p><\/div><\/div><div class='clear_column'><\/div><div class='content-column one_half'><div style=\"padding-right:6px;\"><p>Nova, dvostruko ve\u0107a crkva na lokalitetu Nlezin (identi\u010dna popre\u010dnoj orijentaciji s ulazom na zapad i kapelama apside na istoku) izgra\u0111ena je prema natpisu na pro\u010delju 1940. godine.<\/p><\/div><\/div><div class='content-column one_half last_column'><div style=\"padding-right:0px;padding-left:6px;\"><p>Eine neue, doppelt so gro\u00dfe Kirche am Standort Nlezin (identisch mit der Querausrichtung mit dem Eingang nach Westen und der Apsis-Kapelle nach Osten) wurde laut Inschrift auf der Fassade im Jahr 1940 errichtet.<\/p><\/div><\/div><div class='clear_column'><\/div><\/p>\n<p><img loading=\"lazy\" decoding=\"async\" class=\"aligncenter size-full wp-image-69238\" src=\"https:\/\/www.topohvar.at\/wp-content\/uploads\/2024\/07\/po-ci-01-10.jpg\" alt=\"\" width=\"450\" height=\"450\" srcset=\"https:\/\/www.topohvar.at\/wp-content\/uploads\/2024\/07\/po-ci-01-10.jpg 450w, https:\/\/www.topohvar.at\/wp-content\/uploads\/2024\/07\/po-ci-01-10-300x300.jpg 300w, https:\/\/www.topohvar.at\/wp-content\/uploads\/2024\/07\/po-ci-01-10-150x150.jpg 150w\" sizes=\"auto, (max-width: 450px) 100vw, 450px\" \/><div class='content-column one_half'><div style=\"padding-right:6px;\"><p>Glavni oltar od kamena i mramora, s lijepim reljefom Jaganjca Bo\u017ejeg posred stipesa, podsje\u0107a na radove Spli\u0107anina Pave Bilini\u0107a, no mo\u017eda ga je na\u010dinio altarist Andrija Bertapelle iz Vrboske (1834.-1917.), koji je prema polji\u010dkim anagrafima bio nastanjen u Poljicima i tu umro. Nastao je na mjestu starijega od drva po svoj prilici oko 1910. godine. U ni\u0161i nad njim je drven kip sv. Ivana Krstitelja, nabavljen 1939. godine.<\/p><\/div><\/div><div class='content-column one_half last_column'><div style=\"padding-right:0px;padding-left:6px;\"><p>Der Hauptaltar aus Stein und Marmor mit einem wundersch\u00f6nen Relief des Lammes Gottes inmitten eines Stipendiums erinnert an die Werke von Splits Pava Bilini\u0107, wurde jedoch m\u00f6glicherweise von Andreas Bertapella aus Vrboska (1834-1917) angefertigt, der nach Anagrammen in Poljica angesiedelt war und dort gestorben ist. Es entstand an der Stelle des \u00e4lteren aus Holz, wahrscheinlich um 1910. In der Nische dar\u00fcber befindet sich eine Holzstatue des Johannes des T\u00e4ufers, die 1939 erworben wurde.<\/p><\/div><\/div><div class='clear_column'><\/div><div class='content-column one_half'><div style=\"padding-right:6px;\"><p>Sa sjeverne strane crkve sada je samo udubak s drvenim polikromiranim kipom Gospe Ru\u017earice, blagoslovljenim 1911.g., a na\u010dinio ga je tirolski drvorezbar Giuseppe Runggaldier, iz mjesta S. Udalrico di Gardena (potpis).<\/p><\/div><\/div><div class='content-column one_half last_column'><div style=\"padding-right:0px;padding-left:6px;\"><p>In der Nordseite der Kirche befindet sich eine Nische mit einer h\u00f6lzernen polychromen Statue Unserer Lieben Frau vom Rosenkranz, die 1911 vom Tiroler Schnitzer Giuseppe Runggaldier aus S. Udalrico di Gardena (Inschrift) geschaffen wurde.<\/p><\/div><\/div><div class='clear_column'><\/div><div class='content-column one_half'><div style=\"padding-right:6px;\"><p>S ju\u017ene strane la\u0111e je, ranije u ni\u0161i nabavljenoj 1956.g. u Milni, kip Srca Isusova iz 1938.g. Pred njim je neko\u0107 bila mramorna menza (noviji rad od dijelova glavnog oltara). Kip sv. Ivana kod krstionice (19.st.?) bio je u starijoj crkvi na (tada jedinom) oltaru.<\/p><\/div><\/div><div class='content-column one_half last_column'><div style=\"padding-right:0px;padding-left:6px;\"><p>Auf der S\u00fcdseite des Schiffes, zuvor in einer Nische und 1956 in Milna erworbenen, befindet sich eine Statue des Herzens Jesu aus dem Jahr 1938. Vorher war hier ein Marmoraltar (neuere Arbeit aus Teilen des Hauptaltars). Die Statue des Heiligen Johannes im Baptisterium (19. Jahrhundert?) war einst auf dem (damals einzigen) Altar in der \u00e4lteren Kirche.<\/p><\/div><\/div><div class='clear_column'><\/div><div class='content-column one_half'><div style=\"padding-right:6px;\"><p>Pjevali\u0161te je podignuto 1956.g. U malenoj sakristiji s juga crkve najvredniji je starinski pozla\u0107eni kale\u017e (vis. 20,5 cm, promjer \u010da\u0161e 9 cm), vjerojatno iz 16.st. i mogu\u0107e isti, koji spominje jo\u0161 Valier 1579.g., a svakako je najstariji primjerak u skromnom, uglavnom recentnom inventaru ove crkve.<\/p><\/div><\/div><div class='content-column one_half last_column'><div style=\"padding-right:0px;padding-left:6px;\"><p>Die Chorempore wurde 1956 errichtet. In der kleinen Sakristei auf der S\u00fcdseite der Kirche befindet sich ein wertvoller vergoldete Kelch (H\u00f6he 20,5 cm, Durchmesser des Bechers 9 cm), wahrscheinlich aus dem 16. Jahrhundert. und m\u00f6glicherweise derselbe, den Valier bereits im Jahr 1579 erw\u00e4hnte, und der sicherlich das \u00e4lteste Exemplar im bescheidenen, meist neueren Inventar dieser Kirche ist.<\/p><\/div><\/div><div class='clear_column'><\/div><\/p>\n<p style=\"text-align: center;\">(Izvor \/ Quelle: Jo\u0161ko Kova\u010di\u0107: \u017dupa Poljica na Hvaru)<\/p>\n<hr \/>\n<div class='content-column one_half'><div style=\"padding-right:6px;\"><p>Zvonik na sjevernom pro\u010delju crkve podignuli su 1926. godine mje\u0161tani na poticaj \u017eupnika Jerkovi\u0107a. U vrijeme izgradnje bio je jedini na isto\u010dnom dijelu otoka Hvara. Tek \u010detiri desetlje\u0107a kasnije, 1966., zahvaljuju\u0107i anga\u017emanu i financijskim sredstvima obitelji Tome Lu\u010di\u0107a i njegova sina Antona, dovr\u0161en je postavljanjem \u0161iljatog krova. Sama je crkva u dana\u0161njem obliku dvostruko ve\u0107a od izvorne gra\u0111evine iz 1940. godine.<\/p><\/div><\/div><div class='content-column one_half last_column'><div style=\"padding-right:0px;padding-left:6px;\"><p>Der Glockenturm an der Nordfassade der Kirche wurde 1926 von den Einheimischen auf Betreiben des Pfarrers Jerkovi\u0107 errichtet. Er war zur Zeit der Erbauung der einzige im Osten der Insel Hvar. Erst vier Jahrzehnte sp\u00e4ter (1966) wurde er dank des Engagements und der finanziellen Mittel der Familie Toma Lu\u010di\u0107 und seines Sohnen Anton mit einem Zeltdach fertiggestellt. Die Kirche selbst ist in ihrer heutigen Form doppelt so gro\u00df wie der urspr\u00fcngliche Bau von 1940.<\/p><\/div><\/div><div class='clear_column'><\/div><div class='content-column one_half'><div style=\"padding-right:6px;\"><p style=\"text-align: center;\"><em>(Izvor: \u017dupa sv. Ivana Krstitelja \u2013 Poljica)<\/em><\/p><\/div><\/div><div class='content-column one_half last_column'><div style=\"padding-right:0px;padding-left:6px;\"><p style=\"text-align: center;\"><em>(Quelle: Pfarre St. Johannes der T\u00e4ufer)<\/em><\/p><\/div><\/div><div class='clear_column'><\/div><\/p>\n<hr \/>\n<div class='content-column one_half'><div style=\"padding-right:6px;\"><p>U franjeva\u010dkom katastru iz prve polovice 19. stolje\u0107a stara se crkva (sv. Giovanni) jo\u0161 uvijek mo\u017ee vidjeti izvan sela.<\/p><\/div><\/div><div class='content-column one_half last_column'><div style=\"padding-right:0px;padding-left:6px;\"><p>Im franziskanischen Kataster aus der ersten H\u00e4lfte des 19. Jahrhunderts ist die alte Kirche (St. Giovanni) noch au\u00dferhalb des Dorfes zu sehen.<\/p><\/div><\/div><div class='clear_column'><\/div><\/p>\n<p><img loading=\"lazy\" decoding=\"async\" class=\"alignnone size-full wp-image-36029\" src=\"https:\/\/www.topohvar.at\/wp-content\/uploads\/2020\/04\/po-ci-01-3.jpg\" alt=\"\" width=\"1080\" height=\"530\" srcset=\"https:\/\/www.topohvar.at\/wp-content\/uploads\/2020\/04\/po-ci-01-3.jpg 1080w, https:\/\/www.topohvar.at\/wp-content\/uploads\/2020\/04\/po-ci-01-3-300x147.jpg 300w, https:\/\/www.topohvar.at\/wp-content\/uploads\/2020\/04\/po-ci-01-3-1024x503.jpg 1024w, https:\/\/www.topohvar.at\/wp-content\/uploads\/2020\/04\/po-ci-01-3-768x377.jpg 768w\" sizes=\"auto, (max-width: 1080px) 100vw, 1080px\" \/><\/p>\n<div class='content-column one_half'><div style=\"padding-right:6px;\"><p>Blagdan, Sv. Ivana Krstitelj &#8211; Poljica 24.06<\/p><\/div><\/div><div class='content-column one_half last_column'><div style=\"padding-right:0px;padding-left:6px;\"><p>Feiertag, hl. Johannes der T\u00e4ufer &#8211; Poljica 24.06<\/p><\/div><\/div><div class='clear_column'><\/div><\/p>\n<p style=\"text-align: right;\"><span style=\"color: #3366ff;\"><a style=\"color: #3366ff;\" href=\"#seite_oben\">natrag na vrh \/ Seitenanfang<\/a><\/span><\/p>\n<hr \/>\n<p><strong>Linkovi \/ Links<\/strong><\/p>\n<p><span style=\"color: #3366ff;\"><a style=\"color: #3366ff;\" href=\"https:\/\/www.topohvar.at\/orte\/po\/po-is-04-1\/\">Spomen plo\u010da \/ Gedenktafel<\/a><\/span><\/p>\n","protected":false},"excerpt":{"rendered":"<p>Ime \/ Name \u017dupna crkva \u00bbSv. Ivan Krstitelj\u00ab \/ Pfarrkirche zum hl. Johannes dem T\u00e4ufer Code: PO-CI-01\u00a0 \u00a0 \u00a0 \u00a0 \u00a0 \u00a0 \u00a0 \u00a0 \u00a0 \u00a0 \u00a0 \u00a0 \u00a0\u00a0\u00a0 \u00a0 \u00a0 \u00a0 \u00a0 \u00a0\u00a0 \u00a0 \u00a0 \u00a0\u00a0 \u00a0 \u00a0\u00a0 Adresa &hellip; <a href=\"https:\/\/www.topohvar.at\/topo\/orte\/po\/po-ci-01-1\/\">Weiterlesen <span class=\"meta-nav\">&rarr;<\/span><\/a><\/p>\n","protected":false},"author":1,"featured_media":0,"parent":91,"menu_order":0,"comment_status":"closed","ping_status":"closed","template":"","meta":{"footnotes":""},"class_list":["post-10514","page","type-page","status-publish","hentry"],"_links":{"self":[{"href":"https:\/\/www.topohvar.at\/topo\/wp-json\/wp\/v2\/pages\/10514","targetHints":{"allow":["GET"]}}],"collection":[{"href":"https:\/\/www.topohvar.at\/topo\/wp-json\/wp\/v2\/pages"}],"about":[{"href":"https:\/\/www.topohvar.at\/topo\/wp-json\/wp\/v2\/types\/page"}],"author":[{"embeddable":true,"href":"https:\/\/www.topohvar.at\/topo\/wp-json\/wp\/v2\/users\/1"}],"replies":[{"embeddable":true,"href":"https:\/\/www.topohvar.at\/topo\/wp-json\/wp\/v2\/comments?post=10514"}],"version-history":[{"count":32,"href":"https:\/\/www.topohvar.at\/topo\/wp-json\/wp\/v2\/pages\/10514\/revisions"}],"predecessor-version":[{"id":73965,"href":"https:\/\/www.topohvar.at\/topo\/wp-json\/wp\/v2\/pages\/10514\/revisions\/73965"}],"up":[{"embeddable":true,"href":"https:\/\/www.topohvar.at\/topo\/wp-json\/wp\/v2\/pages\/91"}],"wp:attachment":[{"href":"https:\/\/www.topohvar.at\/topo\/wp-json\/wp\/v2\/media?parent=10514"}],"curies":[{"name":"wp","href":"https:\/\/api.w.org\/{rel}","templated":true}]}}