{"id":1052,"date":"2018-07-28T15:58:12","date_gmt":"2018-07-28T13:58:12","guid":{"rendered":"https:\/\/www.topohvar.at\/?page_id=1052"},"modified":"2021-08-24T16:58:03","modified_gmt":"2021-08-24T14:58:03","slug":"br-is-10-2","status":"publish","type":"page","link":"https:\/\/www.topohvar.at\/topo\/orte\/br\/br-is-10-2\/","title":{"rendered":"BRUSJE &#8211; Spomen plo\u010da \u00bbPrva Javna Pu\u010dka U\u0107iona\u00ab"},"content":{"rendered":"<p><a name=\"seite_oben\"><\/a><br \/>\n<strong><img loading=\"lazy\" decoding=\"async\" class=\"alignnone wp-image-1056 size-large\" src=\"https:\/\/www.topohvar.at\/wp-content\/uploads\/2018\/07\/br-is-10-1-1024x503.jpg\" alt=\"\" width=\"640\" height=\"314\" srcset=\"https:\/\/www.topohvar.at\/wp-content\/uploads\/2018\/07\/br-is-10-1-1024x503.jpg 1024w, https:\/\/www.topohvar.at\/wp-content\/uploads\/2018\/07\/br-is-10-1-300x147.jpg 300w, https:\/\/www.topohvar.at\/wp-content\/uploads\/2018\/07\/br-is-10-1-768x377.jpg 768w\" sizes=\"auto, (max-width: 640px) 100vw, 640px\" \/><\/strong><\/p>\n<p><strong>Ime \/ Name<br \/>\n<\/strong>Spomen plo\u010da \u00bbPrva Javna Pu\u010dka U\u0107iona\u00ab \/ Gedenktafel \u00bberstes \u00f6ffentliches Klassenzimmer\u00ab<\/p>\n<p><strong>Code: <\/strong>BR-IS-10\u00a0 \u00a0 \u00a0 \u00a0 \u00a0 \u00a0 \u00a0 \u00a0 \u00a0 \u00a0 \u00a0 \u00a0 \u00a0 \u00a0 \u00a0 \u00a0 \u00a0 \u00a0<a href=\"https:\/\/www.topohvar.at\/orte\/br\/br-ip-01-2\/\"><img loading=\"lazy\" decoding=\"async\" class=\"alignnone wp-image-12300 size-full\" src=\"https:\/\/www.topohvar.at\/wp-content\/uploads\/2018\/09\/push-vor-30.jpg\" alt=\"\" width=\"61\" height=\"30\" \/><\/a>\u00a0<strong><a href=\"https:\/\/www.topohvar.at\/orte\/br\/br-is-09-2\/\"><img loading=\"lazy\" decoding=\"async\" class=\"alignnone wp-image-533 size-full\" src=\"https:\/\/www.topohvar.at\/wp-content\/uploads\/2018\/07\/push-l-30.jpg\" alt=\"\" width=\"61\" height=\"30\" \/><\/a> <a href=\"https:\/\/www.topohvar.at\/orte\/br\/\"><img loading=\"lazy\" decoding=\"async\" class=\"alignnone wp-image-535 size-full\" src=\"https:\/\/www.topohvar.at\/wp-content\/uploads\/2018\/07\/push-o-30.jpg\" alt=\"\" width=\"61\" height=\"30\" \/><\/a> <a href=\"https:\/\/www.topohvar.at\/orte\/br\/br-is-02-2\/\"><img loading=\"lazy\" decoding=\"async\" class=\"alignnone wp-image-536 size-full\" src=\"https:\/\/www.topohvar.at\/wp-content\/uploads\/2018\/07\/push-r-30.jpg\" alt=\"\" width=\"61\" height=\"30\" \/><\/a><\/strong><\/p>\n<hr \/>\n<p><strong>Adresa \/ Adresse<br \/>\n<\/strong>Brusje, Mandra\u0107 8<\/p>\n<p><strong>Lokacija<\/strong><strong> \/ Position<a href=\"https:\/\/goo.gl\/maps\/P1Da98fEZEjKt2QD7\"><img loading=\"lazy\" decoding=\"async\" class=\"alignright wp-image-1039\" src=\"https:\/\/www.topohvar.at\/wp-content\/uploads\/2018\/07\/1168.jpg\" alt=\"\" width=\"134\" height=\"100\" \/><\/a><br \/>\n<\/strong><span style=\"color: #3366ff;\"><a style=\"color: #3366ff;\" href=\"https:\/\/goo.gl\/maps\/P1Da98fEZEjKt2QD7\">Latitude: N 43,19194\u00b0\u00a0 \u00a0Longitude: E 16,48884\u00b0<\/a> <\/span><strong><br \/>\n<\/strong>Visina \/ H\u00f6he: 303 m<\/p>\n<p><strong>Katastarska \u010destica<\/strong><strong> \/ Grundst\u00fccke<br \/>\n<\/strong>*70\/2<div class='content-column one_half'><div style=\"padding-right:6px;\"><p><strong>Datum snimanja \/ Erfassungsdatum<br \/>\n<\/strong>26.05.2018 12:45:00<\/p>\n<hr \/>\n<p><strong>Informacije<\/strong><\/p>\n<p>Plo\u010da na zidu ku\u0107e sa sljede\u0107im natpisom:<\/p><\/div><\/div><div class='content-column one_half last_column'><div style=\"padding-right:0px;padding-left:6px;\"><p><strong>Stupanj za\u0161tite<\/strong><strong> \/ Schutzstellung<br \/>\n<\/strong>&#8211;<\/p>\n<hr \/>\n<p><strong>Info<\/strong><\/p>\n<p>Gedenktafel an der Hauswand mit folgender Inschrift:<\/p><\/div><\/div><div class='clear_column'><\/div><div class='content-column one_half'><div style=\"padding-right:6px;\"><p style=\"text-align: center;\">U OVOJ KU\u0106I<br \/>\nMATIJE VE\u017dI\u0106A<br \/>\nBI OTVORENA 1847 G.<br \/>\nPRVA JAVNA PU\u010cKA U\u010cIONA<br \/>\nU BRUSJU<\/p><\/div><\/div><div class='content-column one_half last_column'><div style=\"padding-right:0px;padding-left:6px;\"><p style=\"text-align: center;\">In diesem Haus<br \/>\ner\u00f6ffnete\u00a0Matij\u00a0Ve\u017ei\u0107<br \/>\nim Jahr\u00a01847<br \/>\ndas erste \u00f6ffentliche Klassenzimmer<br \/>\nin Brusje.<\/p><\/div><\/div><div class='clear_column'><\/div><div class='content-column one_half'><div style=\"padding-right:6px;\"><p>1870. godine \u017eupnik don Juraj Plan\u010di\u0107 pokrenuo je kampanju za izgradnju \u0161kolske zgrade. \u0160kolske operacije zavr\u0161ile su tek 1988. kada su posljednja tri u\u010denika preba\u010dena u osnovnu \u0161kolu na Hvaru.<\/p><\/div><\/div><div class='content-column one_half last_column'><div style=\"padding-right:0px;padding-left:6px;\"><p>Im jahr 1870 startete Pfarrer Don Juraj Plan\u010di\u0107 eine Kampagne f\u00fcr den Bau eines Schulgeb\u00e4udes. Der Schulbetrieb endete erst 1988, als die letzten drei Sch\u00fcler in die Grundschule in Hvar transferiert wurden.<\/p><\/div><\/div><div class='clear_column'><\/div><\/p>\n<p style=\"text-align: right;\"><a href=\"#seite_oben\">natrag na vrh \/ Seitenanfang<\/a><\/p>\n<hr \/>\n<p><strong>Linkovi \/ Links<\/strong><\/p>\n<p><span style=\"color: #3366ff;\"><a style=\"color: #3366ff;\" href=\"https:\/\/www.topohvar.at\/topo\/orte\/br\/br-tg-01-2\/\">Biv\u0161i \u0161kola \/ ehemaliges Schulgeb\u00e4ude<\/a><\/span><\/p>\n","protected":false},"excerpt":{"rendered":"<p>Ime \/ Name Spomen plo\u010da \u00bbPrva Javna Pu\u010dka U\u0107iona\u00ab \/ Gedenktafel \u00bberstes \u00f6ffentliches Klassenzimmer\u00ab Code: BR-IS-10\u00a0 \u00a0 \u00a0 \u00a0 \u00a0 \u00a0 \u00a0 \u00a0 \u00a0 \u00a0 \u00a0 \u00a0 \u00a0 \u00a0 \u00a0 \u00a0 \u00a0 \u00a0\u00a0 Adresa \/ Adresse Brusje, Mandra\u0107 8 Lokacija &hellip; <a href=\"https:\/\/www.topohvar.at\/topo\/orte\/br\/br-is-10-2\/\">Weiterlesen <span class=\"meta-nav\">&rarr;<\/span><\/a><\/p>\n","protected":false},"author":1,"featured_media":0,"parent":65,"menu_order":0,"comment_status":"closed","ping_status":"closed","template":"","meta":{"footnotes":""},"class_list":["post-1052","page","type-page","status-publish","hentry"],"_links":{"self":[{"href":"https:\/\/www.topohvar.at\/topo\/wp-json\/wp\/v2\/pages\/1052","targetHints":{"allow":["GET"]}}],"collection":[{"href":"https:\/\/www.topohvar.at\/topo\/wp-json\/wp\/v2\/pages"}],"about":[{"href":"https:\/\/www.topohvar.at\/topo\/wp-json\/wp\/v2\/types\/page"}],"author":[{"embeddable":true,"href":"https:\/\/www.topohvar.at\/topo\/wp-json\/wp\/v2\/users\/1"}],"replies":[{"embeddable":true,"href":"https:\/\/www.topohvar.at\/topo\/wp-json\/wp\/v2\/comments?post=1052"}],"version-history":[{"count":13,"href":"https:\/\/www.topohvar.at\/topo\/wp-json\/wp\/v2\/pages\/1052\/revisions"}],"predecessor-version":[{"id":51446,"href":"https:\/\/www.topohvar.at\/topo\/wp-json\/wp\/v2\/pages\/1052\/revisions\/51446"}],"up":[{"embeddable":true,"href":"https:\/\/www.topohvar.at\/topo\/wp-json\/wp\/v2\/pages\/65"}],"wp:attachment":[{"href":"https:\/\/www.topohvar.at\/topo\/wp-json\/wp\/v2\/media?parent=1052"}],"curies":[{"name":"wp","href":"https:\/\/api.w.org\/{rel}","templated":true}]}}