{"id":10524,"date":"2018-09-08T18:32:06","date_gmt":"2018-09-08T16:32:06","guid":{"rendered":"https:\/\/www.topohvar.at\/?page_id=10524"},"modified":"2021-12-02T14:08:15","modified_gmt":"2021-12-02T13:08:15","slug":"po-is-02-1","status":"publish","type":"page","link":"https:\/\/www.topohvar.at\/topo\/orte\/po\/po-is-02-1\/","title":{"rendered":"POLJICA &#8211; Spomen plo\u010da \u00bbRadu Narodne tehnike Kotarskog komiteta KPH\u00ab"},"content":{"rendered":"<p><img loading=\"lazy\" decoding=\"async\" class=\"alignnone wp-image-10499 size-large\" src=\"https:\/\/www.topohvar.at\/wp-content\/uploads\/2018\/09\/po-is-02-0-1024x503.jpg\" alt=\"\" width=\"640\" height=\"314\" srcset=\"https:\/\/www.topohvar.at\/wp-content\/uploads\/2018\/09\/po-is-02-0-1024x503.jpg 1024w, https:\/\/www.topohvar.at\/wp-content\/uploads\/2018\/09\/po-is-02-0-300x147.jpg 300w, https:\/\/www.topohvar.at\/wp-content\/uploads\/2018\/09\/po-is-02-0-768x377.jpg 768w, https:\/\/www.topohvar.at\/wp-content\/uploads\/2018\/09\/po-is-02-0.jpg 1080w\" sizes=\"auto, (max-width: 640px) 100vw, 640px\" \/><\/p>\n<p><strong>Ime \/ Name<br \/>\n<\/strong>Spomen plo\u010da \u00bbRadu Narodne tehnike Kotarskog komiteta KPH\u00ab \/ Gedenktafel an die T\u00e4tigkeiten des Technischen Bezirkskomitees<\/p>\n<p><strong>Code: <\/strong>PO-IS-02\u00a0 \u00a0 \u00a0 \u00a0 \u00a0 \u00a0 \u00a0 \u00a0 \u00a0 \u00a0 \u00a0 \u00a0 \u00a0\u00a0<strong>\u00a0 \u00a0 \u00a0 \u00a0 \u00a0 \u00a0<a href=\"https:\/\/www.topohvar.at\/orte\/po\/po-is-01-1\/\"><img loading=\"lazy\" decoding=\"async\" class=\"alignnone wp-image-533 size-full\" src=\"https:\/\/www.topohvar.at\/wp-content\/uploads\/2018\/07\/push-l-30.jpg\" alt=\"\" width=\"61\" height=\"30\" \/><\/a>\u00a0<a href=\"https:\/\/www.topohvar.at\/orte\/po\/\"><img loading=\"lazy\" decoding=\"async\" class=\"alignnone wp-image-535 size-full\" src=\"https:\/\/www.topohvar.at\/wp-content\/uploads\/2018\/07\/push-o-30.jpg\" alt=\"\" width=\"61\" height=\"30\" \/><\/a>\u00a0<a href=\"https:\/\/www.topohvar.at\/orte\/po\/po-is-03-1\/\"><img loading=\"lazy\" decoding=\"async\" class=\"alignnone wp-image-536 size-full\" src=\"https:\/\/www.topohvar.at\/wp-content\/uploads\/2018\/07\/push-r-30.jpg\" alt=\"\" width=\"61\" height=\"30\" \/><\/a><\/strong><\/p>\n<hr \/>\n<p><strong>Adresa \/ Adresse<br \/>\n<\/strong>Poljica, bivsi \u0161kola<\/p>\n<p><strong>Lokacija \/ Position<a href=\"https:\/\/goo.gl\/maps\/EutkgUp7Z2RgL23m6\"><img loading=\"lazy\" decoding=\"async\" class=\"alignright wp-image-10570\" src=\"https:\/\/www.topohvar.at\/wp-content\/uploads\/2018\/09\/0483.jpg\" alt=\"\" width=\"134\" height=\"100\" \/><\/a><br \/>\n<\/strong><span style=\"color: #3366ff;\"><a style=\"color: #3366ff;\" href=\"https:\/\/goo.gl\/maps\/EutkgUp7Z2RgL23m6\">Latitude: N 43,14802\u00b0\u00a0 \u00a0 Longitude: E 16,79410\u00b0\u00a0<\/a><\/span><strong><br \/>\n<\/strong>Visina \/ H\u00f6he: 157 m<\/p>\n<p><strong>Katastarska \u010destica <\/strong><strong>\/ Grundst\u00fccke<br \/>\n<\/strong>*416\u00a0<div class='content-column one_half'><div style=\"padding-right:6px;\"><p><strong>Datum snimanja \/ Erfassungsdatum<br \/>\n<\/strong>14.05.2014 14:48:00<\/p>\n<hr \/>\n<p><strong>Informacije<\/strong><\/p>\n<p>Spomen plo\u010da radu Narodne tehnike Kotarskog komitete KPH.\u00a0Spomen plo\u010da od bejelog mramora nalazi se na zgradi \u0161kole u kojoj se odvijao rad Narodne tehnike od velja\u010de 1943. g. do o\u017eujka 1944. godine.<\/p><\/div><\/div><div class='content-column one_half last_column'><div style=\"padding-right:0px;padding-left:6px;\"><p><strong>Stupanj za\u0161tite<\/strong><strong> \/ Schutzstellung<br \/>\n<\/strong>&#8211;<\/p>\n<hr \/>\n<p><strong>Info<\/strong><\/p>\n<p>Gedenktafel \u00fcber die T\u00e4tigkeiten des technischen Bezirksausschusses der kommunistischen Partei Kroatiens.\u00a0Die Gedenktafel aus wei\u00dfem Marmor befindet sich auf dem Schulgeb\u00e4ude in dem die Arbeit der Nationalen Techniken vom Februar 1943 bis M\u00e4rz 1944 stattfand.<\/p><\/div><\/div><div class='clear_column'><\/div><div class='content-column one_half'><div style=\"padding-right:6px;\"><p>Spomen plo\u010du postavio Kotarski komitet Saveza komunista Hvara, 27. 7. 1953. godine.<\/p><\/div><\/div><div class='content-column one_half last_column'><div style=\"padding-right:0px;padding-left:6px;\"><p>Die Gedenktafel wurde vom Bezirkskomitee der Kommunistischen Partei Hvar am 27. Juli 1953 errichtet.<\/p><\/div><\/div><div class='clear_column'><\/div><div class='content-column one_half'><div style=\"padding-right:6px;\"><p>Natpis:<\/p>\n<p>NA USPOMEN U RADA NT U ZGRADI \u0160KOLE OD VELJA\u010cE 43. DO O\u017dJUKA 1944. G.<\/p><\/div><\/div><div class='content-column one_half last_column'><div style=\"padding-right:0px;padding-left:6px;\"><p>Inschrift:<\/p>\n<p>In Erinnerung an die T\u00e4tigkeiten der NT (Narodne tehnike) im Schulgeb\u00e4ude vom Februar 1943 bis M\u00e4rz 1944<\/p><\/div><\/div><div class='clear_column'><\/div><\/p>\n<p style=\"text-align: right;\"><span style=\"color: #3366ff;\"><a style=\"color: #3366ff;\" href=\"#seite_oben\">natrag na vrh \/ Seitenanfang<\/a><\/span><\/p>\n<hr \/>\n<p><strong>Linkovi \/ Links<\/strong><\/p>\n<p><span style=\"color: #3366ff;\"><a style=\"color: #3366ff;\" href=\"https:\/\/www.topohvar.at\/orte\/po\/po-is-03-1\/\">Spomen plo\u010da \u00bbTehnike Kotarskog komiteta\u00ab \/ Gedenktafel<em> Technisches Bezirkskomitee<\/em><\/a><\/span><em><br \/>\n<\/em><span style=\"color: #3366ff;\"><a style=\"color: #3366ff;\" href=\"https:\/\/www.topohvar.at\/orte\/po\/po-tg-01-1\/\">Biv\u0161i Osnovna \u0161kola \/ ehemalige Grundschule<\/a><\/span><em><br \/>\n<\/em><\/p>\n","protected":false},"excerpt":{"rendered":"<p>Ime \/ Name Spomen plo\u010da \u00bbRadu Narodne tehnike Kotarskog komiteta KPH\u00ab \/ Gedenktafel an die T\u00e4tigkeiten des Technischen Bezirkskomitees Code: PO-IS-02\u00a0 \u00a0 \u00a0 \u00a0 \u00a0 \u00a0 \u00a0 \u00a0 \u00a0 \u00a0 \u00a0 \u00a0 \u00a0\u00a0\u00a0 \u00a0 \u00a0 \u00a0 \u00a0 \u00a0\u00a0\u00a0 Adresa \/ &hellip; <a href=\"https:\/\/www.topohvar.at\/topo\/orte\/po\/po-is-02-1\/\">Weiterlesen <span class=\"meta-nav\">&rarr;<\/span><\/a><\/p>\n","protected":false},"author":1,"featured_media":0,"parent":91,"menu_order":0,"comment_status":"closed","ping_status":"closed","template":"","meta":{"footnotes":""},"class_list":["post-10524","page","type-page","status-publish","hentry"],"_links":{"self":[{"href":"https:\/\/www.topohvar.at\/topo\/wp-json\/wp\/v2\/pages\/10524","targetHints":{"allow":["GET"]}}],"collection":[{"href":"https:\/\/www.topohvar.at\/topo\/wp-json\/wp\/v2\/pages"}],"about":[{"href":"https:\/\/www.topohvar.at\/topo\/wp-json\/wp\/v2\/types\/page"}],"author":[{"embeddable":true,"href":"https:\/\/www.topohvar.at\/topo\/wp-json\/wp\/v2\/users\/1"}],"replies":[{"embeddable":true,"href":"https:\/\/www.topohvar.at\/topo\/wp-json\/wp\/v2\/comments?post=10524"}],"version-history":[{"count":12,"href":"https:\/\/www.topohvar.at\/topo\/wp-json\/wp\/v2\/pages\/10524\/revisions"}],"predecessor-version":[{"id":54282,"href":"https:\/\/www.topohvar.at\/topo\/wp-json\/wp\/v2\/pages\/10524\/revisions\/54282"}],"up":[{"embeddable":true,"href":"https:\/\/www.topohvar.at\/topo\/wp-json\/wp\/v2\/pages\/91"}],"wp:attachment":[{"href":"https:\/\/www.topohvar.at\/topo\/wp-json\/wp\/v2\/media?parent=10524"}],"curies":[{"name":"wp","href":"https:\/\/api.w.org\/{rel}","templated":true}]}}