{"id":10530,"date":"2018-09-08T18:37:53","date_gmt":"2018-09-08T16:37:53","guid":{"rendered":"https:\/\/www.topohvar.at\/?page_id=10530"},"modified":"2021-12-02T14:10:44","modified_gmt":"2021-12-02T13:10:44","slug":"po-mo-01-1","status":"publish","type":"page","link":"https:\/\/www.topohvar.at\/topo\/orte\/po\/po-mo-01-1\/","title":{"rendered":"POLJICA &#8211; Spomenik \u00bbPalim borcima i \u017ertvama fa\u0161isti\u010dkog terora\u00ab"},"content":{"rendered":"<p><a name=\"seite_oben\"><\/a><br \/>\n<img loading=\"lazy\" decoding=\"async\" class=\"alignnone wp-image-10502 size-large\" src=\"https:\/\/www.topohvar.at\/wp-content\/uploads\/2018\/09\/po-is-05-0-1024x503.jpg\" alt=\"\" width=\"640\" height=\"314\" srcset=\"https:\/\/www.topohvar.at\/wp-content\/uploads\/2018\/09\/po-is-05-0-1024x503.jpg 1024w, https:\/\/www.topohvar.at\/wp-content\/uploads\/2018\/09\/po-is-05-0-300x147.jpg 300w, https:\/\/www.topohvar.at\/wp-content\/uploads\/2018\/09\/po-is-05-0-768x377.jpg 768w, https:\/\/www.topohvar.at\/wp-content\/uploads\/2018\/09\/po-is-05-0.jpg 1080w\" sizes=\"auto, (max-width: 640px) 100vw, 640px\" \/><\/p>\n<p><strong>Ime \/ Name<br \/>\n<\/strong>Spomenik \u00bbpalim borcima i \u017ertvama fa\u0161isti\u010dkog terora\u00ab \/ Denkmal f\u00fcr die Gefallenen und Opfer des faschistischen Terrors<\/p>\n<p><strong>Code: <\/strong>PO-MO-01\u00a0 \u00a0 \u00a0 \u00a0 \u00a0 \u00a0 \u00a0 \u00a0\u00a0<strong>\u00a0 \u00a0 \u00a0 \u00a0 \u00a0 \u00a0 \u00a0 \u00a0 \u00a0 \u00a0 \u00a0\u00a0 \u00a0 \u00a0 \u00a0<a href=\"https:\/\/www.topohvar.at\/orte\/po\/\"><img loading=\"lazy\" decoding=\"async\" class=\"alignnone wp-image-535 size-full\" src=\"https:\/\/www.topohvar.at\/wp-content\/uploads\/2018\/07\/push-o-30.jpg\" alt=\"\" width=\"61\" height=\"30\" \/><\/a>\u00a0 \u00a0 \u00a0\u00a0<\/strong><\/p>\n<hr \/>\n<p><strong>Adresa \/ Adresse<br \/>\n<\/strong>Poljica<\/p>\n<p><strong>Lokacija \/ Position<a href=\"https:\/\/goo.gl\/maps\/6BEqQ9Nvbjmukxkz9\"><img loading=\"lazy\" decoding=\"async\" class=\"alignright wp-image-10612\" src=\"https:\/\/www.topohvar.at\/wp-content\/uploads\/2018\/09\/0482.jpg\" alt=\"\" width=\"134\" height=\"100\" \/><\/a><br \/>\n<\/strong><span style=\"color: #3366ff;\"><a style=\"color: #3366ff;\" href=\"https:\/\/goo.gl\/maps\/6BEqQ9Nvbjmukxkz9\">Latitude: N 43,14834\u00b0\u00a0 \u00a0 Longitude: E 16,79303\u00b0\u00a0<\/a><\/span><strong><br \/>\n<\/strong>Visina \/ H\u00f6he: 154 m<\/p>\n<p><strong>Katastarska \u010destica <\/strong><strong>\/ Grundst\u00fccke<br \/>\n<\/strong>433\/5 <div class='content-column one_half'><div style=\"padding-right:6px;\"><p><strong>Datum snimanja \/ Erfassungsdatum<br \/>\n<\/strong>14.05.2014 14:38:49<\/p>\n<hr \/>\n<p><strong>Informacije<\/strong><\/p>\n<p>Spomenik postavila Mjesna organizacija SUBNOR-a Poljica, 27. jula 1956. godine prilikom proslave Dana ustanka naroda Hrvatske.<\/p><\/div><\/div><div class='content-column one_half last_column'><div style=\"padding-right:0px;padding-left:6px;\"><p><strong>Stupanj za\u0161tite<\/strong><strong> \/ Schutzstellung<br \/>\n<\/strong>&#8211;<\/p>\n<hr \/>\n<p><strong>Info<\/strong><\/p>\n<p>Das Denkmal wurde von der \u00f6rtlichen Organisation des Nationalen Befreiungskampfes Poljica, am 27. Juli 1956 w\u00e4hrend der Feier zum kroatischen Nationalfeiertag errichtet.<\/p><\/div><\/div><div class='clear_column'><\/div><div class='content-column one_half'><div style=\"padding-right:6px;\"><p>Ova spomen plo\u010da zajedno sa odgovaraju\u0107im prostorom u kojem je smje\u0161tena bit \u0107e premje\u0161tena u novi okvir i formirana kao izdvojeni arhitektonski blok u ambijentu, budu\u0107i da je o\u0161te\u0107ena. Spomen plo\u010da nalazi se na okruglom gra\u0111enom stupu koji je niskim zidom odvojen od prostora u kojem je smje\u0161ten, u centru mjesta. Plo\u010da, dimenzije 62 x 100, je od crnog mramora.<\/p><\/div><\/div><div class='content-column one_half last_column'><div style=\"padding-right:0px;padding-left:6px;\"><p>Weil das Denkmal besch\u00e4digt wurde, erhielt die Gedenktafel einen geeigneten Platz auf dem sie sich in einem neuen Rahmen befindet und wurde als ein gestalteter Block in die Umgebung eingef\u00fcgt. Die Gedenktafel befindet sich nun auf einem Steinsockel, der durch eine niedrige Mauer von der Umgebung getrennt ist und sich in der Ortsmitte befindet. Die Platte im Ausma\u00df von 62 x 100 cm ist aus schwarzem Marmor gefertigt.<\/p><\/div><\/div><div class='clear_column'><\/div><div class='content-column one_half'><div style=\"padding-right:6px;\"><p>Natpis:<\/p>\n<p>SA MRTVIH\u00a0 \u00a0 \u00a0 \u00a0 \u00a0 \u00a0 \u00a0 \u00a0 \u00a0 \u00a0 \u00a0 \u00a0 \u00a0 \u00a0 ZA ONO ZA\u0160TO<br \/>\nUSANA VA\u0160I\u00a0 \u00a0 \u00a0 \u00a0 \u00a0 \u00a0 \u00a0 \u00a0 \u00a0 \u00a0 \u00a0 \u00a0 \u00a0 SMO \u017dIVOT DALI<br \/>\nSTRUJE\u00a0 \u00a0 \u00a0 \u00a0 \u00a0 \u00a0 \u00a0 \u00a0 \u00a0 \u00a0 \u00a0 \u00a0 \u00a0 \u00a0 \u00a0 \u00a0 \u00a0BUDITE<br \/>\nOPOJNE RIJE\u0106I\u00a0 \u00a0 \u00a0 \u00a0 \u00a0 \u00a0 \u00a0 \u00a0 \u00a0 \u00a0 \u00a0SPREMNI UMRIJETI<\/p>\n<p>DU\u0160MANA TUKU\u0106 BILI STE I VI S NAMA<br \/>\nAL FA\u0160ISAM JE DRUGI UDES DODJELJO VAMA:<\/p>\n<p>PALI STE ZA IDEALE SOCIJALIZAM<br \/>\nDEMOKRACIJU I SLOBODU, ZATO STE<br \/>\nPONOS NAMA I CIJELOM NA\u0160EM RODU<br \/>\nOD 1941 &#8211; 1945 G.<\/p>\n<p>PALIM BORCI &#8211; \u017dRTVE FA\u0160IZMA<\/p><\/div><\/div><div class='content-column one_half last_column'><div style=\"padding-right:0px;padding-left:6px;\"><p>Inschrift:<\/p>\n<p>von deinen\u00a0 \u00a0 \u00a0 \u00a0 \u00a0 \u00a0 \u00a0 \u00a0 \u00a0 \u00a0 \u00a0 \u00a0 \u00a0 \u00a0 \u00a0 \u00a0wof\u00fcr warum<br \/>\ntoten Lippen\u00a0 \u00a0 \u00a0 \u00a0 \u00a0 \u00a0 \u00a0 \u00a0 \u00a0 \u00a0 \u00a0 \u00a0 \u00a0 \u00a0 wir unser Leben gaben<br \/>\nstr\u00f6men\u00a0 \u00a0 \u00a0 \u00a0 \u00a0 \u00a0 \u00a0 \u00a0 \u00a0 \u00a0 \u00a0 \u00a0 \u00a0 \u00a0 \u00a0 \u00a0 \u00a0 \u00a0seid bereit<br \/>\nberauschende Worte\u00a0 \u00a0 \u00a0 \u00a0 \u00a0 \u00a0 \u00a0 \u00a0 zu sterben<\/p>\n<p>Du\u0161man Tuku\u0107 du warst auch bei uns aber der<br \/>\nFaschismus ist ein weiteres Ungl\u00fcck das dich traf:<\/p>\n<p>Ihr seid gefallen f\u00fcr die Ideale des Sozialismus,<br \/>\nDemokratie und Freiheit, darum seid ihr unser,<br \/>\nund unserer gesamten Gattung Stolz.<br \/>\nVon 1941\u20131945<\/p>\n<p>Die gefallenen Soldaten &#8211; Opfer des Faschismus<\/p><\/div><\/div><div class='clear_column'><\/div><\/p>\n<p style=\"text-align: center;\">1. BO\u017dIKOVI\u0106 M. STJEPAN<\/p>\n<div class='content-column one_half'><div style=\"padding-right:6px;\"><p style=\"padding-left: 120px;\">2. \u0160ARI\u0106 J. MIHOVIL<br \/>\n3. MATIJA\u0160EVI\u0106 N. BO\u017dIDAR<br \/>\n4. PAVI\u0106 L. JURAJ<br \/>\n5. BOROVI\u0106 G. NIKOLA<br \/>\n6. BO\u017dIKOVI\u0106 M. IVAN<br \/>\n7. PAVI\u0106 MARTIN<\/p>\n<p style=\"padding-left: 80px;\">VJE\u010cNA SLAVA POGINULIMA!<br \/>\nPODI\u017dE NAROD POLJICA<br \/>\n27. JULA 1956. GOD.<\/p><\/div><\/div><div class='content-column one_half last_column'><div style=\"padding-right:0px;padding-left:6px;\"><p style=\"padding-left: 40px;\">8. BO\u017dIKOVI\u0106 MATE<br \/>\n9. ZEN\u010cI\u0106 K. MATE<br \/>\n10. BO\u017dIKOVI\u0106 M. JURAJ<br \/>\n11. MATIJA\u0160EVI\u0106 A. MATE<br \/>\n12. MATKOVI\u0106 P. IVAN<br \/>\n13. HULJI\u0106 M. JERKA<\/p>\n<p>Ewiger Ruhm den Gefallenen!<br \/>\nErrichtet von den Bewohnern aus Poljica<br \/>\n27. Juli 1956.<\/p><\/div><\/div><div class='clear_column'><\/div><\/p>\n<p style=\"text-align: right;\"><span style=\"color: #3366ff;\"><a style=\"color: #3366ff;\" href=\"#seite_oben\">natrag na vrh \/ Seitenanfang<\/a><\/span><\/p>\n<hr \/>\n<p><strong>Linkovi \/ Links<\/strong><\/p>\n<p>&#8211;<\/p>\n","protected":false},"excerpt":{"rendered":"<p>Ime \/ Name Spomenik \u00bbpalim borcima i \u017ertvama fa\u0161isti\u010dkog terora\u00ab \/ Denkmal f\u00fcr die Gefallenen und Opfer des faschistischen Terrors Code: PO-MO-01\u00a0 \u00a0 \u00a0 \u00a0 \u00a0 \u00a0 \u00a0 \u00a0\u00a0\u00a0 \u00a0 \u00a0 \u00a0 \u00a0 \u00a0 \u00a0 \u00a0 \u00a0 \u00a0 \u00a0\u00a0 \u00a0 &hellip; <a href=\"https:\/\/www.topohvar.at\/topo\/orte\/po\/po-mo-01-1\/\">Weiterlesen <span class=\"meta-nav\">&rarr;<\/span><\/a><\/p>\n","protected":false},"author":1,"featured_media":0,"parent":91,"menu_order":0,"comment_status":"closed","ping_status":"closed","template":"","meta":{"footnotes":""},"class_list":["post-10530","page","type-page","status-publish","hentry"],"_links":{"self":[{"href":"https:\/\/www.topohvar.at\/topo\/wp-json\/wp\/v2\/pages\/10530","targetHints":{"allow":["GET"]}}],"collection":[{"href":"https:\/\/www.topohvar.at\/topo\/wp-json\/wp\/v2\/pages"}],"about":[{"href":"https:\/\/www.topohvar.at\/topo\/wp-json\/wp\/v2\/types\/page"}],"author":[{"embeddable":true,"href":"https:\/\/www.topohvar.at\/topo\/wp-json\/wp\/v2\/users\/1"}],"replies":[{"embeddable":true,"href":"https:\/\/www.topohvar.at\/topo\/wp-json\/wp\/v2\/comments?post=10530"}],"version-history":[{"count":27,"href":"https:\/\/www.topohvar.at\/topo\/wp-json\/wp\/v2\/pages\/10530\/revisions"}],"predecessor-version":[{"id":54285,"href":"https:\/\/www.topohvar.at\/topo\/wp-json\/wp\/v2\/pages\/10530\/revisions\/54285"}],"up":[{"embeddable":true,"href":"https:\/\/www.topohvar.at\/topo\/wp-json\/wp\/v2\/pages\/91"}],"wp:attachment":[{"href":"https:\/\/www.topohvar.at\/topo\/wp-json\/wp\/v2\/media?parent=10530"}],"curies":[{"name":"wp","href":"https:\/\/api.w.org\/{rel}","templated":true}]}}