{"id":10534,"date":"2018-09-08T18:40:57","date_gmt":"2018-09-08T16:40:57","guid":{"rendered":"https:\/\/www.topohvar.at\/?page_id=10534"},"modified":"2024-07-30T17:53:55","modified_gmt":"2024-07-30T15:53:55","slug":"po-tg-01-1","status":"publish","type":"page","link":"https:\/\/www.topohvar.at\/topo\/orte\/po\/po-tg-01-1\/","title":{"rendered":"POLJICA &#8211; Zgrade javne \u00bbNarodna \u0161kola Stjepan Bo\u017eikovi\u0107\u00ab"},"content":{"rendered":"<p><a name=\"seite_oben\"><\/a><br \/>\n<img loading=\"lazy\" decoding=\"async\" class=\"aligncenter wp-image-49823 size-full\" src=\"https:\/\/www.topohvar.at\/wp-content\/uploads\/2021\/06\/po-tg-01-12.jpg\" alt=\"\" width=\"1080\" height=\"530\" srcset=\"https:\/\/www.topohvar.at\/wp-content\/uploads\/2021\/06\/po-tg-01-12.jpg 1080w, https:\/\/www.topohvar.at\/wp-content\/uploads\/2021\/06\/po-tg-01-12-300x147.jpg 300w, https:\/\/www.topohvar.at\/wp-content\/uploads\/2021\/06\/po-tg-01-12-1024x503.jpg 1024w, https:\/\/www.topohvar.at\/wp-content\/uploads\/2021\/06\/po-tg-01-12-768x377.jpg 768w\" sizes=\"auto, (max-width: 1080px) 100vw, 1080px\" \/><\/p>\n<p><strong>Ime \/ Name<br \/>\n<\/strong>Zgrade javne \u00bbNarodna \u0161kola Stjepan Bo\u017eikovi\u0107\u00ab \/ ehemalige Grundschule\u00a0<em>Stefan Bo\u017eikovi\u0107<\/em><\/p>\n<p><strong>Code: <\/strong>PO-TG-01\u00a0 \u00a0 \u00a0 \u00a0 \u00a0 \u00a0 \u00a0 \u00a0 <strong>\u00a0 \u00a0 \u00a0 \u00a0 \u00a0 \u00a0 \u00a0 \u00a0 \u00a0 \u00a0 \u00a0\u00a0 \u00a0 \u00a0 \u00a0<a href=\"https:\/\/www.topohvar.at\/orte\/po\/\"><img loading=\"lazy\" decoding=\"async\" class=\"alignnone wp-image-535 size-full\" src=\"https:\/\/www.topohvar.at\/wp-content\/uploads\/2018\/07\/push-o-30.jpg\" alt=\"\" width=\"61\" height=\"30\" \/><\/a> <a href=\"https:\/\/www.topohvar.at\/topo\/orte\/po\/po-tg-02-1\/\"><img loading=\"lazy\" decoding=\"async\" class=\"alignnone wp-image-536 size-full\" src=\"https:\/\/www.topohvar.at\/wp-content\/uploads\/2018\/07\/push-r-30.jpg\" alt=\"\" width=\"61\" height=\"30\" \/><\/a><\/strong><\/p>\n<hr \/>\n<p><strong>Adresa \/ Adresse<br \/>\n<\/strong>Poljica<\/p>\n<p><strong>Lokacija \/ Position<a href=\"https:\/\/goo.gl\/maps\/EutkgUp7Z2RgL23m6\"><img loading=\"lazy\" decoding=\"async\" class=\"alignright wp-image-10570\" src=\"https:\/\/www.topohvar.at\/wp-content\/uploads\/2018\/09\/0483.jpg\" alt=\"\" width=\"134\" height=\"100\" \/><\/a><br \/>\n<\/strong><a href=\"https:\/\/goo.gl\/maps\/EutkgUp7Z2RgL23m6\">Latitude: N 43,14802\u00b0\u00a0 \u00a0 Longitude: E 16,79410\u00b0<\/a>\u00a0<strong><br \/>\n<\/strong>Visina \/ H\u00f6he: 157 m<\/p>\n<p><strong>Katastarska \u010destica <\/strong><strong>\/ Grundst\u00fccke<br \/>\n<\/strong>*416\u00a0<div class='content-column one_half'><div style=\"padding-right:6px;\"><p><strong>Datum snimanja \/ Erfassungsdatum<br \/>\n<\/strong>14.05.2014 14:49:00<\/p>\n<hr \/>\n<p><strong>Informacije<\/strong><\/p>\n<p>Narodna Osnovna \u0160kola <em>Stjepan Bo\u017eikovi\u0107<\/em><\/p>\n<p>\u0160kola u ovome selu otvorna je 3. XI. 1905., s mjesnim sve\u0107nikom don Petrom Dubokovi\u0107em kao u\u010diteljem. &#8222;U\u010dionska pomje\u0161\u0107a&#8220; (lokali gdje je djelovala \u0161kola) bijahu odreda iznajmljene privatne ku\u0107e.<\/p><\/div><\/div><div class='content-column one_half last_column'><div style=\"padding-right:0px;padding-left:6px;\"><p><strong>Stupanj za\u0161tite<\/strong><strong> \/ Schutzstellung<br \/>\n<\/strong>&#8211;<\/p>\n<hr \/>\n<p><strong>Info<\/strong><\/p>\n<p>Grundschule <em>Stefan Bo\u017eikovi\u0107<\/em><\/p>\n<p>Die erste Schule in Poljica wurde am 3. November 1905 er\u00f6ffnet, mit dem \u00f6rtlichen Priester Don Peter Dubokovi\u0107 als Lehrer. Als &#8222;Klassenzimmer&#8220; fungierten damals Teilbereiche gemieteter Privath\u00e4user.<\/p><\/div><\/div><div class='clear_column'><\/div><div class='content-column one_half'><div style=\"padding-right:6px;\"><p>Dne 1. rujna 1936. otvorena je, nakon petogodi\u0161nje gradnje, zasebna \u0161kolska zgrada. \u010cini se da je sagra\u0111ena po tipiziranom projektu \u0106.M. Ivekovi\u0107a, a voditelj gradnje bio je spominjani jel\u0161anski poduzetnik Juraj Novak &#8211; &#8222;Trumbita&#8220;. Svedena 1960-ih godina na \u010detverogodi\u0161nju, polji\u010dka je \u0161kola napokon zatvorena 1972. godine.<\/p><\/div><\/div><div class='content-column one_half last_column'><div style=\"padding-right:0px;padding-left:6px;\"><p>Am 1. September 1936 wurde nach dem f\u00fcnfj\u00e4hrigen Bau ein eigenst\u00e4ndiges Schulgeb\u00e4ude er\u00f6ffnet. Es scheint nach einem typisierten Projekt des \u0106.M. Ivekovi\u0107 errichtet worden sein. Der Bauleiter war der erw\u00e4hnte jelsianische Unternehmer Juraj Novak &#8211; &#8222;Trumbita&#8220;. In den 1960er Jahren auf einen vierj\u00e4hrigen Unterricht eingeschr\u00e4nkt, wurde die Schule in Poljica 1972 endg\u00fcltig geschlossen.<\/p><\/div><\/div><div class='clear_column'><\/div><\/p>\n<p style=\"text-align: center;\">(Izvor \/ Quelle: Jo\u0161ko Kova\u010di\u0107: \u017dupa Poljica na Hvaru)<\/p>\n<hr \/>\n<div class='content-column one_third'><div style=\"padding-right:6px;\"><p>U ulaznom dijelu \u0161kolske zgrade jo\u0161 se nalazi stara klipna pumpa za va\u0111enje vode iz cisterne ispod.<\/p><\/div><\/div><div class='content-column one_third'><div style=\"padding-right:6px;\"><p><img loading=\"lazy\" decoding=\"async\" class=\"aligncenter size-full wp-image-39034\" src=\"https:\/\/www.topohvar.at\/wp-content\/uploads\/2020\/07\/po-tg-01-21.jpg\" alt=\"\" width=\"210\" height=\"242\" \/><\/p><\/div><\/div><div class='content-column one_third last_column'><div style=\"padding-right:0px;padding-left:6px;\"><p>Im Eingangsbereich zum Schulgeb\u00e4ude befindet sich noch eine alte Kolbenpumpe zum Wassersch\u00f6pfen aus der darunter liegenden Zisterne.<\/p><\/div><\/div><div class='clear_column'><\/div><\/p>\n<hr \/>\n<div class='content-column one_half'><div style=\"padding-right:6px;\"><p>U ovoj ku\u0107i radila je od velja\u010de 1943. godine do travnja 1944. godine tehnika Kotarskog komiteta k. p. h. Hvara. Zgrada je bila od odre\u0111enog zna\u010daja tijekom narodnooslobodila\u010dkog rata. Razli\u010dite plo\u010de i natpisi na pro\u010deljima zgrade to ukazuju. Tamo se i dalje mogu \u010ditati (u 2020.g.) razni slogani.<\/p><\/div><\/div><div class='content-column one_half last_column'><div style=\"padding-right:0px;padding-left:6px;\"><p>In diesem Haus arbeitete vom Februar 1943 bis April 1944 das technische Distriktkomitee der kommunistischen Partei von Hvar. W\u00e4hrend des Nationalen Befreiungskampfes hatte das Geb\u00e4ude eine gewisse Bedeutung. Darauf weisen diverse Gedenktafeln und Inschriften auf den Fassaden des Geb\u00e4udes hin. Noch heute (2020) sind\u00a0 dort diverse Parolen zu lesen.<\/p><\/div><\/div><div class='clear_column'><\/div><div class='content-column one_half'><div style=\"padding-right:6px;\"><p>Na zapadnom pro\u010delju:<br \/>\n\u201e\u017dIVIO VRHOVNI \u0160TAB NOV I POJ\u201c (<strong>N<\/strong>arodno<strong>O<\/strong>slobodila\u010dke <strong>V<\/strong>ojske i <strong>P<\/strong>artizanskih <strong>O<\/strong>dreda <strong>J<\/strong>ugoslavije, srpnja 1941. g. &#8211; svibnja 1945. g.).<\/p><\/div><\/div><div class='content-column one_half last_column'><div style=\"padding-right:0px;padding-left:6px;\"><p>Auf der Westfassade:<br \/>\n\u201eEs lebe der Generalstab der Nationale Befreiungsarmee und Partisanenbewegung von Jugoslawien\u201c\u00a0(Juli 1941 &#8211; Mai 1945).<\/p><\/div><\/div><div class='clear_column'><\/div><div class='content-column one_half'><div style=\"padding-right:6px;\"><p><img loading=\"lazy\" decoding=\"async\" class=\"alignnone wp-image-69295 size-full\" src=\"https:\/\/www.topohvar.at\/wp-content\/uploads\/2024\/07\/po-tg-01-31.jpg\" alt=\"\" width=\"450\" height=\"450\" srcset=\"https:\/\/www.topohvar.at\/wp-content\/uploads\/2024\/07\/po-tg-01-31.jpg 450w, https:\/\/www.topohvar.at\/wp-content\/uploads\/2024\/07\/po-tg-01-31-300x300.jpg 300w, https:\/\/www.topohvar.at\/wp-content\/uploads\/2024\/07\/po-tg-01-31-150x150.jpg 150w\" sizes=\"auto, (max-width: 450px) 100vw, 450px\" \/><\/p><\/div><\/div><div class='content-column one_half last_column'><div style=\"padding-right:0px;padding-left:6px;\"><p><img loading=\"lazy\" decoding=\"async\" class=\"aligncenter size-medium wp-image-39032\" src=\"https:\/\/www.topohvar.at\/wp-content\/uploads\/2020\/07\/po-tg-01-22-300x297.jpg\" alt=\"\" width=\"300\" height=\"297\" srcset=\"https:\/\/www.topohvar.at\/wp-content\/uploads\/2020\/07\/po-tg-01-22-300x297.jpg 300w, https:\/\/www.topohvar.at\/wp-content\/uploads\/2020\/07\/po-tg-01-22-150x150.jpg 150w, https:\/\/www.topohvar.at\/wp-content\/uploads\/2020\/07\/po-tg-01-22.jpg 535w\" sizes=\"auto, (max-width: 300px) 100vw, 300px\" \/><\/p><\/div><\/div><div class='clear_column'><\/div><div class='content-column one_half'><div style=\"padding-right:6px;\"><p style=\"text-align: left;\">Na isto\u010dnom pro\u010delju:<\/p>\n<p style=\"text-align: center;\">\u017dIVILO BRATSTVO SVIH<br \/>\nSLAVENSKIH NARODA<br \/>\n??A VELIKIM RUSKI<br \/>\nNAROD<\/p><\/div><\/div><div class='content-column one_half last_column'><div style=\"padding-right:0px;padding-left:6px;\"><p>Auf der Ostfassade:<\/p>\n<p style=\"text-align: center;\">Es lebe die Bruderschaft<br \/>\naller slawischen V\u00f6lker<br \/>\nund des gro\u00dfen russischen<br \/>\nVolkes<\/p><\/div><\/div><div class='clear_column'><\/div><div class='content-column one_half'><div style=\"padding-right:6px;\"><p style=\"text-align: left;\">Na sjevernoj pro\u010delju:<\/p>\n<p style=\"text-align: center;\">\u017dIVILA 26. GODI\u0160NJICA OKTOBARSKE SOCIJALIST\u010cKE REVOLUCIJE<\/p><\/div><\/div><div class='content-column one_half last_column'><div style=\"padding-right:0px;padding-left:6px;\"><p>Auf der Nordfassade:<\/p>\n<p style=\"text-align: center;\">Es lebe der 26. Jahrestag der sozialistischen Oktoberrevolution<\/p><\/div><\/div><div class='clear_column'><\/div><\/p>\n<hr \/>\n<div class='content-column one_half'><div style=\"padding-right:6px;\"><p>Turisti\u010dka zajednica Op\u0107ine Jelsa i Hrvatska astronomski savez pokrenuli su 2021. godine projekt obnove zapu\u0161tene zgrade, stvaraju\u0107i centar za posjetitelje i zvjezdarnicu za no\u0107no nebo.<\/p><\/div><\/div><div class='content-column one_half last_column'><div style=\"padding-right:0px;padding-left:6px;\"><p>Im Jahr 2021 starteten der Tourismusverband der Gemeinde Jelsa und der Kroatische Astronomische Verband ein Projekt zur Renovierung des verlassenen Geb\u00e4udes, um ein Besucherzentrum und ein Observatorium f\u00fcr den Nachthimmel zu schaffen.<\/p><\/div><\/div><div class='clear_column'><\/div><\/p>\n<p style=\"text-align: center;\"><em>(Izvor: \/ Quelle: <span style=\"color: #3366ff;\"><a style=\"color: #3366ff;\" href=\"https:\/\/tzjelsa.hr\/hr\/destinacija\/poljica\/\">TZ Jelsa<\/a><\/span>)<\/em><\/p>\n<p style=\"text-align: right;\"><span style=\"color: #3366ff;\"><a style=\"color: #3366ff;\" href=\"#seite_oben\">natrag na vrh \/ Seitenanfang<\/a><\/span><\/p>\n<hr \/>\n<p><strong>Linkovi \/ Links<\/strong><\/p>\n<p><span style=\"color: #3366ff;\"><a style=\"color: #3366ff;\" href=\"https:\/\/www.topohvar.at\/orte\/po\/po-is-01-1\/\">Plo\u010da \u00bbNarodna \u0161kole\u00ab \/ Tafel <em>Volksschule<\/em><\/a><br \/>\n<a style=\"color: #3366ff;\" href=\"https:\/\/www.topohvar.at\/orte\/po\/po-is-02-1\/\">Spomen plo\u010da \u00bbRadu Narodne tehnike Kotarskog komiteta KPH\u00ab \/ Gedenktafel an die T\u00e4tigkeiten des Technischen Bezirkskomitees<\/a><br \/>\n<a style=\"color: #3366ff;\" href=\"https:\/\/www.topohvar.at\/orte\/po\/po-is-03-1\/\">Spomen plo\u010da \u00bbTehnike Kotarskog komiteta\u00ab \/ Gedenktafel\u00a0<em>Technisches Bezirkskomitee<\/em><\/a><br \/>\n<\/span><\/p>\n","protected":false},"excerpt":{"rendered":"<p>Ime \/ Name Zgrade javne \u00bbNarodna \u0161kola Stjepan Bo\u017eikovi\u0107\u00ab \/ ehemalige Grundschule\u00a0Stefan Bo\u017eikovi\u0107 Code: PO-TG-01\u00a0 \u00a0 \u00a0 \u00a0 \u00a0 \u00a0 \u00a0 \u00a0 \u00a0 \u00a0 \u00a0 \u00a0 \u00a0 \u00a0 \u00a0 \u00a0 \u00a0 \u00a0 \u00a0\u00a0 \u00a0 \u00a0 \u00a0 Adresa \/ Adresse Poljica &hellip; <a href=\"https:\/\/www.topohvar.at\/topo\/orte\/po\/po-tg-01-1\/\">Weiterlesen <span class=\"meta-nav\">&rarr;<\/span><\/a><\/p>\n","protected":false},"author":1,"featured_media":0,"parent":91,"menu_order":0,"comment_status":"closed","ping_status":"closed","template":"","meta":{"footnotes":""},"class_list":["post-10534","page","type-page","status-publish","hentry"],"_links":{"self":[{"href":"https:\/\/www.topohvar.at\/topo\/wp-json\/wp\/v2\/pages\/10534","targetHints":{"allow":["GET"]}}],"collection":[{"href":"https:\/\/www.topohvar.at\/topo\/wp-json\/wp\/v2\/pages"}],"about":[{"href":"https:\/\/www.topohvar.at\/topo\/wp-json\/wp\/v2\/types\/page"}],"author":[{"embeddable":true,"href":"https:\/\/www.topohvar.at\/topo\/wp-json\/wp\/v2\/users\/1"}],"replies":[{"embeddable":true,"href":"https:\/\/www.topohvar.at\/topo\/wp-json\/wp\/v2\/comments?post=10534"}],"version-history":[{"count":29,"href":"https:\/\/www.topohvar.at\/topo\/wp-json\/wp\/v2\/pages\/10534\/revisions"}],"predecessor-version":[{"id":69296,"href":"https:\/\/www.topohvar.at\/topo\/wp-json\/wp\/v2\/pages\/10534\/revisions\/69296"}],"up":[{"embeddable":true,"href":"https:\/\/www.topohvar.at\/topo\/wp-json\/wp\/v2\/pages\/91"}],"wp:attachment":[{"href":"https:\/\/www.topohvar.at\/topo\/wp-json\/wp\/v2\/media?parent=10534"}],"curies":[{"name":"wp","href":"https:\/\/api.w.org\/{rel}","templated":true}]}}