{"id":10544,"date":"2018-09-08T18:50:07","date_gmt":"2018-09-08T16:50:07","guid":{"rendered":"https:\/\/www.topohvar.at\/?page_id=10544"},"modified":"2023-06-12T17:27:57","modified_gmt":"2023-06-12T15:27:57","slug":"po-tr-04-1","status":"publish","type":"page","link":"https:\/\/www.topohvar.at\/topo\/orte\/po\/po-tr-04-1\/","title":{"rendered":"POLJICA &#8211; Trim \u00bbPO-TR-04\u00ab"},"content":{"rendered":"<p><a name=\"seite_oben\"><\/a><br \/>\n<img loading=\"lazy\" decoding=\"async\" class=\"aligncenter wp-image-39426 size-full\" src=\"https:\/\/www.topohvar.at\/wp-content\/uploads\/2020\/07\/po-tr-04-9.jpg\" alt=\"\" width=\"1080\" height=\"530\" srcset=\"https:\/\/www.topohvar.at\/wp-content\/uploads\/2020\/07\/po-tr-04-9.jpg 1080w, https:\/\/www.topohvar.at\/wp-content\/uploads\/2020\/07\/po-tr-04-9-300x147.jpg 300w, https:\/\/www.topohvar.at\/wp-content\/uploads\/2020\/07\/po-tr-04-9-1024x503.jpg 1024w, https:\/\/www.topohvar.at\/wp-content\/uploads\/2020\/07\/po-tr-04-9-768x377.jpg 768w\" sizes=\"auto, (max-width: 1080px) 100vw, 1080px\" \/><\/p>\n<p><strong>Ime \/ Name<br \/>\n<\/strong>Trim \u00bbPO-TR-04\u00ab<\/p>\n<p><strong>Code: <\/strong>PO-TR-04\u00a0 \u00a0 \u00a0 \u00a0 \u00a0 \u00a0 \u00a0 \u00a0 \u00a0 \u00a0 \u00a0 \u00a0 \u00a0\u00a0<strong>\u00a0 \u00a0 \u00a0 \u00a0 \u00a0 <a href=\"https:\/\/www.topohvar.at\/orte\/po\/po-tr-00-1\/\"><img loading=\"lazy\" decoding=\"async\" class=\"alignnone wp-image-12300 size-full\" src=\"https:\/\/www.topohvar.at\/wp-content\/uploads\/2018\/09\/push-vor-30.jpg\" alt=\"\" width=\"61\" height=\"30\" \/><\/a> <a href=\"https:\/\/www.topohvar.at\/orte\/po\/po-tr-19-1\/\"><img loading=\"lazy\" decoding=\"async\" class=\"alignnone wp-image-533 size-full\" src=\"https:\/\/www.topohvar.at\/wp-content\/uploads\/2018\/07\/push-l-30.jpg\" alt=\"\" width=\"61\" height=\"30\" \/><\/a>\u00a0<a href=\"https:\/\/www.topohvar.at\/orte\/po\/\"><img loading=\"lazy\" decoding=\"async\" class=\"alignnone wp-image-535 size-full\" src=\"https:\/\/www.topohvar.at\/wp-content\/uploads\/2018\/07\/push-o-30.jpg\" alt=\"\" width=\"61\" height=\"30\" \/><\/a>\u00a0<a href=\"https:\/\/www.topohvar.at\/orte\/po\/po-tr-08-1\/\"><img loading=\"lazy\" decoding=\"async\" class=\"alignnone wp-image-536 size-full\" src=\"https:\/\/www.topohvar.at\/wp-content\/uploads\/2018\/07\/push-r-30.jpg\" alt=\"\" width=\"61\" height=\"30\" \/><\/a><\/strong><\/p>\n<hr \/>\n<p><strong>Adresa \/ Adresse<br \/>\n<\/strong>Poljica,\u00a0na putu do uvale M. Stiniva \/ am Weg zur Bucht M. Stiniva<\/p>\n<p><strong>Lokacija \/ Position<a href=\"https:\/\/goo.gl\/maps\/9x8QaAPBbzvB5Xrb8\"><img loading=\"lazy\" decoding=\"async\" class=\"alignright wp-image-10547\" src=\"https:\/\/www.topohvar.at\/wp-content\/uploads\/2018\/09\/0487.jpg\" alt=\"\" width=\"133\" height=\"100\" \/><\/a><br \/>\n<\/strong><span style=\"color: #3366ff;\"><a style=\"color: #3366ff;\" href=\"https:\/\/goo.gl\/maps\/9x8QaAPBbzvB5Xrb8\">Latitude: N 43,15638\u00b0\u00a0 \u00a0 Longitude: E 16,78765\u00b0\u00a0<\/a><\/span><strong><br \/>\n<\/strong>Visina \/ H\u00f6he: 140 m<\/p>\n<p><strong>Katastarska \u010destica \/ Grundst\u00fccke<br \/>\n<\/strong>296\/37<div class='content-column one_half'><div style=\"padding-right:6px;\"><p><strong>Datum snimanja \/ Erfassungsdatum<br \/>\n<\/strong>14.05.2014 16:11:50<\/p>\n<hr \/>\n<p><strong>Informacije<\/strong><\/p>\n<p>Trim je u vrtu maslina na putu do zaljeva Mala Stiniva. trim je vrlo dobro o\u010duvan i koristi se. Njegova ju\u017ena strana nalazi se u velikoj hrpi kamenja. Nekoliko metara ju\u017eno od trim nalazi se cisterna.<\/p><\/div><\/div><div class='content-column one_half last_column'><div style=\"padding-right:0px;padding-left:6px;\"><p><strong>Stupanj za\u0161tite \/ Schutzstellung<br \/>\n<\/strong>&#8211;<\/p>\n<hr \/>\n<p><strong>Info<\/strong><\/p>\n<p>Der Trim befindet sich in einem Olivengarten am Weg zur Bucht Mala Stiniva. Der Trim ist sehr gut erhalten und wird genutzt. \u00a0Seine S\u00fcdseite steckt in einem gro\u00dfen Steinhaufen. Einige Meter s\u00fcdlich des Trims befindet sich eine Zisterne.<\/p><\/div><\/div><div class='clear_column'><\/div><div class='content-column one_half'><div style=\"padding-right:6px;\"><div id=\"attachment_39424\" style=\"width: 310px\" class=\"wp-caption aligncenter\"><img loading=\"lazy\" decoding=\"async\" aria-describedby=\"caption-attachment-39424\" class=\"wp-image-39424 size-medium\" src=\"https:\/\/www.topohvar.at\/wp-content\/uploads\/2020\/07\/po-tr-04-1-300x300.jpg\" alt=\"\" width=\"300\" height=\"300\" srcset=\"https:\/\/www.topohvar.at\/wp-content\/uploads\/2020\/07\/po-tr-04-1-300x300.jpg 300w, https:\/\/www.topohvar.at\/wp-content\/uploads\/2020\/07\/po-tr-04-1-150x150.jpg 150w, https:\/\/www.topohvar.at\/wp-content\/uploads\/2020\/07\/po-tr-04-1.jpg 450w\" sizes=\"auto, (max-width: 300px) 100vw, 300px\" \/><p id=\"caption-attachment-39424\" class=\"wp-caption-text\">Ulaz \/ Eingang<\/p><\/div>\n<p>Dana 22.06.2020 trim je posje\u0107en i prona\u0111en je sljede\u0107i<\/p>\n<p>Lokacija: maslinik<br \/>\nPodzemlje: padina<br \/>\nSklop: bri\u017ena kamena gomila<br \/>\nUpotreba: koristi<br \/>\nStanje izgradnje: vrlo dobro uzdr\u017eati<br \/>\nBroj prstenova trima: dva prstena<br \/>\nDodatni kameni prsten: nema kamenog prstena<br \/>\nStepeni\u0161te: stube<br \/>\nOblik kamena: uglast<br \/>\nPodru\u010dje ispred ulaza: lako dostupni<br \/>\nVrata na stranicu: SZ (300\u00b0)<br \/>\nPromjer trima (cm): 300<br \/>\nVisina trima (cm): 250<br \/>\nVisina prstena (cm): prsten 1: 155 , prsten 2: 240<br \/>\nDebljina zida (cm): 60<br \/>\n\u0160irina vrata (cm): 65<br \/>\nVisina vrata (cm): 105<br \/>\n\u0160irina unutra (cm): 180<br \/>\nVisina unutra (cm): 230<br \/>\nVolumen iznutra (m3): 3,66<br \/>\nNema ni\u0161e<\/p><\/div><\/div><div class='content-column one_half last_column'><div style=\"padding-right:0px;padding-left:6px;\"><div id=\"attachment_39425\" style=\"width: 310px\" class=\"wp-caption aligncenter\"><img loading=\"lazy\" decoding=\"async\" aria-describedby=\"caption-attachment-39425\" class=\"wp-image-39425 size-medium\" src=\"https:\/\/www.topohvar.at\/wp-content\/uploads\/2020\/07\/po-tr-04-7-300x300.jpg\" alt=\"\" width=\"300\" height=\"300\" srcset=\"https:\/\/www.topohvar.at\/wp-content\/uploads\/2020\/07\/po-tr-04-7-300x300.jpg 300w, https:\/\/www.topohvar.at\/wp-content\/uploads\/2020\/07\/po-tr-04-7-150x150.jpg 150w, https:\/\/www.topohvar.at\/wp-content\/uploads\/2020\/07\/po-tr-04-7.jpg 450w\" sizes=\"auto, (max-width: 300px) 100vw, 300px\" \/><p id=\"caption-attachment-39425\" class=\"wp-caption-text\">Isto\u010dna strana \/ Ostseite<\/p><\/div>\n<p>Am 22.06.2020 wurde der Trim besucht und untersucht<\/p>\n<p>Standort: Olivenhain<br \/>\nUntergrund: Hanglage<br \/>\nVerbunden mit: Steinhaufen geordnet<br \/>\nNutzung: genutzt<br \/>\nZustand: sehr gut erhalten<br \/>\nRinge\/Stufen des Trim: zweistufig<br \/>\nZus\u00e4tzlicher Steinring: kein Steinring<br \/>\nStiege: Stufen<br \/>\nSteinform: kantig<br \/>\nEingangsbereich: frei<br \/>\nEingangsseite: NW (300\u00b0)<br \/>\nTrimdurchmesser (cm): 300<br \/>\nTrimh\u00f6he (cm): 250<br \/>\nStufen\/Ringh\u00f6he (cm): Ring 1: 155 , Ring 2: 240<br \/>\nWandst\u00e4rke: 60<br \/>\nT\u00fcrbreite (cm): 65<br \/>\nT\u00fcrh\u00f6he (cm): 105<br \/>\nInnenraumbreite (cm): 180<br \/>\nInnenraumh\u00f6he (cm): 230<br \/>\nRaumvolumen (m3): 3,66<br \/>\nKeine Nische<\/p><\/div><\/div><div class='clear_column'><\/div><\/p>\n<p><img loading=\"lazy\" decoding=\"async\" class=\"aligncenter size-full wp-image-39362\" src=\"https:\/\/www.topohvar.at\/wp-content\/uploads\/2020\/07\/po-tr-04-sca.jpg\" alt=\"\" width=\"1076\" height=\"1639\" srcset=\"https:\/\/www.topohvar.at\/wp-content\/uploads\/2020\/07\/po-tr-04-sca.jpg 1076w, https:\/\/www.topohvar.at\/wp-content\/uploads\/2020\/07\/po-tr-04-sca-197x300.jpg 197w, https:\/\/www.topohvar.at\/wp-content\/uploads\/2020\/07\/po-tr-04-sca-672x1024.jpg 672w, https:\/\/www.topohvar.at\/wp-content\/uploads\/2020\/07\/po-tr-04-sca-768x1170.jpg 768w, https:\/\/www.topohvar.at\/wp-content\/uploads\/2020\/07\/po-tr-04-sca-1008x1536.jpg 1008w\" sizes=\"auto, (max-width: 1076px) 100vw, 1076px\" \/><\/p>\n<p style=\"text-align: right;\"><span style=\"color: #3366ff;\"><a style=\"color: #3366ff;\" href=\"#seite_oben\">natrag na vrh \/ Seitenanfang<\/a><\/span><\/p>\n<hr \/>\n<p><strong>Linkovi \/ Links<\/strong><\/p>\n<p><span style=\"color: #3366ff;\"><a style=\"color: #3366ff;\" href=\"https:\/\/www.topohvar.at\/topo\/orte\/po\/po-op-00-0\/#op-13\">Objekt \u00bbGustirna uz trim PO-TR-04\u00ab \/ Zisterne beim Trim PO-TR-04<\/a><br \/>\n<\/span><\/p>\n","protected":false},"excerpt":{"rendered":"<p>Ime \/ Name Trim \u00bbPO-TR-04\u00ab Code: PO-TR-04\u00a0 \u00a0 \u00a0 \u00a0 \u00a0 \u00a0 \u00a0 \u00a0 \u00a0 \u00a0 \u00a0 \u00a0 \u00a0\u00a0\u00a0 \u00a0 \u00a0 \u00a0 \u00a0 \u00a0\u00a0 Adresa \/ Adresse Poljica,\u00a0na putu do uvale M. Stiniva \/ am Weg zur Bucht M. Stiniva &hellip; <a href=\"https:\/\/www.topohvar.at\/topo\/orte\/po\/po-tr-04-1\/\">Weiterlesen <span class=\"meta-nav\">&rarr;<\/span><\/a><\/p>\n","protected":false},"author":1,"featured_media":0,"parent":91,"menu_order":0,"comment_status":"closed","ping_status":"closed","template":"","meta":{"footnotes":""},"class_list":["post-10544","page","type-page","status-publish","hentry"],"_links":{"self":[{"href":"https:\/\/www.topohvar.at\/topo\/wp-json\/wp\/v2\/pages\/10544","targetHints":{"allow":["GET"]}}],"collection":[{"href":"https:\/\/www.topohvar.at\/topo\/wp-json\/wp\/v2\/pages"}],"about":[{"href":"https:\/\/www.topohvar.at\/topo\/wp-json\/wp\/v2\/types\/page"}],"author":[{"embeddable":true,"href":"https:\/\/www.topohvar.at\/topo\/wp-json\/wp\/v2\/users\/1"}],"replies":[{"embeddable":true,"href":"https:\/\/www.topohvar.at\/topo\/wp-json\/wp\/v2\/comments?post=10544"}],"version-history":[{"count":18,"href":"https:\/\/www.topohvar.at\/topo\/wp-json\/wp\/v2\/pages\/10544\/revisions"}],"predecessor-version":[{"id":63130,"href":"https:\/\/www.topohvar.at\/topo\/wp-json\/wp\/v2\/pages\/10544\/revisions\/63130"}],"up":[{"embeddable":true,"href":"https:\/\/www.topohvar.at\/topo\/wp-json\/wp\/v2\/pages\/91"}],"wp:attachment":[{"href":"https:\/\/www.topohvar.at\/topo\/wp-json\/wp\/v2\/media?parent=10544"}],"curies":[{"name":"wp","href":"https:\/\/api.w.org\/{rel}","templated":true}]}}