{"id":10699,"date":"2018-09-10T08:20:29","date_gmt":"2018-09-10T06:20:29","guid":{"rendered":"https:\/\/www.topohvar.at\/?page_id=10699"},"modified":"2024-04-23T17:43:17","modified_gmt":"2024-04-23T15:43:17","slug":"za-aa-00-1","status":"publish","type":"page","link":"https:\/\/www.topohvar.at\/topo\/orte\/za\/za-aa-00-1\/","title":{"rendered":"ZASTRA\u017dI\u0160\u0106E &#8211; Selo \u00bbZastra\u017ei\u0161\u0107e\u00ab"},"content":{"rendered":"<p><a name=\"seite_oben\"><\/a><strong><img loading=\"lazy\" decoding=\"async\" class=\"aligncenter wp-image-36287 size-full\" src=\"https:\/\/www.topohvar.at\/wp-content\/uploads\/2020\/04\/za-aa-00-11.jpg\" alt=\"\" width=\"1080\" height=\"530\" srcset=\"https:\/\/www.topohvar.at\/wp-content\/uploads\/2020\/04\/za-aa-00-11.jpg 1080w, https:\/\/www.topohvar.at\/wp-content\/uploads\/2020\/04\/za-aa-00-11-300x147.jpg 300w, https:\/\/www.topohvar.at\/wp-content\/uploads\/2020\/04\/za-aa-00-11-1024x503.jpg 1024w, https:\/\/www.topohvar.at\/wp-content\/uploads\/2020\/04\/za-aa-00-11-768x377.jpg 768w\" sizes=\"auto, (max-width: 1080px) 100vw, 1080px\" \/><\/strong><\/p>\n<p><strong>Ime \/ Name<br \/>\n<\/strong>Selo \u00bbZastra\u017ei\u0161\u0107e\u00ab<\/p>\n<p><strong>Code: <\/strong>ZA-AA-00\u00a0 \u00a0 \u00a0 \u00a0 \u00a0 \u00a0 \u00a0 \u00a0 \u00a0 \u00a0 \u00a0 \u00a0 \u00a0 \u00a0 \u00a0 \u00a0 \u00a0 \u00a0 \u00a0 \u00a0\u00a0<strong> <a href=\"https:\/\/www.topohvar.at\/topo\/orte\/za\/za-ai-01-1\/\"><img loading=\"lazy\" decoding=\"async\" class=\"alignnone wp-image-533 size-full\" src=\"https:\/\/www.topohvar.at\/wp-content\/uploads\/2018\/07\/push-l-30.jpg\" alt=\"\" width=\"61\" height=\"30\" \/><\/a> <a href=\"https:\/\/www.topohvar.at\/orte\/za\/\"><img loading=\"lazy\" decoding=\"async\" class=\"alignnone wp-image-535 size-full\" src=\"https:\/\/www.topohvar.at\/wp-content\/uploads\/2018\/07\/push-o-30.jpg\" alt=\"\" width=\"61\" height=\"30\" \/><\/a> <a href=\"https:\/\/www.topohvar.at\/topo\/orte\/za\/za-aa-01-1\/\"><img loading=\"lazy\" decoding=\"async\" class=\"alignnone wp-image-536 size-full\" src=\"https:\/\/www.topohvar.at\/wp-content\/uploads\/2018\/07\/push-r-30.jpg\" alt=\"\" width=\"61\" height=\"30\" \/><\/a> <a href=\"https:\/\/www.topohvar.at\/topo\/orte\/za\/za-au-10-1\/\"><img loading=\"lazy\" decoding=\"async\" class=\"alignnone wp-image-12299 size-full\" src=\"https:\/\/www.topohvar.at\/wp-content\/uploads\/2018\/09\/push-next-30.jpg\" alt=\"\" width=\"61\" height=\"30\" \/><\/a><\/strong><\/p>\n<hr \/>\n<p><strong>Adresa \/ Adresse<br \/>\n<\/strong>Zastra\u017ei\u0161\u0107e<\/p>\n<p><strong>Lokalna polo\u017eaj \/ Position<a href=\"https:\/\/goo.gl\/maps\/xhYsSP1wzNxhFp4w7\"><img loading=\"lazy\" decoding=\"async\" class=\"alignright wp-image-10839\" src=\"https:\/\/www.topohvar.at\/wp-content\/uploads\/2018\/09\/1592.jpg\" alt=\"\" width=\"134\" height=\"100\" \/><\/a><br \/>\n<\/strong><span style=\"color: #3366ff;\"><a style=\"color: #3366ff;\" href=\"https:\/\/goo.gl\/maps\/xhYsSP1wzNxhFp4w7\">Latitude: N 43,14400\u00b0\u00a0 \u00a0Longitude: E 16,84000\u00b0<\/a> <\/span><strong><br \/>\n<\/strong>Visina \/ H\u00f6he: 175 m<\/p>\n<p><strong>Zemlji\u0161te \/ Grundst\u00fccke<br \/>\n<\/strong>&#8211; <div class='content-column one_half'><div style=\"padding-right:6px;\"><p><strong>Datum snimanja \/ Erfassungsdatum<br \/>\n<\/strong>20.05.2018 12:15:00<\/p>\n<hr \/>\n<p><strong>Informacije<\/strong><\/p>\n<p>Selo se nalazi na isto\u010dnom dijelu otoka, na podru\u010dju zvanom Plame i pripada op\u0107ini Jelsa. Samo ime sela, a i njegov polo\u017eaj otkrivaju da se radi o prastaroj osmatra\u0107nici.<\/p><\/div><\/div><div class='content-column one_half last_column'><div style=\"padding-right:0px;padding-left:6px;\"><p><strong>Za\u0161titni polo\u017eaj \/ Schutzstellung<br \/>\n<\/strong>&#8211;<\/p>\n<hr \/>\n<p><strong>Info<\/strong><\/p>\n<p>Das Dorf liegt im \u00f6stlichen Teil der Insel, in der Gegend namens Plame und geh\u00f6rt zur Gemeinde Jelsa. Der Name des Dorfes und seine Lage verraten, dass es sich um ein altes Refugium handelt.<\/p><\/div><\/div><div class='clear_column'><\/div><div class='content-column one_half'><div style=\"padding-right:6px;\"><p>Zastra\u017ei\u0161\u0107e se sastoji od nekoliko zaselaka:<\/p><\/div><\/div><div class='content-column one_half last_column'><div style=\"padding-right:0px;padding-left:6px;\"><p>Zastava besteht aus mehreren D\u00f6rfern und Weilern:<\/p><\/div><\/div><div class='clear_column'><\/div><\/p>\n<p style=\"text-align: center;\">Mola Bonda<br \/>\nDonje Polje (Jerkov Dvor i Kuzmi\u010di\u0107ev Dvor)<br \/>\nPostranje<br \/>\nGrudac<br \/>\nZaninovi\u0107i<\/p>\n<div class='content-column one_half'><div style=\"padding-right:6px;\"><p>Zajedni\u010dka su im \u0161kola, groblje, \u017eupna crkva Sv. Nikole koja se nalazi na malenom bre\u017euljku i potje\u0107e s kraja 19. st.<\/p><\/div><\/div><div class='content-column one_half last_column'><div style=\"padding-right:0px;padding-left:6px;\"><p>Sie teilen sich Schule, Friedhof und die Pfarrkirche des hl. Nikolaus auf einem kleinen H\u00fcgel aus dem Ende des 19. Jahrhunderts.<\/p><\/div><\/div><div class='clear_column'><\/div><div class='content-column one_half'><div style=\"padding-right:6px;\"><p>Iz zastra\u017ei\u0161\u0107a se dolazi i do nekoliko uvala na sjevernoj obali Hvara. Zastra\u017ei\u0161ke uvale na sjevernoj strani gledaju\u0107i od zapada prema istoku su: Vela Stiniva, Stanji Mir, Sinjava, Dubac, Kju\u0161na, Kru\u0161eva i Pokrvenik. Osim Vele Stinive Pokrvenika i Dubca ostale uvale nisu nastenjene u zimskim mjesecima.<\/p><\/div><\/div><div class='content-column one_half last_column'><div style=\"padding-right:0px;padding-left:6px;\"><p>Zum Ort geh\u00f6ren auch einige Buchten an der Nordk\u00fcste der Insel Hvar. Von Westen nach Osten sind dies: Vela Stiniva, Stanji Mir, Sinjava, Dubac, Klju\u0161na, Kru\u0161eva und Pokrvenik. In den Wintermonaten sind au\u00dfer Vela Stiniva, Pokrvenika und Dubca keine anderen Buchten bewohnt.<\/p><\/div><\/div><div class='clear_column'><\/div><div class='content-column one_half'><div style=\"padding-right:6px;\"><p>Da je podru\u010de dana\u0161njega sela Zastra\u017ei\u0161\u0107e bilo dobro naseljeno najkasnije u mla\u0111e kameno doba, svjedo\u010di sveti\u0161ta-utvrda na Velo Glavi te nalazi u \u0161piljama u Pokrveniku. Slijed naseljenosti u rimsko doba potvr\u0111uju pak ostaci gospodarskih zgrada od 2. do 7. st. po Kr.<\/p><\/div><\/div><div class='content-column one_half last_column'><div style=\"padding-right:0px;padding-left:6px;\"><p>Dass das Gebiet des heutigen Dorfes Zastra\u017ei\u0161\u0107e sp\u00e4testens in der Jungsteinzeit besiedelt war, bezeugen die Heiligtum\/Festung in Velo Glava und die H\u00f6hle in Pokrvenik. Eine Ansiedlung in der R\u00f6merzeit wird durch \u00dcberreste von Wirtschaftsgeb\u00e4uden aus dem 2. bis 7. Jh. n. Chr. best\u00e4tigt.<\/p><\/div><\/div><div class='clear_column'><\/div><div class='content-column one_half'><div style=\"padding-right:6px;\"><p>Selo Zastra\u017ei\u0161\u0107e od samog svog postanka imalo je va\u017enu stra\u017earsku funkciju o \u010demu svjedo\u010di i ilirska gradina na vrhu brda Vela Glava kao i dvije kule patricija An\u0111elinovi\u0107a koje su slu\u017eile za obranu od turskih gusara (jedna kula je devastirana, a druga pregra\u0111ena).<\/p><\/div><\/div><div class='content-column one_half last_column'><div style=\"padding-right:0px;padding-left:6px;\"><p>Das Dorf Zastra\u017ei\u0161\u0107e hatte bereits seit Beginn seiner Gr\u00fcndung eine wichtige Wachfunktion. Dies bezeugen auch die illyrische Festung auf der Bergspitze von Vela Glava sowie zwei T\u00fcrme der Patrizierfamilie An\u0111elinovi\u0107, die zur Verteidigung gegen t\u00fcrkische Piraten dienten (ein Turm ist verw\u00fcstet und der andere umgebaut).<\/p><\/div><\/div><div class='clear_column'><\/div><div class='content-column one_half'><div style=\"padding-right:6px;\"><p>Prema Statu stare hvarske op\u0107ine redigiranom 1331.g. o\u010dito je da je ovaj dio otoka \u2013 zvan onda kao i danas Plame \u2013 bio nenaseljen, u op\u0107inskom vlasni\u0161tvo te pri\u010duvan za ispa\u0161u, sje\u010du drva i sijanje \u017eitarica, dok su naselja bila isklju\u010divo zu plodnu ravnicu (Starogradsko i Jel\u0161ansko polje) u sredi\u0161tu otoka. No to je (nadasve u kasnijem razdoblju) bilo samo teoretsko stane. U zbilji je, zbog mno\u017eenja pu\u010danstva u starim oto\u010dkim naseljima i sve ve\u0107e oskudice obradivog zemlji\u0161ta, neprestano dolazilo do prisvajanja i kr\u010denja zemlje i u ovim zabranjenim podru\u010djima \u2013 bilo nezakonitim uzurpacijama (koje su kasnije naj\u010de\u0161\u0107e bivale legalizirane), bilo zakonitom op\u0107inskom zemlji\u0161nom investiturom, tzv. Gracijom. Privo\u0111enje pak iskr\u010dene zemlje trajnom nasadu vinove loze \u2013 glavnoj oto\u010dkoj kulturi . zna\u010dilo je i stalno nseljavanje dotle pustih ili samo povremeno naseljenih dijelova otoka Hvara, pa tako i Plama sa Zastra\u017ei\u0161\u0107e<\/p><\/div><\/div><div class='content-column one_half last_column'><div style=\"padding-right:0px;padding-left:6px;\"><p>Nach der Statut der alten Gemeindeverwaltung von Hvar, die im Jahr 1331 niedergeschrieben wurde, geht hervor, dass dieser Teil der Insel &#8211; damals wie heute Plame genannt &#8211; unbewohnt war. Er war im kommunalen Eigentum und f\u00fcr die Beweidung, Holzgewinnung und Pflanzenanbau reserviert, w\u00e4hrend die Siedlungen ausschlie\u00dflich in der fruchtbare Ebene (Starigrader und Jelsaer Ebene) in der Mitte der Insel lagen. Aber das war (vor allem in der sp\u00e4teren Zeit) eher Theorie. In Wirklichkeit kam es wegen der Vermehrung der Bev\u00f6lkerung in den alten Inselorten und der zunehmenden Verknappung von Ackerland, st\u00e4ndig zur Aneignung und Kontraktion des Landes in den \u201eSperrgebieten\u201c &#8211; illegale Usurpation (die sp\u00e4ter meist legalisiert wurde). Rechtm\u00e4\u00dfig war lediglich die kommunale Grundst\u00fcckinvestition, die so genannte &#8222;Grazie&#8220;. Auf dem abgeholzten Land wurde meist Weinbau betrieben &#8211; die Hauptkultur der Insel. Das bedeute aber auch ein Verlassen oder nur gelegentliches Bewohnen von Teilen der Insel, einschlie\u00dflich der Plama mit Zastra\u017ei\u0161\u0107e.<\/p><\/div><\/div><div class='clear_column'><\/div><div class='content-column one_half'><div style=\"padding-right:6px;\"><p>Prva zemlji\u0161ta namjenjena za gradnju ku\u0107a na podru\u010dju dana\u0161njeg Zastra\u017ei\u0161\u0107a dana su 1454. Silvestru Ze\u010di\u0107u i Jurju Radojevi\u0107u za 4 \u0161olda godi\u0161nje.<\/p><\/div><\/div><div class='content-column one_half last_column'><div style=\"padding-right:0px;padding-left:6px;\"><p>Das erste Land, das f\u00fcr den Bau von H\u00e4usern in der Gegend des heutigen Zastra\u017ei\u0161\u0107e bestimmt war, wurde 1454 Sylvester Ze\u010di\u0107 und Juraj Radojevi\u0107 f\u00fcr 4 Soldi im Jahr gegeben.<\/p><\/div><\/div><div class='clear_column'><\/div><div class='content-column one_half'><div style=\"padding-right:6px;\"><p>Na slikovitom bre\u017euljku smjestila se \u017eupna crkva Sv. Nikole odakle se pru\u017ea pogled na planinu Biokovo i makarsko primorje. Selo ima nekoliko udaljenih dijelova, a kamene ku\u0107e, dvori\u0161ta i uli\u010dice prelijepi su primjerci rusti\u010dne arhitekture. U brojnim poljima oko Zastra\u017ei\u0161\u0107a izvrsno uspijevaju masline, koje, zahvaljuju\u0107i obilju hvarskog sunca i vrijednim rukama te\u017eaka.<\/p><\/div><\/div><div class='content-column one_half last_column'><div style=\"padding-right:0px;padding-left:6px;\"><p>Auf einem malerischen H\u00fcgel liegt die Pfarrkirche zum Heiligen Nikolaus, von der sich ein Ausblick auf das Biokovo-Gebirge und die Riviera von Makarska erstreckt. Das Dorf ist weit ausgestreckt, doch bietet es mit seinen Steinh\u00e4usern, H\u00f6fen und Gassen ein wundersch\u00f6nes Beispiel l\u00e4ndlicher Architektur. Auf den vielen umliegenden Feldern ist der Anbau von Olivenb\u00e4umen aufgrund der Sonnenstunden und der flei\u00dfigen H\u00e4nde der Bauern sehr erfolgreich.<\/p><\/div><\/div><div class='clear_column'><\/div><\/p>\n<p style=\"text-align: right;\"><a href=\"#seite_oben\">gore \/ Seitenanfang<\/a><\/p>\n<hr \/>\n<p><strong>Linkovi \/ Links<\/strong><\/p>\n<p><span style=\"color: #3366ff;\"><a style=\"color: #3366ff;\" href=\"https:\/\/www.topohvar.at\/topo\/orte\/za\/za-aa-01-1\/\">Mola Bonda<\/a><\/span><br \/>\n<span style=\"color: #3366ff;\"><a style=\"color: #3366ff;\" href=\"https:\/\/www.topohvar.at\/topo\/orte\/za\/za-aa-02-1\/\">Donje Polje (Jerkov Dvor i Kuzmi\u010di\u0107ev Dvor)<\/a><\/span><br \/>\n<span style=\"color: #3366ff;\"><a style=\"color: #3366ff;\" href=\"https:\/\/www.topohvar.at\/topo\/orte\/za\/za-aa-03-1\/\">Postranje (Podstrana)<\/a><\/span><br \/>\n<a href=\"https:\/\/www.topohvar.at\/topo\/orte\/za\/za-aa-04-1\/\"><span style=\"color: #3366ff;\">Grudac<\/span><\/a><br \/>\n<span style=\"color: #3366ff;\"><a style=\"color: #3366ff;\" href=\"https:\/\/www.topohvar.at\/topo\/orte\/za\/za-au-10-1\/\">Uvale \u00bbna sjevernoj strani otoka\u00ab<\/a><\/span><br \/>\n<span style=\"color: #3366ff;\"><a style=\"color: #3366ff;\" href=\"https:\/\/www.topohvar.at\/topo\/orte\/za\/za-au-30-1\/\">Uvale \u00bbna ju\u017enoj strani otoka\u00ab<\/a><\/span><\/p>\n","protected":false},"excerpt":{"rendered":"<p>Ime \/ Name Selo \u00bbZastra\u017ei\u0161\u0107e\u00ab Code: ZA-AA-00\u00a0 \u00a0 \u00a0 \u00a0 \u00a0 \u00a0 \u00a0 \u00a0 \u00a0 \u00a0 \u00a0 \u00a0 \u00a0 \u00a0 \u00a0 \u00a0 \u00a0 \u00a0 \u00a0 \u00a0\u00a0 Adresa \/ Adresse Zastra\u017ei\u0161\u0107e Lokalna polo\u017eaj \/ Position Latitude: N 43,14400\u00b0\u00a0 \u00a0Longitude: E 16,84000\u00b0 &hellip; <a href=\"https:\/\/www.topohvar.at\/topo\/orte\/za\/za-aa-00-1\/\">Weiterlesen <span class=\"meta-nav\">&rarr;<\/span><\/a><\/p>\n","protected":false},"author":1,"featured_media":0,"parent":115,"menu_order":0,"comment_status":"closed","ping_status":"closed","template":"","meta":{"footnotes":""},"class_list":["post-10699","page","type-page","status-publish","hentry"],"_links":{"self":[{"href":"https:\/\/www.topohvar.at\/topo\/wp-json\/wp\/v2\/pages\/10699","targetHints":{"allow":["GET"]}}],"collection":[{"href":"https:\/\/www.topohvar.at\/topo\/wp-json\/wp\/v2\/pages"}],"about":[{"href":"https:\/\/www.topohvar.at\/topo\/wp-json\/wp\/v2\/types\/page"}],"author":[{"embeddable":true,"href":"https:\/\/www.topohvar.at\/topo\/wp-json\/wp\/v2\/users\/1"}],"replies":[{"embeddable":true,"href":"https:\/\/www.topohvar.at\/topo\/wp-json\/wp\/v2\/comments?post=10699"}],"version-history":[{"count":21,"href":"https:\/\/www.topohvar.at\/topo\/wp-json\/wp\/v2\/pages\/10699\/revisions"}],"predecessor-version":[{"id":66798,"href":"https:\/\/www.topohvar.at\/topo\/wp-json\/wp\/v2\/pages\/10699\/revisions\/66798"}],"up":[{"embeddable":true,"href":"https:\/\/www.topohvar.at\/topo\/wp-json\/wp\/v2\/pages\/115"}],"wp:attachment":[{"href":"https:\/\/www.topohvar.at\/topo\/wp-json\/wp\/v2\/media?parent=10699"}],"curies":[{"name":"wp","href":"https:\/\/api.w.org\/{rel}","templated":true}]}}