{"id":10703,"date":"2018-09-10T08:24:55","date_gmt":"2018-09-10T06:24:55","guid":{"rendered":"https:\/\/www.topohvar.at\/?page_id=10703"},"modified":"2020-03-03T07:40:32","modified_gmt":"2020-03-03T06:40:32","slug":"za-ck-01-1","status":"publish","type":"page","link":"https:\/\/www.topohvar.at\/topo\/orte\/za\/za-ck-01-1\/","title":{"rendered":"ZASTRA\u017dI\u0160\u0106E &#8211; Crkvica \u00bbSv. Marije (Gospa od Snjega)\u00ab"},"content":{"rendered":"<p><strong><img loading=\"lazy\" decoding=\"async\" class=\"alignnone wp-image-10631 size-large\" src=\"https:\/\/www.topohvar.at\/wp-content\/uploads\/2018\/09\/ZA-CK-01-0-1024x503.jpg\" alt=\"\" width=\"640\" height=\"314\" srcset=\"https:\/\/www.topohvar.at\/wp-content\/uploads\/2018\/09\/ZA-CK-01-0-1024x503.jpg 1024w, https:\/\/www.topohvar.at\/wp-content\/uploads\/2018\/09\/ZA-CK-01-0-300x147.jpg 300w, https:\/\/www.topohvar.at\/wp-content\/uploads\/2018\/09\/ZA-CK-01-0-768x377.jpg 768w, https:\/\/www.topohvar.at\/wp-content\/uploads\/2018\/09\/ZA-CK-01-0.jpg 1080w\" sizes=\"auto, (max-width: 640px) 100vw, 640px\" \/><\/strong><\/p>\n<p><strong>Ime \/ Name<br \/>\n<\/strong>Crkvica \u00bbGospa od Snjega\u00ab \/ kleine Kirche der Muttergottes vom Schnee<\/p>\n<p><strong>Code: <\/strong>ZA-CK-01\u00a0 \u00a0 \u00a0 \u00a0 \u00a0 \u00a0 \u00a0 \u00a0 \u00a0 \u00a0 \u00a0 \u00a0 \u00a0 \u00a0 \u00a0 \u00a0 \u00a0 \u00a0 \u00a0 \u00a0\u00a0<strong><a href=\"https:\/\/www.topohvar.at\/orte\/za\/za-ci-01-1\/\"><img loading=\"lazy\" decoding=\"async\" class=\"alignnone wp-image-533 size-full\" src=\"https:\/\/www.topohvar.at\/wp-content\/uploads\/2018\/07\/push-l-30.jpg\" alt=\"\" width=\"61\" height=\"30\" \/><\/a> <a href=\"https:\/\/www.topohvar.at\/orte\/za\/\"><img loading=\"lazy\" decoding=\"async\" class=\"alignnone wp-image-535 size-full\" src=\"https:\/\/www.topohvar.at\/wp-content\/uploads\/2018\/07\/push-o-30.jpg\" alt=\"\" width=\"61\" height=\"30\" \/><\/a> <a href=\"https:\/\/www.topohvar.at\/orte\/za\/za-ck-03-1\/\"><img loading=\"lazy\" decoding=\"async\" class=\"alignnone wp-image-536 size-full\" src=\"https:\/\/www.topohvar.at\/wp-content\/uploads\/2018\/07\/push-r-30.jpg\" alt=\"\" width=\"61\" height=\"30\" \/><\/a><\/strong><\/p>\n<hr \/>\n<p><strong>Adresa \/ Adresse<br \/>\n<\/strong>Zastra\u017ei\u0161\u0107e, Donja Polje<\/p>\n<p><strong>Lokalna polo\u017eaj \/ Position<a href=\"https:\/\/goo.gl\/maps\/rMLQK76aCEf7f4pC8\"><img loading=\"lazy\" decoding=\"async\" class=\"alignright wp-image-10850\" src=\"https:\/\/www.topohvar.at\/wp-content\/uploads\/2018\/09\/0941.jpg\" alt=\"\" width=\"134\" height=\"100\" \/><\/a><br \/>\n<\/strong><span style=\"color: #3366ff;\"><a style=\"color: #3366ff;\" href=\"https:\/\/goo.gl\/maps\/rMLQK76aCEf7f4pC8\">Latitude: N 43,14600\u00b0\u00a0 \u00a0Longitude: E 16,83211\u00b0<\/a> <\/span><strong><br \/>\n<\/strong>Visina \/ H\u00f6he: 166 m<\/p>\n<p><strong>Zemlji\u0161te \/ Grundst\u00fccke<br \/>\n<\/strong>*59\u00a0<div class='content-column one_half'><div style=\"padding-right:6px;\"><p><strong>Datum snimanja \/ Erfassungsdatum<br \/>\n<\/strong>26.05.2013 14:45:05<\/p>\n<hr \/>\n<p><strong>Informacije<\/strong><\/p>\n<p>Gospinu crkvicu Donjem Polju sagradio Grgur Hvistonji\u0107 ne\u0161to prije 1627. godine, kada je imala naslikanu palu s likovima Gospe, sv. Jerolima? i sv. Nkole. Te se i 1629.g. spominje pod naslovom Gospe od Milosti. A bila je kao danas usmjerena vratima prema sjeveru, tji prema selu i oto\u010dkoj cesti.<\/p><\/div><\/div><div class='content-column one_half last_column'><div style=\"padding-right:0px;padding-left:6px;\"><p><strong>Za\u0161titni polo\u017eaj \/ Schutzstellung<br \/>\n<\/strong>&#8211;<\/p>\n<hr \/>\n<p><strong>Info<\/strong><\/p>\n<p>Die kleine Kirche in Donja Polje wurde von Gregor Hvistonji\u0107 etwas vor 1627 erbaut. Sie hatte einen bemalten Altaraufsatz mit den Bildern der Muttergottes, des hl. Jerolim? und des hl. Nikolaus. Im Jahr 1629 wird sie unter dem Titel Unsere Liebe Frau der Gnade erw\u00e4hnt. Sie hatte, wie es auch heute noch ist, den Eingang nach Norden gegen das Dorf und die Stra\u00dfe gerichtet.<\/p><\/div><\/div><div class='clear_column'><\/div><div class='content-column one_half'><div style=\"padding-right:6px;\"><p>God. 1637. navodi se pod imenom Gospe od zdravlja; potkraj 17.st. pod titulom Uznesenja Gospina, a od konca 17. i kroz \u010ditavo 18.st. pod nslovom Ru\u017earice. U prvoj se polovici 19.st. opet naziva Gospom od zdravlja.<\/p><\/div><\/div><div class='content-column one_half last_column'><div style=\"padding-right:0px;padding-left:6px;\"><p>1637 wird die Kirche unter dem Namen Unsere Liebe Frau vom Heil erw\u00e4hnt, am Ende des 17. Jh. unter dem Titel Mari\u00e4 Himmelfahrt, ab Ende des 17. und w\u00e4hrend des gesamten 18. Jh. unter der Bezeichnung Maria vom Rosenkranz und in der ersten H\u00e4lfte des 19. Jh. erneut Unsere Liebe Frau vom Heil.<\/p><\/div><\/div><div class='clear_column'><\/div><div class='content-column one_half'><div style=\"padding-right:6px;\"><p>Crkva bila je obnavljana oko 1740, i oko 1760. Godine, a nadarje bi kasnije pripojeno \u017eupnoj crkvi. U 19. se st. bilje\u017ei kao pomo\u0107na (sukurzalna) crkva u odosnu na \u017eupnu, nesumnjivo stoga jer je u jednome dijelu naselja i okru\u017eena ku\u0107ama, za razliku od dosta osamljene \u017eupnice. God. 1681. I 1774. Naziva se \u201eod Dolnjeg Polja\u201c, kako ju je puk po ovome ulomku Zastra\u017ei\u0161\u0107a zacijelo uvijek i zvao.<\/p><\/div><\/div><div class='content-column one_half last_column'><div style=\"padding-right:0px;padding-left:6px;\"><p>Die Kirche wurde um 1740 und um 1760 restauriert, sp\u00e4ter gestiftet und der Pfarrkirche beigef\u00fcgt. Im 19. Jahrhundert wurde sie als Hilfskirche der Pfarre genannt, zweifellos weil sie sich in einem Ortsteil befindet, der von H\u00e4usern umgeben ist, w\u00e4hrend die Pfarrkirche isoliert dasteht. In den Jahren 1681 und 1774 hei\u00dft sie \u201evon Dolna Polje&#8220;, wie vom Volksmund diesen Teil von Zastra\u017ei\u0161\u0107a immer genannt wurde.<\/p><\/div><\/div><div class='clear_column'><\/div><div class='content-column one_half'><div style=\"padding-right:6px;\"><p>Nakon obnove blagoslovljena je 5. Kolovoza 1877.g., i otad ima naslov Gospe Snije\u017ene.<\/p><\/div><\/div><div class='content-column one_half last_column'><div style=\"padding-right:0px;padding-left:6px;\"><p>Nach einer Erneuerung wurde sie am 5. August 1877 geweiht und hat seitdem den Namen der Muttergottes vom Schnee.<\/p><\/div><\/div><div class='clear_column'><\/div><div class='content-column one_half'><div style=\"padding-right:6px;\"><p>Na drevnom je oltaru pala iz toga vremena, osrednje ulje a prikzuje Gospu sa sv. Dominikum i sv. Rokom. U crkvici je jo\u0161 i tirolski kip Gospe Karmelske, koja se nabvka odn. Blagoslov spominju 1895. i 1902. godine. God. 1885. crkva se spominje s krovom od kamenih plo\u0107a iznad (polukr\u017enog) svoda, a ve\u0107 tada ima preslicu sa zvonom; nova ? je prfeslica podignuta 1893., a sada\u0161nje je zvono dar Ivaa Kuzmi\u010di\u0107a, izliveno u Ljubljana 1936.g.<\/p><\/div><\/div><div class='content-column one_half last_column'><div style=\"padding-right:0px;padding-left:6px;\"><p>Auf dem Holzaltar steht ein Aufsatz aus jener Zeit mit einem \u00d6lbildnis der Jungfrau Maria mit dem hl. Dominik und dem hl. Rochus. In der Kirche steht auch eine Tiroler Statue der Muttergottes vom Berg Karmel. Segnungen werden in den Jahren 1895 und 1902 erw\u00e4hnt. Im Jahr 1885 wurde sie als eine Kirche mit einem Dach aus Steinplatten \u00fcber dem (halbkreisf\u00f6rmigen) Gew\u00f6lbe erw\u00e4hnt und hat bereits einen Glockenturm; neu ist das 1893 errichtete Glockent\u00fcrmchen. Die Glocke ist ein Geschenk von Ivo Kuzmi\u010di\u0107, der sie 1936 in Ljubljana erworben hatte.<\/p><\/div><\/div><div class='clear_column'><\/div><\/p>\n<hr \/>\n<p><strong>Linkovi \/ Links<\/strong><\/p>\n<p>&#8211;<\/p>\n","protected":false},"excerpt":{"rendered":"<p>Ime \/ Name Crkvica \u00bbGospa od Snjega\u00ab \/ kleine Kirche der Muttergottes vom Schnee Code: ZA-CK-01\u00a0 \u00a0 \u00a0 \u00a0 \u00a0 \u00a0 \u00a0 \u00a0 \u00a0 \u00a0 \u00a0 \u00a0 \u00a0 \u00a0 \u00a0 \u00a0 \u00a0 \u00a0 \u00a0 \u00a0\u00a0 Adresa \/ Adresse Zastra\u017ei\u0161\u0107e, Donja &hellip; <a href=\"https:\/\/www.topohvar.at\/topo\/orte\/za\/za-ck-01-1\/\">Weiterlesen <span class=\"meta-nav\">&rarr;<\/span><\/a><\/p>\n","protected":false},"author":1,"featured_media":0,"parent":115,"menu_order":0,"comment_status":"closed","ping_status":"closed","template":"","meta":{"footnotes":""},"class_list":["post-10703","page","type-page","status-publish","hentry"],"_links":{"self":[{"href":"https:\/\/www.topohvar.at\/topo\/wp-json\/wp\/v2\/pages\/10703","targetHints":{"allow":["GET"]}}],"collection":[{"href":"https:\/\/www.topohvar.at\/topo\/wp-json\/wp\/v2\/pages"}],"about":[{"href":"https:\/\/www.topohvar.at\/topo\/wp-json\/wp\/v2\/types\/page"}],"author":[{"embeddable":true,"href":"https:\/\/www.topohvar.at\/topo\/wp-json\/wp\/v2\/users\/1"}],"replies":[{"embeddable":true,"href":"https:\/\/www.topohvar.at\/topo\/wp-json\/wp\/v2\/comments?post=10703"}],"version-history":[{"count":7,"href":"https:\/\/www.topohvar.at\/topo\/wp-json\/wp\/v2\/pages\/10703\/revisions"}],"predecessor-version":[{"id":32091,"href":"https:\/\/www.topohvar.at\/topo\/wp-json\/wp\/v2\/pages\/10703\/revisions\/32091"}],"up":[{"embeddable":true,"href":"https:\/\/www.topohvar.at\/topo\/wp-json\/wp\/v2\/pages\/115"}],"wp:attachment":[{"href":"https:\/\/www.topohvar.at\/topo\/wp-json\/wp\/v2\/media?parent=10703"}],"curies":[{"name":"wp","href":"https:\/\/api.w.org\/{rel}","templated":true}]}}