{"id":10707,"date":"2018-09-10T08:28:01","date_gmt":"2018-09-10T06:28:01","guid":{"rendered":"https:\/\/www.topohvar.at\/?page_id=10707"},"modified":"2020-10-10T06:54:33","modified_gmt":"2020-10-10T04:54:33","slug":"za-ck-02-1","status":"publish","type":"page","link":"https:\/\/www.topohvar.at\/topo\/orte\/za\/za-ck-02-1\/","title":{"rendered":"ZASTRA\u017dI\u0160\u0106E &#8211; Crkvica \u00bbSv. Ante Padovanskog\u00ab"},"content":{"rendered":"<p><strong><img loading=\"lazy\" decoding=\"async\" class=\"alignnone wp-image-10632 size-large\" src=\"https:\/\/www.topohvar.at\/wp-content\/uploads\/2018\/09\/ZA-CK-02-0-1024x503.jpg\" alt=\"\" width=\"640\" height=\"314\" srcset=\"https:\/\/www.topohvar.at\/wp-content\/uploads\/2018\/09\/ZA-CK-02-0-1024x503.jpg 1024w, https:\/\/www.topohvar.at\/wp-content\/uploads\/2018\/09\/ZA-CK-02-0-300x147.jpg 300w, https:\/\/www.topohvar.at\/wp-content\/uploads\/2018\/09\/ZA-CK-02-0-768x377.jpg 768w, https:\/\/www.topohvar.at\/wp-content\/uploads\/2018\/09\/ZA-CK-02-0.jpg 1080w\" sizes=\"auto, (max-width: 640px) 100vw, 640px\" \/><\/strong><\/p>\n<p><strong>Ime \/ Name<br \/>\n<\/strong>Crkvica \u00bbSv. Ante Padovanskog\u00ab \/ kleine Kirche des hl. Antonius von Padua<\/p>\n<p><strong>Code: <\/strong>ZA-CK-02\u00a0 \u00a0 \u00a0 \u00a0 \u00a0 \u00a0 \u00a0 \u00a0 \u00a0 \u00a0 \u00a0 \u00a0 \u00a0 \u00a0 \u00a0 \u00a0 \u00a0 \u00a0 \u00a0 \u00a0\u00a0<strong><a href=\"https:\/\/www.topohvar.at\/orte\/za\/za-ck-03-1\/\"><img loading=\"lazy\" decoding=\"async\" class=\"alignnone wp-image-533 size-full\" src=\"https:\/\/www.topohvar.at\/wp-content\/uploads\/2018\/07\/push-l-30.jpg\" alt=\"\" width=\"61\" height=\"30\" \/><\/a> <a href=\"https:\/\/www.topohvar.at\/orte\/za\/\"><img loading=\"lazy\" decoding=\"async\" class=\"alignnone wp-image-535 size-full\" src=\"https:\/\/www.topohvar.at\/wp-content\/uploads\/2018\/07\/push-o-30.jpg\" alt=\"\" width=\"61\" height=\"30\" \/><\/a> <a href=\"https:\/\/www.topohvar.at\/orte\/za\/za-ci-01-1\/\"><img loading=\"lazy\" decoding=\"async\" class=\"alignnone wp-image-536 size-full\" src=\"https:\/\/www.topohvar.at\/wp-content\/uploads\/2018\/07\/push-r-30.jpg\" alt=\"\" width=\"61\" height=\"30\" \/><\/a><\/strong><\/p>\n<hr \/>\n<p><strong>Adresa \/ Adresse<br \/>\n<\/strong>Zastra\u017ei\u0161\u0107e, Vela Stiniva<\/p>\n<p><span style=\"color: #3366ff;\"><strong><span style=\"color: #000000;\">Lokalna polo\u017eaj \/ Position<\/span><a style=\"color: #3366ff;\" href=\"https:\/\/goo.gl\/maps\/W73d4C3phJid9xcUA\"><img loading=\"lazy\" decoding=\"async\" class=\"alignright wp-image-10858\" src=\"https:\/\/www.topohvar.at\/wp-content\/uploads\/2018\/09\/0942.jpg\" alt=\"\" width=\"134\" height=\"100\" \/><\/a><br \/>\n<\/strong><a style=\"color: #3366ff;\" href=\"https:\/\/goo.gl\/maps\/W73d4C3phJid9xcUA\">Latitude: N 43,15638\u00b0\u00a0 \u00a0Longitude: E 16,81440\u00b0<\/a> <\/span><strong><br \/>\n<\/strong>Visina \/ H\u00f6he: 5 m<\/p>\n<p><strong>Zemlji\u0161te \/ Grundst\u00fccke<br \/>\n<\/strong>1218\/1\u00a0<div class='content-column one_half'><div style=\"padding-right:6px;\"><p><strong>Datum snimanja \/ Erfassungsdatum<br \/>\n<\/strong>16.05.2014 13:01:17<\/p>\n<hr \/>\n<p style=\"text-align: left; padding-left: 60px;\"><strong>Informacije<\/strong><\/p><\/div><\/div><div class='content-column one_half last_column'><div style=\"padding-right:0px;padding-left:6px;\"><p><strong>Za\u0161titni polo\u017eaj \/ Schutzstellung<br \/>\n<\/strong>&#8211;<\/p>\n<hr \/>\n<p style=\"text-align: center;\"><strong>Info<\/strong><\/p><\/div><\/div><div class='clear_column'><\/div><div class='content-column one_third'><div style=\"padding-right:6px;\"><p>Crkvica sv. Antune Padovanskog u uvali Vela Stiniva izgra\u0111ena je u sklopu ladanjske ku\u0107e Dubokovi\u0107, izvorno Angelini. Dozvola za gradnju crkvice dana je Antici (Toni) du. Ivana Dubokovi\u0107a p. Mate (ro\u0111. Machiedo) po\u010detkom 1910., a blagoslovio je u lipnju (zacijelo na sve\u010dev blagdan 13. VI.) 1914.g. mjesni du\u0161obri\u017enik.<\/p><\/div><\/div><div class='content-column one_third'><div style=\"padding-right:6px;\"><p><img loading=\"lazy\" decoding=\"async\" class=\"aligncenter size-full wp-image-30161\" src=\"https:\/\/www.topohvar.at\/wp-content\/uploads\/2020\/01\/za.ck-02-7.jpg\" alt=\"\" width=\"207\" height=\"284\" \/><\/p><\/div><\/div><div class='content-column one_third last_column'><div style=\"padding-right:0px;padding-left:6px;\"><p>Die kleine Kirche des hl. Antonius von Padua in der Bucht von Vela Stiniva wurde bei den landwirtschaftlichen Bauten des Dubokovi\u0107, urspr\u00fcnglich Angelini, errichtet. Die Erlaubnis zum Bau der Kirche wird von Antici (Toni) f\u00fcr Ivan Dubokovi\u0107 gen. Mate (geb. Machiedo) im Fr\u00fchjahr 1910 erteilt. Eingeweiht wurde sie im Juni 1914 (sicherlich am Fest des Heiligen am 13.6.) vom \u00f6rtlichen Geistlichen.<\/p><\/div><\/div><div class='clear_column'><\/div><div class='content-column one_half'><div style=\"padding-right:6px;\"><p style=\"text-align: right;\">Obnovljena 1997.g.<\/p><\/div><\/div><div class='content-column one_half last_column'><div style=\"padding-right:0px;padding-left:6px;\"><p>Erneuert im Jahr 1997.<\/p><\/div><\/div><div class='clear_column'><\/div><\/p>\n<hr \/>\n<p><strong>Linkovi \/ Links<\/strong><\/p>\n<p><span style=\"color: #3366ff;\"><a style=\"color: #3366ff;\" href=\"https:\/\/www.topohvar.at\/topo\/orte\/za\/za-au-10-1\/#za-11\">Uvala Vela Stiniva<\/a><\/span><\/p>\n","protected":false},"excerpt":{"rendered":"<p>Ime \/ Name Crkvica \u00bbSv. Ante Padovanskog\u00ab \/ kleine Kirche des hl. Antonius von Padua Code: ZA-CK-02\u00a0 \u00a0 \u00a0 \u00a0 \u00a0 \u00a0 \u00a0 \u00a0 \u00a0 \u00a0 \u00a0 \u00a0 \u00a0 \u00a0 \u00a0 \u00a0 \u00a0 \u00a0 \u00a0 \u00a0\u00a0 Adresa \/ Adresse Zastra\u017ei\u0161\u0107e, &hellip; <a href=\"https:\/\/www.topohvar.at\/topo\/orte\/za\/za-ck-02-1\/\">Weiterlesen <span class=\"meta-nav\">&rarr;<\/span><\/a><\/p>\n","protected":false},"author":1,"featured_media":0,"parent":115,"menu_order":0,"comment_status":"closed","ping_status":"closed","template":"","meta":{"footnotes":""},"class_list":["post-10707","page","type-page","status-publish","hentry"],"_links":{"self":[{"href":"https:\/\/www.topohvar.at\/topo\/wp-json\/wp\/v2\/pages\/10707","targetHints":{"allow":["GET"]}}],"collection":[{"href":"https:\/\/www.topohvar.at\/topo\/wp-json\/wp\/v2\/pages"}],"about":[{"href":"https:\/\/www.topohvar.at\/topo\/wp-json\/wp\/v2\/types\/page"}],"author":[{"embeddable":true,"href":"https:\/\/www.topohvar.at\/topo\/wp-json\/wp\/v2\/users\/1"}],"replies":[{"embeddable":true,"href":"https:\/\/www.topohvar.at\/topo\/wp-json\/wp\/v2\/comments?post=10707"}],"version-history":[{"count":14,"href":"https:\/\/www.topohvar.at\/topo\/wp-json\/wp\/v2\/pages\/10707\/revisions"}],"predecessor-version":[{"id":42332,"href":"https:\/\/www.topohvar.at\/topo\/wp-json\/wp\/v2\/pages\/10707\/revisions\/42332"}],"up":[{"embeddable":true,"href":"https:\/\/www.topohvar.at\/topo\/wp-json\/wp\/v2\/pages\/115"}],"wp:attachment":[{"href":"https:\/\/www.topohvar.at\/topo\/wp-json\/wp\/v2\/media?parent=10707"}],"curies":[{"name":"wp","href":"https:\/\/api.w.org\/{rel}","templated":true}]}}