{"id":10709,"date":"2018-09-10T08:29:45","date_gmt":"2018-09-10T06:29:45","guid":{"rendered":"https:\/\/www.topohvar.at\/?page_id=10709"},"modified":"2020-03-03T08:18:17","modified_gmt":"2020-03-03T07:18:17","slug":"za-cp-01-1","status":"publish","type":"page","link":"https:\/\/www.topohvar.at\/topo\/orte\/za\/za-cp-01-1\/","title":{"rendered":"ZASTRA\u017dI\u0160\u0106E &#8211; Kapela \u00bbSv. Kri\u017ea\u00ab"},"content":{"rendered":"<p><strong><img loading=\"lazy\" decoding=\"async\" class=\"alignnone wp-image-10634 size-large\" src=\"https:\/\/www.topohvar.at\/wp-content\/uploads\/2018\/09\/ZA-CP-01-0-1024x503.jpg\" alt=\"\" width=\"640\" height=\"314\" srcset=\"https:\/\/www.topohvar.at\/wp-content\/uploads\/2018\/09\/ZA-CP-01-0-1024x503.jpg 1024w, https:\/\/www.topohvar.at\/wp-content\/uploads\/2018\/09\/ZA-CP-01-0-300x147.jpg 300w, https:\/\/www.topohvar.at\/wp-content\/uploads\/2018\/09\/ZA-CP-01-0-768x377.jpg 768w, https:\/\/www.topohvar.at\/wp-content\/uploads\/2018\/09\/ZA-CP-01-0.jpg 1080w\" sizes=\"auto, (max-width: 640px) 100vw, 640px\" \/><\/strong><\/p>\n<p><strong>Ime \/ Name<br \/>\n<\/strong>Kapela \u00bbSv. Kri\u017ea\u00ab \/ Kapelle zum hl. Kreuz<\/p>\n<p><strong>Code: <\/strong>ZA-CP-01\u00a0 \u00a0 \u00a0 \u00a0 \u00a0 \u00a0 \u00a0 \u00a0 \u00a0 \u00a0 \u00a0 \u00a0 \u00a0 \u00a0 \u00a0 \u00a0 \u00a0 \u00a0 \u00a0 \u00a0\u00a0<strong><a href=\"https:\/\/www.topohvar.at\/orte\/za\/za-cp-05-1\/\"><img loading=\"lazy\" decoding=\"async\" class=\"alignnone wp-image-533 size-full\" src=\"https:\/\/www.topohvar.at\/wp-content\/uploads\/2018\/07\/push-l-30.jpg\" alt=\"\" width=\"61\" height=\"30\" \/><\/a> <a href=\"https:\/\/www.topohvar.at\/orte\/za\/\"><img loading=\"lazy\" decoding=\"async\" class=\"alignnone wp-image-535 size-full\" src=\"https:\/\/www.topohvar.at\/wp-content\/uploads\/2018\/07\/push-o-30.jpg\" alt=\"\" width=\"61\" height=\"30\" \/><\/a> <a href=\"https:\/\/www.topohvar.at\/orte\/za\/za-cp-02-1\/\"><img loading=\"lazy\" decoding=\"async\" class=\"alignnone wp-image-536 size-full\" src=\"https:\/\/www.topohvar.at\/wp-content\/uploads\/2018\/07\/push-r-30.jpg\" alt=\"\" width=\"61\" height=\"30\" \/><\/a><\/strong><\/p>\n<hr \/>\n<p><strong>Adresa \/ Adresse<br \/>\n<\/strong>Zastra\u017ei\u0161\u0107e, Jerkov Dvor, Mocirje<\/p>\n<p><strong>Lokalna polo\u017eaj \/ Position<a href=\"https:\/\/goo.gl\/maps\/cX3LWL7CxJjzhG278\"><img loading=\"lazy\" decoding=\"async\" class=\"alignright wp-image-10861\" src=\"https:\/\/www.topohvar.at\/wp-content\/uploads\/2018\/09\/0944.jpg\" alt=\"\" width=\"134\" height=\"100\" \/><\/a><br \/>\n<\/strong><span style=\"color: #3366ff;\"><a style=\"color: #3366ff;\" href=\"https:\/\/goo.gl\/maps\/cX3LWL7CxJjzhG278\">Latitude: N 43,14608\u00b0\u00a0 \u00a0Longitude: E 16,83497\u00b0<\/a> <\/span><strong><br \/>\n<\/strong>Visina \/ H\u00f6he: 153 m<\/p>\n<p><strong>Zemlji\u0161te \/ Grundst\u00fccke<br \/>\n<\/strong>1350\/1\u00a0<div class='content-column one_half'><div style=\"padding-right:6px;\"><p><strong>Datum snimanja \/ Erfassungsdatum<br \/>\n<\/strong>15.05.2014 09:49:24<\/p>\n<hr \/>\n<p><strong>Informacije<\/strong><\/p>\n<p>Kapelu Sv. Kri\u017ea na polo\u017eaju Mocirje podigla je obitelj Bero\u0161 \u010dini se 1905., obnovljena je 1985. Ima lijepu re\u0161etku od kovana \u017eeljeza i tirolsku kalvariju.<\/p><\/div><\/div><div class='content-column one_half last_column'><div style=\"padding-right:0px;padding-left:6px;\"><p><strong>Za\u0161titni polo\u017eaj \/ Schutzstellung<br \/>\n<\/strong>&#8211;<\/p>\n<hr \/>\n<p><strong>Info<\/strong><\/p>\n<p>Die Kapelle vom hl. Kreuz in der Gegend von Mocirje wurde von der Familie Bero\u0161 im Jahr 1905 errichtet und 1985 umgebaut. Sie hat ein wundersch\u00f6nes Eisengitter und hatte fr\u00fcher einen Tiroler Kalvarienberg.<\/p><\/div><\/div><div class='clear_column'><\/div><\/p>\n<hr \/>\n<div class='content-column one_half'><div style=\"padding-right:6px;\"><p style=\"text-align: right;\">Natpis ispod zabatnog kri\u017ea:<\/p><\/div><\/div><div class='content-column one_half last_column'><div style=\"padding-right:0px;padding-left:6px;\"><p>Inschrift unter dem Giebelkreuz:<\/p><\/div><\/div><div class='clear_column'><\/div><\/p>\n<p style=\"text-align: center;\">1905<\/p>\n<p>[\/one_half_last]<\/p>\n<hr \/>\n<div class='content-column one_half'><div style=\"padding-right:6px;\"><p>Natpis okruglog luka:<\/p>\n<p>KLANJAMO SE TEBI ISUKRSTE I BLAGOSLIVLJAMO TEBE\u00a0JER SI PO SVETOMU KRIZU TVOMU SVIET ODKUPIO.<\/p><\/div><\/div><div class='content-column one_half last_column'><div style=\"padding-right:0px;padding-left:6px;\"><p>Inschrift am T\u00fcrbogen:<\/p>\n<p>Wir verneigen uns vor dir Jesus Christus und preisen dich, denn durch dein heiliges Kreuz wurde die Welt erl\u00f6st.<\/p><\/div><\/div><div class='clear_column'><\/div><\/p>\n<hr \/>\n<p><strong>Linkovi \/ Links<\/strong><\/p>\n<p>&#8211;<\/p>\n","protected":false},"excerpt":{"rendered":"<p>Ime \/ Name Kapela \u00bbSv. Kri\u017ea\u00ab \/ Kapelle zum hl. Kreuz Code: ZA-CP-01\u00a0 \u00a0 \u00a0 \u00a0 \u00a0 \u00a0 \u00a0 \u00a0 \u00a0 \u00a0 \u00a0 \u00a0 \u00a0 \u00a0 \u00a0 \u00a0 \u00a0 \u00a0 \u00a0 \u00a0\u00a0 Adresa \/ Adresse Zastra\u017ei\u0161\u0107e, Jerkov Dvor, Mocirje Lokalna &hellip; <a href=\"https:\/\/www.topohvar.at\/topo\/orte\/za\/za-cp-01-1\/\">Weiterlesen <span class=\"meta-nav\">&rarr;<\/span><\/a><\/p>\n","protected":false},"author":1,"featured_media":0,"parent":115,"menu_order":0,"comment_status":"closed","ping_status":"closed","template":"","meta":{"footnotes":""},"class_list":["post-10709","page","type-page","status-publish","hentry"],"_links":{"self":[{"href":"https:\/\/www.topohvar.at\/topo\/wp-json\/wp\/v2\/pages\/10709","targetHints":{"allow":["GET"]}}],"collection":[{"href":"https:\/\/www.topohvar.at\/topo\/wp-json\/wp\/v2\/pages"}],"about":[{"href":"https:\/\/www.topohvar.at\/topo\/wp-json\/wp\/v2\/types\/page"}],"author":[{"embeddable":true,"href":"https:\/\/www.topohvar.at\/topo\/wp-json\/wp\/v2\/users\/1"}],"replies":[{"embeddable":true,"href":"https:\/\/www.topohvar.at\/topo\/wp-json\/wp\/v2\/comments?post=10709"}],"version-history":[{"count":12,"href":"https:\/\/www.topohvar.at\/topo\/wp-json\/wp\/v2\/pages\/10709\/revisions"}],"predecessor-version":[{"id":32113,"href":"https:\/\/www.topohvar.at\/topo\/wp-json\/wp\/v2\/pages\/10709\/revisions\/32113"}],"up":[{"embeddable":true,"href":"https:\/\/www.topohvar.at\/topo\/wp-json\/wp\/v2\/pages\/115"}],"wp:attachment":[{"href":"https:\/\/www.topohvar.at\/topo\/wp-json\/wp\/v2\/media?parent=10709"}],"curies":[{"name":"wp","href":"https:\/\/api.w.org\/{rel}","templated":true}]}}