{"id":10715,"date":"2018-09-10T08:34:36","date_gmt":"2018-09-10T06:34:36","guid":{"rendered":"https:\/\/www.topohvar.at\/?page_id=10715"},"modified":"2020-03-03T07:52:18","modified_gmt":"2020-03-03T06:52:18","slug":"za-cp-03-1","status":"publish","type":"page","link":"https:\/\/www.topohvar.at\/topo\/orte\/za\/za-cp-03-1\/","title":{"rendered":"ZASTRA\u017dI\u0160\u0106E &#8211; Kapela \u00bbSv. Nikole\u00ab"},"content":{"rendered":"<p><strong><img loading=\"lazy\" decoding=\"async\" class=\"alignnone wp-image-10636 size-large\" src=\"https:\/\/www.topohvar.at\/wp-content\/uploads\/2018\/09\/ZA-CP-03-0-1024x503.jpg\" alt=\"\" width=\"640\" height=\"314\" srcset=\"https:\/\/www.topohvar.at\/wp-content\/uploads\/2018\/09\/ZA-CP-03-0-1024x503.jpg 1024w, https:\/\/www.topohvar.at\/wp-content\/uploads\/2018\/09\/ZA-CP-03-0-300x147.jpg 300w, https:\/\/www.topohvar.at\/wp-content\/uploads\/2018\/09\/ZA-CP-03-0-768x377.jpg 768w, https:\/\/www.topohvar.at\/wp-content\/uploads\/2018\/09\/ZA-CP-03-0.jpg 1080w\" sizes=\"auto, (max-width: 640px) 100vw, 640px\" \/><\/strong><\/p>\n<p><strong>Ime \/ Name<br \/>\n<\/strong>Kapela \u00bbSv. Nikole\u00ab \/ Nikolauskapelle<\/p>\n<p><strong>Code: <\/strong>ZA-CP-03\u00a0 \u00a0 \u00a0 \u00a0 \u00a0 \u00a0 \u00a0 \u00a0 \u00a0 \u00a0 \u00a0 \u00a0 \u00a0 \u00a0 \u00a0 \u00a0 \u00a0 \u00a0 \u00a0 \u00a0\u00a0<strong><a href=\"https:\/\/www.topohvar.at\/orte\/za\/za-cp-04-1\/\"><img loading=\"lazy\" decoding=\"async\" class=\"alignnone wp-image-533 size-full\" src=\"https:\/\/www.topohvar.at\/wp-content\/uploads\/2018\/07\/push-l-30.jpg\" alt=\"\" width=\"61\" height=\"30\" \/><\/a> <a href=\"https:\/\/www.topohvar.at\/orte\/za\/\"><img loading=\"lazy\" decoding=\"async\" class=\"alignnone wp-image-535 size-full\" src=\"https:\/\/www.topohvar.at\/wp-content\/uploads\/2018\/07\/push-o-30.jpg\" alt=\"\" width=\"61\" height=\"30\" \/><\/a> <a href=\"https:\/\/www.topohvar.at\/orte\/za\/za-cp-06-1\/\"><img loading=\"lazy\" decoding=\"async\" class=\"alignnone wp-image-536 size-full\" src=\"https:\/\/www.topohvar.at\/wp-content\/uploads\/2018\/07\/push-r-30.jpg\" alt=\"\" width=\"61\" height=\"30\" \/><\/a><\/strong><\/p>\n<hr \/>\n<p><strong>Adresa \/ Adresse<br \/>\n<\/strong>Zastra\u017ei\u0161\u0107e,\u00a0Postranje<\/p>\n<p><strong>Lokalna polo\u017eaj \/ Position<a href=\"https:\/\/goo.gl\/maps\/joEeAiEiqSs2YuGt5\"><img loading=\"lazy\" decoding=\"async\" class=\"alignright wp-image-10882\" src=\"https:\/\/www.topohvar.at\/wp-content\/uploads\/2018\/09\/0946.jpg\" alt=\"\" width=\"134\" height=\"100\" \/><\/a><br \/>\n<\/strong><span style=\"color: #3366ff;\"><a style=\"color: #3366ff;\" href=\"https:\/\/goo.gl\/maps\/joEeAiEiqSs2YuGt5\">Latitude: N 43,14235\u00b0\u00a0 \u00a0Longitude: E 16,84502\u00b0<\/a> <\/span><strong><br \/>\n<\/strong>Visina \/ H\u00f6he: 180 m<\/p>\n<p><strong>Zemlji\u0161te \/ Grundst\u00fccke<br \/>\n<\/strong>2735 <div class='content-column one_half'><div style=\"padding-right:6px;\"><p><strong>Datum snimanja \/ Erfassungsdatum<br \/>\n<\/strong>15.05.2014 10:39:38<\/p>\n<hr \/>\n<p><strong>Informacije<\/strong><\/p>\n<p>Natpis: 2002<\/p>\n<p>Na proljetni blagdan Sv. Nikole, na predjelu Postranje blagoslovljeni su novoizgra\u0111ena kapela iz 2002.g. i kip posve\u0107eni tome svecu. Blagoslov je tijekom svete mise slu\u017eene pod vedrim nebom obavio \u017eupnik don Josip Franuli\u0107, dok su u sve\u010danosti sudjelovali brojni vjernici, ali i Zastra\u017ei\u0161\u0107ani koji su tim povodom doputovali s raznih strana svijeta.<\/p><\/div><\/div><div class='content-column one_half last_column'><div style=\"padding-right:0px;padding-left:6px;\"><p><strong>Za\u0161titni polo\u017eaj \/ Schutzstellung<br \/>\n<\/strong>&#8211;<\/p>\n<hr \/>\n<p><strong>Info<\/strong><\/p>\n<p>Inschrift: 2002<\/p>\n<p>Am Fr\u00fchlingsfest von St. Nikolaus, wurde in der Gegend Postranje die im Jahr 2002 errichtete Kapelle sowie eine Statue des Heiligen gesegnet. Der Segen wurde w\u00e4hrend einer Messe unter freiem Himmel von Priester Pater Joseph Franuli\u0107 gespendet. Die Messe wurde von zahlreichen Gl\u00e4ubigen, nicht nur aus Zastra\u017ei\u0161e, sondern auch aus der ganzen Welt besucht.<\/p><\/div><\/div><div class='clear_column'><\/div><div class='content-column one_half'><div style=\"padding-right:6px;\"><p>Don Bepo je pohvalio sve one koji su dragovoljnim doprinosima izgradili kapelu, naglasiv\u0161i da je u njezinim temeljima \u010dak i kamenje stare i ru\u0161evne kapele koja je neko\u0107 bila iznad naselja. To je tre\u0107a kapela koja je na podru\u010dju mjesta izgra\u0111ena.<\/p><\/div><\/div><div class='content-column one_half last_column'><div style=\"padding-right:0px;padding-left:6px;\"><p>Pater Bepo dankte allen mit deren freiwilligen Beitr\u00e4gen die Kapelle errichtet wurde und wies darauf hin, dass im Fundament der Kapelle auch die Steine der alten und bauf\u00e4lligen Kapelle, die einst \u00fcber dem Dorf war, liegen. Dies ist die dritte Kapelle, die im Dorfe in den letzten zehn Jahren gebaut wurde.<\/p><\/div><\/div><div class='clear_column'><\/div><div class='content-column one_half'><div style=\"padding-right:6px;\"><p>U ime Odbora za izgradnju kapele, donatorima, \u017eupniku i gostima zahvalio je \u0110or\u0111i Barbari\u0107. Istaknuo je da je novi sakralni objekt izgradio Nedjeljko Parlov prema projektu arhitekta Zorka Dubokovi\u0107a, a obojica su iz Jelse.\u00a0U tu namjenu utro\u0161eno vi\u0161e od 80 tisu\u0107a kuna, s tim da je kamenoklesar Milan Iveli\u0107 iz Pra\u017enica darovao kameni kri\u017e i ulazni portal kapele.<\/p><\/div><\/div><div class='content-column one_half last_column'><div style=\"padding-right:0px;padding-left:6px;\"><p>Im Namen des Ausschusses f\u00fcr den Bau der Kapelle, bedankte sich \u0110or\u0111i Barbari\u0107 bei den Spendern, der Pfarre und den G\u00e4sten. Er wies darauf hin, dass die neuen Sakralbauten von Nedjeljko Parlov, nach den Pl\u00e4nen von Architekt Zorko Dubokovi\u0107, beide aus Jelsa, gebaut wurden.\u00a0Zu diesem Zweck wurden mehr als 80.000 Kuna ausgegeben. Der Steinmetz Milan Iveli\u0107 aus Pra\u017enica spendete das Steinkreuz und das Eingangsportal der Kapelle.<\/p><\/div><\/div><div class='clear_column'><\/div><\/p>\n<hr \/>\n<p><strong>Linkovi \/ Links<\/strong><\/p>\n<p>&#8211;<\/p>\n","protected":false},"excerpt":{"rendered":"<p>Ime \/ Name Kapela \u00bbSv. Nikole\u00ab \/ Nikolauskapelle Code: ZA-CP-03\u00a0 \u00a0 \u00a0 \u00a0 \u00a0 \u00a0 \u00a0 \u00a0 \u00a0 \u00a0 \u00a0 \u00a0 \u00a0 \u00a0 \u00a0 \u00a0 \u00a0 \u00a0 \u00a0 \u00a0\u00a0 Adresa \/ Adresse Zastra\u017ei\u0161\u0107e,\u00a0Postranje Lokalna polo\u017eaj \/ Position Latitude: N 43,14235\u00b0\u00a0 &hellip; <a href=\"https:\/\/www.topohvar.at\/topo\/orte\/za\/za-cp-03-1\/\">Weiterlesen <span class=\"meta-nav\">&rarr;<\/span><\/a><\/p>\n","protected":false},"author":1,"featured_media":0,"parent":115,"menu_order":0,"comment_status":"closed","ping_status":"closed","template":"","meta":{"footnotes":""},"class_list":["post-10715","page","type-page","status-publish","hentry"],"_links":{"self":[{"href":"https:\/\/www.topohvar.at\/topo\/wp-json\/wp\/v2\/pages\/10715","targetHints":{"allow":["GET"]}}],"collection":[{"href":"https:\/\/www.topohvar.at\/topo\/wp-json\/wp\/v2\/pages"}],"about":[{"href":"https:\/\/www.topohvar.at\/topo\/wp-json\/wp\/v2\/types\/page"}],"author":[{"embeddable":true,"href":"https:\/\/www.topohvar.at\/topo\/wp-json\/wp\/v2\/users\/1"}],"replies":[{"embeddable":true,"href":"https:\/\/www.topohvar.at\/topo\/wp-json\/wp\/v2\/comments?post=10715"}],"version-history":[{"count":8,"href":"https:\/\/www.topohvar.at\/topo\/wp-json\/wp\/v2\/pages\/10715\/revisions"}],"predecessor-version":[{"id":32098,"href":"https:\/\/www.topohvar.at\/topo\/wp-json\/wp\/v2\/pages\/10715\/revisions\/32098"}],"up":[{"embeddable":true,"href":"https:\/\/www.topohvar.at\/topo\/wp-json\/wp\/v2\/pages\/115"}],"wp:attachment":[{"href":"https:\/\/www.topohvar.at\/topo\/wp-json\/wp\/v2\/media?parent=10715"}],"curies":[{"name":"wp","href":"https:\/\/api.w.org\/{rel}","templated":true}]}}