{"id":10717,"date":"2018-09-10T08:36:07","date_gmt":"2018-09-10T06:36:07","guid":{"rendered":"https:\/\/www.topohvar.at\/?page_id=10717"},"modified":"2020-03-03T07:54:17","modified_gmt":"2020-03-03T06:54:17","slug":"za-cp-06-1","status":"publish","type":"page","link":"https:\/\/www.topohvar.at\/topo\/orte\/za\/za-cp-06-1\/","title":{"rendered":"ZASTRA\u017dI\u0160\u0106E &#8211; Kapela \u00bbGospe od Ru\u017earija\u00ab"},"content":{"rendered":"<p><strong><img loading=\"lazy\" decoding=\"async\" class=\"alignnone wp-image-10639 size-large\" src=\"https:\/\/www.topohvar.at\/wp-content\/uploads\/2018\/09\/ZA-CP-06-0-1024x503.jpg\" alt=\"\" width=\"640\" height=\"314\" srcset=\"https:\/\/www.topohvar.at\/wp-content\/uploads\/2018\/09\/ZA-CP-06-0-1024x503.jpg 1024w, https:\/\/www.topohvar.at\/wp-content\/uploads\/2018\/09\/ZA-CP-06-0-300x147.jpg 300w, https:\/\/www.topohvar.at\/wp-content\/uploads\/2018\/09\/ZA-CP-06-0-768x377.jpg 768w, https:\/\/www.topohvar.at\/wp-content\/uploads\/2018\/09\/ZA-CP-06-0.jpg 1080w\" sizes=\"auto, (max-width: 640px) 100vw, 640px\" \/><\/strong><\/p>\n<p><strong>Ime \/ Name<br \/>\n<\/strong>Kapela \u00bbGospe od Ru\u017earija\u00ab \/ Rosenkranzkapelle<\/p>\n<p><strong>Code: <\/strong>ZA-CP-06\u00a0 \u00a0 \u00a0 \u00a0 \u00a0 \u00a0 \u00a0 \u00a0 \u00a0 \u00a0 \u00a0 \u00a0 \u00a0 \u00a0 \u00a0 \u00a0 \u00a0 \u00a0 \u00a0 \u00a0\u00a0<strong><a href=\"https:\/\/www.topohvar.at\/orte\/za\/za-cp-03-1\/\"><img loading=\"lazy\" decoding=\"async\" class=\"alignnone wp-image-533 size-full\" src=\"https:\/\/www.topohvar.at\/wp-content\/uploads\/2018\/07\/push-l-30.jpg\" alt=\"\" width=\"61\" height=\"30\" \/><\/a> <a href=\"https:\/\/www.topohvar.at\/orte\/za\/\"><img loading=\"lazy\" decoding=\"async\" class=\"alignnone wp-image-535 size-full\" src=\"https:\/\/www.topohvar.at\/wp-content\/uploads\/2018\/07\/push-o-30.jpg\" alt=\"\" width=\"61\" height=\"30\" \/><\/a> <a href=\"https:\/\/www.topohvar.at\/orte\/za\/za-cp-05-1\/\"><img loading=\"lazy\" decoding=\"async\" class=\"alignnone wp-image-536 size-full\" src=\"https:\/\/www.topohvar.at\/wp-content\/uploads\/2018\/07\/push-r-30.jpg\" alt=\"\" width=\"61\" height=\"30\" \/><\/a><\/strong><\/p>\n<hr \/>\n<p><strong>Adresa \/ Adresse<br \/>\n<\/strong>Zastra\u017ei\u0161\u0107e,\u00a0Grudac, kapela Barbari\u0107<\/p>\n<p><strong>Lokalna polo\u017eaj \/ Position<a href=\"https:\/\/goo.gl\/maps\/JZBL2dMmr8FrpTc88\"><img loading=\"lazy\" decoding=\"async\" class=\"alignright wp-image-10886\" src=\"https:\/\/www.topohvar.at\/wp-content\/uploads\/2018\/09\/0949.jpg\" alt=\"\" width=\"134\" height=\"100\" \/><\/a><br \/>\n<\/strong><span style=\"color: #3366ff;\"><a style=\"color: #3366ff;\" href=\"https:\/\/goo.gl\/maps\/JZBL2dMmr8FrpTc88\">Latitude: N 43,13764\u00b0\u00a0 \u00a0Longitude: E 16,85925\u00b0<\/a> <\/span><strong><br \/>\n<\/strong>Visina \/ H\u00f6he: 235 m<\/p>\n<p><strong>Zemlji\u0161te \/ Grundst\u00fccke<br \/>\n<\/strong>2216\u00a0<div class='content-column one_half'><div style=\"padding-right:6px;\"><p><strong>Datum snimanja \/ Erfassungsdatum<br \/>\n<\/strong>22.10.2014 15:04:56<\/p>\n<hr \/>\n<p><strong>Informacije<\/strong><\/p>\n<p>Ve\u0107u kapelu Gospe od Ru\u017earija podigao je Juraj Barbari\u0107 oko 1900.g. (spomen plo\u010da). U ni\u0161i iza stakla nalazi se lijepi tirolski kip Ru\u017earija.<\/p><\/div><\/div><div class='content-column one_half last_column'><div style=\"padding-right:0px;padding-left:6px;\"><p><strong>Za\u0161titni polo\u017eaj \/ Schutzstellung<br \/>\n<\/strong>&#8211;<\/p>\n<hr \/>\n<p><strong>Info<\/strong><\/p>\n<p>Der gro\u00dfe Bildstock der Muttergottes vom Rosenkranz wurde von Georg Barbari\u0107 um das Jahr 1900 errichtet (Gedenktafel). In einer Nische befindet sich hinter Glas die sch\u00f6ne Tiroler Statue der Gottesmutter mit dem Rosenkranz.<\/p><\/div><\/div><div class='clear_column'><\/div><\/p>\n<hr \/>\n<div class='content-column one_half'><div style=\"padding-right:6px;\"><p>Blagdan Kraljice svete krunice Gospa Ru\u017earica slavi se ve\u0107 442 godine.<\/p><\/div><\/div><div class='content-column one_half last_column'><div style=\"padding-right:0px;padding-left:6px;\"><p>Das Fest der K\u00f6nigin des Rosenkranzes, Unserer Lieben Frau Rosenkranz, wird seit 442 Jahren gefeiert<\/p><\/div><\/div><div class='clear_column'><\/div><div class='content-column one_half'><div style=\"padding-right:6px;\"><p>Bulom \u201eConsueverunt Romani Pontifices\u201c 1569. papa sv. Pio V, dominikanac, odredio je kona\u010dni oblik krunice, a novom bulom Salvatoris Domini 1572., poslije Lepantske bitke, ustanovio je blagdan Gospe od Pobjede, koji se poslije nazvao &#8222;od Ru\u017earija&#8220; (od Krunice), s tim da se slavi 7. 10. U mnogim se krajevima svetkovanje prenosi na prvu nedjelju listopada.<\/p><\/div><\/div><div class='content-column one_half last_column'><div style=\"padding-right:0px;padding-left:6px;\"><p>In der Bulle \u201eConsueverunt Romani Pontifices&#8220; aus dem Jahre 1569 hat Papst Pius V. die endg\u00fcltige Form des Rosenkranzes festgelegt. In der neuen Bulle \u201eSalvatoris Domini\u201c aus dem Jahr 1572, nach der Schlacht von Lepanto, wurde das Fest \u201eUnserer Lieben Frau von Pobjeda\u201c gegr\u00fcndet, das sp\u00e4ter \u201evom Rosenkranzes&#8220; genannt wurde und am 7. Oktober gefeiert wird. Vielerorts wird das Fest am ersten Sonntag im Oktober abgehalten.<\/p><\/div><\/div><div class='clear_column'><\/div><\/p>\n<hr \/>\n<div class='content-column one_half'><div style=\"padding-right:6px;\"><p><strong>KRUNICA<\/strong> &#8211; je kr\u0161\u0107anska tradicionalna molitva. Nisu svim ljudima bile dostupne knjige u srednjem vijeku, niti su svi ljudi znali \u010ditati. A uhodani olitvenik ljudi Crkve bio je Psaltir, biblijska knjiga, koja se sastoji od 150 psalama, tj. molitava.<\/p><\/div><\/div><div class='content-column one_half last_column'><div style=\"padding-right:0px;padding-left:6px;\"><p><strong>DER ROSENKRANZ<\/strong> &#8211; ein traditionelles christliches Gebet. Die einfachen Menschen hatten im Mittelalter weder B\u00fccher, noch konnten alle Menschen lesen. Allgegenw\u00e4rtig f\u00fcr das Kirchenvolk war jedoch der Psalter, ein \u201ebiblische Buch\u201c, das aus 150 Psalmen, dh. Gebeten besteht.<\/p><\/div><\/div><div class='clear_column'><\/div><div class='content-column one_half'><div style=\"padding-right:6px;\"><p>Oni su raspore\u0111eni po danima i tjednima i ljudi koji su imali Bibliju ili \u010casoslov mogli su to koristiti. Me\u0111utim, i jednostavni ljudi \u017eeljeli su moliti u stilu molitve Crkve i tako je vrlo brzo nastala molitva od 150 Zdravomarija, \u0161to je trebalo imitirati 150 biblijskih psalama. U 15. stolje\u0107u su tom nizu dodana biblijska razmatranja u tri otajstva po 50 Zdravomarija i tako se uhodala molitva krunice koja je postala popularnom molitvom obi\u010dnih ljudi. U na\u0161e vrijeme papa Ivan Pavao Drugi ju je dopunio i obogatio otajstvima svjetla.<\/p><\/div><\/div><div class='content-column one_half last_column'><div style=\"padding-right:0px;padding-left:6px;\"><p>Sie waren Tage und Wochen im Einsatz, und Leute, die die Bibel oder das Journal hatten, konnten es benutzen. Aber einfache Menschen beteten gerne im Stil des Gebets der Kirche, und so gab es das Gebet das die 150 biblischen Psalmen imitieren sollte. Im 15. Jahrhundert wurden den drei Mysterien der 50 Avemaria biblische Betrachtungen hinzugef\u00fcgt, und so wurde das Gebet des Rosenkranzes bei den Gebeten der einfachen Menschen popul\u00e4r. In unserer Zeit erg\u00e4nzte ihn Papst Johannes Paul II. und bereicherte ihn mit den Mysterien des Lichts.<\/p><\/div><\/div><div class='clear_column'><\/div><\/p>\n<hr \/>\n<p><strong>Linkovi \/ Links<\/strong><\/p>\n<p><span style=\"color: #3366ff;\"><a style=\"color: #3366ff;\" href=\"https:\/\/www.topohvar.at\/orte\/za\/za-is-05-1\/\">Spomen plo\u010da \u00bbObitelj Barbari\u0107\u00ab \/ Gedenktafel Familie\u00a0Barbari\u0107<\/a><\/span><\/p>\n","protected":false},"excerpt":{"rendered":"<p>Ime \/ Name Kapela \u00bbGospe od Ru\u017earija\u00ab \/ Rosenkranzkapelle Code: ZA-CP-06\u00a0 \u00a0 \u00a0 \u00a0 \u00a0 \u00a0 \u00a0 \u00a0 \u00a0 \u00a0 \u00a0 \u00a0 \u00a0 \u00a0 \u00a0 \u00a0 \u00a0 \u00a0 \u00a0 \u00a0\u00a0 Adresa \/ Adresse Zastra\u017ei\u0161\u0107e,\u00a0Grudac, kapela Barbari\u0107 Lokalna polo\u017eaj \/ Position &hellip; <a href=\"https:\/\/www.topohvar.at\/topo\/orte\/za\/za-cp-06-1\/\">Weiterlesen <span class=\"meta-nav\">&rarr;<\/span><\/a><\/p>\n","protected":false},"author":1,"featured_media":0,"parent":115,"menu_order":0,"comment_status":"closed","ping_status":"closed","template":"","meta":{"footnotes":""},"class_list":["post-10717","page","type-page","status-publish","hentry"],"_links":{"self":[{"href":"https:\/\/www.topohvar.at\/topo\/wp-json\/wp\/v2\/pages\/10717","targetHints":{"allow":["GET"]}}],"collection":[{"href":"https:\/\/www.topohvar.at\/topo\/wp-json\/wp\/v2\/pages"}],"about":[{"href":"https:\/\/www.topohvar.at\/topo\/wp-json\/wp\/v2\/types\/page"}],"author":[{"embeddable":true,"href":"https:\/\/www.topohvar.at\/topo\/wp-json\/wp\/v2\/users\/1"}],"replies":[{"embeddable":true,"href":"https:\/\/www.topohvar.at\/topo\/wp-json\/wp\/v2\/comments?post=10717"}],"version-history":[{"count":12,"href":"https:\/\/www.topohvar.at\/topo\/wp-json\/wp\/v2\/pages\/10717\/revisions"}],"predecessor-version":[{"id":32099,"href":"https:\/\/www.topohvar.at\/topo\/wp-json\/wp\/v2\/pages\/10717\/revisions\/32099"}],"up":[{"embeddable":true,"href":"https:\/\/www.topohvar.at\/topo\/wp-json\/wp\/v2\/pages\/115"}],"wp:attachment":[{"href":"https:\/\/www.topohvar.at\/topo\/wp-json\/wp\/v2\/media?parent=10717"}],"curies":[{"name":"wp","href":"https:\/\/api.w.org\/{rel}","templated":true}]}}