{"id":10719,"date":"2018-09-10T08:37:32","date_gmt":"2018-09-10T06:37:32","guid":{"rendered":"https:\/\/www.topohvar.at\/?page_id=10719"},"modified":"2022-01-29T18:59:00","modified_gmt":"2022-01-29T17:59:00","slug":"za-cp-05-1","status":"publish","type":"page","link":"https:\/\/www.topohvar.at\/topo\/orte\/za\/za-cp-05-1\/","title":{"rendered":"ZASTRA\u017dI\u0160\u0106E &#8211; Kapela \u00bbPresvetog Trojstva\u00ab"},"content":{"rendered":"<p><a name=\"seite_oben\"><\/a><br \/>\n<strong><img loading=\"lazy\" decoding=\"async\" class=\"alignnone wp-image-10638 size-large\" src=\"https:\/\/www.topohvar.at\/wp-content\/uploads\/2018\/09\/ZA-CP-05-0-1024x503.jpg\" alt=\"\" width=\"640\" height=\"314\" srcset=\"https:\/\/www.topohvar.at\/wp-content\/uploads\/2018\/09\/ZA-CP-05-0-1024x503.jpg 1024w, https:\/\/www.topohvar.at\/wp-content\/uploads\/2018\/09\/ZA-CP-05-0-300x147.jpg 300w, https:\/\/www.topohvar.at\/wp-content\/uploads\/2018\/09\/ZA-CP-05-0-768x377.jpg 768w, https:\/\/www.topohvar.at\/wp-content\/uploads\/2018\/09\/ZA-CP-05-0.jpg 1080w\" sizes=\"auto, (max-width: 640px) 100vw, 640px\" \/><\/strong><\/p>\n<p><strong>Ime \/ Name<br \/>\n<\/strong>Kapela \u00bbPresvetog Trojstva\u00ab \/ Dreifaltigkeitskapelle<\/p>\n<p><strong>Code: <\/strong>ZA-CP-05\u00a0 \u00a0 \u00a0 \u00a0 \u00a0 \u00a0 \u00a0 \u00a0 \u00a0 \u00a0 \u00a0 \u00a0 \u00a0 \u00a0 \u00a0 \u00a0 \u00a0 \u00a0 \u00a0 \u00a0\u00a0<strong><a href=\"https:\/\/www.topohvar.at\/orte\/za\/za-cp-06-1\/\"><img loading=\"lazy\" decoding=\"async\" class=\"alignnone wp-image-533 size-full\" src=\"https:\/\/www.topohvar.at\/wp-content\/uploads\/2018\/07\/push-l-30.jpg\" alt=\"\" width=\"61\" height=\"30\" \/><\/a> <a href=\"https:\/\/www.topohvar.at\/orte\/za\/\"><img loading=\"lazy\" decoding=\"async\" class=\"alignnone wp-image-535 size-full\" src=\"https:\/\/www.topohvar.at\/wp-content\/uploads\/2018\/07\/push-o-30.jpg\" alt=\"\" width=\"61\" height=\"30\" \/><\/a> <a href=\"https:\/\/www.topohvar.at\/orte\/za\/za-cp-01-1\/\"><img loading=\"lazy\" decoding=\"async\" class=\"alignnone wp-image-536 size-full\" src=\"https:\/\/www.topohvar.at\/wp-content\/uploads\/2018\/07\/push-r-30.jpg\" alt=\"\" width=\"61\" height=\"30\" \/><\/a><\/strong><\/p>\n<hr \/>\n<p><strong>Adresa \/ Adresse<br \/>\n<\/strong>Zastra\u017ei\u0161\u0107e,\u00a0Pokrivenik<\/p>\n<p><strong>Lokalna polo\u017eaj \/ Position<a href=\"https:\/\/goo.gl\/maps\/PY3WFdA9QwcTjTyq8\"><img loading=\"lazy\" decoding=\"async\" class=\"alignright wp-image-10893\" src=\"https:\/\/www.topohvar.at\/wp-content\/uploads\/2018\/09\/0948.jpg\" alt=\"\" width=\"133\" height=\"100\" \/><\/a><br \/>\n<\/strong><span style=\"color: #3366ff;\"><a style=\"color: #3366ff;\" href=\"https:\/\/goo.gl\/maps\/PY3WFdA9QwcTjTyq8\">Latitude: N 43,14667\u00b0\u00a0 \u00a0Longitude: E 16,88446\u00b0<\/a> <\/span><strong><br \/>\n<\/strong>Visina \/ H\u00f6he: 8 m<\/p>\n<p><strong>Zemlji\u0161te \/ Grundst\u00fccke<br \/>\n<\/strong>2475\/1\u00a0<div class='content-column one_half'><div style=\"padding-right:6px;\"><p><strong>Datum snimanja \/ Erfassungsdatum<br \/>\n<\/strong>22.10.2014 14:13:44<\/p>\n<hr \/>\n<p><strong>Informacije<\/strong><\/p>\n<p>Kapela su izgradili Ivan i Fila Zen\u010di\u0107 2002. godine (spomen plo\u010da iznad vrata). Kapela, jedino sakralno zdanje posve\u0107eno Presvetom Trojstvu na otoku Hvaru, zavjetni je dar 81-godi\u0161njega iseljenog Hvaranina Ivana Zen\u010di\u0107a iz Novog Zelanda, koji je nazo\u010dio blagoslovu 16. kolovoza 2002. godine te se prigodnim rije\u010dima obratio okupljenim vjernicima. Uz sliku Presvetog Trojstva, na oltar su postavljeni i kipovi Srca Isusova i Marijina, a njihove su slike i na unutarnjim bo\u010dnim zidovima kapelice, koji su oblo\u017eeni mramornim plo\u010dama.<\/p><\/div><\/div><div class='content-column one_half last_column'><div style=\"padding-right:0px;padding-left:6px;\"><p><strong>Za\u0161titni polo\u017eaj \/ Schutzstellung<br \/>\n<\/strong>&#8211;<\/p>\n<hr \/>\n<p><strong>Info<\/strong><\/p>\n<p>Die Kapelle wurde von Ivan und Fila Zen\u010di\u0107 im Jahr 2002 errichtet (Gedenktafel \u00fcber der T\u00fcre). Die Kapelle, das einzige sakrale Geb\u00e4ude, das der Heiligen Dreifaltigkeit auf der Insel Hvar gewidmet ist, ist ein Votivgeschenk des 81-j\u00e4hrigen aus Hvar stammenden Ivan Zen\u010di\u0107 aus Neuseeland, der an der Segnung am 16.8.2002 teilnahm und sich an die versammelten Gl\u00e4ubigen wandte. Neben dem Bild der Heiligen Dreifaltigkeit sind auf dem Altar Statuen des Herzens Jesu und Mariens aufgestellt, und ihre Bilder befinden sich auch an den inneren Seitenw\u00e4nden der Kapelle, die mit Marmorplatten ausgekleidet sind.<\/p><\/div><\/div><div class='clear_column'><\/div><div class='content-column one_half'><div style=\"padding-right:6px;\"><p>U pripremnim radovima te u gradnji kapelice, osim njezina darovatelja, koji je i sam radio na njezinoj izgradnji, sudjelovalo je i vi\u0161e \u017eupljana Zastra\u017ei\u0161\u0107a i Gdinja \u2013 Zastra\u017ei\u0161\u0107ani Ivo Fistoni\u0107 sa sinom Ivicom te Gdinjanin Stjepan \u010curin, a ro\u0111ena Zastra\u017ei\u0161\u0107anka Lena Gamulin nastanjena u Jelsi, zavjetnoj je kapelici prilo\u017eila i svoj zavjetni dar.<\/p><\/div><\/div><div class='content-column one_half last_column'><div style=\"padding-right:0px;padding-left:6px;\"><p>An den Vorbereitungsarbeiten und am Bau der Kapelle beteiligten sich neben ihrem Spender, der auch an ihrem Bau arbeitete, mehrere Gemeindemitglieder aus Zastra\u017ei\u0161\u0107e und Gdynj &#8211; Ivo Fistoni\u0107 aus Zastra\u017ei\u0161\u0107e und sein Sohn Ivica und Stjepan \u010curin aus Gdynia sowie Lena Gamulin aus Zastra\u017ei\u0161\u0107e die auch ihr Votivgeschenk der Votivkapelle schenkte.<\/p><\/div><\/div><div class='clear_column'><\/div><\/p>\n<p style=\"text-align: center;\"><em>(Izvor: \/ Quelle: <span style=\"color: #3366ff;\"><a style=\"color: #3366ff;\" href=\"https:\/\/ika.hkm.hr\/novosti\/hvar-blagoslovljena-nova-kapelica\/\">Informativna Katoli\u010dka Agencija<\/a><\/span>)<\/em><\/p>\n<p style=\"text-align: right;\"><span style=\"color: #3366ff;\"><a style=\"color: #3366ff;\" href=\"#seite_oben\">natrag na vrh \/ Seitenanfang<\/a><\/span><\/p>\n<hr \/>\n<p><strong>Linkovi \/ Links<\/strong><\/p>\n<p><span style=\"color: #3366ff;\"><a style=\"color: #3366ff;\" href=\"https:\/\/www.topohvar.at\/orte\/za\/za-is-09-1\/\">Spomen plo\u010da \/ Gedenktafel<\/a><\/span><\/p>\n","protected":false},"excerpt":{"rendered":"<p>Ime \/ Name Kapela \u00bbPresvetog Trojstva\u00ab \/ Dreifaltigkeitskapelle Code: ZA-CP-05\u00a0 \u00a0 \u00a0 \u00a0 \u00a0 \u00a0 \u00a0 \u00a0 \u00a0 \u00a0 \u00a0 \u00a0 \u00a0 \u00a0 \u00a0 \u00a0 \u00a0 \u00a0 \u00a0 \u00a0\u00a0 Adresa \/ Adresse Zastra\u017ei\u0161\u0107e,\u00a0Pokrivenik Lokalna polo\u017eaj \/ Position Latitude: N 43,14667\u00b0\u00a0 &hellip; <a href=\"https:\/\/www.topohvar.at\/topo\/orte\/za\/za-cp-05-1\/\">Weiterlesen <span class=\"meta-nav\">&rarr;<\/span><\/a><\/p>\n","protected":false},"author":1,"featured_media":0,"parent":115,"menu_order":0,"comment_status":"closed","ping_status":"closed","template":"","meta":{"footnotes":""},"class_list":["post-10719","page","type-page","status-publish","hentry"],"_links":{"self":[{"href":"https:\/\/www.topohvar.at\/topo\/wp-json\/wp\/v2\/pages\/10719","targetHints":{"allow":["GET"]}}],"collection":[{"href":"https:\/\/www.topohvar.at\/topo\/wp-json\/wp\/v2\/pages"}],"about":[{"href":"https:\/\/www.topohvar.at\/topo\/wp-json\/wp\/v2\/types\/page"}],"author":[{"embeddable":true,"href":"https:\/\/www.topohvar.at\/topo\/wp-json\/wp\/v2\/users\/1"}],"replies":[{"embeddable":true,"href":"https:\/\/www.topohvar.at\/topo\/wp-json\/wp\/v2\/comments?post=10719"}],"version-history":[{"count":9,"href":"https:\/\/www.topohvar.at\/topo\/wp-json\/wp\/v2\/pages\/10719\/revisions"}],"predecessor-version":[{"id":56918,"href":"https:\/\/www.topohvar.at\/topo\/wp-json\/wp\/v2\/pages\/10719\/revisions\/56918"}],"up":[{"embeddable":true,"href":"https:\/\/www.topohvar.at\/topo\/wp-json\/wp\/v2\/pages\/115"}],"wp:attachment":[{"href":"https:\/\/www.topohvar.at\/topo\/wp-json\/wp\/v2\/media?parent=10719"}],"curies":[{"name":"wp","href":"https:\/\/api.w.org\/{rel}","templated":true}]}}