{"id":10747,"date":"2018-09-10T09:00:59","date_gmt":"2018-09-10T07:00:59","guid":{"rendered":"https:\/\/www.topohvar.at\/?page_id=10747"},"modified":"2024-04-23T17:52:55","modified_gmt":"2024-04-23T15:52:55","slug":"za-in-01-1","status":"publish","type":"page","link":"https:\/\/www.topohvar.at\/topo\/orte\/za\/za-in-01-1\/","title":{"rendered":"ZASTRA\u017dI\u0160\u0106E &#8211; Natpis \u00bbMDCXXIIII na nadvratniku\u00ab"},"content":{"rendered":"<p><strong><img loading=\"lazy\" decoding=\"async\" class=\"aligncenter wp-image-54853 size-full\" src=\"https:\/\/www.topohvar.at\/wp-content\/uploads\/2021\/12\/za-in-01-1.jpg\" alt=\"\" width=\"1080\" height=\"530\" srcset=\"https:\/\/www.topohvar.at\/wp-content\/uploads\/2021\/12\/za-in-01-1.jpg 1080w, https:\/\/www.topohvar.at\/wp-content\/uploads\/2021\/12\/za-in-01-1-300x147.jpg 300w, https:\/\/www.topohvar.at\/wp-content\/uploads\/2021\/12\/za-in-01-1-1024x503.jpg 1024w, https:\/\/www.topohvar.at\/wp-content\/uploads\/2021\/12\/za-in-01-1-768x377.jpg 768w\" sizes=\"auto, (max-width: 1080px) 100vw, 1080px\" \/><\/strong><\/p>\n<p><strong>Ime \/ Name<br \/>\n<\/strong>Natpis \/ Inschrift \u00bbMDCXXIIII na nadvratniku\u00ab<\/p>\n<p><strong>Code: <\/strong>ZA-IN-01\u00a0 \u00a0 \u00a0 \u00a0 \u00a0 \u00a0 \u00a0 \u00a0 \u00a0 \u00a0 \u00a0 \u00a0 \u00a0 \u00a0 \u00a0 \u00a0 \u00a0 \u00a0 \u00a0 \u00a0\u00a0<strong><a href=\"https:\/\/www.topohvar.at\/orte\/za\/za-in-02-1\/\"><img loading=\"lazy\" decoding=\"async\" class=\"alignnone wp-image-533 size-full\" src=\"https:\/\/www.topohvar.at\/wp-content\/uploads\/2018\/07\/push-l-30.jpg\" alt=\"\" width=\"61\" height=\"30\" \/><\/a> <a href=\"https:\/\/www.topohvar.at\/orte\/za\/\"><img loading=\"lazy\" decoding=\"async\" class=\"alignnone wp-image-535 size-full\" src=\"https:\/\/www.topohvar.at\/wp-content\/uploads\/2018\/07\/push-o-30.jpg\" alt=\"\" width=\"61\" height=\"30\" \/><\/a> <a href=\"https:\/\/www.topohvar.at\/orte\/za\/za-in-03-1\/\"><img loading=\"lazy\" decoding=\"async\" class=\"alignnone wp-image-536 size-full\" src=\"https:\/\/www.topohvar.at\/wp-content\/uploads\/2018\/07\/push-r-30.jpg\" alt=\"\" width=\"61\" height=\"30\" \/><\/a><\/strong><\/p>\n<hr \/>\n<p><strong>Adresa \/ Adresse<br \/>\n<\/strong>Zastra\u017ei\u0161\u0107e (danas u Splitu)<\/p>\n<p><strong>Lokalna polo\u017eaj \/ Position<img loading=\"lazy\" decoding=\"async\" class=\"wp-image-387 size-full alignright\" src=\"https:\/\/www.topohvar.at\/wp-content\/uploads\/2018\/07\/00-00-00-1.jpg\" alt=\"\" width=\"114\" height=\"56\" \/><br \/>\n<\/strong><span style=\"color: #3366ff;\">Latitude: N 43\u00b0\u00a0 \u00a0Longitude: E 16\u00b0 <\/span><strong><br \/>\n<\/strong>Visina \/ H\u00f6he: &#8211; m<\/p>\n<p><strong>Zemlji\u0161te \/ Grundst\u00fccke<br \/>\n<\/strong>&#8211; <div class='content-column one_half'><div style=\"padding-right:6px;\"><p><strong>Datum snimanja \/ Erfassungsdatum<br \/>\n<\/strong>15.05.2018 12:00:00<\/p>\n<hr \/>\n<p><strong>Informacije<\/strong><\/p>\n<p>Sredi\u0161te imanja Angelini izvorno je bio veliki kompleks u Zastra\u017ei\u0161\u0107u koji je sagra\u0111en odmah po primitku investiture 1624. godine.<\/p>\n<p>U \u017eupnoj crkvi Sv. Nikola je hrvatski natpis:<\/p><\/div><\/div><div class='content-column one_half last_column'><div style=\"padding-right:0px;padding-left:6px;\"><p><strong>Za\u0161titni polo\u017eaj \/ Schutzstellung<br \/>\n<\/strong>&#8211;<\/p>\n<hr \/>\n<p><strong>Info<\/strong><\/p>\n<p>Ein gro\u00dfer Komplex in Zastra\u017ei\u0161\u0107e war urspr\u00fcnglich das Zentrum der Angelini in Zastra\u017ei\u0161\u0107e, das unmittelbar nach Erhalt der Investitur im Jahre 1624 errichtet wurde.\u00a0Das Wappen der An\u0111elinovi\u0107 und eine Inschrift auf dem T\u00fcrsturz, ehemals auf dem Turm des Herrenhauses sind erhalten.<\/p><\/div><\/div><div class='clear_column'><\/div><div class='content-column one_half'><div style=\"padding-right:6px;\"><p>Na nadvratniku je bio najstariji natpis na hrvatskom jeziku na isto\u010dnom dijelu otoka. Natpis je (izvorno nadvratnik ulazu vrata, sada u tri komada du\u017eine od 36, 40 i 76 cm a \u0161irine 14-18 cm) s kule\u00a0 skinuo oko 1930.g. dr. Grga Angelinovi\u0107, zajedno s grbom. Sada se nalazi u zbirci Budislava An\u0111elinovi\u0107a u Splitu. To je:<\/p><\/div><\/div><div class='content-column one_half last_column'><div style=\"padding-right:0px;padding-left:6px;\"><p>Am T\u00fcrsturz befand sich die \u00e4lteste Inschrift in kroatischer Sprache im \u00f6stlichen Teil der Insel. Die Inschrift (der Original- T\u00fcrsturz, jetzt in drei St\u00fccken mit L\u00e4ngen von 36, 40 und 76 cm und einer Breite 14-18 cm) wurde vom Turm zusammen mit dem Wappen um 1930 von Dr. Grga Angelinovi\u0107, entfernt. Sie befindet sich heute in der Sammlung Budislav\u00a0 An\u0111elinovi\u0107 in Split. Sie lautet:<\/p><\/div><\/div><div class='clear_column'><\/div><\/p>\n<p style=\"text-align: center;\">KOE YM DIDICIE STAVI ANGELINOVICHIEM OSTAVI MDCXXIIII<\/p>\n<div class='content-column one_half'><div style=\"padding-right:6px;\"><p>(stvorio Angelinovich i ostavio ga, 1624.)<\/p><\/div><\/div><div class='content-column one_half last_column'><div style=\"padding-right:0px;padding-left:6px;\"><p>(von An\u0111elinovi\u0107 erstellt und von ihm hinterlassen, 1624)<\/p><\/div><\/div><div class='clear_column'><\/div><div class='content-column one_half'><div style=\"padding-right:6px;\"><p>Kula je sagradio Gazar An\u0111elinovi\u0107 1624. godine, a dijelom sru\u0161en 1949. godine.<\/p><\/div><\/div><div class='content-column one_half last_column'><div style=\"padding-right:0px;padding-left:6px;\"><p>Der Turm wurde im Jahr 1624 von Gazar An\u0111elinovi\u0107 errichtet und 1949 zum Teil abgerissen.<\/p><\/div><\/div><div class='clear_column'><\/div><\/p>\n<hr \/>\n<p><strong>Linkovi \/ Links<\/strong><\/p>\n<p><span style=\"color: #3366ff;\"><strong><a style=\"color: #3366ff;\" href=\"https:\/\/www.topohvar.at\/topo\/orte\/za\/za-tg-02-1\/\">Vi\u0161e o obitelji Angelin \/ Mehr \u00fcber die Familie Angelini<\/a><\/strong><\/span><\/p>\n<p><span style=\"color: #3366ff;\"><a style=\"color: #3366ff;\" href=\"https:\/\/www.topohvar.at\/topo\/orte\/za\/za-tg-01-1\/\">ZASTRA\u017dI\u0160\u0106E \u2013 Veliki sklop \/ Baukomplex \u00bbAngelini\u00ab<\/a><\/span><br \/>\n<span style=\"color: #3366ff;\"><a style=\"color: #3366ff;\" href=\"https:\/\/www.topohvar.at\/topo\/orte\/za\/za-tg-03-1\/\">ZASTRA\u017dI\u0160\u0106E, \u010crvanj &#8211; Ku\u0107a \/ Haus \u00bbAngelini (Angjelinovi\u0107, kasnije \/ sp\u00e4ter Dubokovi\u0107 Nadalini)\u00ab<\/a>\u00a0<\/span><br \/>\n<span style=\"color: #3366ff;\"><a style=\"color: #3366ff;\" href=\"https:\/\/www.topohvar.at\/topo\/orte\/za\/za-tg-02-1\/\">ZASTRA\u017dI\u0160\u0106E, Vela Stiniva \u2013 Ljetnikovac \/ Sommerhaus \u00bbAngelini\u00ab<\/a><\/span><br \/>\n<span style=\"color: #3366ff;\"><a style=\"color: #3366ff;\" href=\"https:\/\/www.topohvar.at\/topo\/orte\/za\/za-td-01-1\/\">ZASTRA\u017dI\u0160\u0106E \u2013 Dvije kule u Zastra\u017ei\u0161\u0107u \/ zwei T\u00fcrme in Zastra\u017ei\u0161\u0107e<\/a><\/span><br \/>\n<span style=\"color: #3366ff;\"><a style=\"color: #3366ff;\" href=\"https:\/\/www.topohvar.at\/topo\/orte\/za\/za-ig-01-1\/\">ZASTRA\u017dI\u0160\u0106E \u2013 Grb \/ Wappen \u00bbAn\u0111elinovi\u0107-Angelini\u00ab<\/a><\/span><\/p>\n<p><span style=\"color: #3366ff;\"><a style=\"color: #3366ff;\" href=\"https:\/\/www.topohvar.at\/topo\/orte\/bo\/bo-tg-04-2\/\">BOGOMOLJE, Smrska \u2013 Ku\u0107a \/ Haus \u00bbAngelini (Angjelinovi\u0107, danas \/ heute Viskovi\u0107)\u00ab<\/a><\/span><br \/>\n<span style=\"color: #3366ff;\"><a style=\"color: #3366ff;\" href=\"https:\/\/www.topohvar.at\/topo\/orte\/je\/je-tg-08-1\/\">JELSA \u2013 Ku\u0107a \/ Haus \u00bbDr. Niko Dubokovi\u0107 Nadalini prije \/ vorher An\u0111elinovi\u0107<\/a> \u00ab<\/span><br \/>\n<span style=\"color: #3366ff;\"><a style=\"color: #3366ff;\" href=\"https:\/\/www.topohvar.at\/topo\/orte\/pr\/pr-tg-02-1\/\">PRAPATNA \u2013 Ku\u0107a \u00bbAngelini (Angjelinovi\u0107)\u00ab<\/a><\/span><\/p>\n<p><span style=\"color: #3366ff;\">\u00a0<\/span><\/p>\n","protected":false},"excerpt":{"rendered":"<p>Ime \/ Name Natpis \/ Inschrift \u00bbMDCXXIIII na nadvratniku\u00ab Code: ZA-IN-01\u00a0 \u00a0 \u00a0 \u00a0 \u00a0 \u00a0 \u00a0 \u00a0 \u00a0 \u00a0 \u00a0 \u00a0 \u00a0 \u00a0 \u00a0 \u00a0 \u00a0 \u00a0 \u00a0 \u00a0\u00a0 Adresa \/ Adresse Zastra\u017ei\u0161\u0107e (danas u Splitu) Lokalna polo\u017eaj \/ &hellip; <a href=\"https:\/\/www.topohvar.at\/topo\/orte\/za\/za-in-01-1\/\">Weiterlesen <span class=\"meta-nav\">&rarr;<\/span><\/a><\/p>\n","protected":false},"author":1,"featured_media":0,"parent":115,"menu_order":0,"comment_status":"closed","ping_status":"closed","template":"","meta":{"footnotes":""},"class_list":["post-10747","page","type-page","status-publish","hentry"],"_links":{"self":[{"href":"https:\/\/www.topohvar.at\/topo\/wp-json\/wp\/v2\/pages\/10747","targetHints":{"allow":["GET"]}}],"collection":[{"href":"https:\/\/www.topohvar.at\/topo\/wp-json\/wp\/v2\/pages"}],"about":[{"href":"https:\/\/www.topohvar.at\/topo\/wp-json\/wp\/v2\/types\/page"}],"author":[{"embeddable":true,"href":"https:\/\/www.topohvar.at\/topo\/wp-json\/wp\/v2\/users\/1"}],"replies":[{"embeddable":true,"href":"https:\/\/www.topohvar.at\/topo\/wp-json\/wp\/v2\/comments?post=10747"}],"version-history":[{"count":22,"href":"https:\/\/www.topohvar.at\/topo\/wp-json\/wp\/v2\/pages\/10747\/revisions"}],"predecessor-version":[{"id":66806,"href":"https:\/\/www.topohvar.at\/topo\/wp-json\/wp\/v2\/pages\/10747\/revisions\/66806"}],"up":[{"embeddable":true,"href":"https:\/\/www.topohvar.at\/topo\/wp-json\/wp\/v2\/pages\/115"}],"wp:attachment":[{"href":"https:\/\/www.topohvar.at\/topo\/wp-json\/wp\/v2\/media?parent=10747"}],"curies":[{"name":"wp","href":"https:\/\/api.w.org\/{rel}","templated":true}]}}