{"id":10753,"date":"2018-09-10T09:07:19","date_gmt":"2018-09-10T07:07:19","guid":{"rendered":"https:\/\/www.topohvar.at\/?page_id=10753"},"modified":"2020-04-27T08:03:45","modified_gmt":"2020-04-27T06:03:45","slug":"za-is-01-1","status":"publish","type":"page","link":"https:\/\/www.topohvar.at\/topo\/orte\/za\/za-is-01-1\/","title":{"rendered":"ZASTRA\u017dI\u0160\u0106E &#8211; Spomen plo\u010da \u00bbSrpnja 1924 g.\u00ab"},"content":{"rendered":"<p><strong><img loading=\"lazy\" decoding=\"async\" class=\"alignnone wp-image-10653 size-large\" src=\"https:\/\/www.topohvar.at\/wp-content\/uploads\/2018\/09\/ZA-IS-01-0-1024x503.jpg\" alt=\"\" width=\"640\" height=\"314\" srcset=\"https:\/\/www.topohvar.at\/wp-content\/uploads\/2018\/09\/ZA-IS-01-0-1024x503.jpg 1024w, https:\/\/www.topohvar.at\/wp-content\/uploads\/2018\/09\/ZA-IS-01-0-300x147.jpg 300w, https:\/\/www.topohvar.at\/wp-content\/uploads\/2018\/09\/ZA-IS-01-0-768x377.jpg 768w, https:\/\/www.topohvar.at\/wp-content\/uploads\/2018\/09\/ZA-IS-01-0.jpg 1080w\" sizes=\"auto, (max-width: 640px) 100vw, 640px\" \/><\/strong><\/p>\n<p><strong>Ime \/ Name<br \/>\n<\/strong>Spomen plo\u010da \u00bbSrpnja 1924 g.\u00ab \/ Gedenktafel an den Juli 1924<\/p>\n<p><strong>Code: <\/strong>ZA-IS-01\u00a0 \u00a0 \u00a0 \u00a0 \u00a0 \u00a0 \u00a0 \u00a0 \u00a0 \u00a0 \u00a0 \u00a0 \u00a0 \u00a0 \u00a0 \u00a0 \u00a0 \u00a0 \u00a0 \u00a0 <strong><a href=\"https:\/\/www.topohvar.at\/topo\/orte\/za\/za-ip-01-1\/\"><img loading=\"lazy\" decoding=\"async\" class=\"alignnone wp-image-12300 size-full\" src=\"https:\/\/www.topohvar.at\/wp-content\/uploads\/2018\/09\/push-vor-30.jpg\" alt=\"\" width=\"61\" height=\"30\" \/><\/a><\/strong> <strong><a href=\"https:\/\/www.topohvar.at\/orte\/za\/za-is-04-1\/\"><img loading=\"lazy\" decoding=\"async\" class=\"alignnone wp-image-533 size-full\" src=\"https:\/\/www.topohvar.at\/wp-content\/uploads\/2018\/07\/push-l-30.jpg\" alt=\"\" width=\"61\" height=\"30\" \/><\/a> <a href=\"https:\/\/www.topohvar.at\/orte\/za\/\"><img loading=\"lazy\" decoding=\"async\" class=\"alignnone wp-image-535 size-full\" src=\"https:\/\/www.topohvar.at\/wp-content\/uploads\/2018\/07\/push-o-30.jpg\" alt=\"\" width=\"61\" height=\"30\" \/><\/a> <a href=\"https:\/\/www.topohvar.at\/orte\/za\/za-is-02-1\/\"><img loading=\"lazy\" decoding=\"async\" class=\"alignnone wp-image-536 size-full\" src=\"https:\/\/www.topohvar.at\/wp-content\/uploads\/2018\/07\/push-r-30.jpg\" alt=\"\" width=\"61\" height=\"30\" \/><\/a><\/strong><\/p>\n<hr \/>\n<p><strong>Adresa \/ Adresse<br \/>\n<\/strong>Zastra\u017ei\u0161\u0107e, u zidu ku\u0107i na glavnoj cesti DC-116 \/ auf einem Geb\u00e4ude an der Hauptstra\u00dfe DC-116<\/p>\n<p><strong>Lokalna polo\u017eaj \/ Position<a href=\"https:\/\/goo.gl\/maps\/5Ngt3q1gBDhW8XKM9\"><img loading=\"lazy\" decoding=\"async\" class=\"alignright wp-image-10960\" src=\"https:\/\/www.topohvar.at\/wp-content\/uploads\/2018\/09\/0960.jpg\" alt=\"\" width=\"134\" height=\"100\" \/><\/a><br \/>\n<\/strong><span style=\"color: #3366ff;\"><a style=\"color: #3366ff;\" href=\"https:\/\/goo.gl\/maps\/5Ngt3q1gBDhW8XKM9\">Latitude: N 43,14430\u00b0\u00a0 \u00a0Longitude: E 16,84170\u00b0<\/a> <\/span><strong><br \/>\n<\/strong>Visina \/ H\u00f6he: 176 m<\/p>\n<p><strong>Zemlji\u0161te \/ Grundst\u00fccke<br \/>\n<\/strong>1763\/7\u00a0<div class='content-column one_half'><div style=\"padding-right:6px;\"><p><strong>Datum snimanja \/ Erfassungsdatum<br \/>\n<\/strong>17.05.2018 16:24:00<\/p>\n<hr \/>\n<p><strong>Informacije<\/strong><\/p>\n<p>Natpis na zgradi zadruge:<\/p>\n<p>SRPNJA 1924 GODINE NAROD<br \/>\nZASTRA\u017dI\u0160\u0106A DIGAO SE NA ORU\u017dANU<br \/>\nBUNU PROTIV VELEPOSJEDNIKA I<br \/>\n\u017dANDARA POD GESLOM:<\/p>\n<p style=\"padding-left: 60px;\">MI DOHOKA NE DAMO<br \/>\nVE\u0106 GA KU\u0106I GONIMO<br \/>\nJER JE PRAVO I PO\u0160TENO<br \/>\nDA ZA SEBE RADIMO<\/p>\n<p style=\"padding-left: 120px;\">ZASTRA\u017dI\u0160\u0106E 1984<\/p><\/div><\/div><div class='content-column one_half last_column'><div style=\"padding-right:0px;padding-left:6px;\"><p><strong>Za\u0161titni polo\u017eaj \/ Schutzstellung<br \/>\n<\/strong>&#8211;<\/p>\n<hr \/>\n<p><strong>Info<\/strong><\/p>\n<p>Inschrift auf dem Geb\u00e4ude der Genossenschaft:<\/p>\n<p>Im Juli 1924 rebellierte das Volk<br \/>\nvon Zastra\u017ei\u0161\u0107e, in einem bewaffneten<br \/>\nAufstand\u00a0unter Get\u00f6se gegen Gro\u00dfgrundbesitzer<br \/>\nund Gendarmen unter dem Motto:<\/p>\n<p style=\"padding-left: 60px;\">Wir verkaufen nichts<br \/>\nsondern bringen es nach Hause<br \/>\nweil es richtig und fair ist<br \/>\ndass wir f\u00fcr uns selbst arbeiten<\/p>\n<p style=\"padding-left: 120px;\">Zastra\u017ei\u0161\u0107e 1984<\/p><\/div><\/div><div class='clear_column'><\/div><\/p>\n<hr \/>\n<div class='content-column one_half'><div style=\"padding-right:6px;\"><p>Na ku\u0107i je jo\u0161 jedna plo\u010da.<\/p><\/div><\/div><div class='content-column one_half last_column'><div style=\"padding-right:0px;padding-left:6px;\"><p>Am Haus befindet sich eine weitere Gedenktafel.<\/p><\/div><\/div><div class='clear_column'><\/div><\/p>\n<hr \/>\n<p><strong>Linkovi \/ Links<\/strong><\/p>\n<p><span style=\"color: #3366ff;\"><a style=\"color: #3366ff;\" href=\"https:\/\/www.topohvar.at\/orte\/za\/za-is-02-1\/\">Spomen plo\u010da \/ Gedenktafel \u00bb1. 1. 1942\u00ab<\/a><\/span><\/p>\n","protected":false},"excerpt":{"rendered":"<p>Ime \/ Name Spomen plo\u010da \u00bbSrpnja 1924 g.\u00ab \/ Gedenktafel an den Juli 1924 Code: ZA-IS-01\u00a0 \u00a0 \u00a0 \u00a0 \u00a0 \u00a0 \u00a0 \u00a0 \u00a0 \u00a0 \u00a0 \u00a0 \u00a0 \u00a0 \u00a0 \u00a0 \u00a0 \u00a0 \u00a0 \u00a0 Adresa \/ Adresse Zastra\u017ei\u0161\u0107e, u &hellip; <a href=\"https:\/\/www.topohvar.at\/topo\/orte\/za\/za-is-01-1\/\">Weiterlesen <span class=\"meta-nav\">&rarr;<\/span><\/a><\/p>\n","protected":false},"author":1,"featured_media":0,"parent":115,"menu_order":0,"comment_status":"closed","ping_status":"closed","template":"","meta":{"footnotes":""},"class_list":["post-10753","page","type-page","status-publish","hentry"],"_links":{"self":[{"href":"https:\/\/www.topohvar.at\/topo\/wp-json\/wp\/v2\/pages\/10753","targetHints":{"allow":["GET"]}}],"collection":[{"href":"https:\/\/www.topohvar.at\/topo\/wp-json\/wp\/v2\/pages"}],"about":[{"href":"https:\/\/www.topohvar.at\/topo\/wp-json\/wp\/v2\/types\/page"}],"author":[{"embeddable":true,"href":"https:\/\/www.topohvar.at\/topo\/wp-json\/wp\/v2\/users\/1"}],"replies":[{"embeddable":true,"href":"https:\/\/www.topohvar.at\/topo\/wp-json\/wp\/v2\/comments?post=10753"}],"version-history":[{"count":11,"href":"https:\/\/www.topohvar.at\/topo\/wp-json\/wp\/v2\/pages\/10753\/revisions"}],"predecessor-version":[{"id":36219,"href":"https:\/\/www.topohvar.at\/topo\/wp-json\/wp\/v2\/pages\/10753\/revisions\/36219"}],"up":[{"embeddable":true,"href":"https:\/\/www.topohvar.at\/topo\/wp-json\/wp\/v2\/pages\/115"}],"wp:attachment":[{"href":"https:\/\/www.topohvar.at\/topo\/wp-json\/wp\/v2\/media?parent=10753"}],"curies":[{"name":"wp","href":"https:\/\/api.w.org\/{rel}","templated":true}]}}