{"id":10759,"date":"2018-09-10T09:11:43","date_gmt":"2018-09-10T07:11:43","guid":{"rendered":"https:\/\/www.topohvar.at\/?page_id=10759"},"modified":"2020-04-27T08:04:54","modified_gmt":"2020-04-27T06:04:54","slug":"za-is-07-1","status":"publish","type":"page","link":"https:\/\/www.topohvar.at\/topo\/orte\/za\/za-is-07-1\/","title":{"rendered":"ZASTRA\u017dI\u0160\u0106E &#8211; Spomen plo\u010da \u00bbSpomenik obnovio 1977\u00ab"},"content":{"rendered":"<p><strong><img loading=\"lazy\" decoding=\"async\" class=\"alignnone wp-image-10659 size-large\" src=\"https:\/\/www.topohvar.at\/wp-content\/uploads\/2018\/09\/za-is-07-0-1024x503.jpg\" alt=\"\" width=\"640\" height=\"314\" srcset=\"https:\/\/www.topohvar.at\/wp-content\/uploads\/2018\/09\/za-is-07-0-1024x503.jpg 1024w, https:\/\/www.topohvar.at\/wp-content\/uploads\/2018\/09\/za-is-07-0-300x147.jpg 300w, https:\/\/www.topohvar.at\/wp-content\/uploads\/2018\/09\/za-is-07-0-768x377.jpg 768w, https:\/\/www.topohvar.at\/wp-content\/uploads\/2018\/09\/za-is-07-0.jpg 1080w\" sizes=\"auto, (max-width: 640px) 100vw, 640px\" \/><\/strong><\/p>\n<p><strong>Ime \/ Name<br \/>\n<\/strong>Spomen plo\u010da \u00bbSpomenik obnovio 1977\u00ab \/ Gedenktafel \u00fcber die Erneuerung des Denkmals<\/p>\n<p><strong>Code: <\/strong>ZA-IS-07\u00a0 \u00a0 \u00a0 \u00a0 \u00a0 \u00a0 \u00a0 \u00a0 \u00a0 \u00a0 \u00a0 \u00a0 \u00a0 \u00a0 \u00a0 \u00a0 \u00a0 \u00a0 \u00a0 \u00a0 <strong><a href=\"https:\/\/www.topohvar.at\/topo\/orte\/za\/za-ip-01-1\/\"><img loading=\"lazy\" decoding=\"async\" class=\"alignnone wp-image-12300 size-full\" src=\"https:\/\/www.topohvar.at\/wp-content\/uploads\/2018\/09\/push-vor-30.jpg\" alt=\"\" width=\"61\" height=\"30\" \/><\/a><\/strong> <strong><a href=\"https:\/\/www.topohvar.at\/orte\/za\/za-is-06-1\/\"><img loading=\"lazy\" decoding=\"async\" class=\"alignnone wp-image-533 size-full\" src=\"https:\/\/www.topohvar.at\/wp-content\/uploads\/2018\/07\/push-l-30.jpg\" alt=\"\" width=\"61\" height=\"30\" \/><\/a> <a href=\"https:\/\/www.topohvar.at\/orte\/za\/\"><img loading=\"lazy\" decoding=\"async\" class=\"alignnone wp-image-535 size-full\" src=\"https:\/\/www.topohvar.at\/wp-content\/uploads\/2018\/07\/push-o-30.jpg\" alt=\"\" width=\"61\" height=\"30\" \/><\/a> <a href=\"https:\/\/www.topohvar.at\/orte\/za\/za-is-08-1\/\"><img loading=\"lazy\" decoding=\"async\" class=\"alignnone wp-image-536 size-full\" src=\"https:\/\/www.topohvar.at\/wp-content\/uploads\/2018\/07\/push-r-30.jpg\" alt=\"\" width=\"61\" height=\"30\" \/><\/a><\/strong><\/p>\n<hr \/>\n<p><strong>Adresa \/ Adresse<br \/>\n<\/strong>Zastra\u017ei\u0161\u0107e, spomenik palim borcima, DC-116 \/ Denkmal an die Gefallenen an der Hauptstra\u00dfe DC-116<\/p>\n<p><strong>Lokalna polo\u017eaj \/ Position<a href=\"https:\/\/goo.gl\/maps\/p5UHu66Sc66TYiT86\"><img loading=\"lazy\" decoding=\"async\" class=\"alignright wp-image-10973\" src=\"https:\/\/www.topohvar.at\/wp-content\/uploads\/2018\/09\/0962.jpg\" alt=\"\" width=\"134\" height=\"100\" \/><\/a><br \/>\n<\/strong><span style=\"color: #3366ff;\"><a style=\"color: #3366ff;\" href=\"https:\/\/goo.gl\/maps\/p5UHu66Sc66TYiT86\">Latitude: N 43,14418\u00b0\u00a0 \u00a0Longitude: E 16,84104\u00b0<\/a> <\/span><strong><br \/>\n<\/strong>Visina \/ H\u00f6he: 173 m<\/p>\n<p><strong>Zemlji\u0161te \/ Grundst\u00fccke<br \/>\n<\/strong>1793\/1\u00a0<div class='content-column one_half'><div style=\"padding-right:6px;\"><p><strong>Datum snimanja \/ Erfassungsdatum<br \/>\n<\/strong>15.05.2014 10:59:11<\/p>\n<hr \/>\n<p><strong>Informacije<\/strong><\/p>\n<p>Na Spomenik palima<\/p>\n<p>Natpis:<\/p>\n<p style=\"text-align: center;\">SPOMENIK OBNOVIO<br \/>\nANTE BARBARI\u0106 \u2013 TONI<br \/>\nISELJENIK IZ AUSTRALIJE<br \/>\nZAHVALNI MJE\u0160TANI<br \/>\nZASTRA\u017dI\u0160\u0106A\u00a0 \u00a0 \u00a0 \u00a0 \u00a0 \u00a0 \u00a0 \u00a0 \u00a01977<\/p><\/div><\/div><div class='content-column one_half last_column'><div style=\"padding-right:0px;padding-left:6px;\"><p><strong>Za\u0161titni polo\u017eaj \/ Schutzstellung<br \/>\n<\/strong>&#8211;<\/p>\n<hr \/>\n<p><strong>Info<\/strong><\/p>\n<p>Beim Denkmal f\u00fcr die Gefallenen<\/p>\n<p>Inschrift:<\/p>\n<p style=\"text-align: center;\">Das Denkmal wurde erneuert<br \/>\nvon Ante Barbari\u0107\u2013Toni,<br \/>\nAuswanderer nach Australien<br \/>\nDie dankbaren Einwohner<br \/>\nZastra\u017ei\u0161\u0107e\u00a0 \u00a0 \u00a0 \u00a0 \u00a0 \u00a0 \u00a0 \u00a0 \u00a0 \u00a01977<\/p><\/div><\/div><div class='clear_column'><\/div><\/p>\n<hr \/>\n<p><strong>Linkovi \/ Links<\/strong><\/p>\n<p><span style=\"color: #3366ff;\"><a style=\"color: #3366ff;\" href=\"https:\/\/www.topohvar.at\/orte\/za\/za-mo-01-1\/\">Spomenik palim borcima\u00a0\u00bbNOR-a\u00ab \/ Denkmal an die Gefallenen des Nationalen Befreiungskampfes<\/a><\/span><\/p>\n","protected":false},"excerpt":{"rendered":"<p>Ime \/ Name Spomen plo\u010da \u00bbSpomenik obnovio 1977\u00ab \/ Gedenktafel \u00fcber die Erneuerung des Denkmals Code: ZA-IS-07\u00a0 \u00a0 \u00a0 \u00a0 \u00a0 \u00a0 \u00a0 \u00a0 \u00a0 \u00a0 \u00a0 \u00a0 \u00a0 \u00a0 \u00a0 \u00a0 \u00a0 \u00a0 \u00a0 \u00a0 Adresa \/ Adresse Zastra\u017ei\u0161\u0107e, &hellip; <a href=\"https:\/\/www.topohvar.at\/topo\/orte\/za\/za-is-07-1\/\">Weiterlesen <span class=\"meta-nav\">&rarr;<\/span><\/a><\/p>\n","protected":false},"author":1,"featured_media":0,"parent":115,"menu_order":0,"comment_status":"closed","ping_status":"closed","template":"","meta":{"footnotes":""},"class_list":["post-10759","page","type-page","status-publish","hentry"],"_links":{"self":[{"href":"https:\/\/www.topohvar.at\/topo\/wp-json\/wp\/v2\/pages\/10759","targetHints":{"allow":["GET"]}}],"collection":[{"href":"https:\/\/www.topohvar.at\/topo\/wp-json\/wp\/v2\/pages"}],"about":[{"href":"https:\/\/www.topohvar.at\/topo\/wp-json\/wp\/v2\/types\/page"}],"author":[{"embeddable":true,"href":"https:\/\/www.topohvar.at\/topo\/wp-json\/wp\/v2\/users\/1"}],"replies":[{"embeddable":true,"href":"https:\/\/www.topohvar.at\/topo\/wp-json\/wp\/v2\/comments?post=10759"}],"version-history":[{"count":8,"href":"https:\/\/www.topohvar.at\/topo\/wp-json\/wp\/v2\/pages\/10759\/revisions"}],"predecessor-version":[{"id":36222,"href":"https:\/\/www.topohvar.at\/topo\/wp-json\/wp\/v2\/pages\/10759\/revisions\/36222"}],"up":[{"embeddable":true,"href":"https:\/\/www.topohvar.at\/topo\/wp-json\/wp\/v2\/pages\/115"}],"wp:attachment":[{"href":"https:\/\/www.topohvar.at\/topo\/wp-json\/wp\/v2\/media?parent=10759"}],"curies":[{"name":"wp","href":"https:\/\/api.w.org\/{rel}","templated":true}]}}