{"id":10767,"date":"2018-09-10T09:19:16","date_gmt":"2018-09-10T07:19:16","guid":{"rendered":"https:\/\/www.topohvar.at\/?page_id=10767"},"modified":"2020-09-30T07:13:54","modified_gmt":"2020-09-30T05:13:54","slug":"za-mo-01-1","status":"publish","type":"page","link":"https:\/\/www.topohvar.at\/topo\/orte\/za\/za-mo-01-1\/","title":{"rendered":"ZASTRA\u017dI\u0160\u0106E &#8211; Spomenik palim borcima\u00a0\u00bbNOR-a\u00ab"},"content":{"rendered":"<p><strong><img loading=\"lazy\" decoding=\"async\" class=\"alignnone wp-image-10661 size-large\" src=\"https:\/\/www.topohvar.at\/wp-content\/uploads\/2018\/09\/ZA-MO-01-0-1024x503.jpg\" alt=\"\" width=\"640\" height=\"314\" srcset=\"https:\/\/www.topohvar.at\/wp-content\/uploads\/2018\/09\/ZA-MO-01-0-1024x503.jpg 1024w, https:\/\/www.topohvar.at\/wp-content\/uploads\/2018\/09\/ZA-MO-01-0-300x147.jpg 300w, https:\/\/www.topohvar.at\/wp-content\/uploads\/2018\/09\/ZA-MO-01-0-768x377.jpg 768w, https:\/\/www.topohvar.at\/wp-content\/uploads\/2018\/09\/ZA-MO-01-0.jpg 1080w\" sizes=\"auto, (max-width: 640px) 100vw, 640px\" \/><\/strong><\/p>\n<p><strong>Ime \/ Name<br \/>\n<\/strong>Spomenik palim borcima\u00a0\u00bbNOR-a\u00ab \/ Denkmal f\u00fcr die Gefallenen des Nationalen Befreiungskampfes<\/p>\n<p><strong>Code: <\/strong>ZA-MO-01\u00a0 \u00a0 \u00a0 \u00a0 \u00a0 \u00a0 \u00a0 \u00a0 \u00a0 \u00a0 \u00a0 \u00a0 \u00a0 \u00a0 \u00a0 \u00a0 \u00a0 \u00a0 \u00a0 \u00a0\u00a0<strong><a href=\"https:\/\/www.topohvar.at\/orte\/za\/za-mo-03-1\/\"><img loading=\"lazy\" decoding=\"async\" class=\"alignnone wp-image-533 size-full\" src=\"https:\/\/www.topohvar.at\/wp-content\/uploads\/2018\/07\/push-l-30.jpg\" alt=\"\" width=\"61\" height=\"30\" \/><\/a> <a href=\"https:\/\/www.topohvar.at\/orte\/za\/\"><img loading=\"lazy\" decoding=\"async\" class=\"alignnone wp-image-535 size-full\" src=\"https:\/\/www.topohvar.at\/wp-content\/uploads\/2018\/07\/push-o-30.jpg\" alt=\"\" width=\"61\" height=\"30\" \/><\/a> <a href=\"https:\/\/www.topohvar.at\/orte\/za\/za-mo-04-1\/\"><img loading=\"lazy\" decoding=\"async\" class=\"alignnone wp-image-536 size-full\" src=\"https:\/\/www.topohvar.at\/wp-content\/uploads\/2018\/07\/push-r-30.jpg\" alt=\"\" width=\"61\" height=\"30\" \/><\/a><\/strong><\/p>\n<hr \/>\n<p><strong>Adresa \/ Adresse<br \/>\n<\/strong>Zastra\u017ei\u0161\u0107e, na glavnoj cesti DC-116 \/ an der Hauptstra\u00dfe DC-116<\/p>\n<p><strong>Lokalna polo\u017eaj \/ Position<a href=\"https:\/\/goo.gl\/maps\/SPsbvvmPS6Fq9jGz6\"><img loading=\"lazy\" decoding=\"async\" class=\"alignright wp-image-10973\" src=\"https:\/\/www.topohvar.at\/wp-content\/uploads\/2018\/09\/0962.jpg\" alt=\"\" width=\"134\" height=\"100\" \/><\/a><br \/>\n<\/strong><span style=\"color: #3366ff;\"><a style=\"color: #3366ff;\" href=\"https:\/\/goo.gl\/maps\/SPsbvvmPS6Fq9jGz6\">Latitude: N 43,14418\u00b0\u00a0 \u00a0Longitude: E 16,84104\u00b0<\/a> <\/span><strong><br \/>\n<\/strong>Visina \/ H\u00f6he: 173 m<\/p>\n<p><strong>Zemlji\u0161te \/ Grundst\u00fccke<br \/>\n<\/strong>1793\/1\u00a0<div class='content-column one_half'><div style=\"padding-right:6px;\"><p><strong>Datum snimanja \/ Erfassungsdatum<br \/>\n<\/strong>15.05.2014 10:59:11<\/p>\n<hr \/>\n<p><strong>Informacije<\/strong><\/p>\n<p>Spomen plo\u010da postavljena je na kamenom zidu uz cestu, ogra\u0111ena kamenom ogradom. Izgra\u0111ena je od tamnog mramora, dimenzije 75 x 91 cm. Podignuta je u spomen palim borcima Zastra\u017ei\u0161\u0107a.<\/p><\/div><\/div><div class='content-column one_half last_column'><div style=\"padding-right:0px;padding-left:6px;\"><p><strong>Za\u0161titni polo\u017eaj \/ Schutzstellung<br \/>\n<\/strong>&#8211;<\/p>\n<hr \/>\n<p><strong>Info<\/strong><\/p>\n<p>Die Gedenktafel wurde neben der Stra\u00dfe auf einem Steinsockel der von einer Steinmauer umgeben ist errichtet. Sie besteht aus dunklem Marmor in den Ma\u00dfen 75 x 91 cm. Das Denkmal wurde in Erinnerung an die gefallenen Soldaten von Zastra\u017ei\u0161\u0107e gebaut.<\/p><\/div><\/div><div class='clear_column'><\/div><div class='content-column one_half'><div style=\"padding-right:6px;\"><p>Spomenik postavila Mjesna organizacija SUBNOR-a, 27.7.1955. godine, uz Dan ustanika naroda Hrvatske.<\/p><\/div><\/div><div class='content-column one_half last_column'><div style=\"padding-right:0px;padding-left:6px;\"><p>Das Denkmal wurde durch die \u00f6rtliche Vereinigung der Soldarten des Nationalen Befreiungskampfes am 27.7.1955, dem Tag des Aufstandes des kroatischen Volkes errichtet.<\/p><\/div><\/div><div class='clear_column'><\/div><div class='content-column one_half'><div style=\"padding-right:6px;\"><p>Natpis:<\/p>\n<p>VI PADOSTE \u017dRTVOM KRV. \u017dIVOT I MLADOST ONODOSTE SVE RADI SLOBODE.<\/p>\n<p>PROLAZNI\u010cE, IMENA DRUGOVA OVDJE UPISANIH. SVOJOM SU KRVLJU ZALILI NA\u0160U ZEMLJU ZA \u010cAST I SLOBODU, ZA DEMOKRACIJU, SOCIJALIZAM I BOLJI \u017dIVOT U BORBI PROTIV FA\u0160IZMA<\/p>\n<p>OD 1941. DO 1945. GOD.<\/p><\/div><\/div><div class='content-column one_half last_column'><div style=\"padding-right:0px;padding-left:6px;\"><p>Inschrift:<\/p>\n<p>Ihr seid gefallen mit geopfertem Leben und Jugend gabt ihr f\u00fcr die Freiheit.<\/p>\n<p>Passanten, die Kameraden deren Namen hier eingetragen sind haben ihr Blut im Kampf gegen den Faschismus f\u00fcr unser Land vergossen, f\u00fcr Ehre und Freiheit, f\u00fcr Demokratie, Sozialismus und ein besseres Leben.<br \/>\nVon 1941 bis 1945.<\/p><\/div><\/div><div class='clear_column'><\/div><div class='content-column one_half'><div style=\"padding-right:6px;\"><p style=\"text-align: left; padding-left: 90px;\">PALI BORCI<\/p>\n<p style=\"padding-left: 90px;\">1. FISTONI\u0106 J. JAKOV<br \/>\n2. FISTONI\u0106 S. AMBROZ<br \/>\n3. FISTONI\u0106 J. SLAVO<br \/>\n4. JERKOVI\u0106 T. STJEPAN<br \/>\n5. JERKOVI\u0106 T. ALBERT<br \/>\n6. JERKOVI\u0106 J. STJEPAN<br \/>\n7. STRADIOT D. IVO<br \/>\n8. STRADIOT I. VINKO<br \/>\n9. BUCAT A. NADO<\/p>\n<p>VJE\u010cNA SLAVA PALIM DRUGOVIMA!<\/p>\n<p>U ZNAK SJEI\u0106ANJA NA POGINULE BORCE PODI\u017dE NAROD ZASTRA\u017dI\u0160\u0106A.<br \/>\nZASTRA\u017dI\u0160\u0106E 27. JULA 1955<\/p><\/div><\/div><div class='content-column one_half last_column'><div style=\"padding-right:0px;padding-left:6px;\"><p style=\"text-align: left; padding-left: 90px;\">Gefallene K\u00e4mpfer<\/p>\n<p style=\"padding-left: 90px;\">10. BUCAT N. STJEPAN<br \/>\n11. MATELJAN A. STJEPAN<br \/>\n12. ZE\u010cI\u0106 A. LOVRE<br \/>\n13. KUZMI\u010cI\u0106 S. JURAJ<br \/>\n14. ZANINOVI\u0106 N. NIKOLA<br \/>\n15. STIPINOVI\u0106 J. MIRO<br \/>\n16. DRAGI\u010cEVI\u0106 M. JURJA<br \/>\n17. BERO\u0160 A. MATE<br \/>\n<span style=\"color: #ffffff;\">18<\/span><\/p>\n<p>Ewiger Ruhm den gefallenen Kameraden!<\/p>\n<p>Errichtet in Gedenken an die gefallenen Soldaten von der Bev\u00f6lkerung von Zastra\u017ei\u0161\u0107e.<br \/>\nZastra\u017ei\u0161\u0107e am 27. Juli 1955<\/p>\n<p style=\"padding-left: 90px;\"><\/div><\/div><div class='clear_column'><\/div><\/p>\n<hr \/>\n<p><strong>Linkovi \/ Links<\/strong><\/p>\n<p><span style=\"color: #3366ff;\"><a style=\"color: #3366ff;\" href=\"https:\/\/www.topohvar.at\/orte\/za\/za-is-07-1\/\">Spomen plo\u010da \u00bbSpomenik obnovio 1977\u00ab \/ Gedenktafel \u00fcber die Erneuerung des Denkmals<\/a><\/span><\/p>\n","protected":false},"excerpt":{"rendered":"<p>Ime \/ Name Spomenik palim borcima\u00a0\u00bbNOR-a\u00ab \/ Denkmal f\u00fcr die Gefallenen des Nationalen Befreiungskampfes Code: ZA-MO-01\u00a0 \u00a0 \u00a0 \u00a0 \u00a0 \u00a0 \u00a0 \u00a0 \u00a0 \u00a0 \u00a0 \u00a0 \u00a0 \u00a0 \u00a0 \u00a0 \u00a0 \u00a0 \u00a0 \u00a0\u00a0 Adresa \/ Adresse Zastra\u017ei\u0161\u0107e, na &hellip; <a href=\"https:\/\/www.topohvar.at\/topo\/orte\/za\/za-mo-01-1\/\">Weiterlesen <span class=\"meta-nav\">&rarr;<\/span><\/a><\/p>\n","protected":false},"author":1,"featured_media":0,"parent":115,"menu_order":0,"comment_status":"closed","ping_status":"closed","template":"","meta":{"footnotes":""},"class_list":["post-10767","page","type-page","status-publish","hentry"],"_links":{"self":[{"href":"https:\/\/www.topohvar.at\/topo\/wp-json\/wp\/v2\/pages\/10767","targetHints":{"allow":["GET"]}}],"collection":[{"href":"https:\/\/www.topohvar.at\/topo\/wp-json\/wp\/v2\/pages"}],"about":[{"href":"https:\/\/www.topohvar.at\/topo\/wp-json\/wp\/v2\/types\/page"}],"author":[{"embeddable":true,"href":"https:\/\/www.topohvar.at\/topo\/wp-json\/wp\/v2\/users\/1"}],"replies":[{"embeddable":true,"href":"https:\/\/www.topohvar.at\/topo\/wp-json\/wp\/v2\/comments?post=10767"}],"version-history":[{"count":12,"href":"https:\/\/www.topohvar.at\/topo\/wp-json\/wp\/v2\/pages\/10767\/revisions"}],"predecessor-version":[{"id":41556,"href":"https:\/\/www.topohvar.at\/topo\/wp-json\/wp\/v2\/pages\/10767\/revisions\/41556"}],"up":[{"embeddable":true,"href":"https:\/\/www.topohvar.at\/topo\/wp-json\/wp\/v2\/pages\/115"}],"wp:attachment":[{"href":"https:\/\/www.topohvar.at\/topo\/wp-json\/wp\/v2\/media?parent=10767"}],"curies":[{"name":"wp","href":"https:\/\/api.w.org\/{rel}","templated":true}]}}