{"id":10770,"date":"2018-09-10T09:21:05","date_gmt":"2018-09-10T07:21:05","guid":{"rendered":"https:\/\/www.topohvar.at\/?page_id=10770"},"modified":"2020-09-30T07:14:23","modified_gmt":"2020-09-30T05:14:23","slug":"za-mo-02-1","status":"publish","type":"page","link":"https:\/\/www.topohvar.at\/topo\/orte\/za\/za-mo-02-1\/","title":{"rendered":"ZASTRA\u017dI\u0160\u0106E &#8211; Spomenik palim borcima \u00bbI. sv. Rat\u00ab"},"content":{"rendered":"<p><a name=\"seite_oben\"><\/a><br \/>\n<strong><img loading=\"lazy\" decoding=\"async\" class=\"alignnone wp-image-10662 size-large\" src=\"https:\/\/www.topohvar.at\/wp-content\/uploads\/2018\/09\/za-mo-02-0-1024x503.jpg\" alt=\"\" width=\"640\" height=\"314\" srcset=\"https:\/\/www.topohvar.at\/wp-content\/uploads\/2018\/09\/za-mo-02-0-1024x503.jpg 1024w, https:\/\/www.topohvar.at\/wp-content\/uploads\/2018\/09\/za-mo-02-0-300x147.jpg 300w, https:\/\/www.topohvar.at\/wp-content\/uploads\/2018\/09\/za-mo-02-0-768x377.jpg 768w, https:\/\/www.topohvar.at\/wp-content\/uploads\/2018\/09\/za-mo-02-0.jpg 1080w\" sizes=\"auto, (max-width: 640px) 100vw, 640px\" \/><\/strong><\/p>\n<p><strong>Ime \/ Name<br \/>\n<\/strong>Spomenik palim borcima \u00bbI. sv. Rat\u00ab \/ Denkmal an die Gefallenen des I. Weltkrieges<\/p>\n<p><strong>Code: <\/strong>ZA-MO-02\u00a0 \u00a0 \u00a0 \u00a0 \u00a0 \u00a0 \u00a0 \u00a0 \u00a0 \u00a0 \u00a0 \u00a0 \u00a0 \u00a0 \u00a0 \u00a0 \u00a0 \u00a0 \u00a0 \u00a0\u00a0<strong><a href=\"https:\/\/www.topohvar.at\/orte\/za\/za-mo-04-1\/\"><img loading=\"lazy\" decoding=\"async\" class=\"alignnone wp-image-533 size-full\" src=\"https:\/\/www.topohvar.at\/wp-content\/uploads\/2018\/07\/push-l-30.jpg\" alt=\"\" width=\"61\" height=\"30\" \/><\/a> <a href=\"https:\/\/www.topohvar.at\/orte\/za\/\"><img loading=\"lazy\" decoding=\"async\" class=\"alignnone wp-image-535 size-full\" src=\"https:\/\/www.topohvar.at\/wp-content\/uploads\/2018\/07\/push-o-30.jpg\" alt=\"\" width=\"61\" height=\"30\" \/><\/a> <a href=\"https:\/\/www.topohvar.at\/orte\/za\/za-mo-03-1\/\"><img loading=\"lazy\" decoding=\"async\" class=\"alignnone wp-image-536 size-full\" src=\"https:\/\/www.topohvar.at\/wp-content\/uploads\/2018\/07\/push-r-30.jpg\" alt=\"\" width=\"61\" height=\"30\" \/><\/a><\/strong><\/p>\n<hr \/>\n<p><strong>Adresa \/ Adresse<br \/>\n<\/strong>Zastra\u017ei\u0161\u0107e,\u00a0Mala Banda, groblje<\/p>\n<p><strong>Lokalna polo\u017eaj \/ Position<a href=\"https:\/\/goo.gl\/maps\/ykdPZQBAGeawX8vAA\"><img loading=\"lazy\" decoding=\"async\" class=\"alignright wp-image-10865\" src=\"https:\/\/www.topohvar.at\/wp-content\/uploads\/2018\/09\/0945.jpg\" alt=\"\" width=\"134\" height=\"100\" \/><\/a><br \/>\n<\/strong><span style=\"color: #3366ff;\"><a style=\"color: #3366ff;\" href=\"https:\/\/goo.gl\/maps\/ykdPZQBAGeawX8vAA\">Latitude: N 43,14727\u00b0\u00a0 \u00a0Longitude: E 16,84009\u00b0<\/a> <\/span><strong><br \/>\n<\/strong>Visina \/ H\u00f6he: 187 m<\/p>\n<p><strong>Zemlji\u0161te \/ Grundst\u00fccke<br \/>\n<\/strong>*144\/2\u00a0<div class='content-column one_half'><div style=\"padding-right:6px;\"><p><strong>Datum snimanja \/ Erfassungsdatum<br \/>\n<\/strong>17.05.2018 17:06:00<\/p>\n<hr \/>\n<p><strong>Informacije<\/strong><\/p>\n<p>U povodu stote godi\u0161njice po\u010detka Prvog svjetskog rata, u Zastra\u017ei\u0161\u0107ima je obnovljen spomenik palima u tom ratu. Ina\u010de, spomenik se nalazi na mjesnom groblju i s postoljem je visok 2,70 metara, a \u0161irok 2,50 metara. Na njemu su popisana trinaestorica Zastra\u017ei\u0161\u0107ana koji su kao unova\u010deni vojnici poginuli u dobi od 18 do 40 godina.<\/p><\/div><\/div><div class='content-column one_half last_column'><div style=\"padding-right:0px;padding-left:6px;\"><p><strong>Za\u0161titni polo\u017eaj \/ Schutzstellung<br \/>\n<\/strong>&#8211;<\/p>\n<hr \/>\n<p><strong>Info<\/strong><\/p>\n<p>Aus Anlass des hundertsten Jahrestages des Ausbruchs des Ersten Weltkrieges, wurde in Zastra\u017ei\u0161\u0107e das Denkmal der in diesem Krieg der Gefallenen erneuert. Das Denkmal befindet sich auf dem Friedhof und ist mit Sockel 2,70 Meter hoch und 2,50 Meter breit. Auf ihm werden dreizehn Personen aus Zastra\u017ei\u0161\u0107e aufgelistet die als Soldaten rekrutiert werden und im Alter von 18 bis 40 Jahren gestorben sind.<\/p><\/div><\/div><div class='clear_column'><\/div><div class='content-column one_half'><div style=\"padding-right:6px;\"><p>Godine 1977. obnovljen je spomenik (spomen plo\u010da).<\/p><\/div><\/div><div class='content-column one_half last_column'><div style=\"padding-right:0px;padding-left:6px;\"><p>Im Jahr 1977 wurde das Denkmal renoviert (Gedenktafel).<\/p><\/div><\/div><div class='clear_column'><\/div><div class='content-column one_half'><div style=\"padding-right:6px;\"><p>Natpis:<\/p>\n<p style=\"text-align: center;\">NA BOINOM POLJU U PRVOM SVJETSKOM RATU<br \/>\n1914 \u2013 1918 GOD.<br \/>\nPOLO\u017dISI SVOJ \u017dIVOT ZA DOMOVINU<br \/>\nZASTRA\u017dI\u0160\u0106ANI<\/p><\/div><\/div><div class='content-column one_half last_column'><div style=\"padding-right:0px;padding-left:6px;\"><p>Inschrift:<\/p>\n<p style=\"text-align: center;\">Auf den Schlachtfeldern des Ersten Weltkriegs<br \/>\n1914 &#8211; 1918<br \/>\nlie\u00dfen sie ihr Leben f\u00fcr die Heimat.<br \/>\nDie Bewohner von Zastra\u017ei\u0161\u0107e<\/p><\/div><\/div><div class='clear_column'><\/div><div class='content-column one_half'><div style=\"padding-right:6px;\"><p style=\"padding-left: 90px;\">JERKOVI\u0106 ANTE pok. FRANJE<br \/>\nBUCAT AMBROZ pok. LUKE<br \/>\nBARBARI\u0106 ANTE pok. JURJA<br \/>\n\u0160PERKA JURAJ pok. ANTE<br \/>\nBOLAN BARTUL pok. MATE<br \/>\nGVOZDIN MATE pok. GRGE<br \/>\nBARBARI\u0106 BARTUL pok. STJEPANA<br \/>\nBARBARI\u0106 FRANE pok. Ante<br \/>\nMATELJAN BABI\u0106 NIKOLA pok. LUKE<br \/>\nBEPOS IVAN pok.MATE<br \/>\nDRAGI\u010cEVI\u0106 STJEPAN pok. ANTE<br \/>\nFISTONI\u0106 IVAN pok. JAKOVA<br \/>\nRUDAN MATE pok. LUKE<\/p>\n<p style=\"text-align: center;\">NA VIECNU USPOMENU<br \/>\nPODI\u017dU U RATU 1941 GOD.<br \/>\nOBITELJI POGINULIJI<\/p><\/div><\/div><div class='content-column one_half last_column'><div style=\"padding-right:0px;padding-left:6px;\"><p>1817 \u2013 1916<br \/>\n1880 \u2013 1916<br \/>\n1883 \u2013 1915<br \/>\n1887 \u2013 1914<br \/>\n1890 \u2013 1915<br \/>\n1891 \u2013 1918<br \/>\n1892 \u2013 1914<br \/>\n1893 \u2013 1917<br \/>\n1894 \u2013 1916<br \/>\n1895 \u2013 1916<br \/>\n1896 \u2013 1916<br \/>\n1897 \u2013 1918<br \/>\n1898 \u2013 1916<\/p>\n<p style=\"text-align: left;\">\u00a0Zum ewigen Gedenken<br \/>\nan die im Krieg 1941 Gefallenen<br \/>\nErrichtet von den Familien<\/p><\/div><\/div><div class='clear_column'><\/div><\/p>\n<p style=\"text-align: right;\"><a href=\"#seite_oben\">gore \/ Seitenanfang<\/a><\/p>\n<hr \/>\n<p><strong>Linkovi \/ Links<\/strong><\/p>\n<p><span style=\"color: #3366ff;\"><a style=\"color: #3366ff;\" href=\"https:\/\/www.topohvar.at\/orte\/za\/za-og-02-1\/\">Novo groblje \/ Neuer Friedhof<\/a><\/span><\/p>\n","protected":false},"excerpt":{"rendered":"<p>Ime \/ Name Spomenik palim borcima \u00bbI. sv. Rat\u00ab \/ Denkmal an die Gefallenen des I. Weltkrieges Code: ZA-MO-02\u00a0 \u00a0 \u00a0 \u00a0 \u00a0 \u00a0 \u00a0 \u00a0 \u00a0 \u00a0 \u00a0 \u00a0 \u00a0 \u00a0 \u00a0 \u00a0 \u00a0 \u00a0 \u00a0 \u00a0\u00a0 Adresa \/ &hellip; <a href=\"https:\/\/www.topohvar.at\/topo\/orte\/za\/za-mo-02-1\/\">Weiterlesen <span class=\"meta-nav\">&rarr;<\/span><\/a><\/p>\n","protected":false},"author":1,"featured_media":0,"parent":115,"menu_order":0,"comment_status":"closed","ping_status":"closed","template":"","meta":{"footnotes":""},"class_list":["post-10770","page","type-page","status-publish","hentry"],"_links":{"self":[{"href":"https:\/\/www.topohvar.at\/topo\/wp-json\/wp\/v2\/pages\/10770","targetHints":{"allow":["GET"]}}],"collection":[{"href":"https:\/\/www.topohvar.at\/topo\/wp-json\/wp\/v2\/pages"}],"about":[{"href":"https:\/\/www.topohvar.at\/topo\/wp-json\/wp\/v2\/types\/page"}],"author":[{"embeddable":true,"href":"https:\/\/www.topohvar.at\/topo\/wp-json\/wp\/v2\/users\/1"}],"replies":[{"embeddable":true,"href":"https:\/\/www.topohvar.at\/topo\/wp-json\/wp\/v2\/comments?post=10770"}],"version-history":[{"count":16,"href":"https:\/\/www.topohvar.at\/topo\/wp-json\/wp\/v2\/pages\/10770\/revisions"}],"predecessor-version":[{"id":41557,"href":"https:\/\/www.topohvar.at\/topo\/wp-json\/wp\/v2\/pages\/10770\/revisions\/41557"}],"up":[{"embeddable":true,"href":"https:\/\/www.topohvar.at\/topo\/wp-json\/wp\/v2\/pages\/115"}],"wp:attachment":[{"href":"https:\/\/www.topohvar.at\/topo\/wp-json\/wp\/v2\/media?parent=10770"}],"curies":[{"name":"wp","href":"https:\/\/api.w.org\/{rel}","templated":true}]}}