{"id":10782,"date":"2018-09-10T09:31:05","date_gmt":"2018-09-10T07:31:05","guid":{"rendered":"https:\/\/www.topohvar.at\/?page_id=10782"},"modified":"2025-02-07T18:00:53","modified_gmt":"2025-02-07T17:00:53","slug":"za-po-01-1","status":"publish","type":"page","link":"https:\/\/www.topohvar.at\/topo\/orte\/za\/za-po-01-1\/","title":{"rendered":"ZASTRA\u017dI\u0160\u0106E &#8211; Arheolo\u0161ko nalazi\u0161te \u00bb\u0161pilja Badanj\u00ab"},"content":{"rendered":"<p><a name=\"seite_oben\"><\/a><br \/>\n<strong><img loading=\"lazy\" decoding=\"async\" class=\"alignnone wp-image-10668 size-large\" src=\"https:\/\/www.topohvar.at\/wp-content\/uploads\/2018\/09\/za-po-01-0-1024x503.jpg\" alt=\"\" width=\"640\" height=\"314\" srcset=\"https:\/\/www.topohvar.at\/wp-content\/uploads\/2018\/09\/za-po-01-0-1024x503.jpg 1024w, https:\/\/www.topohvar.at\/wp-content\/uploads\/2018\/09\/za-po-01-0-300x147.jpg 300w, https:\/\/www.topohvar.at\/wp-content\/uploads\/2018\/09\/za-po-01-0-768x377.jpg 768w, https:\/\/www.topohvar.at\/wp-content\/uploads\/2018\/09\/za-po-01-0.jpg 1080w\" sizes=\"auto, (max-width: 640px) 100vw, 640px\" \/><\/strong><\/p>\n<p><strong>Ime \/ Name<br \/>\n<\/strong>Arheolo\u0161ko nalazi\u0161te \u00bb\u0161pilja Badanj na uvalu Pokrivenik\u00ab \/ Arch\u00e4logische St\u00e4tte H\u00f6hle Badanj in der Bucht Pokrivenik<\/p>\n<p><strong>Code: <\/strong>ZA-PO-01\u00a0 \u00a0 \u00a0 \u00a0 \u00a0 \u00a0 \u00a0 \u00a0 \u00a0 \u00a0 \u00a0 \u00a0 \u00a0 \u00a0 \u00a0 \u00a0 \u00a0 \u00a0 \u00a0 \u00a0 \u00a0 \u00a0 <a href=\"https:\/\/www.topohvar.at\/orte\/za\/za-pg-00-1\/\"><img loading=\"lazy\" decoding=\"async\" class=\"alignnone wp-image-533 size-full\" src=\"https:\/\/www.topohvar.at\/wp-content\/uploads\/2018\/07\/push-l-30.jpg\" alt=\"\" width=\"61\" height=\"30\" \/><\/a><strong> <a href=\"https:\/\/www.topohvar.at\/orte\/za\/\"><img loading=\"lazy\" decoding=\"async\" class=\"alignnone wp-image-535 size-full\" src=\"https:\/\/www.topohvar.at\/wp-content\/uploads\/2018\/07\/push-o-30.jpg\" alt=\"\" width=\"61\" height=\"30\" \/><\/a> <a href=\"https:\/\/www.topohvar.at\/orte\/za\/za-po-02-1\/\"><img loading=\"lazy\" decoding=\"async\" class=\"alignnone wp-image-536 size-full\" src=\"https:\/\/www.topohvar.at\/wp-content\/uploads\/2018\/07\/push-r-30.jpg\" alt=\"\" width=\"61\" height=\"30\" \/><\/a><\/strong><\/p>\n<hr \/>\n<p><strong>Adresa \/ Adresse<br \/>\n<\/strong>Zastra\u017ei\u0161\u0107e,\u00a0Uvala \/ Bucht Pokrivenik<\/p>\n<p><strong>Lokalna polo\u017eaj \/ Position<a href=\"https:\/\/goo.gl\/maps\/EQ57RwWGbRbhiv4i7\"><img loading=\"lazy\" decoding=\"async\" class=\"alignright wp-image-11016\" src=\"https:\/\/www.topohvar.at\/wp-content\/uploads\/2018\/09\/1282.jpg\" alt=\"\" width=\"133\" height=\"100\" \/><\/a><br \/>\n<\/strong><span style=\"color: #3366ff;\"><a style=\"color: #3366ff;\" href=\"https:\/\/goo.gl\/maps\/EQ57RwWGbRbhiv4i7\">Latitude: N 43,14871\u00b0\u00a0 \u00a0Longitude: E 16,88367\u00b0<\/a> <\/span><strong><br \/>\n<\/strong>Visina \/ H\u00f6he: 20 m<\/p>\n<p><strong>Zemlji\u0161te \/ Grundst\u00fccke<br \/>\n<\/strong>2913 (ju\u017eno dio \/ s\u00fcdlicher Teil), 2920\/115\u00a0<div class='content-column one_half'><div style=\"padding-right:6px;\"><p><strong>Datum snimanja \/ Erfassungsdatum<br \/>\n<\/strong>10.10.2018 11:00:00<\/p>\n<hr \/>\n<p><strong>Informacije<\/strong><\/p>\n<p>\u0160pilja Badanj u Velom Pokarveniku je ujedno i najstarije ljudsko stani\u0161te na otoku s datumom od 17 000 godine prije nove ere. Tako\u0111er su potvr\u0111eni nalazi iz mla\u0111eg kamenog doba iz vremena Hvarske kulture koju je, u ovoj kao i u drugim \u0161piljama na otoku, otkrio Grga Novak.<\/p><\/div><\/div><div class='content-column one_half last_column'><div style=\"padding-right:0px;padding-left:6px;\"><p><strong>Za\u0161titni polo\u017eaj \/ Schutzstellung<br \/>\n<\/strong>Z-4634<\/p>\n<hr \/>\n<p><strong>Info<\/strong><\/p>\n<p>Die Badanj-H\u00f6hle in Veli Pokarvenik ist die \u00e4lteste menschliche Besiedlung der Insel und stammt aus dem Jahr 17.000 v. Chr. Best\u00e4tigt sind auch Funde aus der Jungsteinzeit aus der Zeit der Hvar-Kultur, die in dieser und anderen H\u00f6hlen der Insel von Grga Novak entdeckt wurden.<\/p><\/div><\/div><div class='clear_column'><\/div><\/p>\n<p style=\"text-align: center;\"><em>Info: Nik\u0161a Vujnovi\u0107, Facebook<\/em><\/p>\n<hr \/>\n<div class='content-column one_half'><div style=\"padding-right:6px;\"><p>Prapovijesna \u0161pilja nalazi se u uvali Pokrivenik, na sjevernoj strani otoka Hvara. Ulaz u \u0161pilju visok je 20 m, a vidljiv je ve\u0107 na ulazu u uvalu. \u0160pilja je duga 27 m., \u0161iroka u glavnoj osi 11 m, a njena najve\u0107a visina iznosi 17,50 m. Glavna prostorija se prostire u pravcu istok \u2013 zapad. Tlo \u0161pilje je koso polo\u017eeno. U sredini \u0161pilje se nalazi kameni blok visine i \u0161irine 2 m. na \u010dijoj isto\u010dnoj strani je na\u010dinjena ni\u0161a.<\/p><\/div><\/div><div class='content-column one_half last_column'><div style=\"padding-right:0px;padding-left:6px;\"><p>Die pr\u00e4historische H\u00f6hle befindet sich in der Bucht Pokrivenik auf der Nordseite der Insel Hvar. Der Eingang zur H\u00f6hle ist 20 m hoch und bereits am Eingang zur Bucht sichtbar. Die H\u00f6hle ist 27 m lang, 11 m breit in der Hauptachse und ihre maximale H\u00f6he betr\u00e4gt 17,50 m. Der Hauptraum erstreckt sich von Ost nach West. Der Boden der H\u00f6hle ist geneigt. In der Mitte der H\u00f6hle befindet sich ein 2 m hoher Steinblock, auf dessen Ostseite sich eine Nische befindet.<\/p><\/div><\/div><div class='clear_column'><\/div><div class='content-column one_half'><div style=\"padding-right:6px;\"><p>U \u0161pilji su prona\u0111ene \u017eivotinjske kosti, morski pu\u017ei\u0107i, \u0161koljke, ulomci prapovijesne keramike tipa Hvar I, Hvar II, Hvar V, te dvije male i jedna velika sjekira vjerojatno kultni predmeti. \u0160pilja je kori\u0161tena tijekom neolitika i bron\u010danog doba.<\/p><\/div><\/div><div class='content-column one_half last_column'><div style=\"padding-right:0px;padding-left:6px;\"><p>In der H\u00f6hle wurden Tierknochen, Meeresschnecken, Muscheln, Fragmente pr\u00e4historischer Keramik vom Typ Hvar I, Hvar II, Hvar V sowie zwei kleine und eine gro\u00dfe Axt gefunden, wahrscheinlich Kultgegenst\u00e4nde. Die H\u00f6hle wurde w\u00e4hrend der Jungsteinzeit und Bronzezeit genutzt.<\/p><\/div><\/div><div class='clear_column'><\/div><div class='content-column one_half'><div style=\"padding-right:6px;\"><p>U svojoj raspravi iz 1972. (Hvar kroz stoljeca, Zagreb 1972.) Grga Novak ka\u017ee: Grap\u010deva spilja slu\u017eila je jednako malo kao Markova spilja i Pokrivenikova u vrijeme neolitske obojene keramike ili eneolitske keramike, tj. u 3. tisu\u0107lje\u0107u prije na\u0161eg doba za \u017eivot, ali su bila mjesta koja su bila rezervirana za kult, prvenstveno kult predaka. Bile su mjesto uto\u010di\u0161ta u vrijeme opasnosti od neprijatelja.<\/p><\/div><\/div><div class='content-column one_half last_column'><div style=\"padding-right:0px;padding-left:6px;\"><p>In seiner Abhandlung aus dem Jahr 1972 (Hvar kroz stoljeca, Zagreb 1972) meinte Grga Novak: Die Grapceva spilja diente ebensowenig wie die Markova spilja und die von Pokrivenik in der Zeit der neolithischen Bunt-Keramik bzw. der eneolithischen<br \/>\nKeramik, d.h. im 3. Jt. v. u. Z. zum Wohnen, sondern waren Orte, die dem Kult<br \/>\nvorbehalten waren, in erster Linie dem Ahnenkult. In Zeiten, in denen Gefahr von<br \/>\nFeinden drohte, waren sie eine Zufluchtsst\u00e4tte.<\/p><\/div><\/div><div class='clear_column'><\/div><\/p>\n<hr \/>\n<div class='content-column one_half'><div style=\"padding-right:6px;\"><p>Lista za\u0161ti\u0107enih kulturnih dobara Republike Hrvatske br. 06\/2010.<br \/>\nDatum tiskanog izdanja: 22. 04. 2011.<br \/>\nBroj registra: Z-4634<\/p><\/div><\/div><div class='content-column one_half last_column'><div style=\"padding-right:0px;padding-left:6px;\"><p>Liste der Kulturg\u00fcter der Republik Kroatien Nr. 06\/2010.<br \/>\nVer\u00f6ffentlichungsdatum: 22. 04. 2011.<br \/>\nRegistriernummer: Z-4634<\/p><\/div><\/div><div class='clear_column'><\/div><\/p>\n<div id=\"attachment_42334\" style=\"width: 650px\" class=\"wp-caption alignnone\"><img loading=\"lazy\" decoding=\"async\" aria-describedby=\"caption-attachment-42334\" class=\"wp-image-42334 size-full\" src=\"https:\/\/www.topohvar.at\/wp-content\/uploads\/2020\/10\/za-po-01.jpeg\" alt=\"\" width=\"640\" height=\"360\" srcset=\"https:\/\/www.topohvar.at\/wp-content\/uploads\/2020\/10\/za-po-01.jpeg 640w, https:\/\/www.topohvar.at\/wp-content\/uploads\/2020\/10\/za-po-01-300x169.jpeg 300w\" sizes=\"auto, (max-width: 640px) 100vw, 640px\" \/><p id=\"caption-attachment-42334\" class=\"wp-caption-text\">Foto: https:\/\/andadventure.com\/<\/p><\/div>\n<p style=\"text-align: right;\"><span style=\"color: #3366ff;\"><a style=\"color: #3366ff;\" href=\"#seite_oben\">natrag na vrh \/ Seitenanfang<\/a><\/span><\/p>\n<hr \/>\n<p><strong>Linkovi \/ Links<\/strong><\/p>\n<p><span style=\"color: #3366ff;\"><a style=\"color: #3366ff;\" href=\"https:\/\/www.topohvar.at\/topo\/orte\/za\/za-au-10-1\/#za-24\">Uvala Veli Pokrivenik<\/a><br \/>\n<a style=\"color: #3366ff;\" href=\"https:\/\/www.topohvar.at\/orte\/hu\/hu-po-01-1\/\">Grap\u010deva \u0161pilja \/ H\u00f6hle Grap\u010deva \u0161pilja<\/a><br \/>\n<a style=\"color: #3366ff;\" href=\"https:\/\/www.topohvar.at\/topo\/orte\/hv\/hv-po-01-1\/\">Arheolo\u0161ko nalazi\u0161te \u00bbMarkova \u0161pilja\u00ab \/ Arch\u00e4ologische St\u00e4tte\u00a0 Mark-H\u00f6hle<\/a><br \/>\n<\/span><\/p>\n","protected":false},"excerpt":{"rendered":"<p>Ime \/ Name Arheolo\u0161ko nalazi\u0161te \u00bb\u0161pilja Badanj na uvalu Pokrivenik\u00ab \/ Arch\u00e4logische St\u00e4tte H\u00f6hle Badanj in der Bucht Pokrivenik Code: ZA-PO-01\u00a0 \u00a0 \u00a0 \u00a0 \u00a0 \u00a0 \u00a0 \u00a0 \u00a0 \u00a0 \u00a0 \u00a0 \u00a0 \u00a0 \u00a0 \u00a0 \u00a0 \u00a0 \u00a0 \u00a0 &hellip; <a href=\"https:\/\/www.topohvar.at\/topo\/orte\/za\/za-po-01-1\/\">Weiterlesen <span class=\"meta-nav\">&rarr;<\/span><\/a><\/p>\n","protected":false},"author":1,"featured_media":0,"parent":115,"menu_order":0,"comment_status":"closed","ping_status":"closed","template":"","meta":{"footnotes":""},"class_list":["post-10782","page","type-page","status-publish","hentry"],"_links":{"self":[{"href":"https:\/\/www.topohvar.at\/topo\/wp-json\/wp\/v2\/pages\/10782","targetHints":{"allow":["GET"]}}],"collection":[{"href":"https:\/\/www.topohvar.at\/topo\/wp-json\/wp\/v2\/pages"}],"about":[{"href":"https:\/\/www.topohvar.at\/topo\/wp-json\/wp\/v2\/types\/page"}],"author":[{"embeddable":true,"href":"https:\/\/www.topohvar.at\/topo\/wp-json\/wp\/v2\/users\/1"}],"replies":[{"embeddable":true,"href":"https:\/\/www.topohvar.at\/topo\/wp-json\/wp\/v2\/comments?post=10782"}],"version-history":[{"count":18,"href":"https:\/\/www.topohvar.at\/topo\/wp-json\/wp\/v2\/pages\/10782\/revisions"}],"predecessor-version":[{"id":71076,"href":"https:\/\/www.topohvar.at\/topo\/wp-json\/wp\/v2\/pages\/10782\/revisions\/71076"}],"up":[{"embeddable":true,"href":"https:\/\/www.topohvar.at\/topo\/wp-json\/wp\/v2\/pages\/115"}],"wp:attachment":[{"href":"https:\/\/www.topohvar.at\/topo\/wp-json\/wp\/v2\/media?parent=10782"}],"curies":[{"name":"wp","href":"https:\/\/api.w.org\/{rel}","templated":true}]}}