{"id":10788,"date":"2018-09-10T09:36:35","date_gmt":"2018-09-10T07:36:35","guid":{"rendered":"https:\/\/www.topohvar.at\/?page_id=10788"},"modified":"2022-01-24T18:09:56","modified_gmt":"2022-01-24T17:09:56","slug":"za-tg-04-1","status":"publish","type":"page","link":"https:\/\/www.topohvar.at\/topo\/orte\/za\/za-tg-04-1\/","title":{"rendered":"ZASTRA\u017dI\u0160\u0106E &#8211; Zgrada javne \u00bb\u017dupna ku\u0107a\u00ab"},"content":{"rendered":"<p><strong><img loading=\"lazy\" decoding=\"async\" class=\"alignnone wp-image-10671 size-large\" src=\"https:\/\/www.topohvar.at\/wp-content\/uploads\/2018\/09\/za-tg-04-0-1024x503.jpg\" alt=\"\" width=\"640\" height=\"314\" srcset=\"https:\/\/www.topohvar.at\/wp-content\/uploads\/2018\/09\/za-tg-04-0-1024x503.jpg 1024w, https:\/\/www.topohvar.at\/wp-content\/uploads\/2018\/09\/za-tg-04-0-300x147.jpg 300w, https:\/\/www.topohvar.at\/wp-content\/uploads\/2018\/09\/za-tg-04-0-768x377.jpg 768w, https:\/\/www.topohvar.at\/wp-content\/uploads\/2018\/09\/za-tg-04-0.jpg 1080w\" sizes=\"auto, (max-width: 640px) 100vw, 640px\" \/><\/strong><\/p>\n<p><strong>Ime \/ Name<br \/>\n<\/strong>Zgrada javne \u00bb\u017dupna ku\u0107a\u00ab \/ Pfarrhaus<\/p>\n<p><strong>Code: <\/strong>ZA-TG-04\u00a0 \u00a0 \u00a0 \u00a0 \u00a0 \u00a0 \u00a0 \u00a0 \u00a0 \u00a0 \u00a0 \u00a0 \u00a0 \u00a0 \u00a0 \u00a0 \u00a0 \u00a0 \u00a0 \u00a0\u00a0<strong><a href=\"https:\/\/www.topohvar.at\/orte\/za\/za-tg-03-1\/\"><img loading=\"lazy\" decoding=\"async\" class=\"alignnone wp-image-533 size-full\" src=\"https:\/\/www.topohvar.at\/wp-content\/uploads\/2018\/07\/push-l-30.jpg\" alt=\"\" width=\"61\" height=\"30\" \/><\/a> <a href=\"https:\/\/www.topohvar.at\/orte\/za\/\"><img loading=\"lazy\" decoding=\"async\" class=\"alignnone wp-image-535 size-full\" src=\"https:\/\/www.topohvar.at\/wp-content\/uploads\/2018\/07\/push-o-30.jpg\" alt=\"\" width=\"61\" height=\"30\" \/><\/a> <a href=\"https:\/\/www.topohvar.at\/orte\/za\/za-tg-05-1\/\"><img loading=\"lazy\" decoding=\"async\" class=\"alignnone wp-image-536 size-full\" src=\"https:\/\/www.topohvar.at\/wp-content\/uploads\/2018\/07\/push-r-30.jpg\" alt=\"\" width=\"61\" height=\"30\" \/><\/a><\/strong><\/p>\n<hr \/>\n<p><strong>Adresa \/ Adresse<br \/>\n<\/strong>Zastra\u017ei\u0161\u0107e, Mala Banda<\/p>\n<p><strong>Lokalna polo\u017eaj \/ Position<a href=\"https:\/\/goo.gl\/maps\/za4Qce4MqAMVvQk99\"><img loading=\"lazy\" decoding=\"async\" class=\"alignright wp-image-11027\" src=\"https:\/\/www.topohvar.at\/wp-content\/uploads\/2018\/09\/1613.jpg\" alt=\"\" width=\"134\" height=\"100\" \/><\/a><br \/>\n<\/strong><span style=\"color: #3366ff;\"><a style=\"color: #3366ff;\" href=\"https:\/\/goo.gl\/maps\/za4Qce4MqAMVvQk99\">Latitude: N 43,14694\u00b0\u00a0 \u00a0Longitude: E 16,83959\u00b0<\/a> <\/span><strong><br \/>\n<\/strong>Visina \/ H\u00f6he: 173 m<\/p>\n<p><strong>Zemlji\u0161te \/ Grundst\u00fccke<br \/>\n<\/strong>*141\u00a0<div class='content-column one_half'><div style=\"padding-right:6px;\"><p><strong>Datum snimanja \/ Erfassungsdatum<br \/>\n<\/strong>17.05.2018 17:12:00<\/p>\n<hr \/>\n<p><strong>Informacije<\/strong><\/p>\n<p>Prvom je izri\u010dito spomenuta kao \u201edosta prikladna\u201c 1603. godine, a 1627. veli se da \u017eupnik stanuje \u201ebratimskoj ku\u0107i\u201c \u2013 po svoj prilici istopj, koju je sagradila bratov\u0161tina.<\/p><\/div><\/div><div class='content-column one_half last_column'><div style=\"padding-right:0px;padding-left:6px;\"><p><strong>Za\u0161titni polo\u017eaj \/ Schutzstellung<br \/>\n<\/strong>&#8211;<\/p>\n<hr \/>\n<p><strong>Info<\/strong><\/p>\n<p>Das erste wurde 1603 ausdr\u00fccklich als &#8222;ganz angemessen&#8220; erw\u00e4hnt, und 1627 hei\u00dft es, dass der Pfarrer in einem &#8222;br\u00fcderlichen Haus&#8220; lebt &#8211; aller Wahrscheinlichkeit nach von einer Bruderschaft errichtet.<\/p><\/div><\/div><div class='clear_column'><\/div><div class='content-column one_half'><div style=\"padding-right:6px;\"><p>Ova se \u201edomus curata\u201c odosno \u201eDomus Parochialis\u201c spominje i u 18.st., a 1786 bila je \u201eveoma tijesna\u201c, pa je Biskupova pratne morala no\u0107iti u podrumu punom propuha.<\/p><\/div><\/div><div class='content-column one_half last_column'><div style=\"padding-right:0px;padding-left:6px;\"><p>Dieses &#8222;Heim des Pfarrers&#8220; wird in der &#8222;Domus Parochialis&#8220; im 18. Jh. erw\u00e4hnt und 1786 war es &#8222;sehr eng&#8220;, so dass der Begleiter des Bischofs im Keller schlafen musste.<\/p><\/div><\/div><div class='clear_column'><\/div><div class='content-column one_half'><div style=\"padding-right:6px;\"><p>God. 1815. \u017eupna ku\u0107a bija\u0161e u bijednom stanju i \u201enajgora u Biskupiji\u201c a 1827 na\u010dinili su trebovnik za njen popravak mjesni me\u0161tri Ivan Petri\u010devi\u0107 i Ivan Mateljan u iznosu od\u00a0290,9 fiorina.<\/p><\/div><\/div><div class='content-column one_half last_column'><div style=\"padding-right:0px;padding-left:6px;\"><p>Im Jahr 1815 war das Pfarrhaus in einem erb\u00e4rmlichen Zustand und &#8222;das Schlimmste im Bistum&#8220;. Im Jahr 1827 waren 290,9 Gulden f\u00fcr die Reparatur durch die ans\u00e4ssigen Herren Johann Petri\u010devi\u0107 und Johann Mateljan erforderlich.<\/p><\/div><\/div><div class='clear_column'><\/div><div class='content-column one_half'><div style=\"padding-right:6px;\"><p>Novu je \u201ekanoniku\u201c sagradio poduzetnik Ivan \u0160tambuk p. Andrije iz Vrboske 1844.-1848. za 1160 fiorina, a popravio Josip \u0160tambuk Jurjev tako\u0111er iz Vrboske 1865.\/1866. godine. Ponovno je popravljana 1926. i 1932. godine.<\/p><\/div><\/div><div class='content-column one_half last_column'><div style=\"padding-right:0px;padding-left:6px;\"><p>Die neue &#8222;kanonische&#8220; Pfarrhaus wurde vom Unternehmer Johann \u0160tambuk, gen. Andrija, aus Vrboska in den Jahren 1844-1848 um 1160 Gulden gebaut und von Josef \u0160tambuk Jurjev, auch aus Vrboska, in den Jahren 1865\/1866 renoviert. Weitere Restaurierungen folgten 1926 und 1932.<\/p><\/div><\/div><div class='clear_column'><\/div><div class='content-column one_half'><div style=\"padding-right:6px;\"><p>U pro\u0161losti je u manjoj ku\u0107i na katu bila \u0161kola (do otvaranja nove \u0161kole 1906.), a u\u010ditelji su redom bili sve\u0107enici. Zanimljivo je da je donji dio te manje ku\u0107e slu\u017eio kao konoba u kojoj je crkva \u010duvala svoje ulje i vino. Crkva je o\u010dito imala vlastite masline i loze. Cijeli Gardojac (ispod igrali\u0161ta) i cijela Skalica ispod crkve su bili pod lozama.<\/p><\/div><\/div><div class='content-column one_half last_column'><div style=\"padding-right:0px;padding-left:6px;\"><p>Fr\u00fcher war in dem kleineren Haus im Obergeschoss eine Schule (bis zur Er\u00f6ffnung der neuen Schule 1906), und die Lehrer waren wiederum Priester. Interessanterweise diente der untere Teil dieses kleineren Hauses als Taverne, in der die Kirche ihr \u00d6l und ihren Wein aufbewahrte. Die Kirche hatte offensichtlich ihre eigenen Olivenb\u00e4ume und Weing\u00e4rten. Weing\u00e4rten waren damals im Bereich Gardojac (unterhalb des Spielplatzes) und in ganz Skalica unterhalb der Kirche.<\/p><\/div><\/div><div class='clear_column'><\/div><\/p>\n<hr \/>\n<p><strong>Linkovi \/ Links<\/strong><\/p>\n<p>&#8211;<\/p>\n","protected":false},"excerpt":{"rendered":"<p>Ime \/ Name Zgrada javne \u00bb\u017dupna ku\u0107a\u00ab \/ Pfarrhaus Code: ZA-TG-04\u00a0 \u00a0 \u00a0 \u00a0 \u00a0 \u00a0 \u00a0 \u00a0 \u00a0 \u00a0 \u00a0 \u00a0 \u00a0 \u00a0 \u00a0 \u00a0 \u00a0 \u00a0 \u00a0 \u00a0\u00a0 Adresa \/ Adresse Zastra\u017ei\u0161\u0107e, Mala Banda Lokalna polo\u017eaj \/ Position &hellip; <a href=\"https:\/\/www.topohvar.at\/topo\/orte\/za\/za-tg-04-1\/\">Weiterlesen <span class=\"meta-nav\">&rarr;<\/span><\/a><\/p>\n","protected":false},"author":1,"featured_media":0,"parent":115,"menu_order":0,"comment_status":"closed","ping_status":"closed","template":"","meta":{"footnotes":""},"class_list":["post-10788","page","type-page","status-publish","hentry"],"_links":{"self":[{"href":"https:\/\/www.topohvar.at\/topo\/wp-json\/wp\/v2\/pages\/10788","targetHints":{"allow":["GET"]}}],"collection":[{"href":"https:\/\/www.topohvar.at\/topo\/wp-json\/wp\/v2\/pages"}],"about":[{"href":"https:\/\/www.topohvar.at\/topo\/wp-json\/wp\/v2\/types\/page"}],"author":[{"embeddable":true,"href":"https:\/\/www.topohvar.at\/topo\/wp-json\/wp\/v2\/users\/1"}],"replies":[{"embeddable":true,"href":"https:\/\/www.topohvar.at\/topo\/wp-json\/wp\/v2\/comments?post=10788"}],"version-history":[{"count":10,"href":"https:\/\/www.topohvar.at\/topo\/wp-json\/wp\/v2\/pages\/10788\/revisions"}],"predecessor-version":[{"id":56701,"href":"https:\/\/www.topohvar.at\/topo\/wp-json\/wp\/v2\/pages\/10788\/revisions\/56701"}],"up":[{"embeddable":true,"href":"https:\/\/www.topohvar.at\/topo\/wp-json\/wp\/v2\/pages\/115"}],"wp:attachment":[{"href":"https:\/\/www.topohvar.at\/topo\/wp-json\/wp\/v2\/media?parent=10788"}],"curies":[{"name":"wp","href":"https:\/\/api.w.org\/{rel}","templated":true}]}}