{"id":10794,"date":"2018-09-10T09:41:34","date_gmt":"2018-09-10T07:41:34","guid":{"rendered":"https:\/\/www.topohvar.at\/?page_id=10794"},"modified":"2024-04-23T18:10:19","modified_gmt":"2024-04-23T16:10:19","slug":"za-tg-03-1","status":"publish","type":"page","link":"https:\/\/www.topohvar.at\/topo\/orte\/za\/za-tg-03-1\/","title":{"rendered":"ZASTRA\u017dI\u0160\u0106E &#8211; Ku\u0107a \u00bbAngelini (Angjelinovi\u0107, kasnije\u00a0 Dubokovi\u0107 Nadalini)\u00ab"},"content":{"rendered":"<p><strong><img loading=\"lazy\" decoding=\"async\" class=\"alignnone wp-image-387 size-full\" src=\"https:\/\/www.topohvar.at\/wp-content\/uploads\/2018\/07\/00-00-00-1.jpg\" alt=\"\" width=\"114\" height=\"56\" \/><\/strong><\/p>\n<p><strong>Ime \/ Name<br \/>\n<\/strong>Ku\u0107a \/ Haus \u00bbAngelini (Angjelinovi\u0107, kasnije \/ sp\u00e4ter Dubokovi\u0107 Nadalini)\u00ab<\/p>\n<p><strong>Code: <\/strong>ZA-TG-03\u00a0 \u00a0 \u00a0 \u00a0 \u00a0 \u00a0 \u00a0 \u00a0 \u00a0 \u00a0 \u00a0 \u00a0 \u00a0 \u00a0 \u00a0 \u00a0 \u00a0 \u00a0 \u00a0 \u00a0\u00a0<strong><a href=\"https:\/\/www.topohvar.at\/orte\/za\/za-tg-02-1\/\"><img loading=\"lazy\" decoding=\"async\" class=\"alignnone wp-image-533 size-full\" src=\"https:\/\/www.topohvar.at\/wp-content\/uploads\/2018\/07\/push-l-30.jpg\" alt=\"\" width=\"61\" height=\"30\" \/><\/a> <a href=\"https:\/\/www.topohvar.at\/orte\/za\/\"><img loading=\"lazy\" decoding=\"async\" class=\"alignnone wp-image-535 size-full\" src=\"https:\/\/www.topohvar.at\/wp-content\/uploads\/2018\/07\/push-o-30.jpg\" alt=\"\" width=\"61\" height=\"30\" \/><\/a> <a href=\"https:\/\/www.topohvar.at\/orte\/za\/za-tg-04-1\/\"><img loading=\"lazy\" decoding=\"async\" class=\"alignnone wp-image-536 size-full\" src=\"https:\/\/www.topohvar.at\/wp-content\/uploads\/2018\/07\/push-r-30.jpg\" alt=\"\" width=\"61\" height=\"30\" \/><\/a><\/strong><\/p>\n<hr \/>\n<p><strong>Adresa \/ Adresse<br \/>\n<\/strong>Zastra\u017ei\u0161\u0107e,\u00a0Uvala \/ Bucht \u010crvanj<\/p>\n<p><strong>Lokalna polo\u017eaj \/ Position<a href=\"https:\/\/goo.gl\/maps\/6M2dD9DWsTeyLcvC8\"><img loading=\"lazy\" decoding=\"async\" class=\"alignright wp-image-11038\" src=\"https:\/\/www.topohvar.at\/wp-content\/uploads\/2018\/09\/1388.jpg\" alt=\"\" width=\"134\" height=\"100\" \/><\/a><br \/>\n<\/strong><span style=\"color: #3366ff;\"><a style=\"color: #3366ff;\" href=\"https:\/\/goo.gl\/maps\/6M2dD9DWsTeyLcvC8\">Latitude: N 43,11924\u00b0\u00a0 \u00a0Longitude: E 16,85987\u00b0<\/a> <\/span><strong><br \/>\n<\/strong>Visina \/ H\u00f6he: 0 m<\/p>\n<p><strong>Zemlji\u0161te \/ Grundst\u00fccke<br \/>\n<\/strong>&#8211; <div class='content-column one_half'><div style=\"padding-right:6px;\"><p><strong>Datum snimanja \/ Erfassungsdatum<br \/>\n<\/strong>7.05.2018 16:30:00<\/p>\n<hr \/>\n<p><strong>Informacije<\/strong><\/p>\n<p>Iz Zastra\u017ei\u0161\u0107a ju\u017eno dolazi se do uvale \u010crvanj u kojoj su ostaci stare patricijske ku\u0107e (prvo Angelini, kasnije Dubokovi\u0107 Nadalini) kao i jako lijepi rusti\u010dnin stanovi.<\/p><\/div><\/div><div class='content-column one_half last_column'><div style=\"padding-right:0px;padding-left:6px;\"><p><strong>Za\u0161titni polo\u017eaj \/ Schutzstellung<br \/>\n<\/strong>&#8211;<\/p>\n<hr \/>\n<p><strong>Info<\/strong><\/p>\n<p>Von Zastrazisce f\u00fchrt ein Weg nach S\u00fcden in die Bucht Crvanj, wo sich die \u00dcberreste des alten Patrizierhauses Angelini (sp\u00e4ter Dubokovi\u0107 Nadalini) sowie sehr sch\u00f6ne rustikale H\u00e4user finden.<\/p><\/div><\/div><div class='clear_column'><\/div><\/p>\n<hr \/>\n<p><strong>Linkovi \/ Links<\/strong><\/p>\n<p><span style=\"color: #3366ff;\"><strong><a style=\"color: #3366ff;\" href=\"https:\/\/www.topohvar.at\/topo\/orte\/za\/za-tg-02-1\/\">Vi\u0161e o obitelji Angelin \/ Mehr \u00fcber die Familie Angelini<\/a><\/strong><\/span><\/p>\n<p><span style=\"color: #3366ff;\"><a style=\"color: #3366ff;\" href=\"https:\/\/www.topohvar.at\/topo\/orte\/za\/za-tg-01-1\/\">ZASTRA\u017dI\u0160\u0106E \u2013 Veliki sklop \/ Baukomplex \u00bbAngelini\u00ab<\/a><\/span><br \/>\n<span style=\"color: #3366ff;\"><a style=\"color: #3366ff;\" href=\"https:\/\/www.topohvar.at\/topo\/orte\/za\/za-tg-02-1\/\">ZASTRA\u017dI\u0160\u0106E, Vela Stiniva \u2013 Ljetnikovac \/ Sommerhaus \u00bbAngelini\u00ab<\/a><\/span><br \/>\n<span style=\"color: #3366ff;\"><a style=\"color: #3366ff;\" href=\"https:\/\/www.topohvar.at\/topo\/orte\/za\/za-td-01-1\/\">ZASTRA\u017dI\u0160\u0106E \u2013 Dvije kule u Zastra\u017ei\u0161\u0107u \/ zwei T\u00fcrme in Zastra\u017ei\u0161\u0107e<\/a><\/span><br \/>\n<span style=\"color: #3366ff;\"><a style=\"color: #3366ff;\" href=\"https:\/\/www.topohvar.at\/topo\/orte\/za\/za-ig-01-1\/\">ZASTRA\u017dI\u0160\u0106E \u2013 Grb \/ Wappen \u00bbAn\u0111elinovi\u0107-Angelini\u00ab<\/a><\/span><br \/>\n<span style=\"color: #3366ff;\"><a style=\"color: #3366ff;\" href=\"https:\/\/www.topohvar.at\/topo\/orte\/za\/za-in-01-1\/\">ZASTRA\u017dI\u0160\u0106E \u2013 Natpis \/ Inschrift \u00bbMDCXXIIII\u00ab<\/a><\/span><\/p>\n<p><span style=\"color: #3366ff;\"><a style=\"color: #3366ff;\" href=\"https:\/\/www.topohvar.at\/topo\/orte\/bo\/bo-tg-04-2\/\">BOGOMOLJE, Smrska \u2013 Ku\u0107a \/ Haus \u00bbAngelini (Angjelinovi\u0107, danas \/ heute Viskovi\u0107)\u00ab<\/a><\/span><br \/>\n<span style=\"color: #3366ff;\"><a style=\"color: #3366ff;\" href=\"https:\/\/www.topohvar.at\/topo\/orte\/je\/je-tg-08-1\/\">JELSA \u2013 Ku\u0107a \/ Haus \u00bbDr. Niko Dubokovi\u0107 Nadalini prije \/ vorher An\u0111elinovi\u0107<\/a>\u00ab<br \/>\n<a style=\"color: #3366ff;\" href=\"https:\/\/www.topohvar.at\/topo\/orte\/po\/po-tg-02-1\">POLJICA &#8211; Ladanjska ku\u0107a \/ Landhaus \u00bbAn\u0111elinovi\u0107-Angelini\u00ab<\/a><\/span><br \/>\n<span style=\"color: #3366ff;\"><a style=\"color: #3366ff;\" href=\"https:\/\/www.topohvar.at\/topo\/orte\/pr\/pr-tg-02-1\/\">PRAPATNA \u2013 Ku\u0107a \u00bbAngelini (Angjelinovi\u0107)\u00ab<\/a><\/span><\/p>\n<p>&nbsp;<\/p>\n","protected":false},"excerpt":{"rendered":"<p>Ime \/ Name Ku\u0107a \/ Haus \u00bbAngelini (Angjelinovi\u0107, kasnije \/ sp\u00e4ter Dubokovi\u0107 Nadalini)\u00ab Code: ZA-TG-03\u00a0 \u00a0 \u00a0 \u00a0 \u00a0 \u00a0 \u00a0 \u00a0 \u00a0 \u00a0 \u00a0 \u00a0 \u00a0 \u00a0 \u00a0 \u00a0 \u00a0 \u00a0 \u00a0 \u00a0\u00a0 Adresa \/ Adresse Zastra\u017ei\u0161\u0107e,\u00a0Uvala \/ Bucht &hellip; <a href=\"https:\/\/www.topohvar.at\/topo\/orte\/za\/za-tg-03-1\/\">Weiterlesen <span class=\"meta-nav\">&rarr;<\/span><\/a><\/p>\n","protected":false},"author":1,"featured_media":0,"parent":115,"menu_order":0,"comment_status":"closed","ping_status":"closed","template":"","meta":{"footnotes":""},"class_list":["post-10794","page","type-page","status-publish","hentry"],"_links":{"self":[{"href":"https:\/\/www.topohvar.at\/topo\/wp-json\/wp\/v2\/pages\/10794","targetHints":{"allow":["GET"]}}],"collection":[{"href":"https:\/\/www.topohvar.at\/topo\/wp-json\/wp\/v2\/pages"}],"about":[{"href":"https:\/\/www.topohvar.at\/topo\/wp-json\/wp\/v2\/types\/page"}],"author":[{"embeddable":true,"href":"https:\/\/www.topohvar.at\/topo\/wp-json\/wp\/v2\/users\/1"}],"replies":[{"embeddable":true,"href":"https:\/\/www.topohvar.at\/topo\/wp-json\/wp\/v2\/comments?post=10794"}],"version-history":[{"count":16,"href":"https:\/\/www.topohvar.at\/topo\/wp-json\/wp\/v2\/pages\/10794\/revisions"}],"predecessor-version":[{"id":66823,"href":"https:\/\/www.topohvar.at\/topo\/wp-json\/wp\/v2\/pages\/10794\/revisions\/66823"}],"up":[{"embeddable":true,"href":"https:\/\/www.topohvar.at\/topo\/wp-json\/wp\/v2\/pages\/115"}],"wp:attachment":[{"href":"https:\/\/www.topohvar.at\/topo\/wp-json\/wp\/v2\/media?parent=10794"}],"curies":[{"name":"wp","href":"https:\/\/api.w.org\/{rel}","templated":true}]}}