{"id":1080,"date":"2018-07-28T17:00:01","date_gmt":"2018-07-28T15:00:01","guid":{"rendered":"https:\/\/www.topohvar.at\/?page_id=1080"},"modified":"2021-08-24T17:01:27","modified_gmt":"2021-08-24T15:01:27","slug":"br-mo-01-2","status":"publish","type":"page","link":"https:\/\/www.topohvar.at\/topo\/orte\/br\/br-mo-01-2\/","title":{"rendered":"BRUSJE &#8211; Spomenik palim borcima NOR-a"},"content":{"rendered":"<p><a name=\"seite_oben\"><\/a><br \/>\n<img loading=\"lazy\" decoding=\"async\" class=\"alignnone wp-image-1104 size-large\" src=\"https:\/\/www.topohvar.at\/wp-content\/uploads\/2018\/07\/BR-MO-01-1-1024x503.jpg\" alt=\"\" width=\"640\" height=\"314\" srcset=\"https:\/\/www.topohvar.at\/wp-content\/uploads\/2018\/07\/BR-MO-01-1-1024x503.jpg 1024w, https:\/\/www.topohvar.at\/wp-content\/uploads\/2018\/07\/BR-MO-01-1-300x147.jpg 300w, https:\/\/www.topohvar.at\/wp-content\/uploads\/2018\/07\/BR-MO-01-1-768x377.jpg 768w\" sizes=\"auto, (max-width: 640px) 100vw, 640px\" \/><\/p>\n<p><strong>Ime \/ Name<br \/>\n<\/strong>Spomenik palim borcima NOR-a \/ Denkmal f\u00fcr die Gefallenen des Nationalen Befreiungskampfes<\/p>\n<p><strong>Code: <\/strong>BR-MO-01\u00a0 \u00a0 \u00a0 \u00a0 \u00a0 \u00a0 \u00a0 \u00a0 \u00a0 \u00a0 \u00a0 \u00a0\u00a0<strong>\u00a0 \u00a0 \u00a0 \u00a0 \u00a0<a href=\"https:\/\/www.topohvar.at\/orte\/br\/br-mo-04-2\/\"><img loading=\"lazy\" decoding=\"async\" class=\"alignnone wp-image-533 size-full\" src=\"https:\/\/www.topohvar.at\/wp-content\/uploads\/2018\/07\/push-l-30.jpg\" alt=\"\" width=\"61\" height=\"30\" \/><\/a>\u00a0<a href=\"https:\/\/www.topohvar.at\/orte\/br\/\"><img loading=\"lazy\" decoding=\"async\" class=\"alignnone wp-image-535 size-full\" src=\"https:\/\/www.topohvar.at\/wp-content\/uploads\/2018\/07\/push-o-30.jpg\" alt=\"\" width=\"61\" height=\"30\" \/><\/a>\u00a0<a href=\"https:\/\/www.topohvar.at\/orte\/br\/br-mo-02-2\/\"><img loading=\"lazy\" decoding=\"async\" class=\"alignnone wp-image-536 size-full\" src=\"https:\/\/www.topohvar.at\/wp-content\/uploads\/2018\/07\/push-r-30.jpg\" alt=\"\" width=\"61\" height=\"30\" \/><\/a><\/strong><\/p>\n<hr \/>\n<p><strong>Adresa \/ Adresse<br \/>\n<\/strong>Kroz Brusje, u centru \/ Kroz Brusje, im Zentrum<\/p>\n<p><strong>Lokacija<\/strong><strong> \/ Position<a href=\"https:\/\/goo.gl\/maps\/pMweAtpUr9Lck3Uw9\"><img loading=\"lazy\" decoding=\"async\" class=\"alignright wp-image-810\" src=\"https:\/\/www.topohvar.at\/wp-content\/uploads\/2018\/07\/0043.jpg\" alt=\"\" width=\"134\" height=\"100\" \/><\/a><br \/>\n<\/strong><span style=\"color: #3366ff;\"><a style=\"color: #3366ff;\" href=\"https:\/\/goo.gl\/maps\/pMweAtpUr9Lck3Uw9\">Latitude: N 43,19096\u00b0\u00a0 \u00a0 Longitude: E 16,48770\u00b0\u00a0<\/a><\/span><strong><br \/>\n<\/strong>Visina \/ H\u00f6he: 315 m<\/p>\n<p><strong>Katastarska \u010destica<\/strong><strong> \/ Grundst\u00fccke<br \/>\n<\/strong>1570<div class='content-column one_half'><div style=\"padding-right:6px;\"><p><strong>Datum snimanja \/ Erfassungsdatum<br \/>\n<\/strong>19.05.2014 10:26:17<\/p>\n<hr \/>\n<p><strong>Informacije<\/strong><\/p>\n<p>Spomenik u malom pariku nalazi se uz oto\u010dku saobra\u0107ajnicu u centru mjesta. Izra\u0111en je od bijelog kamena. Na izdignutom postamentu postavljena je velika kamena plo\u010da sa reljefom od bronce, ispod koje je ni\u017ei kameni zid sa spomen plo\u010dom.<\/p><\/div><\/div><div class='content-column one_half last_column'><div style=\"padding-right:0px;padding-left:6px;\"><p><strong>Stupanj za\u0161tite<\/strong><strong> \/ Schutzstellung<br \/>\n<\/strong>&#8211;<\/p>\n<hr \/>\n<p><strong>Info<\/strong><\/p>\n<p>Das Denkmal liegt in einem kleinen inselartigen Parik in der Ortsmitte. Es besteht aus wei\u00dfem Stein. Auf einem erh\u00f6hten Sockel ist eine gro\u00dfe Steinplatte mit einem Relief aus Bronze, darunter eine niedrige Steinmauer mit einer Gedenktafel.<\/p><\/div><\/div><div class='clear_column'><\/div><div class='content-column one_half'><div style=\"padding-right:6px;\"><p>Nacrt spomenika izrndio dipl. ing. arh. Darko Petrovi\u0107. Reljef na spomeniku djelo je akademskog kipara Ivana Saboli\u0107a. Spomenik je postavljen 27. jula 1975. godine uz proslavu Dana ustanka naroda Hrvatske, od strane Mjesne organizacije saveza boraca. Tekst spomen plo\u010de napisao Jure Frani\u010devi\u0107 Plo\u010dar.<\/p><\/div><\/div><div class='content-column one_half last_column'><div style=\"padding-right:0px;padding-left:6px;\"><p>Der Entwurf wurde von Dipl. Ing. Arch. Darko Petrovi\u0107 erarbeitet. Das Relief auf dem Denkmal ist das Werk des akademischen Bildhauers Ivan Saboli\u0107. Das Denkmal wurde am 27. Juli 1975, dem kroatischen Nationalfeiertag, durch die lokale Organisation der Allianz K\u00e4mpfer errichtet. Der Text der Gedenktafel stammt von Jure Frani\u010devi\u0107-Plo\u010dar.<\/p><\/div><\/div><div class='clear_column'><\/div><div class='content-column one_half'><div style=\"padding-right:6px;\"><p>Natpis:<\/p>\n<p>VOLJELI SU BRUSJE VIDIKE BESKRAJA<br \/>\nTAJ RUZMARIN GORKI KAMEN ZAVI\u010cAJA<br \/>\nI ZA SVJETLOST ZEMLJE USPRAVNI SU PALI<br \/>\nNA STRA\u017dU SLOBODEZAUVIJEK STALI<\/p><\/div><\/div><div class='content-column one_half last_column'><div style=\"padding-right:0px;padding-left:6px;\"><p>Inschrift:<\/p>\n<p style=\"text-align: center;\">Sie liebten Brusjes unendlichen Blick auf<br \/>\nRosmarin und herbe Steine der Heimat.<br \/>\nF\u00fcr das Licht der Erde sind sie aufrecht gefallen,<br \/>\nauf der Wache f\u00fcr immerw\u00e4hrende Freiheit.<\/p><\/div><\/div><div class='clear_column'><\/div><\/p>\n<p style=\"text-align: left; padding-left: 270px;\">HAN\u010cEVI\u0106 VINKO<br \/>\nHURE IVAN<br \/>\nHURE RADOSLAV<br \/>\nJELI\u010cI\u0106 STJEPAN<br \/>\nMARINOVI\u0106 IVANKO<br \/>\nMARINOVI\u0106 ROMANO<br \/>\nMILI\u010cI\u0106 MARKO<br \/>\nPANDOL CVJETKO<\/p>\n<div class='content-column one_half'><div style=\"padding-right:6px;\"><p style=\"text-align: center;\">PALIM BORCIMA U NOR-u 1941 \u2013 1945<br \/>\nNAROD BRUSIA<\/p><\/div><\/div><div class='content-column one_half last_column'><div style=\"padding-right:0px;padding-left:6px;\"><p style=\"text-align: center;\">Vereinigung der Soldaten des Nationalen<br \/>\nBefreiungskampfes 1941 -1945. Bev\u00f6lkerung von Brusje<\/p><\/div><\/div><div class='clear_column'><\/div><\/p>\n<p style=\"text-align: right;\"><a href=\"#seite_oben\">natrag na vrh \/ Seitenanfang<\/a><\/p>\n<hr \/>\n<p><strong>Linkovi \/ Links<\/strong><\/p>\n<p>&#8211;<\/p>\n","protected":false},"excerpt":{"rendered":"<p>Ime \/ Name Spomenik palim borcima NOR-a \/ Denkmal f\u00fcr die Gefallenen des Nationalen Befreiungskampfes Code: BR-MO-01\u00a0 \u00a0 \u00a0 \u00a0 \u00a0 \u00a0 \u00a0 \u00a0 \u00a0 \u00a0 \u00a0 \u00a0\u00a0\u00a0 \u00a0 \u00a0 \u00a0 \u00a0\u00a0\u00a0 Adresa \/ Adresse Kroz Brusje, u centru \/ &hellip; <a href=\"https:\/\/www.topohvar.at\/topo\/orte\/br\/br-mo-01-2\/\">Weiterlesen <span class=\"meta-nav\">&rarr;<\/span><\/a><\/p>\n","protected":false},"author":1,"featured_media":0,"parent":65,"menu_order":0,"comment_status":"closed","ping_status":"closed","template":"","meta":{"footnotes":""},"class_list":["post-1080","page","type-page","status-publish","hentry"],"_links":{"self":[{"href":"https:\/\/www.topohvar.at\/topo\/wp-json\/wp\/v2\/pages\/1080","targetHints":{"allow":["GET"]}}],"collection":[{"href":"https:\/\/www.topohvar.at\/topo\/wp-json\/wp\/v2\/pages"}],"about":[{"href":"https:\/\/www.topohvar.at\/topo\/wp-json\/wp\/v2\/types\/page"}],"author":[{"embeddable":true,"href":"https:\/\/www.topohvar.at\/topo\/wp-json\/wp\/v2\/users\/1"}],"replies":[{"embeddable":true,"href":"https:\/\/www.topohvar.at\/topo\/wp-json\/wp\/v2\/comments?post=1080"}],"version-history":[{"count":18,"href":"https:\/\/www.topohvar.at\/topo\/wp-json\/wp\/v2\/pages\/1080\/revisions"}],"predecessor-version":[{"id":51449,"href":"https:\/\/www.topohvar.at\/topo\/wp-json\/wp\/v2\/pages\/1080\/revisions\/51449"}],"up":[{"embeddable":true,"href":"https:\/\/www.topohvar.at\/topo\/wp-json\/wp\/v2\/pages\/65"}],"wp:attachment":[{"href":"https:\/\/www.topohvar.at\/topo\/wp-json\/wp\/v2\/media?parent=1080"}],"curies":[{"name":"wp","href":"https:\/\/api.w.org\/{rel}","templated":true}]}}