{"id":10816,"date":"2018-09-10T12:35:25","date_gmt":"2018-09-10T10:35:25","guid":{"rendered":"https:\/\/www.topohvar.at\/?page_id=10816"},"modified":"2025-12-29T15:23:06","modified_gmt":"2025-12-29T14:23:06","slug":"za-tr-03-1","status":"publish","type":"page","link":"https:\/\/www.topohvar.at\/topo\/orte\/za\/za-tr-03-1\/","title":{"rendered":"ZASTRA\u017dI\u0160\u0106E &#8211; Trim \u00bbZA-TR-03\u00ab"},"content":{"rendered":"<p><a name=\"seite_oben\"><\/a><br \/>\n<strong><img loading=\"lazy\" decoding=\"async\" class=\"alignnone wp-image-39598 size-full\" src=\"https:\/\/www.topohvar.at\/wp-content\/uploads\/2020\/08\/za-tr-03-15.jpg\" alt=\"\" width=\"1080\" height=\"530\" srcset=\"https:\/\/www.topohvar.at\/wp-content\/uploads\/2020\/08\/za-tr-03-15.jpg 1080w, https:\/\/www.topohvar.at\/wp-content\/uploads\/2020\/08\/za-tr-03-15-300x147.jpg 300w, https:\/\/www.topohvar.at\/wp-content\/uploads\/2020\/08\/za-tr-03-15-1024x503.jpg 1024w, https:\/\/www.topohvar.at\/wp-content\/uploads\/2020\/08\/za-tr-03-15-768x377.jpg 768w\" sizes=\"auto, (max-width: 1080px) 100vw, 1080px\" \/><\/strong><\/p>\n<p><strong>Ime \/ Name<br \/>\n<\/strong>Trim \u00bbZA-TR-03\u00ab<\/p>\n<p><strong>Code: <\/strong>ZA-TR-03\u00a0 \u00a0 \u00a0 \u00a0 \u00a0 \u00a0 \u00a0 \u00a0 \u00a0 \u00a0 \u00a0 \u00a0 \u00a0 \u00a0 \u00a0 \u00a0 \u00a0 \u00a0<strong><a href=\"https:\/\/www.topohvar.at\/orte\/za\/za-tr-00-00\/\"><img loading=\"lazy\" decoding=\"async\" class=\"alignnone wp-image-12300 size-full\" src=\"https:\/\/www.topohvar.at\/wp-content\/uploads\/2018\/09\/push-vor-30.jpg\" alt=\"\" width=\"61\" height=\"30\" \/><\/a> <a href=\"https:\/\/www.topohvar.at\/orte\/za\/za-tr-97-1\/\"><img loading=\"lazy\" decoding=\"async\" class=\"alignnone wp-image-533 size-full\" src=\"https:\/\/www.topohvar.at\/wp-content\/uploads\/2018\/07\/push-l-30.jpg\" alt=\"\" width=\"61\" height=\"30\" \/><\/a> <a href=\"https:\/\/www.topohvar.at\/orte\/za\/\"><img loading=\"lazy\" decoding=\"async\" class=\"alignnone wp-image-535 size-full\" src=\"https:\/\/www.topohvar.at\/wp-content\/uploads\/2018\/07\/push-o-30.jpg\" alt=\"\" width=\"61\" height=\"30\" \/><\/a> <a href=\"https:\/\/www.topohvar.at\/orte\/za\/za-tr-90-1\/\"><img loading=\"lazy\" decoding=\"async\" class=\"alignnone wp-image-536 size-full\" src=\"https:\/\/www.topohvar.at\/wp-content\/uploads\/2018\/07\/push-r-30.jpg\" alt=\"\" width=\"61\" height=\"30\" \/><\/a><\/strong><\/p>\n<hr \/>\n<p><strong>Adresa \/ Adresse<br \/>\n<\/strong>Zastra\u017ei\u0161\u0107e,\u00a0Vela Stiniva<\/p>\n<p><strong>Lokacija \/ Position<a href=\"https:\/\/goo.gl\/maps\/7fRqFU13jC3j1CxT6\"><img loading=\"lazy\" decoding=\"async\" class=\"alignright wp-image-11087\" src=\"https:\/\/www.topohvar.at\/wp-content\/uploads\/2018\/09\/0967.jpg\" alt=\"\" width=\"133\" height=\"100\" \/><\/a><br \/>\n<\/strong><span style=\"color: #3366ff;\"><a style=\"color: #3366ff;\" href=\"https:\/\/goo.gl\/maps\/7fRqFU13jC3j1CxT6\">Latitude: N 43,15035\u00b0\u00a0 \u00a0Longitude: E 16,81741\u00b0<\/a> <\/span><strong><br \/>\n<\/strong>Visina \/ H\u00f6he: 34 m<\/p>\n<p><strong>Katastarska \u010destica \/ Grundst\u00fccke<br \/>\n<\/strong>1048\/6\u00a0<div class='content-column one_half'><div style=\"padding-right:6px;\"><p><strong>Datum snimanja \/ Erfassungsdatum<br \/>\n<\/strong>16.05.2014 13:13:55<\/p>\n<hr \/>\n<p><strong>Informacije<\/strong><\/p>\n<p>Prekrasni trim nalazi se ispod ceste od Jerkov Dvora prema uvale Vela Stiniva. Ispred stepenasti trim s tri stepenice, staza vodi pokraj vinograda dalje na sjever. Ulaz je napravljen od velikih kamenih blokova, a unutra\u0161njost mu je kru\u017ena. Trim je dobro o\u010duvan, na stra\u017enjoj strani nedostaje samo nekoliko kamenja.<\/p><\/div><\/div><div class='content-column one_half last_column'><div style=\"padding-right:0px;padding-left:6px;\"><p><strong>Stupanj za\u0161tite \/ Schutzstellung<br \/>\n<\/strong>&#8211;<\/p>\n<hr \/>\n<p><strong>Info<\/strong><\/p>\n<p>Der sch\u00f6ne Trim liegt unterhalb der Stra\u00dfe von Jerkov Dvor zur Bucht Vela Stiniva. Vor dem dreistufigen Trim f\u00fchrt ein Weg zu weiter n\u00f6rdlich liegenden Weing\u00e4rten vorbei. Sein Eingang ist aus gro\u00dfen Steinbl\u00f6cken gebaut, sein Innenraum ist kreisrund. Der Trim ist gut erhalten, lediglich an seiner R\u00fcckseite sind einige Steine ausgebrochen.<\/p><\/div><\/div><div class='clear_column'><\/div><div class='content-column one_half'><div style=\"padding-right:6px;\"><div id=\"attachment_39599\" style=\"width: 310px\" class=\"wp-caption aligncenter\"><img loading=\"lazy\" decoding=\"async\" aria-describedby=\"caption-attachment-39599\" class=\"wp-image-39599 size-medium\" src=\"https:\/\/www.topohvar.at\/wp-content\/uploads\/2020\/08\/za-tr-03-17-300x300.jpg\" alt=\"\" width=\"300\" height=\"300\" srcset=\"https:\/\/www.topohvar.at\/wp-content\/uploads\/2020\/08\/za-tr-03-17-300x300.jpg 300w, https:\/\/www.topohvar.at\/wp-content\/uploads\/2020\/08\/za-tr-03-17-150x150.jpg 150w, https:\/\/www.topohvar.at\/wp-content\/uploads\/2020\/08\/za-tr-03-17.jpg 450w\" sizes=\"auto, (max-width: 300px) 100vw, 300px\" \/><p id=\"caption-attachment-39599\" class=\"wp-caption-text\">Ulaz \/ Eingang<\/p><\/div><\/div><\/div><div class='content-column one_half last_column'><div style=\"padding-right:0px;padding-left:6px;\"><div id=\"attachment_39600\" style=\"width: 310px\" class=\"wp-caption aligncenter\"><img loading=\"lazy\" decoding=\"async\" aria-describedby=\"caption-attachment-39600\" class=\"wp-image-39600 size-medium\" src=\"https:\/\/www.topohvar.at\/wp-content\/uploads\/2020\/08\/za-tr-03-18-300x300.jpg\" alt=\"\" width=\"300\" height=\"300\" srcset=\"https:\/\/www.topohvar.at\/wp-content\/uploads\/2020\/08\/za-tr-03-18-300x300.jpg 300w, https:\/\/www.topohvar.at\/wp-content\/uploads\/2020\/08\/za-tr-03-18-150x150.jpg 150w, https:\/\/www.topohvar.at\/wp-content\/uploads\/2020\/08\/za-tr-03-18.jpg 450w\" sizes=\"auto, (max-width: 300px) 100vw, 300px\" \/><p id=\"caption-attachment-39600\" class=\"wp-caption-text\">Ju\u017ena strana \/ S\u00fcdseite<\/p><\/div><\/div><\/div><div class='clear_column'><\/div><div class='content-column one_half'><div style=\"padding-right:6px;\"><p>Dana 24.07.2020. trim je posje\u0107en i ustanovljeno je sljede\u0107e:<\/p>\n<p>Lokacija: \u0161uma<br \/>\nPodloga: padina<br \/>\nPovezan s: samostoje\u0107i, izoliran<br \/>\nUpotreba: malo se koristi<br \/>\nStanje: dobro sa\u010duvan<br \/>\nBroj stepenice trima: 3<br \/>\nDodatni kameni prsten: nema prstena<br \/>\nStepeni\u0161te: nema stepenica<br \/>\nOblik kamena: uglast<br \/>\nPodru\u010dje ispred ulaza: lako dostupn0<br \/>\nVrata na stranicu: SI (50\u00b0)<br \/>\nPromjer trima (cm): 440<br \/>\nVisina trima (cm): 350<br \/>\nVisina stepenice (cm): stepenica 1: 180 , stepenica 2: 285 , stepenica 3: 350<br \/>\nDebljina zida (cm): 95<br \/>\n\u0160irina vrata (cm): 60<br \/>\nVisina vrata (cm): 110<br \/>\n\u0160irina unutra (cm): 250<br \/>\nVisina unutra (cm): 240<br \/>\nVolumen iznutra (m3): 7,72<br \/>\nNema ni\u0161e<\/p><\/div><\/div><div class='content-column one_half last_column'><div style=\"padding-right:0px;padding-left:6x;\"><p>Am 24.07.2020 wurde der Trim besucht und n\u00e4her untersucht:<\/p>\n<p>Standort: Wald<br \/>\nUntergrund: Hanglage<br \/>\nVerbunden mit: freistehend<br \/>\nNutzung: kaum genutzt<br \/>\nZustand: gut erhalten<br \/>\nAnzahl der Stufen des Trims: 3<br \/>\nZus\u00e4tzlicher Steinring: kein Steinring<br \/>\nStiege: keine<br \/>\nSteinform: kantig<br \/>\nEingangsbereich: frei<br \/>\nEingangsseite: NO (50\u00b0)<br \/>\nTrimdurchmesser (cm): 440<br \/>\nTrimh\u00f6he (cm): 350<br \/>\nStufenh\u00f6he (cm): Stufe 1: 180 , Stufe 2: 285 , Stufe 3: 350<br \/>\nWandst\u00e4rke (cm): 95<br \/>\nT\u00fcrbreite (cm): 60<br \/>\nT\u00fcrh\u00f6he (cm): 110<br \/>\nInnenraumbreite (cm): 250<br \/>\nInnenraumh\u00f6he (cm): 240<br \/>\nRaumvolumen (m3): 7,72<br \/>\nKeine Nische<\/p><\/div><\/div><div class='clear_column'><\/div><\/p>\n<p><img loading=\"lazy\" decoding=\"async\" class=\"alignleft size-full wp-image-40121\" src=\"https:\/\/www.topohvar.at\/wp-content\/uploads\/2020\/08\/za-tr-03-sca.jpg\" alt=\"\" width=\"640\" height=\"968\" srcset=\"https:\/\/www.topohvar.at\/wp-content\/uploads\/2020\/08\/za-tr-03-sca.jpg 640w, https:\/\/www.topohvar.at\/wp-content\/uploads\/2020\/08\/za-tr-03-sca-198x300.jpg 198w\" sizes=\"auto, (max-width: 640px) 100vw, 640px\" \/><\/p>\n<p style=\"text-align: right;\"><a href=\"#seite_oben\">natrag na vrh \/ Seitenanfang<\/a><\/p>\n<hr \/>\n<p><strong>Linkovi \/ Links<\/strong><\/p>\n<p>&#8211;<\/p>\n","protected":false},"excerpt":{"rendered":"<p>Ime \/ Name Trim \u00bbZA-TR-03\u00ab Code: ZA-TR-03\u00a0 \u00a0 \u00a0 \u00a0 \u00a0 \u00a0 \u00a0 \u00a0 \u00a0 \u00a0 \u00a0 \u00a0 \u00a0 \u00a0 \u00a0 \u00a0 \u00a0 \u00a0 Adresa \/ Adresse Zastra\u017ei\u0161\u0107e,\u00a0Vela Stiniva Lokacija \/ Position Latitude: N 43,15035\u00b0\u00a0 \u00a0Longitude: E 16,81741\u00b0 Visina \/ &hellip; <a href=\"https:\/\/www.topohvar.at\/topo\/orte\/za\/za-tr-03-1\/\">Weiterlesen <span class=\"meta-nav\">&rarr;<\/span><\/a><\/p>\n","protected":false},"author":1,"featured_media":0,"parent":115,"menu_order":0,"comment_status":"closed","ping_status":"closed","template":"","meta":{"footnotes":""},"class_list":["post-10816","page","type-page","status-publish","hentry"],"_links":{"self":[{"href":"https:\/\/www.topohvar.at\/topo\/wp-json\/wp\/v2\/pages\/10816","targetHints":{"allow":["GET"]}}],"collection":[{"href":"https:\/\/www.topohvar.at\/topo\/wp-json\/wp\/v2\/pages"}],"about":[{"href":"https:\/\/www.topohvar.at\/topo\/wp-json\/wp\/v2\/types\/page"}],"author":[{"embeddable":true,"href":"https:\/\/www.topohvar.at\/topo\/wp-json\/wp\/v2\/users\/1"}],"replies":[{"embeddable":true,"href":"https:\/\/www.topohvar.at\/topo\/wp-json\/wp\/v2\/comments?post=10816"}],"version-history":[{"count":19,"href":"https:\/\/www.topohvar.at\/topo\/wp-json\/wp\/v2\/pages\/10816\/revisions"}],"predecessor-version":[{"id":73836,"href":"https:\/\/www.topohvar.at\/topo\/wp-json\/wp\/v2\/pages\/10816\/revisions\/73836"}],"up":[{"embeddable":true,"href":"https:\/\/www.topohvar.at\/topo\/wp-json\/wp\/v2\/pages\/115"}],"wp:attachment":[{"href":"https:\/\/www.topohvar.at\/topo\/wp-json\/wp\/v2\/media?parent=10816"}],"curies":[{"name":"wp","href":"https:\/\/api.w.org\/{rel}","templated":true}]}}