{"id":10820,"date":"2018-09-10T12:38:27","date_gmt":"2018-09-10T10:38:27","guid":{"rendered":"https:\/\/www.topohvar.at\/?page_id=10820"},"modified":"2021-12-05T18:19:45","modified_gmt":"2021-12-05T17:19:45","slug":"za-tr-05-1","status":"publish","type":"page","link":"https:\/\/www.topohvar.at\/topo\/orte\/za\/za-tr-05-1\/","title":{"rendered":"ZASTRA\u017dI\u0160\u0106E &#8211; Trim \u00bbZA-TR-05\u00ab"},"content":{"rendered":"<p><a name=\"seite_oben\"><\/a><br \/>\n<strong><img loading=\"lazy\" decoding=\"async\" class=\"alignnone wp-image-10678 size-large\" src=\"https:\/\/www.topohvar.at\/wp-content\/uploads\/2018\/09\/za-tr-05-0-1024x503.jpg\" alt=\"\" width=\"640\" height=\"314\" srcset=\"https:\/\/www.topohvar.at\/wp-content\/uploads\/2018\/09\/za-tr-05-0-1024x503.jpg 1024w, https:\/\/www.topohvar.at\/wp-content\/uploads\/2018\/09\/za-tr-05-0-300x147.jpg 300w, https:\/\/www.topohvar.at\/wp-content\/uploads\/2018\/09\/za-tr-05-0-768x377.jpg 768w, https:\/\/www.topohvar.at\/wp-content\/uploads\/2018\/09\/za-tr-05-0.jpg 1080w\" sizes=\"auto, (max-width: 640px) 100vw, 640px\" \/><\/strong><\/p>\n<p><strong>Ime \/ Name<br \/>\n<\/strong>Trim \u00bbZA-TR-05\u00ab<\/p>\n<p><strong>Code: <\/strong>ZA-TR-05\u00a0 \u00a0 \u00a0 \u00a0 \u00a0 \u00a0 \u00a0 \u00a0 \u00a0 \u00a0 \u00a0 \u00a0 \u00a0 \u00a0 \u00a0 \u00a0 \u00a0 \u00a0 \u00a0 \u00a0\u00a0<strong><a href=\"https:\/\/www.topohvar.at\/orte\/za\/za-tr-00-00\/\"><img loading=\"lazy\" decoding=\"async\" class=\"alignnone wp-image-12300 size-full\" src=\"https:\/\/www.topohvar.at\/wp-content\/uploads\/2018\/09\/push-vor-30.jpg\" alt=\"\" width=\"61\" height=\"30\" \/><\/a> <a href=\"https:\/\/www.topohvar.at\/orte\/za\/za-tr-44-1\/\"><img loading=\"lazy\" decoding=\"async\" class=\"alignnone wp-image-533 size-full\" src=\"https:\/\/www.topohvar.at\/wp-content\/uploads\/2018\/07\/push-l-30.jpg\" alt=\"\" width=\"61\" height=\"30\" \/><\/a> <a href=\"https:\/\/www.topohvar.at\/orte\/za\/\"><img loading=\"lazy\" decoding=\"async\" class=\"alignnone wp-image-535 size-full\" src=\"https:\/\/www.topohvar.at\/wp-content\/uploads\/2018\/07\/push-o-30.jpg\" alt=\"\" width=\"61\" height=\"30\" \/><\/a> <a href=\"https:\/\/www.topohvar.at\/orte\/za\/za-tr-61-1\/\"><img loading=\"lazy\" decoding=\"async\" class=\"alignnone wp-image-536 size-full\" src=\"https:\/\/www.topohvar.at\/wp-content\/uploads\/2018\/07\/push-r-30.jpg\" alt=\"\" width=\"61\" height=\"30\" \/><\/a><\/strong><\/p>\n<hr \/>\n<p><strong>Adresa \/ Adresse<br \/>\n<\/strong>Zastra\u017ei\u0161\u0107e,\u00a0Uvala \/ Bucht Kjusna<\/p>\n<p><strong>Lokacija \/ Position<a href=\"https:\/\/goo.gl\/maps\/gqAQCssdUrGF8X6p9\"><img loading=\"lazy\" decoding=\"async\" class=\"alignright wp-image-11093\" src=\"https:\/\/www.topohvar.at\/wp-content\/uploads\/2018\/09\/0969.jpg\" alt=\"\" width=\"133\" height=\"100\" \/><\/a><br \/>\n<\/strong><span style=\"color: #3366ff;\"><a style=\"color: #3366ff;\" href=\"https:\/\/goo.gl\/maps\/gqAQCssdUrGF8X6p9\">Latitude: N 43,15555\u00b0\u00a0 \u00a0Longitude: E 16,86283\u00b0<\/a> <\/span><strong><br \/>\n<\/strong>Visina \/ H\u00f6he: 42 m<\/p>\n<p><strong>Katastarska \u010destica \/ Grundst\u00fccke<br \/>\n<\/strong>2909\/80\u00a0<div class='content-column one_half'><div style=\"padding-right:6px;\"><p><strong>Datum snimanja \/ Erfassungsdatum<br \/>\n<\/strong>16.05.2014 14:58:36<\/p>\n<hr \/>\n<p><strong>Informacije<\/strong><\/p>\n<p>Veliki Trim nalazi se sjeverno od Zastra\u017ei\u0161\u0107e na putu za zaljev Kjusna. Stepenasti trim s dvije stepenice u nekada\u0161njem masliniku je dobro o\u010duvan.\u00a0S lijevom stranom trim grani\u010di s kamenim zidom.\u00a0Straga su kameni stepenici vodili do prvog kata trima. Kameni zid \u0161titi veliki ulaz od vjetrova. Ulaz su nekada bila zatvorena drvenim vratima. Unutra\u0161njost je kru\u017ena.<\/p><\/div><\/div><div class='content-column one_half last_column'><div style=\"padding-right:0px;padding-left:6px;\"><p><strong>Stupanj za\u0161tite \/ Schutzstellung<br \/>\n<\/strong>&#8211;<\/p>\n<hr \/>\n<p><strong>Info<\/strong><\/p>\n<p>Der gro\u00dfe Trim befindet sich n\u00f6rdlich von Zastra\u017ei\u0161\u0107e am Weg zur Bucht Kjusna. Der zweistufige Trim in einem ehemaligen Olivenhain ist gut erhalten. An seine linke Seite grenzt eine Steinmauer. An der R\u00fcckseite f\u00fchrten Steinstufen auf die erste Etage des Trim. Eine\u00a0 Steinmauer sch\u00fctzt den gro\u00dfen Eingang vor Winden. Der Eingang konnte einst durch eine Holzt\u00fcre verschlossen werden. Der Innenraum ist kreisrund.<\/p><\/div><\/div><div class='clear_column'><\/div><div class='content-column one_half'><div style=\"padding-right:6px;\"><div id=\"attachment_39626\" style=\"width: 310px\" class=\"wp-caption aligncenter\"><img loading=\"lazy\" decoding=\"async\" aria-describedby=\"caption-attachment-39626\" class=\"wp-image-39626 size-medium\" src=\"https:\/\/www.topohvar.at\/wp-content\/uploads\/2020\/08\/za-tr-05-17-300x300.jpg\" alt=\"\" width=\"300\" height=\"300\" srcset=\"https:\/\/www.topohvar.at\/wp-content\/uploads\/2020\/08\/za-tr-05-17-300x300.jpg 300w, https:\/\/www.topohvar.at\/wp-content\/uploads\/2020\/08\/za-tr-05-17-150x150.jpg 150w, https:\/\/www.topohvar.at\/wp-content\/uploads\/2020\/08\/za-tr-05-17.jpg 450w\" sizes=\"auto, (max-width: 300px) 100vw, 300px\" \/><p id=\"caption-attachment-39626\" class=\"wp-caption-text\">Ulaz \/ Eingang<\/p><\/div><\/div><\/div><div class='content-column one_half last_column'><div style=\"padding-right:0px;padding-left:6px;\"><div id=\"attachment_39627\" style=\"width: 310px\" class=\"wp-caption aligncenter\"><img loading=\"lazy\" decoding=\"async\" aria-describedby=\"caption-attachment-39627\" class=\"wp-image-39627 size-medium\" src=\"https:\/\/www.topohvar.at\/wp-content\/uploads\/2020\/08\/za-tr-05-18-300x300.jpg\" alt=\"\" width=\"300\" height=\"300\" srcset=\"https:\/\/www.topohvar.at\/wp-content\/uploads\/2020\/08\/za-tr-05-18-300x300.jpg 300w, https:\/\/www.topohvar.at\/wp-content\/uploads\/2020\/08\/za-tr-05-18-150x150.jpg 150w, https:\/\/www.topohvar.at\/wp-content\/uploads\/2020\/08\/za-tr-05-18.jpg 450w\" sizes=\"auto, (max-width: 300px) 100vw, 300px\" \/><p id=\"caption-attachment-39627\" class=\"wp-caption-text\">Stra\u017enja strana trima \/ Trimr\u00fcckseite<\/p><\/div><\/div><\/div><div class='clear_column'><\/div><div class='content-column one_half'><div style=\"padding-right:6px;\"><p>Dana 24.07.2020. trim je posje\u0107en i ustanovljeno je sljede\u0107e:<\/p>\n<p>Lokacija: grmlje<br \/>\nPodloga: nako\u0161ena<br \/>\nPovezan s: kamenim zidom<br \/>\nUpotreba: malo se koristi<br \/>\nStanje: dobro sa\u010duvan<br \/>\nBroj stepenice trima: 2<br \/>\nDodatni kameni prsten: nema kamenog prstena<br \/>\nStepeni\u0161te: stepenica<br \/>\nOblik kamena: uglast<br \/>\nPodru\u010dje ispred ulaza: lako dostupno<br \/>\nOrijentacija ulaza: I (90\u00b0)<br \/>\nPromjer trima (cm): 460<br \/>\nVisina trima (cm): 380<br \/>\nVisina stepenice (cm): stepenica 1: 260, stepenica 2: 350<br \/>\nDebljina zida (cm): 100<br \/>\n\u0160irina vrata (cm): 90<br \/>\nVisina vrata (cm): 110<br \/>\n\u0160irina unutra (cm): 260<br \/>\nVisina unutra (cm): 340<br \/>\nVolumen iznutra (m3): 10,07<br \/>\nNema ni\u0161e<\/p><\/div><\/div><div class='content-column one_half last_column'><div style=\"padding-right:0px;padding-left:6px;\"><p>Am 24.07.2020 wurde der Trim besucht und n\u00e4her untersucht:<\/p>\n<p>Standort: Buschwerk<br \/>\nUntergrund: geneigt<br \/>\nVerbunden mit: Steinmauer<br \/>\nNutzung: kaum genutzt<br \/>\nZustand: gut erhalten<br \/>\nAnzahl der Stufen des Trims: 2<br \/>\nZus\u00e4tzlicher Steinring: kein Steinring<br \/>\nStiege: Stufen<br \/>\nSteinform: kantig<br \/>\nEingangsbereich: frei<br \/>\nEingangsseite: O (90\u00b0)<br \/>\nTrimdurchmesser (cm): 460<br \/>\nTrimh\u00f6he (cm): 380<br \/>\nStufenh\u00f6he (cm): Stufe 1: 260, Stufe 2: 350<br \/>\nWandst\u00e4rke (cm): 100<br \/>\nT\u00fcrbreite (cm): 90<br \/>\nT\u00fcrh\u00f6he (cm): 110<br \/>\nInnenraumbreite (cm): 260<br \/>\nInnenraumh\u00f6he (cm): 340<br \/>\nRaumvolumen (m3): 10,07<br \/>\nKeine Nische<\/p><\/div><\/div><div class='clear_column'><\/div><\/p>\n<p><img loading=\"lazy\" decoding=\"async\" class=\"alignleft size-full wp-image-40107\" src=\"https:\/\/www.topohvar.at\/wp-content\/uploads\/2020\/08\/za-tr-05-sca.jpg\" alt=\"\" width=\"640\" height=\"975\" srcset=\"https:\/\/www.topohvar.at\/wp-content\/uploads\/2020\/08\/za-tr-05-sca.jpg 640w, https:\/\/www.topohvar.at\/wp-content\/uploads\/2020\/08\/za-tr-05-sca-197x300.jpg 197w\" sizes=\"auto, (max-width: 640px) 100vw, 640px\" \/><\/p>\n<p style=\"text-align: right;\"><a href=\"#seite_oben\">natrag na vrh \/ Seitenanfang<\/a><\/p>\n<hr \/>\n<p><strong>Linkovi \/ Links<\/strong><\/p>\n<p>&#8211;<\/p>\n","protected":false},"excerpt":{"rendered":"<p>Ime \/ Name Trim \u00bbZA-TR-05\u00ab Code: ZA-TR-05\u00a0 \u00a0 \u00a0 \u00a0 \u00a0 \u00a0 \u00a0 \u00a0 \u00a0 \u00a0 \u00a0 \u00a0 \u00a0 \u00a0 \u00a0 \u00a0 \u00a0 \u00a0 \u00a0 \u00a0\u00a0 Adresa \/ Adresse Zastra\u017ei\u0161\u0107e,\u00a0Uvala \/ Bucht Kjusna Lokacija \/ Position Latitude: N 43,15555\u00b0\u00a0 \u00a0Longitude: &hellip; <a href=\"https:\/\/www.topohvar.at\/topo\/orte\/za\/za-tr-05-1\/\">Weiterlesen <span class=\"meta-nav\">&rarr;<\/span><\/a><\/p>\n","protected":false},"author":1,"featured_media":0,"parent":115,"menu_order":0,"comment_status":"closed","ping_status":"closed","template":"","meta":{"footnotes":""},"class_list":["post-10820","page","type-page","status-publish","hentry"],"_links":{"self":[{"href":"https:\/\/www.topohvar.at\/topo\/wp-json\/wp\/v2\/pages\/10820","targetHints":{"allow":["GET"]}}],"collection":[{"href":"https:\/\/www.topohvar.at\/topo\/wp-json\/wp\/v2\/pages"}],"about":[{"href":"https:\/\/www.topohvar.at\/topo\/wp-json\/wp\/v2\/types\/page"}],"author":[{"embeddable":true,"href":"https:\/\/www.topohvar.at\/topo\/wp-json\/wp\/v2\/users\/1"}],"replies":[{"embeddable":true,"href":"https:\/\/www.topohvar.at\/topo\/wp-json\/wp\/v2\/comments?post=10820"}],"version-history":[{"count":18,"href":"https:\/\/www.topohvar.at\/topo\/wp-json\/wp\/v2\/pages\/10820\/revisions"}],"predecessor-version":[{"id":54781,"href":"https:\/\/www.topohvar.at\/topo\/wp-json\/wp\/v2\/pages\/10820\/revisions\/54781"}],"up":[{"embeddable":true,"href":"https:\/\/www.topohvar.at\/topo\/wp-json\/wp\/v2\/pages\/115"}],"wp:attachment":[{"href":"https:\/\/www.topohvar.at\/topo\/wp-json\/wp\/v2\/media?parent=10820"}],"curies":[{"name":"wp","href":"https:\/\/api.w.org\/{rel}","templated":true}]}}