{"id":10828,"date":"2018-09-10T12:45:01","date_gmt":"2018-09-10T10:45:01","guid":{"rendered":"https:\/\/www.topohvar.at\/?page_id=10828"},"modified":"2023-05-29T11:07:54","modified_gmt":"2023-05-29T09:07:54","slug":"za-tr-13-1","status":"publish","type":"page","link":"https:\/\/www.topohvar.at\/topo\/orte\/za\/za-tr-13-1\/","title":{"rendered":"ZASTRA\u017dI\u0160\u0106E &#8211; Trim \u00bbZA-TR-13\u00ab"},"content":{"rendered":"<p><a name=\"seite_oben\"><\/a><br \/>\n<strong><img loading=\"lazy\" decoding=\"async\" class=\"aligncenter wp-image-39512 size-full\" src=\"https:\/\/www.topohvar.at\/wp-content\/uploads\/2020\/08\/za-tr-13-12.jpg\" alt=\"\" width=\"1080\" height=\"530\" srcset=\"https:\/\/www.topohvar.at\/wp-content\/uploads\/2020\/08\/za-tr-13-12.jpg 1080w, https:\/\/www.topohvar.at\/wp-content\/uploads\/2020\/08\/za-tr-13-12-300x147.jpg 300w, https:\/\/www.topohvar.at\/wp-content\/uploads\/2020\/08\/za-tr-13-12-1024x503.jpg 1024w, https:\/\/www.topohvar.at\/wp-content\/uploads\/2020\/08\/za-tr-13-12-768x377.jpg 768w\" sizes=\"auto, (max-width: 1080px) 100vw, 1080px\" \/><\/strong><\/p>\n<p><strong>Ime \/ Name<br \/>\n<\/strong>Trim \u00bbZA-TR-13\u00ab<\/p>\n<p><strong>Code: <\/strong>ZA-TR-13\u00a0 \u00a0 \u00a0 \u00a0 \u00a0 \u00a0 \u00a0 \u00a0 \u00a0 \u00a0 \u00a0 \u00a0 \u00a0 \u00a0 \u00a0 \u00a0 \u00a0 \u00a0 \u00a0 \u00a0 <a href=\"https:\/\/www.topohvar.at\/orte\/za\/za-tr-00-00\/\"><img loading=\"lazy\" decoding=\"async\" class=\"alignnone wp-image-12300 size-full\" src=\"https:\/\/www.topohvar.at\/wp-content\/uploads\/2018\/09\/push-vor-30.jpg\" alt=\"\" width=\"61\" height=\"30\" \/><\/a><strong>\u00a0<a href=\"https:\/\/www.topohvar.at\/orte\/za\/za-tr-79-1\/\"><img loading=\"lazy\" decoding=\"async\" class=\"alignnone wp-image-533 size-full\" src=\"https:\/\/www.topohvar.at\/wp-content\/uploads\/2018\/07\/push-l-30.jpg\" alt=\"\" width=\"61\" height=\"30\" \/><\/a> <a href=\"https:\/\/www.topohvar.at\/orte\/za\/\"><img loading=\"lazy\" decoding=\"async\" class=\"alignnone wp-image-535 size-full\" src=\"https:\/\/www.topohvar.at\/wp-content\/uploads\/2018\/07\/push-o-30.jpg\" alt=\"\" width=\"61\" height=\"30\" \/><\/a> <a href=\"https:\/\/www.topohvar.at\/orte\/za\/za-tr-b8-1\/\"><img loading=\"lazy\" decoding=\"async\" class=\"alignnone wp-image-536 size-full\" src=\"https:\/\/www.topohvar.at\/wp-content\/uploads\/2018\/07\/push-r-30.jpg\" alt=\"\" width=\"61\" height=\"30\" \/><\/a><\/strong><\/p>\n<hr \/>\n<p><strong>Adresa \/ Adresse<br \/>\n<\/strong>Zastra\u017ei\u0161\u0107e, Vrh<\/p>\n<p><strong>Lokacija \/ Position<a href=\"https:\/\/goo.gl\/maps\/JMhiBd4E5hP9fNYQ7\"><img loading=\"lazy\" decoding=\"async\" class=\"alignright wp-image-11105\" src=\"https:\/\/www.topohvar.at\/wp-content\/uploads\/2018\/09\/0977.jpg\" alt=\"\" width=\"133\" height=\"100\" \/><\/a><br \/>\n<\/strong><span style=\"color: #3366ff;\"><a style=\"color: #3366ff;\" href=\"https:\/\/goo.gl\/maps\/JMhiBd4E5hP9fNYQ7\">Latitude: N 43,13409\u00b0\u00a0 \u00a0Longitude: E 16,84014\u00b0<\/a> <\/span><strong><br \/>\n<\/strong>Visina \/ H\u00f6he: 310 m<\/p>\n<p><strong>Katastarska \u010destica \/ Grundst\u00fccke<br \/>\n<\/strong>2036\/13\u00a0<div class='content-column one_half'><div style=\"padding-right:6px;\"><p><strong>Datum snimanja \/ Erfassungsdatum<br \/>\n<\/strong>19.09.2015 10:41:11<\/p>\n<hr \/>\n<p><strong>Informacije<\/strong><\/p>\n<p>Mali trim se nalazi na stazi koja se odvaja od glavne ceste DC-116 isto\u010dno od Grudca i vodi gore prema Humca. Stepenasti trim s tri stepenice ima gotovo pravokutni oblik i vrlo je dobro o\u010duvana. Gra\u0111ena je od uglavnom ravnih, blok kamena. Desna mu je strana u kamenim zidu, unutra\u0161njost mu je pravokutna.<\/p><\/div><\/div><div class='content-column one_half last_column'><div style=\"padding-right:0px;padding-left:6px;\"><p><strong>Stupanj za\u0161tite \/ Schutzstellung<br \/>\n<\/strong>&#8211;<\/p>\n<hr \/>\n<p><strong>Info<\/strong><\/p>\n<p>Der kleine Trim befindet sich am Weg, der \u00f6stlich von Grudac von der Hauptstra\u00dfe DC-116 abzweigt und hinauf nach Humac f\u00fchrt. Der dreistufige Trim hat eine nahezu rechteckige Form und ist sehr gut erhalten. Er ist aus zumeist flachen, blockartigen Steinen errichtet. Seine rechte Seite steckt in einer Steinmauer, sein Innenraum ist rechteckig.<\/p><\/div><\/div><div class='clear_column'><\/div><div class='content-column one_half'><div style=\"padding-right:6px;\"><div id=\"attachment_39511\" style=\"width: 310px\" class=\"wp-caption aligncenter\"><img loading=\"lazy\" decoding=\"async\" aria-describedby=\"caption-attachment-39511\" class=\"wp-image-39511 size-medium\" src=\"https:\/\/www.topohvar.at\/wp-content\/uploads\/2020\/08\/za-tr-13-10-300x300.jpg\" alt=\"\" width=\"300\" height=\"300\" srcset=\"https:\/\/www.topohvar.at\/wp-content\/uploads\/2020\/08\/za-tr-13-10-300x300.jpg 300w, https:\/\/www.topohvar.at\/wp-content\/uploads\/2020\/08\/za-tr-13-10-150x150.jpg 150w, https:\/\/www.topohvar.at\/wp-content\/uploads\/2020\/08\/za-tr-13-10.jpg 450w\" sizes=\"auto, (max-width: 300px) 100vw, 300px\" \/><p id=\"caption-attachment-39511\" class=\"wp-caption-text\">Ulaz \/ Eingang<\/p><\/div><\/div><\/div><div class='content-column one_half last_column'><div style=\"padding-right:0px;padding-left:6px;\"><div id=\"attachment_39513\" style=\"width: 310px\" class=\"wp-caption aligncenter\"><img loading=\"lazy\" decoding=\"async\" aria-describedby=\"caption-attachment-39513\" class=\"wp-image-39513 size-medium\" src=\"https:\/\/www.topohvar.at\/wp-content\/uploads\/2020\/08\/za-tr-13-17-300x300.jpg\" alt=\"\" width=\"300\" height=\"300\" srcset=\"https:\/\/www.topohvar.at\/wp-content\/uploads\/2020\/08\/za-tr-13-17-300x300.jpg 300w, https:\/\/www.topohvar.at\/wp-content\/uploads\/2020\/08\/za-tr-13-17-150x150.jpg 150w, https:\/\/www.topohvar.at\/wp-content\/uploads\/2020\/08\/za-tr-13-17.jpg 450w\" sizes=\"auto, (max-width: 300px) 100vw, 300px\" \/><p id=\"caption-attachment-39513\" class=\"wp-caption-text\">Sjeverozapadna strana \/ Nordwestseite<\/p><\/div><\/div><\/div><div class='clear_column'><\/div><div class='content-column one_half'><div style=\"padding-right:6px;\"><p>Dana 22.07.2020. trim je posje\u0107en i ustanovljeno je sljede\u0107e:<\/p>\n<p>Lokacija: grmlje<br \/>\nPodloga: ravna<br \/>\nPovezan s: kamenim zidom<br \/>\nUpotreba: ne koristi se<br \/>\nStanje: vrlo dobro sa\u010duvan<br \/>\nBroj stepenice trima: 3<br \/>\nDodatni kameni prsten: nema kamenog prstena<br \/>\nStepeni\u0161te: nema<br \/>\nOblik kamena: plosnat<br \/>\nPodru\u010dje ispred ulaza: zarastao<br \/>\nOrijentacija ulaza: JZ (210\u00b0)<br \/>\nPromjer trima (cm): 250<br \/>\nVisina trima (cm): 200<br \/>\nVisina stepenice (cm):<br \/>\n&#8211; stepenica 1: 135, stepenica 2: 175, stepenica 3: 200<br \/>\nDebljina zida (cm): 50<br \/>\n\u0160irina vrata (cm): 65<br \/>\nVisina vrata (cm): 120<br \/>\n\u0160irina unutra (cm): 120 &#8211; 150<br \/>\nVisina unutra (cm): 180<br \/>\nVolumen iznutra (m3): 2<br \/>\nNema ni\u0161e<\/p><\/div><\/div><div class='content-column one_half last_column'><div style=\"padding-right:0px;padding-left:6px;\"><p>Am 22.07.2020 wurde der Trim besucht und n\u00e4her untersucht:<\/p>\n<p>Standort: Buschwerk<br \/>\nUntergrund: eben<br \/>\nVerbunden mit: Steinmauer<br \/>\nNutzung: ungenutzt<br \/>\nZustand: sehr gut erhalten<br \/>\nAnzahl der Stufen des Trims: 3<br \/>\nZus\u00e4tzlicher Steinring: kein Steinring<br \/>\nStiege: keine<br \/>\nSteinform: plattig<br \/>\nEingangsbereich: verwachsen<br \/>\nEingangsseite: SW (210\u00b0)<br \/>\nTrimdurchmesser (cm): 250<br \/>\nTrimh\u00f6he (cm): 200<br \/>\nStufenh\u00f6he (cm):<br \/>\n&#8211; Stufe 1: 135, Stufe 2: 175, Stufe 3: 200<br \/>\nWandst\u00e4rke (cm): 50<br \/>\nT\u00fcrbreite (cm): 65<br \/>\nT\u00fcrh\u00f6he (cm): 120<br \/>\nInnenraumbreite (cm): 120 &#8211; 150<br \/>\nInnenraumh\u00f6he (cm): 180<br \/>\nRaumvolumen (m3): 2<br \/>\nKeine Nische<\/p><\/div><\/div><div class='clear_column'><\/div><\/p>\n<p><img loading=\"lazy\" decoding=\"async\" class=\"aligncenter size-full wp-image-40141\" src=\"https:\/\/www.topohvar.at\/wp-content\/uploads\/2020\/08\/za-tr-13-sca.jpg\" alt=\"\" width=\"640\" height=\"975\" srcset=\"https:\/\/www.topohvar.at\/wp-content\/uploads\/2020\/08\/za-tr-13-sca.jpg 640w, https:\/\/www.topohvar.at\/wp-content\/uploads\/2020\/08\/za-tr-13-sca-197x300.jpg 197w\" sizes=\"auto, (max-width: 640px) 100vw, 640px\" \/><\/p>\n<p style=\"text-align: right;\"><a href=\"https:\/\/www.topohvar.at\/topo\/orte\/za\/#seite_oben\">natrag na vrh \/ Seitenanfang<\/a><\/p>\n<hr \/>\n<p><strong>Linkovi \/ Links<\/strong><\/p>\n<p>&#8211;<\/p>\n","protected":false},"excerpt":{"rendered":"<p>Ime \/ Name Trim \u00bbZA-TR-13\u00ab Code: ZA-TR-13\u00a0 \u00a0 \u00a0 \u00a0 \u00a0 \u00a0 \u00a0 \u00a0 \u00a0 \u00a0 \u00a0 \u00a0 \u00a0 \u00a0 \u00a0 \u00a0 \u00a0 \u00a0 \u00a0 \u00a0 \u00a0 Adresa \/ Adresse Zastra\u017ei\u0161\u0107e, Vrh Lokacija \/ Position Latitude: N 43,13409\u00b0\u00a0 \u00a0Longitude: E &hellip; <a href=\"https:\/\/www.topohvar.at\/topo\/orte\/za\/za-tr-13-1\/\">Weiterlesen <span class=\"meta-nav\">&rarr;<\/span><\/a><\/p>\n","protected":false},"author":1,"featured_media":0,"parent":115,"menu_order":0,"comment_status":"closed","ping_status":"closed","template":"","meta":{"footnotes":""},"class_list":["post-10828","page","type-page","status-publish","hentry"],"_links":{"self":[{"href":"https:\/\/www.topohvar.at\/topo\/wp-json\/wp\/v2\/pages\/10828","targetHints":{"allow":["GET"]}}],"collection":[{"href":"https:\/\/www.topohvar.at\/topo\/wp-json\/wp\/v2\/pages"}],"about":[{"href":"https:\/\/www.topohvar.at\/topo\/wp-json\/wp\/v2\/types\/page"}],"author":[{"embeddable":true,"href":"https:\/\/www.topohvar.at\/topo\/wp-json\/wp\/v2\/users\/1"}],"replies":[{"embeddable":true,"href":"https:\/\/www.topohvar.at\/topo\/wp-json\/wp\/v2\/comments?post=10828"}],"version-history":[{"count":16,"href":"https:\/\/www.topohvar.at\/topo\/wp-json\/wp\/v2\/pages\/10828\/revisions"}],"predecessor-version":[{"id":62648,"href":"https:\/\/www.topohvar.at\/topo\/wp-json\/wp\/v2\/pages\/10828\/revisions\/62648"}],"up":[{"embeddable":true,"href":"https:\/\/www.topohvar.at\/topo\/wp-json\/wp\/v2\/pages\/115"}],"wp:attachment":[{"href":"https:\/\/www.topohvar.at\/topo\/wp-json\/wp\/v2\/media?parent=10828"}],"curies":[{"name":"wp","href":"https:\/\/api.w.org\/{rel}","templated":true}]}}