{"id":1086,"date":"2018-07-28T17:02:47","date_gmt":"2018-07-28T15:02:47","guid":{"rendered":"https:\/\/www.topohvar.at\/?page_id=1086"},"modified":"2021-08-24T17:03:26","modified_gmt":"2021-08-24T15:03:26","slug":"br-mo-03-2","status":"publish","type":"page","link":"https:\/\/www.topohvar.at\/topo\/orte\/br\/br-mo-03-2\/","title":{"rendered":"BRUSJE &#8211; Kip \u00bbSv. Jurja iznad ulaznim vratima crkvu\u00ab"},"content":{"rendered":"<p><a name=\"seite_oben\"><\/a><br \/>\n<img loading=\"lazy\" decoding=\"async\" class=\"alignnone wp-image-1097 size-large\" src=\"https:\/\/www.topohvar.at\/wp-content\/uploads\/2018\/07\/BR-MO-03-1-1024x503.jpg\" alt=\"\" width=\"640\" height=\"314\" srcset=\"https:\/\/www.topohvar.at\/wp-content\/uploads\/2018\/07\/BR-MO-03-1-1024x503.jpg 1024w, https:\/\/www.topohvar.at\/wp-content\/uploads\/2018\/07\/BR-MO-03-1-300x147.jpg 300w, https:\/\/www.topohvar.at\/wp-content\/uploads\/2018\/07\/BR-MO-03-1-768x377.jpg 768w\" sizes=\"auto, (max-width: 640px) 100vw, 640px\" \/><\/p>\n<p><strong>Ime \/ Name<br \/>\n<\/strong>Kip \u00bbSv. Jurja iznad ulaznim vratima crkvu\u00ab \/ Skulptur \u00bbHl. Georg \u00fcber dem Kirchenportal\u00ab<\/p>\n<p><strong>Code: <\/strong>BR-MO-03\u00a0 \u00a0 \u00a0 \u00a0 \u00a0 \u00a0 \u00a0 \u00a0 \u00a0 \u00a0<strong>\u00a0 \u00a0 \u00a0 \u00a0 \u00a0 \u00a0 \u00a0\u00a0<a href=\"https:\/\/www.topohvar.at\/orte\/br\/br-mo-02-2\/\"><img loading=\"lazy\" decoding=\"async\" class=\"alignnone wp-image-533 size-full\" src=\"https:\/\/www.topohvar.at\/wp-content\/uploads\/2018\/07\/push-l-30.jpg\" alt=\"\" width=\"61\" height=\"30\" \/><\/a>\u00a0<a href=\"https:\/\/www.topohvar.at\/orte\/br\/\"><img loading=\"lazy\" decoding=\"async\" class=\"alignnone wp-image-535 size-full\" src=\"https:\/\/www.topohvar.at\/wp-content\/uploads\/2018\/07\/push-o-30.jpg\" alt=\"\" width=\"61\" height=\"30\" \/><\/a>\u00a0<a href=\"https:\/\/www.topohvar.at\/orte\/br\/br-mo-04-2\/\"><img loading=\"lazy\" decoding=\"async\" class=\"alignnone wp-image-536 size-full\" src=\"https:\/\/www.topohvar.at\/wp-content\/uploads\/2018\/07\/push-r-30.jpg\" alt=\"\" width=\"61\" height=\"30\" \/><\/a><\/strong><\/p>\n<hr \/>\n<p><strong>Adresa \/ Adresse<br \/>\n<\/strong>Brusje, Trg Bl. Ivana Merza, crkva Sv. Juraj \/Kirche zum hl. Georg<\/p>\n<p><strong>Lokacija<\/strong><strong> \/ Position<a href=\"https:\/\/goo.gl\/maps\/ksawpKoFGetExb2W7\"><img loading=\"lazy\" decoding=\"async\" class=\"alignright wp-image-797\" src=\"https:\/\/www.topohvar.at\/wp-content\/uploads\/2018\/07\/0030.jpg\" alt=\"\" width=\"132\" height=\"100\" \/><\/a><br \/>\n<\/strong><span style=\"color: #3366ff;\"><a style=\"color: #3366ff;\" href=\"https:\/\/goo.gl\/maps\/ksawpKoFGetExb2W7\">Latitude: N 43,18984\u00b0\u00a0 \u00a0 Longitude: E 16,48829\u00b0\u00a0<\/a><\/span><strong><br \/>\n<\/strong>Visina \/ H\u00f6he: 331 m<\/p>\n<p><strong>Katastarska \u010destica<\/strong><strong> \/ Grundst\u00fccke<br \/>\n<\/strong>*219<div class='content-column one_half'><div style=\"padding-right:6px;\"><p><strong>Datum snimanja \/ Erfassungsdatum<br \/>\n<\/strong>27.05.2013 16:24:20<\/p>\n<hr \/>\n<p><strong>Informacije<\/strong><\/p>\n<p>Nad vratima \u017eupne crkvu Brusju stoji stari kameni kip sv. Jurja (vis. 115 cm), prikazanog na tradicionalan na\u010din kako ja\u0161u\u0107i na konju probada zmaja. No i pored renesansnog motiva plitke \u0161koljke u svom gornjem dijelu, ta ni\u0161a po okviru i profilaciji pripada vremenu gradnje crkvenog pro\u010delja koje se, prema sa\u010duvanim dokumentima, podizalo oko 1800. godine.<\/p><\/div><\/div><div class='content-column one_half last_column'><div style=\"padding-right:0px;padding-left:6px;\"><p><strong>Stupanj za\u0161tite<\/strong><strong> \/ Schutzstellung<br \/>\n<\/strong>Z-6524<\/p>\n<hr \/>\n<p><strong>Info<\/strong><\/p>\n<p>\u00dcber der T\u00fcr der Pfarrkirche von Brusje steht eine alte Steinstatue des hl.\u00a0 einen DrachenSt. George (115 cm gro\u00df), dargestellt in der traditionellen Art, auf einem Pferd reitend und einen Drachen t\u00f6tend. Trotz des Renaissance-Motivs einer flachen Muschel im oberen Teil geh\u00f6rt diese Nische mit Rahmen und Profilen zur Zeit des Baues der Kirchenfassade, die nach den erhaltenen Unterlagen um 1800 errichtet wurde.<\/p><\/div><\/div><div class='clear_column'><\/div><div class='content-column one_half'><div style=\"padding-right:6px;\"><p>Skulptura s konjani\u010dkim likom sv. Jurja mo\u017ee se datirati u sredinu ili po\u010detak druge polovine 15. stolje\u0107a, pa je prema tome starija ne samo do sada\u0161nje ili prvotne bru\u0161ke crkve, za \u010diju su gradnju seljani dobili dozvolu od biskupa istom 1676. godine, nego i od samog Brusja, koje se u 15. stolje\u0107u mogio u najboljem slu\u010daju sastojati od nekoliko pastirskih koliba.<\/p><\/div><\/div><div class='content-column one_half last_column'><div style=\"padding-right:0px;padding-left:6px;\"><p>Die Skulptur mit der Reiterfigur des heiligen Georg kann auf die Mitte oder den Beginn der zweiten H\u00e4lfte des 15. Jahrhunderts datiert werden, und ist daher nicht nur \u00e4lter als die heutige oder die urspr\u00fcngliche Kirche von Brusje, deren Bau vom Bischof im Jahr 1676 genehmigt wurde. im 15. Jahrhundert konnte Brusje bestenfalls aus mehreren Hirtenh\u00fctten bestehen.<\/p><\/div><\/div><div class='clear_column'><\/div><div class='content-column one_half'><div style=\"padding-right:6px;\"><p>Na temelju vremena gradnje bruskog pro\u010delja i podataka o kultu sv. Jurja u siroj okolici pretpostavljam (zasad bez jasne dokumentarne potvrde) da je kip ovamo mogao biti prenesen iz kapele sv. Jurja u Hvaru koja se nalazila uz sv. Marka, a nakon podr\u017eavljenja ove dominikanske crkve i samostana oko 1809. godine.<\/p><\/div><\/div><div class='content-column one_half last_column'><div style=\"padding-right:0px;padding-left:6px;\"><p>Wegen der Bauzeit des Fassade der Kirche in Brusje und Informationen \u00fcber den Kult des hl. Georg in der weiteren Umgebung (bisher ohne eindeutige dokumentarische Best\u00e4tigung) k\u00f6nnte die Statue aus der Kapelle des hl. St. George in Hvar, die sich bei St. Marak nach der Verstaatlichung des Dominikanerklosters und Kirche um 1809 stammen.<\/p><\/div><\/div><div class='clear_column'><\/div><\/p>\n<p style=\"text-align: center;\"><em>(Izvor \/ Quelle: Jo\u0161ko Kova\u010di\u0107 &#8211; dvije hvarske skulpture iz 15. stolje\u0107a)<\/em><\/p>\n<div class='content-column one_half'><div style=\"padding-right:6px;\"><p>Kulturno dobro Republike Hrvatske<\/p><\/div><\/div><div class='content-column one_half last_column'><div style=\"padding-right:0px;padding-left:6px;\"><p>Kulturelles Erbe der Republik Kroatien.<\/p><\/div><\/div><div class='clear_column'><\/div><\/p>\n<p style=\"text-align: right;\"><a href=\"#seite_oben\">natrag na vrh \/ Seitenanfang<\/a><\/p>\n<hr \/>\n<p><strong>Linkovi \/ Links<\/strong><\/p>\n<p><span style=\"color: #3366ff;\"><a style=\"color: #3366ff;\" href=\"https:\/\/www.topohvar.at\/topo\/orte\/br\/br-ci-01-2\/\">\u017dupna crkva \u00bbSv. Juraj mu\u010denik\u00ab \/ Pfarrkirche zum hl. M\u00e4rtyrer Georg<\/a><\/span><\/p>\n","protected":false},"excerpt":{"rendered":"<p>Ime \/ Name Kip \u00bbSv. Jurja iznad ulaznim vratima crkvu\u00ab \/ Skulptur \u00bbHl. Georg \u00fcber dem Kirchenportal\u00ab Code: BR-MO-03\u00a0 \u00a0 \u00a0 \u00a0 \u00a0 \u00a0 \u00a0 \u00a0 \u00a0 \u00a0\u00a0 \u00a0 \u00a0 \u00a0 \u00a0 \u00a0 \u00a0\u00a0\u00a0\u00a0 Adresa \/ Adresse Brusje, Trg Bl. &hellip; <a href=\"https:\/\/www.topohvar.at\/topo\/orte\/br\/br-mo-03-2\/\">Weiterlesen <span class=\"meta-nav\">&rarr;<\/span><\/a><\/p>\n","protected":false},"author":1,"featured_media":0,"parent":65,"menu_order":0,"comment_status":"closed","ping_status":"closed","template":"","meta":{"footnotes":""},"class_list":["post-1086","page","type-page","status-publish","hentry"],"_links":{"self":[{"href":"https:\/\/www.topohvar.at\/topo\/wp-json\/wp\/v2\/pages\/1086","targetHints":{"allow":["GET"]}}],"collection":[{"href":"https:\/\/www.topohvar.at\/topo\/wp-json\/wp\/v2\/pages"}],"about":[{"href":"https:\/\/www.topohvar.at\/topo\/wp-json\/wp\/v2\/types\/page"}],"author":[{"embeddable":true,"href":"https:\/\/www.topohvar.at\/topo\/wp-json\/wp\/v2\/users\/1"}],"replies":[{"embeddable":true,"href":"https:\/\/www.topohvar.at\/topo\/wp-json\/wp\/v2\/comments?post=1086"}],"version-history":[{"count":12,"href":"https:\/\/www.topohvar.at\/topo\/wp-json\/wp\/v2\/pages\/1086\/revisions"}],"predecessor-version":[{"id":51451,"href":"https:\/\/www.topohvar.at\/topo\/wp-json\/wp\/v2\/pages\/1086\/revisions\/51451"}],"up":[{"embeddable":true,"href":"https:\/\/www.topohvar.at\/topo\/wp-json\/wp\/v2\/pages\/65"}],"wp:attachment":[{"href":"https:\/\/www.topohvar.at\/topo\/wp-json\/wp\/v2\/media?parent=1086"}],"curies":[{"name":"wp","href":"https:\/\/api.w.org\/{rel}","templated":true}]}}