{"id":10867,"date":"2018-09-10T14:18:39","date_gmt":"2018-09-10T12:18:39","guid":{"rendered":"https:\/\/www.topohvar.at\/?page_id=10867"},"modified":"2020-03-03T08:25:39","modified_gmt":"2020-03-03T07:25:39","slug":"za-in-03-1","status":"publish","type":"page","link":"https:\/\/www.topohvar.at\/topo\/orte\/za\/za-in-03-1\/","title":{"rendered":"ZASTRA\u017dI\u0160\u0106E &#8211; Natpis \u00bbNa kapelici groblja\u00ab"},"content":{"rendered":"<p><strong><img loading=\"lazy\" decoding=\"async\" class=\"alignnone wp-image-10635 size-large\" src=\"https:\/\/www.topohvar.at\/wp-content\/uploads\/2018\/09\/ZA-CP-02-0-1024x503.jpg\" alt=\"\" width=\"640\" height=\"314\" srcset=\"https:\/\/www.topohvar.at\/wp-content\/uploads\/2018\/09\/ZA-CP-02-0-1024x503.jpg 1024w, https:\/\/www.topohvar.at\/wp-content\/uploads\/2018\/09\/ZA-CP-02-0-300x147.jpg 300w, https:\/\/www.topohvar.at\/wp-content\/uploads\/2018\/09\/ZA-CP-02-0-768x377.jpg 768w, https:\/\/www.topohvar.at\/wp-content\/uploads\/2018\/09\/ZA-CP-02-0.jpg 1080w\" sizes=\"auto, (max-width: 640px) 100vw, 640px\" \/><\/strong><\/p>\n<p><strong>Ime \/ Name<br \/>\n<\/strong>Natpis \u00bbNa kapelici groblja\u00ab \/ Inschrift auf der Friedhofskapelle<\/p>\n<p><strong>Code: <\/strong>ZA-IN-03\u00a0 \u00a0 \u00a0 \u00a0 \u00a0 \u00a0 \u00a0 \u00a0 \u00a0 \u00a0 \u00a0 \u00a0 \u00a0 \u00a0 \u00a0 \u00a0 \u00a0 \u00a0 \u00a0 \u00a0\u00a0<strong><a href=\"https:\/\/www.topohvar.at\/orte\/za\/za-in-01-1\/\"><img loading=\"lazy\" decoding=\"async\" class=\"alignnone wp-image-533 size-full\" src=\"https:\/\/www.topohvar.at\/wp-content\/uploads\/2018\/07\/push-l-30.jpg\" alt=\"\" width=\"61\" height=\"30\" \/><\/a> <a href=\"https:\/\/www.topohvar.at\/orte\/za\/\"><img loading=\"lazy\" decoding=\"async\" class=\"alignnone wp-image-535 size-full\" src=\"https:\/\/www.topohvar.at\/wp-content\/uploads\/2018\/07\/push-o-30.jpg\" alt=\"\" width=\"61\" height=\"30\" \/><\/a> <a href=\"https:\/\/www.topohvar.at\/orte\/za\/za-in-02-1\/\"><img loading=\"lazy\" decoding=\"async\" class=\"alignnone wp-image-536 size-full\" src=\"https:\/\/www.topohvar.at\/wp-content\/uploads\/2018\/07\/push-r-30.jpg\" alt=\"\" width=\"61\" height=\"30\" \/><\/a><\/strong><\/p>\n<hr \/>\n<p><strong>Adresa \/ Adresse<br \/>\n<\/strong>Zastra\u017ei\u0161\u0107e, Mala Banda<\/p>\n<p><strong>Lokalna polo\u017eaj \/ Position<a href=\"https:\/\/goo.gl\/maps\/c4rC8crkwbg6wcxv6\"><img loading=\"lazy\" decoding=\"async\" class=\"alignright wp-image-10865\" src=\"https:\/\/www.topohvar.at\/wp-content\/uploads\/2018\/09\/0945.jpg\" alt=\"\" width=\"134\" height=\"100\" \/><\/a><br \/>\n<\/strong><span style=\"color: #3366ff;\"><a style=\"color: #3366ff;\" href=\"https:\/\/goo.gl\/maps\/c4rC8crkwbg6wcxv6\">Latitude: N 43,14727\u00b0\u00a0 \u00a0Longitude: E 16,84009\u00b0<\/a> <\/span><strong><br \/>\n<\/strong>Visina \/ H\u00f6he: 187 m<\/p>\n<p><strong>Zemlji\u0161te \/ Grundst\u00fccke<br \/>\n<\/strong>*144\/2\u00a0<div class='content-column one_half'><div style=\"padding-right:6px;\"><p><strong>Datum snimanja \/ Erfassungsdatum<br \/>\n<\/strong>15.05.2014 10:15:42<\/p>\n<hr \/>\n<p><strong>Informacije<\/strong><\/p>\n<p>Natpis iznad vrata:<\/p>\n<p style=\"text-align: center;\">OVO \u2013 GROBISTE \u2013 POTPUNO \u2013 RESTAURIRANO<br \/>\nGOD \u2013 1941<\/p><\/div><\/div><div class='content-column one_half last_column'><div style=\"padding-right:0px;padding-left:6px;\"><p><strong>Za\u0161titni polo\u017eaj \/ Schutzstellung<br \/>\n<\/strong>&#8211;<\/p>\n<hr \/>\n<p><strong>Info<\/strong><\/p>\n<p>Inschrift \u00fcber der T\u00fcre:<\/p>\n<p style=\"text-align: center;\">Dieser Friedhof wurde vollst\u00e4ndig restauriert<br \/>\nim Jahr 1941<\/p><\/div><\/div><div class='clear_column'><\/div><\/p>\n<hr \/>\n<p><strong>Linkovi \/ Links<\/strong><\/p>\n<p><span style=\"color: #3366ff;\"><a style=\"color: #3366ff;\" href=\"https:\/\/www.topohvar.at\/orte\/za\/za-cp-02-1\/\">Kapela \u00bbNa groblju\u00ab \/ Friedhofkapelle<\/a><br \/>\n<a style=\"color: #3366ff;\" href=\"https:\/\/www.topohvar.at\/orte\/za\/za-og-02-1\/\">Novo groblje \/ neuer Friedhof<\/a><br \/>\n<\/span><\/p>\n","protected":false},"excerpt":{"rendered":"<p>Ime \/ Name Natpis \u00bbNa kapelici groblja\u00ab \/ Inschrift auf der Friedhofskapelle Code: ZA-IN-03\u00a0 \u00a0 \u00a0 \u00a0 \u00a0 \u00a0 \u00a0 \u00a0 \u00a0 \u00a0 \u00a0 \u00a0 \u00a0 \u00a0 \u00a0 \u00a0 \u00a0 \u00a0 \u00a0 \u00a0\u00a0 Adresa \/ Adresse Zastra\u017ei\u0161\u0107e, Mala Banda Lokalna &hellip; <a href=\"https:\/\/www.topohvar.at\/topo\/orte\/za\/za-in-03-1\/\">Weiterlesen <span class=\"meta-nav\">&rarr;<\/span><\/a><\/p>\n","protected":false},"author":1,"featured_media":0,"parent":115,"menu_order":0,"comment_status":"closed","ping_status":"closed","template":"","meta":{"footnotes":""},"class_list":["post-10867","page","type-page","status-publish","hentry"],"_links":{"self":[{"href":"https:\/\/www.topohvar.at\/topo\/wp-json\/wp\/v2\/pages\/10867","targetHints":{"allow":["GET"]}}],"collection":[{"href":"https:\/\/www.topohvar.at\/topo\/wp-json\/wp\/v2\/pages"}],"about":[{"href":"https:\/\/www.topohvar.at\/topo\/wp-json\/wp\/v2\/types\/page"}],"author":[{"embeddable":true,"href":"https:\/\/www.topohvar.at\/topo\/wp-json\/wp\/v2\/users\/1"}],"replies":[{"embeddable":true,"href":"https:\/\/www.topohvar.at\/topo\/wp-json\/wp\/v2\/comments?post=10867"}],"version-history":[{"count":8,"href":"https:\/\/www.topohvar.at\/topo\/wp-json\/wp\/v2\/pages\/10867\/revisions"}],"predecessor-version":[{"id":32119,"href":"https:\/\/www.topohvar.at\/topo\/wp-json\/wp\/v2\/pages\/10867\/revisions\/32119"}],"up":[{"embeddable":true,"href":"https:\/\/www.topohvar.at\/topo\/wp-json\/wp\/v2\/pages\/115"}],"wp:attachment":[{"href":"https:\/\/www.topohvar.at\/topo\/wp-json\/wp\/v2\/media?parent=10867"}],"curies":[{"name":"wp","href":"https:\/\/api.w.org\/{rel}","templated":true}]}}