{"id":11184,"date":"2018-09-12T15:02:08","date_gmt":"2018-09-12T13:02:08","guid":{"rendered":"https:\/\/www.topohvar.at\/?page_id=11184"},"modified":"2024-11-02T17:47:44","modified_gmt":"2024-11-02T16:47:44","slug":"gj-ci-03-1","status":"publish","type":"page","link":"https:\/\/www.topohvar.at\/topo\/orte\/gj\/gj-ci-03-1\/","title":{"rendered":"GDINJ &#8211; Crkva \u00bbSv. Roka\u00ab"},"content":{"rendered":"<p><a name=\"seite_oben\"><\/a><br \/>\n<strong><img loading=\"lazy\" decoding=\"async\" class=\"alignnone wp-image-11125 size-large\" src=\"https:\/\/www.topohvar.at\/wp-content\/uploads\/2018\/09\/gj-ci-03-0-1024x503.jpg\" alt=\"\" width=\"640\" height=\"314\" srcset=\"https:\/\/www.topohvar.at\/wp-content\/uploads\/2018\/09\/gj-ci-03-0-1024x503.jpg 1024w, https:\/\/www.topohvar.at\/wp-content\/uploads\/2018\/09\/gj-ci-03-0-300x147.jpg 300w, https:\/\/www.topohvar.at\/wp-content\/uploads\/2018\/09\/gj-ci-03-0-768x377.jpg 768w, https:\/\/www.topohvar.at\/wp-content\/uploads\/2018\/09\/gj-ci-03-0.jpg 1080w\" sizes=\"auto, (max-width: 640px) 100vw, 640px\" \/><\/strong><\/p>\n<p><strong>Ime \/ Name<br \/>\n<\/strong>Crkva \u00bbSv. Roka\u00ab \/ Kirche zum hl. Rochus<\/p>\n<p><strong>Code: <\/strong>GJ-CI-03\u00a0 \u00a0 \u00a0 \u00a0 \u00a0 \u00a0 \u00a0 \u00a0 \u00a0 \u00a0 \u00a0 \u00a0 \u00a0 \u00a0 \u00a0 \u00a0<strong><a href=\"https:\/\/www.topohvar.at\/orte\/gj\/gj-ci-01-1\/\"><img loading=\"lazy\" decoding=\"async\" class=\"alignnone wp-image-533 size-full\" src=\"https:\/\/www.topohvar.at\/wp-content\/uploads\/2018\/07\/push-l-30.jpg\" alt=\"\" width=\"61\" height=\"30\" \/><\/a> <a href=\"https:\/\/www.topohvar.at\/orte\/gj\/\"><img loading=\"lazy\" decoding=\"async\" class=\"alignnone wp-image-535 size-full\" src=\"https:\/\/www.topohvar.at\/wp-content\/uploads\/2018\/07\/push-o-30.jpg\" alt=\"\" width=\"61\" height=\"30\" \/><\/a> <a href=\"https:\/\/www.topohvar.at\/orte\/gj\/gj-ci-02-1\/\"><img loading=\"lazy\" decoding=\"async\" class=\"alignnone wp-image-536 size-full\" src=\"https:\/\/www.topohvar.at\/wp-content\/uploads\/2018\/07\/push-r-30.jpg\" alt=\"\" width=\"61\" height=\"30\" \/><\/a><\/strong><\/p>\n<hr \/>\n<p><strong>Adresa \/ Adresse<br \/>\n<\/strong>Gdinj,\u00a0Dugi Dolac<\/p>\n<p><strong>Lokacija \/ Position<a href=\"https:\/\/goo.gl\/maps\/r9LQGh2MY1tbC6N86\"><img loading=\"lazy\" decoding=\"async\" class=\"alignright wp-image-11292\" src=\"https:\/\/www.topohvar.at\/wp-content\/uploads\/2018\/09\/0112.jpg\" alt=\"\" width=\"133\" height=\"100\" \/><\/a><br \/>\n<\/strong><span style=\"color: #3366ff;\"><a style=\"color: #3366ff;\" href=\"https:\/\/goo.gl\/maps\/r9LQGh2MY1tbC6N86\">Latitude: N 43,13322\u00b0\u00a0 \u00a0Longitude: E 16,93346\u00b0<\/a> <\/span><strong><br \/>\n<\/strong>Visina \/ H\u00f6he: 330 m<\/p>\n<p><strong>Katastarska \u010destica \/ Grundst\u00fccke<br \/>\n<\/strong>*221\u00a0<div class='content-column one_half'><div style=\"padding-right:6px;\"><p><strong>Datum snimanja \/ Erfassungsdatum<br \/>\n<\/strong>27.05.2014 10:41:04<\/p>\n<hr \/>\n<p><strong>Informacije<\/strong><\/p>\n<p>Na putu za Visoke.\u00a0Smatra se da crkvica sv. Roka na isto\u010dnom kraju Dugog Dolca potje\u010de iz 15. stolje\u0107a, iako se prvi put spominje 1627. godine kao seoska kapela koja nije kori\u0161tena za misna slavlja.\u00a0Dana\u0161nja crkva sagra\u0111ena je 1891. godine na temeljima ove prethodne gra\u0111evine i obnovljena 1985. godine (spomen plo\u010da).<\/p><\/div><\/div><div class='content-column one_half last_column'><div style=\"padding-right:0px;padding-left:6px;\"><p><strong>Stupanj za\u0161tite \/ Schutzstellung<br \/>\n<\/strong>&#8211;<\/p>\n<hr \/>\n<p><strong>Info<\/strong><\/p>\n<p>Am Weg nach Visoka. Es wird angenommen, dass die kleine Kirche des hl. Rochus am \u00f6stlichen Ende von Dugi Dolac aus dem 15. Jahrhundert stammt , obwohl sie erstmals 1627 als Dorfkapelle erw\u00e4hnt wurde, die nicht f\u00fcr Messfeiern genutzt wurde. Die heutige Kirche wurde 1891 auf den Grundmauern dieses Vorg\u00e4ngerbaus errichtet und 1985 renoviert (Gedenktafel).<\/p><\/div><\/div><div class='clear_column'><\/div><div class='content-column one_third'><div style=\"padding-right:6px;\"><p>Blagdan sv. Rochus u Gdinju je 15. kolovoza. Nakon misnog slavlja kroz Dugi Dolac uz pjesmu sv. Roku pro\u0161la je tradicionalna procesija s kipom sv. Roka koji su nosili mladi Gdinjani. Na dva mjesta s kipom su blagoslovljeni sudionici misnog slavlja i procesije i samo mjesto.<\/p><\/div><\/div><div class='content-column one_third'><div style=\"padding-right:6px;\"><p><img loading=\"lazy\" decoding=\"async\" class=\"size-full wp-image-56926 aligncenter\" src=\"https:\/\/www.topohvar.at\/wp-content\/uploads\/2022\/01\/gj-ci-03-10.jpg\" alt=\"\" width=\"179\" height=\"300\" \/><\/p><\/div><\/div><div class='content-column one_third last_column'><div style=\"padding-right:0px;padding-left:6px;\"><p>Der Feiertag des hl. Rochus in Gdinj ist der 15. August. Nach der Messfeier erfolgt die traditionelle Prozession mit Gesang durch Dugi Dolac. Dabei wird die Statue des hl. Rochus von jungen Gdinjanern getragen. An zwei Stellen werden die Teilnehmer der Messfeier und Prozession mit der Statue gesegnet.<\/p><\/div><\/div><div class='clear_column'><\/div><\/p>\n<p style=\"text-align: right;\"><span style=\"color: #3366ff;\"><a style=\"color: #3366ff;\" href=\"#seite_oben\">natrag na vrh \/ Seitenanfang<\/a><\/span><\/p>\n<hr \/>\n<p><strong>Linkovi \/ Links<\/strong><\/p>\n<p><span style=\"color: #3366ff;\"><a style=\"color: #3366ff;\" href=\"https:\/\/www.topohvar.at\/orte\/gj\/gj-is-07-1\/\">Spomen plo\u010da iznad ulaza \/ Gedenktafel \u00fcber dem Eingang<\/a><\/span><\/p>\n","protected":false},"excerpt":{"rendered":"<p>Ime \/ Name Crkva \u00bbSv. Roka\u00ab \/ Kirche zum hl. Rochus Code: GJ-CI-03\u00a0 \u00a0 \u00a0 \u00a0 \u00a0 \u00a0 \u00a0 \u00a0 \u00a0 \u00a0 \u00a0 \u00a0 \u00a0 \u00a0 \u00a0 \u00a0 Adresa \/ Adresse Gdinj,\u00a0Dugi Dolac Lokacija \/ Position Latitude: N 43,13322\u00b0\u00a0 \u00a0Longitude: &hellip; <a href=\"https:\/\/www.topohvar.at\/topo\/orte\/gj\/gj-ci-03-1\/\">Weiterlesen <span class=\"meta-nav\">&rarr;<\/span><\/a><\/p>\n","protected":false},"author":1,"featured_media":0,"parent":72,"menu_order":0,"comment_status":"closed","ping_status":"closed","template":"","meta":{"footnotes":""},"class_list":["post-11184","page","type-page","status-publish","hentry"],"_links":{"self":[{"href":"https:\/\/www.topohvar.at\/topo\/wp-json\/wp\/v2\/pages\/11184","targetHints":{"allow":["GET"]}}],"collection":[{"href":"https:\/\/www.topohvar.at\/topo\/wp-json\/wp\/v2\/pages"}],"about":[{"href":"https:\/\/www.topohvar.at\/topo\/wp-json\/wp\/v2\/types\/page"}],"author":[{"embeddable":true,"href":"https:\/\/www.topohvar.at\/topo\/wp-json\/wp\/v2\/users\/1"}],"replies":[{"embeddable":true,"href":"https:\/\/www.topohvar.at\/topo\/wp-json\/wp\/v2\/comments?post=11184"}],"version-history":[{"count":12,"href":"https:\/\/www.topohvar.at\/topo\/wp-json\/wp\/v2\/pages\/11184\/revisions"}],"predecessor-version":[{"id":56927,"href":"https:\/\/www.topohvar.at\/topo\/wp-json\/wp\/v2\/pages\/11184\/revisions\/56927"}],"up":[{"embeddable":true,"href":"https:\/\/www.topohvar.at\/topo\/wp-json\/wp\/v2\/pages\/72"}],"wp:attachment":[{"href":"https:\/\/www.topohvar.at\/topo\/wp-json\/wp\/v2\/media?parent=11184"}],"curies":[{"name":"wp","href":"https:\/\/api.w.org\/{rel}","templated":true}]}}