{"id":1119,"date":"2018-07-28T19:08:57","date_gmt":"2018-07-28T17:08:57","guid":{"rendered":"https:\/\/www.topohvar.at\/?page_id=1119"},"modified":"2021-08-24T17:10:00","modified_gmt":"2021-08-24T15:10:00","slug":"br-og-01-2","status":"publish","type":"page","link":"https:\/\/www.topohvar.at\/topo\/orte\/br\/br-og-01-2\/","title":{"rendered":"BRUSJE &#8211; Objekt \u00bbStaro groblje\u00ab"},"content":{"rendered":"<p><a name=\"seite_oben\"><\/a><br \/>\n<strong><img loading=\"lazy\" decoding=\"async\" class=\"alignnone wp-image-1123 size-large\" src=\"https:\/\/www.topohvar.at\/wp-content\/uploads\/2018\/07\/br-og-01-1-1024x503.jpg\" alt=\"\" width=\"640\" height=\"314\" srcset=\"https:\/\/www.topohvar.at\/wp-content\/uploads\/2018\/07\/br-og-01-1-1024x503.jpg 1024w, https:\/\/www.topohvar.at\/wp-content\/uploads\/2018\/07\/br-og-01-1-300x147.jpg 300w, https:\/\/www.topohvar.at\/wp-content\/uploads\/2018\/07\/br-og-01-1-768x377.jpg 768w\" sizes=\"auto, (max-width: 640px) 100vw, 640px\" \/><\/strong><\/p>\n<p><strong>Ime \/ Name<br \/>\n<\/strong>Objekt \u00bbStaro groblje\u00ab \/ Alter Friedhof<\/p>\n<p><strong>Code: <\/strong>BR-OG-01\u00a0 \u00a0 \u00a0 \u00a0 \u00a0 \u00a0 \u00a0 \u00a0 \u00a0 \u00a0 \u00a0 \u00a0 \u00a0 \u00a0 \u00a0 <strong><a href=\"https:\/\/www.topohvar.at\/orte\/br\/br-on-01-1\/\"><img loading=\"lazy\" decoding=\"async\" class=\"alignnone wp-image-12300 size-full\" src=\"https:\/\/www.topohvar.at\/wp-content\/uploads\/2018\/09\/push-vor-30.jpg\" alt=\"\" width=\"61\" height=\"30\" \/><\/a><\/strong><strong>\u00a0<a href=\"https:\/\/www.topohvar.at\/orte\/br\/\"><img loading=\"lazy\" decoding=\"async\" class=\"alignnone wp-image-535 size-full\" src=\"https:\/\/www.topohvar.at\/wp-content\/uploads\/2018\/07\/push-o-30.jpg\" alt=\"\" width=\"61\" height=\"30\" \/><\/a> <a href=\"https:\/\/www.topohvar.at\/orte\/br\/br-og-02-1\/\"><img loading=\"lazy\" decoding=\"async\" class=\"alignnone wp-image-536 size-full\" src=\"https:\/\/www.topohvar.at\/wp-content\/uploads\/2018\/07\/push-r-30.jpg\" alt=\"\" width=\"61\" height=\"30\" \/><\/a> <a href=\"https:\/\/www.topohvar.at\/orte\/br\/br-ob-01-2\/\"><img loading=\"lazy\" decoding=\"async\" class=\"alignnone wp-image-12299 size-full\" src=\"https:\/\/www.topohvar.at\/wp-content\/uploads\/2018\/09\/push-next-30.jpg\" alt=\"\" width=\"61\" height=\"30\" \/><\/a><\/strong><\/p>\n<hr \/>\n<p><strong>Adresa \/ Adresse<br \/>\n<\/strong>Brusje, Trg Bl. Ivana Merza<\/p>\n<p><strong>Lokacija<\/strong><strong> \/ Position<a href=\"https:\/\/goo.gl\/maps\/g3pvjNShZDLmHHg76\"><img loading=\"lazy\" decoding=\"async\" class=\"alignright wp-image-802\" src=\"https:\/\/www.topohvar.at\/wp-content\/uploads\/2018\/07\/0035.jpg\" alt=\"\" width=\"132\" height=\"100\" \/><\/a><br \/>\n<\/strong><span style=\"color: #3366ff;\"><a style=\"color: #3366ff;\" href=\"https:\/\/goo.gl\/maps\/g3pvjNShZDLmHHg76\">Latitude: N 43,18991\u00b0\u00a0 \u00a0Longitude: E 16,48834\u00b0<\/a> <\/span><strong><br \/>\n<\/strong>Visina \/ H\u00f6he: 331 m<\/p>\n<p><strong>Katastarska \u010destica<\/strong><strong> \/ Grundst\u00fccke<br \/>\n<\/strong>*220<div class='content-column one_half'><div style=\"padding-right:6px;\"><p><strong>Datum snimanja \/ Erfassungsdatum<br \/>\n<\/strong>26.05.2018 12:27:20<\/p>\n<hr \/>\n<p><strong>Informacije<\/strong><\/p>\n<p>Groblje pred crkvom Sv. Jurja izgra\u0111eno je godine 1826., pro\u0161ireno je 1846., a dovr\u0161eno 1866. Zid oko groblja podignut je godine 1865. Na ulazu u groblje nalazi se metalni kri\u017e iznad nadvratnika, a ispod njega spomen-plo\u010da sa zanimljivim natpisom na hrvatskom jeziku. Na groblju se nalazi veliki broj bratskih grobova, kao i kameni obiteljski grobovi s kamenim grobnim neostilskih spomenicima.<\/p><\/div><\/div><div class='content-column one_half last_column'><div style=\"padding-right:0px;padding-left:6px;\"><p><strong>Stupanj za\u0161tite<\/strong><strong> \/ Schutzstellung<br \/>\n<\/strong>Z-6584, RST 691-1973, RST 867<\/p>\n<hr \/>\n<p><strong>Info<\/strong><\/p>\n<p>Der Friedhof vor der Kirche des hl. Georg wurde im Jahr 1826 erbaut, 1846 erweitert und im Jahre 1866 vollendet. Die Mauer rund um den Friedhof stammt aus dem Jahr 1865. Am Eingangstor zum Friedhof findet sich \u00fcber dem T\u00fcrsturz ein Metallkreuz und darunter eine Gedenktafel \u00a0mit einer interessante Inschrift in kroatischer Sprache. Auf dem Friedhof finden sich eine Reihe von Gr\u00e4bern der Br\u00fcderschaft, sowie steinerne Familiengr\u00e4ber mit steinernen Grabdenkm\u00e4lern im Neo-Stil.<\/p><\/div><\/div><div class='clear_column'><\/div><div class='content-column one_half'><div style=\"padding-right:6px;\"><p>Groblje prestavlja jednostavno seosko groblje s potpunom regulacijom prostora u izgledu i funkciji.<\/p><\/div><\/div><div class='content-column one_half last_column'><div style=\"padding-right:0px;padding-left:6px;\"><p>Der Friedhof stellt einen einfachen Dorffriedhof dar, charakteristisch in Raum, Aussehen und Funktion.<\/p><\/div><\/div><div class='clear_column'><\/div><div class='content-column one_half'><div style=\"padding-right:6px;\"><p>Registar kulturnih dobara Republike Hrvatske br. 03\/2015. Datum tiskanog izdanja: 21.8.2015. Broj registra: Z-6584<\/p><\/div><\/div><div class='content-column one_half last_column'><div style=\"padding-right:0px;padding-left:6px;\"><p>Register der Kulturg\u00fcter der Republik Kroatien Nr. 03\/2015, Ver\u00f6ffentlichungsdatum: 21.8.2015. Registriernummer: Z-6584<\/p><\/div><\/div><div class='clear_column'><\/div><\/p>\n<p style=\"text-align: right;\"><a href=\"#seite_oben\">natrag na vrh \/ Seitenanfang<\/a><\/p>\n<hr \/>\n<p><strong>Linkovi \/ Links<\/strong><\/p>\n<p><span style=\"color: #3366ff;\"><a style=\"color: #3366ff;\" href=\"https:\/\/www.topohvar.at\/topo\/orte\/br\/br-cz-01-2\/\">Kri\u017e \u00bbna vratima starog groblja s natpisom\u00ab \/\u00a0Kreuz am Tor zum alten Friedhof mit Inschrift<\/a><br \/>\n<a style=\"color: #3366ff;\" href=\"https:\/\/www.topohvar.at\/topo\/orte\/br\/br-cz-08-2\/\">Kri\u017e \u00bbna starom groblju\u00ab \/ Kreuz \u00bbam alten Friedhof\u00ab<\/a><br \/>\n<\/span><\/p>\n","protected":false},"excerpt":{"rendered":"<p>Ime \/ Name Objekt \u00bbStaro groblje\u00ab \/ Alter Friedhof Code: BR-OG-01\u00a0 \u00a0 \u00a0 \u00a0 \u00a0 \u00a0 \u00a0 \u00a0 \u00a0 \u00a0 \u00a0 \u00a0 \u00a0 \u00a0 \u00a0 \u00a0 Adresa \/ Adresse Brusje, Trg Bl. Ivana Merza Lokacija \/ Position Latitude: N 43,18991\u00b0\u00a0 &hellip; <a href=\"https:\/\/www.topohvar.at\/topo\/orte\/br\/br-og-01-2\/\">Weiterlesen <span class=\"meta-nav\">&rarr;<\/span><\/a><\/p>\n","protected":false},"author":1,"featured_media":0,"parent":65,"menu_order":0,"comment_status":"closed","ping_status":"closed","template":"","meta":{"footnotes":""},"class_list":["post-1119","page","type-page","status-publish","hentry"],"_links":{"self":[{"href":"https:\/\/www.topohvar.at\/topo\/wp-json\/wp\/v2\/pages\/1119","targetHints":{"allow":["GET"]}}],"collection":[{"href":"https:\/\/www.topohvar.at\/topo\/wp-json\/wp\/v2\/pages"}],"about":[{"href":"https:\/\/www.topohvar.at\/topo\/wp-json\/wp\/v2\/types\/page"}],"author":[{"embeddable":true,"href":"https:\/\/www.topohvar.at\/topo\/wp-json\/wp\/v2\/users\/1"}],"replies":[{"embeddable":true,"href":"https:\/\/www.topohvar.at\/topo\/wp-json\/wp\/v2\/comments?post=1119"}],"version-history":[{"count":21,"href":"https:\/\/www.topohvar.at\/topo\/wp-json\/wp\/v2\/pages\/1119\/revisions"}],"predecessor-version":[{"id":51457,"href":"https:\/\/www.topohvar.at\/topo\/wp-json\/wp\/v2\/pages\/1119\/revisions\/51457"}],"up":[{"embeddable":true,"href":"https:\/\/www.topohvar.at\/topo\/wp-json\/wp\/v2\/pages\/65"}],"wp:attachment":[{"href":"https:\/\/www.topohvar.at\/topo\/wp-json\/wp\/v2\/media?parent=1119"}],"curies":[{"name":"wp","href":"https:\/\/api.w.org\/{rel}","templated":true}]}}