{"id":11190,"date":"2018-09-12T15:06:55","date_gmt":"2018-09-12T13:06:55","guid":{"rendered":"https:\/\/www.topohvar.at\/?page_id=11190"},"modified":"2026-04-03T16:20:31","modified_gmt":"2026-04-03T14:20:31","slug":"gj-ck-02-1","status":"publish","type":"page","link":"https:\/\/www.topohvar.at\/topo\/orte\/gj\/gj-ck-02-1\/","title":{"rendered":"GDINJ &#8211; Crkvica \u00bbSv.Lucije\u00ab"},"content":{"rendered":"<p><a name=\"seite_oben\"><\/a><br \/>\n<strong><img loading=\"lazy\" decoding=\"async\" class=\"alignnone wp-image-11127 size-large\" src=\"https:\/\/www.topohvar.at\/wp-content\/uploads\/2018\/09\/GJ-CK-02-0-1024x503.jpg\" alt=\"\" width=\"640\" height=\"314\" srcset=\"https:\/\/www.topohvar.at\/wp-content\/uploads\/2018\/09\/GJ-CK-02-0-1024x503.jpg 1024w, https:\/\/www.topohvar.at\/wp-content\/uploads\/2018\/09\/GJ-CK-02-0-300x147.jpg 300w, https:\/\/www.topohvar.at\/wp-content\/uploads\/2018\/09\/GJ-CK-02-0-768x377.jpg 768w, https:\/\/www.topohvar.at\/wp-content\/uploads\/2018\/09\/GJ-CK-02-0.jpg 1080w\" sizes=\"auto, (max-width: 640px) 100vw, 640px\" \/><\/strong><\/p>\n<p><strong>Ime \/ Name<br \/>\n<\/strong>Crkvica \u00bbSv.Lucije\u00ab \/ kleine Kirche zur hl. Luzia<\/p>\n<p><strong>Code: <\/strong>GJ-CK-02\u00a0 \u00a0 \u00a0 \u00a0 \u00a0 \u00a0 \u00a0 \u00a0 \u00a0 \u00a0 \u00a0 \u00a0 \u00a0 \u00a0 \u00a0 \u00a0<strong><a href=\"https:\/\/www.topohvar.at\/orte\/gj\/gj-ck-01-1\/\"><img loading=\"lazy\" decoding=\"async\" class=\"alignnone wp-image-533 size-full\" src=\"https:\/\/www.topohvar.at\/wp-content\/uploads\/2018\/07\/push-l-30.jpg\" alt=\"\" width=\"61\" height=\"30\" \/><\/a> <a href=\"https:\/\/www.topohvar.at\/orte\/gj\/\"><img loading=\"lazy\" decoding=\"async\" class=\"alignnone wp-image-535 size-full\" src=\"https:\/\/www.topohvar.at\/wp-content\/uploads\/2018\/07\/push-o-30.jpg\" alt=\"\" width=\"61\" height=\"30\" \/><\/a> <a href=\"https:\/\/www.topohvar.at\/orte\/gj\/gj-ci-01-1\/\"><img loading=\"lazy\" decoding=\"async\" class=\"alignnone wp-image-536 size-full\" src=\"https:\/\/www.topohvar.at\/wp-content\/uploads\/2018\/07\/push-r-30.jpg\" alt=\"\" width=\"61\" height=\"30\" \/><\/a><\/strong><\/p>\n<hr \/>\n<p><strong>Adresa \/ Adresse<br \/>\n<\/strong>Gdinj, Vrvoli\u0107i na putu za Banove dvore<\/p>\n<p><strong>Lokacija \/ Position<a href=\"https:\/\/goo.gl\/maps\/mXhqTVsGJx3pbBSR9\"><img loading=\"lazy\" decoding=\"async\" class=\"alignright wp-image-11310\" src=\"https:\/\/www.topohvar.at\/wp-content\/uploads\/2018\/09\/0114.jpg\" alt=\"\" width=\"134\" height=\"100\" \/><\/a><br \/>\n<\/strong><span style=\"color: #3366ff;\"><a style=\"color: #3366ff;\" href=\"https:\/\/goo.gl\/maps\/mXhqTVsGJx3pbBSR9\">Latitude: N 43,13398\u00b0\u00a0 \u00a0Longitude: E 16,94425\u00b0<\/a> <\/span><strong><br \/>\n<\/strong>Visina \/ H\u00f6he: 346 m<\/p>\n<p><strong>Katastarska \u010destica \/ Grundst\u00fccke<br \/>\n<\/strong>*16\u00a0<div class='content-column one_half'><div style=\"padding-right:6px;\"><p><strong>Datum snimanja \/ Erfassungsdatum<br \/>\n<\/strong>27.05.2014 11:10:49<\/p>\n<hr \/>\n<p><strong>Informacije<\/strong><\/p>\n<p>Crkvica Sv.Lucije u Banov Dvor iz XV. Stolje\u0107a, koja se godine 1599. spominje kao patronat plemi\u0107a Cassio, patricija Ka\u0161i\u0107a, \u010diji su preci bili Ozori, podrijetlom Ka\u010di\u0107i.<\/p><\/div><\/div><div class='content-column one_half last_column'><div style=\"padding-right:0px;padding-left:6px;\"><p><strong>Stupanj za\u0161tite \/ Schutzstellung<br \/>\n<\/strong>&#8211;<\/p>\n<hr \/>\n<p><strong>Info<\/strong><\/p>\n<p>Die kleine Kirche der hl. Luzia in Banov Dvor aus dem 15. Jh. wird im Jahr 1599 unter der Schirmherrschaft des Adeligen Ka\u0161i\u0107, dessen Vorfahren Ozori von den Ka\u010di\u0107i stammten, genannt.<\/p><\/div><\/div><div class='clear_column'><\/div><div class='content-column one_half'><div style=\"padding-right:6px;\"><p>Crkvica je dogra\u0111ena je 1862. godine i obnovio\u00a0 godine 1968. mje\u0161tanin Vinko Jurasovi\u0107, kao i 1985. godine<\/p><\/div><\/div><div class='content-column one_half last_column'><div style=\"padding-right:0px;padding-left:6px;\"><p>Die Kirche wurde im Jahr 1862 wiedererrichtet und im Jahr 1968 durch den Bewohner Vinko Jurasovi\u0107, sowie im Jahr 1985 neuerlich renoviert.<\/p><\/div><\/div><div class='clear_column'><\/div><div class='content-column one_half'><div style=\"padding-right:6px;\"><p>Crkva pro\u0161losti je bila zavjetnom crkvom za isto\u010dni dio otoka Hvara. Jedno vrijeme je ostala zapu\u0161tena i napu\u0161tena pa je vi\u0161e puta obnavljana, da bi je zadnji put bogoslu\u017eju vratio biv\u0161i \u017eupnik don Josip Franuli\u0107 1979. godine.<\/p><\/div><\/div><div class='content-column one_half last_column'><div style=\"padding-right:0px;padding-left:6px;\"><p>Die Kirche war in der Vergangenheit eine ehrw\u00fcrdige Kirche f\u00fcr den \u00f6stlichen Teil der Insel Hvar. Eine Zeit lang wurde sie vernachl\u00e4ssigt und verlassen. Sie wurde wiederholt erneuert, zum letzten Mal kehrte der Pfarrer Don Josip Franuli\u0107 1979 zur Anbetung zur\u00fcck.<\/p><\/div><\/div><div class='clear_column'><\/div><\/p>\n<div id=\"attachment_74049\" style=\"width: 1976px\" class=\"wp-caption aligncenter\"><img loading=\"lazy\" decoding=\"async\" aria-describedby=\"caption-attachment-74049\" class=\"wp-image-74049 size-full\" src=\"https:\/\/www.topohvar.at\/wp-content\/uploads\/2026\/04\/gj-ck-02-20.jpg\" alt=\"\" width=\"1966\" height=\"655\" srcset=\"https:\/\/www.topohvar.at\/wp-content\/uploads\/2026\/04\/gj-ck-02-20.jpg 1966w, https:\/\/www.topohvar.at\/wp-content\/uploads\/2026\/04\/gj-ck-02-20-300x100.jpg 300w, https:\/\/www.topohvar.at\/wp-content\/uploads\/2026\/04\/gj-ck-02-20-1024x341.jpg 1024w, https:\/\/www.topohvar.at\/wp-content\/uploads\/2026\/04\/gj-ck-02-20-768x256.jpg 768w, https:\/\/www.topohvar.at\/wp-content\/uploads\/2026\/04\/gj-ck-02-20-1536x512.jpg 1536w\" sizes=\"auto, (max-width: 1966px) 100vw, 1966px\" \/><p id=\"caption-attachment-74049\" class=\"wp-caption-text\"><em>(Foto: Nik\u0161a Vujnovi\u0107)<\/em><\/p><\/div>\n<p>&nbsp;<\/p>\n<div class='content-column one_third'><div style=\"padding-right:6px;\"><p>13. prosinca sve\u010dano je proslavljen blagdan djevice i mu\u010denice Sv. Lucije te za\u0161titnice vida i o\u010diju sv. Lucije. Oni su svojim pjevanjem uveli\u010dali misno slavlje, a potom procesiju oko crkve sa slikom sv. Lucije, koju je prije vi\u0161e od stotinu godina naslikao Austrijanac Josef Obleitner i koja se za taj blagdan donosi iz \u017eupne crkve Sv. Jurja.<\/p><\/div><\/div><div class='content-column one_third'><div style=\"padding-right:6px;\"><p><img loading=\"lazy\" decoding=\"async\" class=\"size-full wp-image-56924 aligncenter\" src=\"https:\/\/www.topohvar.at\/wp-content\/uploads\/2022\/01\/gj-ck-02-10.jpg\" alt=\"\" width=\"217\" height=\"300\" \/><\/p><\/div><\/div><div class='content-column one_third last_column'><div style=\"padding-right:0px;padding-left:6px;\"><p>Am 13. Dezember wird das Fest der Jungfrau und M\u00e4rtyrerin der hl. Luzia gefeiert, der Besch\u00fctzerin von Augen und Sehkraft. Die Gl\u00e4ubigen machten ihre Feier mit Gesang und Prozession um die Kirche mit dem Gem\u00e4lde der hl. Luzia das der \u00d6sterreicher Josef Obleitner vor mehr als hundert Jahren gemalt hat und das f\u00fcr diese Feier aus der Pfarrkirche des hl. Georg geholt wird.<\/p><\/div><\/div><div class='clear_column'><\/div><\/p>\n<hr \/>\n<div class='content-column one_half'><div style=\"padding-right:6px;\"><p>Sv. Lucija se rodila u Sirakuzi na otoku Siciliji, a mu\u010deni\u010dki umrla 305. godine, za vladanja rimskih careva Dioklecijana i Maksimilijana.<\/p><\/div><\/div><div class='content-column one_half last_column'><div style=\"padding-right:0px;padding-left:6px;\"><p>Die hl. Luzia wurde in Syrakus auf Sizilien geboren und starb 305 w\u00e4hrend der Herrschaft der r\u00f6mischen Kaiser Diokletian und Maximilian.<\/p><\/div><\/div><div class='clear_column'><\/div><\/p>\n<p style=\"text-align: right;\"><span style=\"color: #3366ff;\"><a style=\"color: #3366ff;\" href=\"#seite_oben\">natrag na vrh \/ Seitenanfang<\/a><\/span><\/p>\n<hr \/>\n<p><strong>Linkovi \/ Links<\/strong><\/p>\n<p><span style=\"color: #3366ff;\"><a style=\"color: #3366ff;\" href=\"https:\/\/www.topohvar.at\/orte\/gj\/gj-is-09-1\/\">Natpis iznad vrata \/ Inschrift \u00fcber der T\u00fcre<\/a><\/span><\/p>\n","protected":false},"excerpt":{"rendered":"<p>Ime \/ Name Crkvica \u00bbSv.Lucije\u00ab \/ kleine Kirche zur hl. Luzia Code: GJ-CK-02\u00a0 \u00a0 \u00a0 \u00a0 \u00a0 \u00a0 \u00a0 \u00a0 \u00a0 \u00a0 \u00a0 \u00a0 \u00a0 \u00a0 \u00a0 \u00a0 Adresa \/ Adresse Gdinj, Vrvoli\u0107i na putu za Banove dvore Lokacija \/ &hellip; <a href=\"https:\/\/www.topohvar.at\/topo\/orte\/gj\/gj-ck-02-1\/\">Weiterlesen <span class=\"meta-nav\">&rarr;<\/span><\/a><\/p>\n","protected":false},"author":1,"featured_media":0,"parent":72,"menu_order":0,"comment_status":"closed","ping_status":"closed","template":"","meta":{"footnotes":""},"class_list":["post-11190","page","type-page","status-publish","hentry"],"_links":{"self":[{"href":"https:\/\/www.topohvar.at\/topo\/wp-json\/wp\/v2\/pages\/11190","targetHints":{"allow":["GET"]}}],"collection":[{"href":"https:\/\/www.topohvar.at\/topo\/wp-json\/wp\/v2\/pages"}],"about":[{"href":"https:\/\/www.topohvar.at\/topo\/wp-json\/wp\/v2\/types\/page"}],"author":[{"embeddable":true,"href":"https:\/\/www.topohvar.at\/topo\/wp-json\/wp\/v2\/users\/1"}],"replies":[{"embeddable":true,"href":"https:\/\/www.topohvar.at\/topo\/wp-json\/wp\/v2\/comments?post=11190"}],"version-history":[{"count":15,"href":"https:\/\/www.topohvar.at\/topo\/wp-json\/wp\/v2\/pages\/11190\/revisions"}],"predecessor-version":[{"id":74050,"href":"https:\/\/www.topohvar.at\/topo\/wp-json\/wp\/v2\/pages\/11190\/revisions\/74050"}],"up":[{"embeddable":true,"href":"https:\/\/www.topohvar.at\/topo\/wp-json\/wp\/v2\/pages\/72"}],"wp:attachment":[{"href":"https:\/\/www.topohvar.at\/topo\/wp-json\/wp\/v2\/media?parent=11190"}],"curies":[{"name":"wp","href":"https:\/\/api.w.org\/{rel}","templated":true}]}}