{"id":11192,"date":"2018-09-12T15:08:21","date_gmt":"2018-09-12T13:08:21","guid":{"rendered":"https:\/\/www.topohvar.at\/?page_id=11192"},"modified":"2022-01-26T19:37:56","modified_gmt":"2022-01-26T18:37:56","slug":"gj-cp-01-1","status":"publish","type":"page","link":"https:\/\/www.topohvar.at\/topo\/orte\/gj\/gj-cp-01-1\/","title":{"rendered":"GDINJ &#8211; Kapela \u00bbSv. Ante\u00ab"},"content":{"rendered":"<p><a name=\"seite_oben\"><\/a><br \/>\n<strong><img loading=\"lazy\" decoding=\"async\" class=\"alignnone wp-image-11128 size-large\" src=\"https:\/\/www.topohvar.at\/wp-content\/uploads\/2018\/09\/gj-cp-01-0-1024x503.jpg\" alt=\"\" width=\"640\" height=\"314\" srcset=\"https:\/\/www.topohvar.at\/wp-content\/uploads\/2018\/09\/gj-cp-01-0-1024x503.jpg 1024w, https:\/\/www.topohvar.at\/wp-content\/uploads\/2018\/09\/gj-cp-01-0-300x147.jpg 300w, https:\/\/www.topohvar.at\/wp-content\/uploads\/2018\/09\/gj-cp-01-0-768x377.jpg 768w, https:\/\/www.topohvar.at\/wp-content\/uploads\/2018\/09\/gj-cp-01-0.jpg 1080w\" sizes=\"auto, (max-width: 640px) 100vw, 640px\" \/><\/strong><\/p>\n<p><strong>Ime \/ Name<br \/>\n<\/strong>Kapela \u00bbSv. Ante\u00ab \/ Antoniuskapelle<\/p>\n<p><strong>Code: <\/strong>GJ-CP-01\u00a0 \u00a0 \u00a0 \u00a0 \u00a0 \u00a0 \u00a0 \u00a0 \u00a0 \u00a0 \u00a0 \u00a0 \u00a0 \u00a0 \u00a0 \u00a0 \u00a0 \u00a0 \u00a0 \u00a0 \u00a0<strong> <a href=\"https:\/\/www.topohvar.at\/orte\/gj\/gj-cp-02-1\/\"><img loading=\"lazy\" decoding=\"async\" class=\"alignnone wp-image-533 size-full\" src=\"https:\/\/www.topohvar.at\/wp-content\/uploads\/2018\/07\/push-l-30.jpg\" alt=\"\" width=\"61\" height=\"30\" \/><\/a> <a href=\"https:\/\/www.topohvar.at\/orte\/gj\/\"><img loading=\"lazy\" decoding=\"async\" class=\"alignnone wp-image-535 size-full\" src=\"https:\/\/www.topohvar.at\/wp-content\/uploads\/2018\/07\/push-o-30.jpg\" alt=\"\" width=\"61\" height=\"30\" \/><\/a> <a href=\"https:\/\/www.topohvar.at\/orte\/gj\/gj-cp-03-1\/\"><img loading=\"lazy\" decoding=\"async\" class=\"alignnone wp-image-536 size-full\" src=\"https:\/\/www.topohvar.at\/wp-content\/uploads\/2018\/07\/push-r-30.jpg\" alt=\"\" width=\"61\" height=\"30\" \/><\/a><\/strong><\/p>\n<hr \/>\n<p><strong>Adresa \/ Adresse<br \/>\n<\/strong>Gdinj, Visoka<\/p>\n<p><strong>Lokacija \/ Position<a href=\"https:\/\/goo.gl\/maps\/kRkAe7796PSgkZbP8\"><img loading=\"lazy\" decoding=\"async\" class=\"alignright wp-image-11318\" src=\"https:\/\/www.topohvar.at\/wp-content\/uploads\/2018\/09\/0115.jpg\" alt=\"\" width=\"133\" height=\"100\" \/><\/a><br \/>\n<\/strong><span style=\"color: #3366ff;\"><a style=\"color: #3366ff;\" href=\"https:\/\/goo.gl\/maps\/kRkAe7796PSgkZbP8\">Latitude: N 43,13570\u00b0\u00a0 \u00a0Longitude: E 16,93976\u00b0<\/a> <\/span><strong><br \/>\n<\/strong>Visina \/ H\u00f6he: 348 m<\/p>\n<p><strong>Katastarska \u010destica <\/strong><strong>\/ Grundst\u00fccke<br \/>\n<\/strong>5079\/3\u00a0<div class='content-column one_half'><div style=\"padding-right:6px;\"><p><strong>Datum snimanja \/ Erfassungsdatum<br \/>\n<\/strong>27.05.2014 10:55:29<\/p>\n<hr \/>\n<p><strong>Informacije<\/strong><\/p>\n<p>Kapela sv. Ante na polo\u017eaju Martinje (Visoka) sagradio je Ivan Radovanovi\u0107 Jakovljev 1861. g., iz zavjeta nakon osloba\u0111anja od vojne obveze. Bila je pokrivena kamenim plo\u010dama i blagoslovljena sljede\u0107e godine. Vandalski poru\u0161ena 1954., ponovno je od Radovanovi\u0107\u00e2 i poticajem \u017eupnika Franuli\u0107a podignuta malo isto\u010dnije od staroga polo\u017eaja 1995. &#8211; 1996. godine. Tada je u nju opet uzidan stari natpis s inicijalima podizatelja i godinom gradnje, a izvorni kip (prona\u0111en od gorespomenutog \u017eupnika na tavanu \u017eupne ku\u0107e) obnovila je M. Radovanovi\u0107.<\/p><\/div><\/div><div class='content-column one_half last_column'><div style=\"padding-right:0px;padding-left:6px;\"><p><strong>Stupanj za\u0161tite \/ Schutzstellung<br \/>\n<\/strong>&#8211;<\/p>\n<hr \/>\n<p><strong>Info<\/strong><\/p>\n<p>Die Kapelle des hl. Antonius in der Gegend Martinja (Visoka) wurde 1861 von Ivan Radovanovi\u0107 Jakovljev aus einem Gel\u00fcbde nach seiner Entlassung aus dem Milit\u00e4rdienst erbaut. Sie wurde mit Steinplatten gedeckt und im folgenden Jahr gesegnet. 1954 zerst\u00f6rt, wurde sie von den Radovanovi\u0107 auf Betreiben des Pfarrers Franuli\u0107 1995-1996 etwas \u00f6stlich des alten Standortes wieder errichtet. Es wurde auch die alte Inschrift mit den Initialen des Erbauers und dem Baujahr wieder eingebaut. Die urspr\u00fcngliche Statue (gefunden vom oben erw\u00e4hnten Pfarrer auf dem Dachboden des Pfarrhauses) wurde von M. Radovanovi\u0107 restauriert.<\/p><\/div><\/div><div class='clear_column'><\/div><div class='content-column one_half'><div style=\"padding-right:6px;\"><p>Na plo\u010di iznad ulaza zabilje\u017eeno je:<\/p><\/div><\/div><div class='content-column one_half last_column'><div style=\"padding-right:0px;padding-left:6px;\"><p>Auf der Tafel \u00fcber dem Eingang ist vermerkt :<\/p><\/div><\/div><div class='clear_column'><\/div><\/p>\n<p style=\"text-align: center;\">1861\u00a0 C R<\/p>\n<p style=\"text-align: center;\"><em>(Izvor: \/ Quelle: <span style=\"color: #3366ff;\"><a style=\"color: #3366ff;\" href=\"https:\/\/hrcak.srce.hr\/file\/316782\">Jo\u0161ko Kova\u010di\u0107, \u017eupa Gdinj na Hvaru<\/a><\/span>)<\/em><\/p>\n<div class='content-column one_half'><div style=\"padding-right:6px;\"><p>U unutra\u0161njosti je plo\u010da sa sljede\u0107im natpisom:<\/p>\n<p style=\"text-align: center;\">OBNOVI\u0160E NASELJENIK<br \/>\nIVANA RADOVANOVI\u010c<br \/>\n1995<\/p><\/div><\/div><div class='content-column one_half last_column'><div style=\"padding-right:0px;padding-left:6px;\"><p>Eine Gedenktafel im Inneren hat folgende Inschrift:<\/p>\n<p style=\"text-align: center;\">Erneuert durch den Bewohner<br \/>\nIvan Radovanovi\u010d<br \/>\n1995<\/p><\/div><\/div><div class='clear_column'><\/div><\/p>\n<p style=\"text-align: right;\"><span style=\"color: #3366ff;\"><a style=\"color: #3366ff;\" href=\"#seite_oben\">natrag na vrh \/ Seitenanfang<\/a><\/span><\/p>\n<hr \/>\n<p><strong>Linkovi \/ Links<\/strong><\/p>\n<p>&#8211;<\/p>\n","protected":false},"excerpt":{"rendered":"<p>Ime \/ Name Kapela \u00bbSv. Ante\u00ab \/ Antoniuskapelle Code: GJ-CP-01\u00a0 \u00a0 \u00a0 \u00a0 \u00a0 \u00a0 \u00a0 \u00a0 \u00a0 \u00a0 \u00a0 \u00a0 \u00a0 \u00a0 \u00a0 \u00a0 \u00a0 \u00a0 \u00a0 \u00a0 \u00a0 Adresa \/ Adresse Gdinj, Visoka Lokacija \/ Position Latitude: N &hellip; <a href=\"https:\/\/www.topohvar.at\/topo\/orte\/gj\/gj-cp-01-1\/\">Weiterlesen <span class=\"meta-nav\">&rarr;<\/span><\/a><\/p>\n","protected":false},"author":1,"featured_media":0,"parent":72,"menu_order":0,"comment_status":"closed","ping_status":"closed","template":"","meta":{"footnotes":""},"class_list":["post-11192","page","type-page","status-publish","hentry"],"_links":{"self":[{"href":"https:\/\/www.topohvar.at\/topo\/wp-json\/wp\/v2\/pages\/11192","targetHints":{"allow":["GET"]}}],"collection":[{"href":"https:\/\/www.topohvar.at\/topo\/wp-json\/wp\/v2\/pages"}],"about":[{"href":"https:\/\/www.topohvar.at\/topo\/wp-json\/wp\/v2\/types\/page"}],"author":[{"embeddable":true,"href":"https:\/\/www.topohvar.at\/topo\/wp-json\/wp\/v2\/users\/1"}],"replies":[{"embeddable":true,"href":"https:\/\/www.topohvar.at\/topo\/wp-json\/wp\/v2\/comments?post=11192"}],"version-history":[{"count":16,"href":"https:\/\/www.topohvar.at\/topo\/wp-json\/wp\/v2\/pages\/11192\/revisions"}],"predecessor-version":[{"id":56824,"href":"https:\/\/www.topohvar.at\/topo\/wp-json\/wp\/v2\/pages\/11192\/revisions\/56824"}],"up":[{"embeddable":true,"href":"https:\/\/www.topohvar.at\/topo\/wp-json\/wp\/v2\/pages\/72"}],"wp:attachment":[{"href":"https:\/\/www.topohvar.at\/topo\/wp-json\/wp\/v2\/media?parent=11192"}],"curies":[{"name":"wp","href":"https:\/\/api.w.org\/{rel}","templated":true}]}}