{"id":11196,"date":"2018-09-12T15:11:08","date_gmt":"2018-09-12T13:11:08","guid":{"rendered":"https:\/\/www.topohvar.at\/?page_id=11196"},"modified":"2022-01-27T15:19:07","modified_gmt":"2022-01-27T14:19:07","slug":"gj-cs-01-1","status":"publish","type":"page","link":"https:\/\/www.topohvar.at\/topo\/orte\/gj\/gj-cs-01-1\/","title":{"rendered":"GDINJ &#8211; Kapelica \u00bbSv. Roka\u00ab"},"content":{"rendered":"<p><a name=\"seite_oben\"><\/a><br \/>\n<strong><img loading=\"lazy\" decoding=\"async\" class=\"alignnone wp-image-11130 size-large\" src=\"https:\/\/www.topohvar.at\/wp-content\/uploads\/2018\/09\/gj-cs-01-0-1024x503.jpg\" alt=\"\" width=\"640\" height=\"314\" srcset=\"https:\/\/www.topohvar.at\/wp-content\/uploads\/2018\/09\/gj-cs-01-0-1024x503.jpg 1024w, https:\/\/www.topohvar.at\/wp-content\/uploads\/2018\/09\/gj-cs-01-0-300x147.jpg 300w, https:\/\/www.topohvar.at\/wp-content\/uploads\/2018\/09\/gj-cs-01-0-768x377.jpg 768w, https:\/\/www.topohvar.at\/wp-content\/uploads\/2018\/09\/gj-cs-01-0.jpg 1080w\" sizes=\"auto, (max-width: 640px) 100vw, 640px\" \/><\/strong><\/p>\n<p><strong>Ime \/ Name<br \/>\n<\/strong>Kapelica \u00bbSv. Roka\u00ab \/ Bildstock des hl. Rochus<\/p>\n<p><strong>Code: <\/strong>GJ-CS-01\u00a0 \u00a0 \u00a0 \u00a0 \u00a0 \u00a0 \u00a0 \u00a0 \u00a0 \u00a0 \u00a0 \u00a0 \u00a0 \u00a0 \u00a0 \u00a0 \u00a0 \u00a0 \u00a0 \u00a0 \u00a0<strong> <a href=\"https:\/\/www.topohvar.at\/orte\/gj\/gj-cs-02-1\/\"><img loading=\"lazy\" decoding=\"async\" class=\"alignnone wp-image-533 size-full\" src=\"https:\/\/www.topohvar.at\/wp-content\/uploads\/2018\/07\/push-l-30.jpg\" alt=\"\" width=\"61\" height=\"30\" \/><\/a> <a href=\"https:\/\/www.topohvar.at\/orte\/gj\/\"><img loading=\"lazy\" decoding=\"async\" class=\"alignnone wp-image-535 size-full\" src=\"https:\/\/www.topohvar.at\/wp-content\/uploads\/2018\/07\/push-o-30.jpg\" alt=\"\" width=\"61\" height=\"30\" \/><\/a> <a href=\"https:\/\/www.topohvar.at\/orte\/gj\/gj-cs-03-1\/\"><img loading=\"lazy\" decoding=\"async\" class=\"alignnone wp-image-536 size-full\" src=\"https:\/\/www.topohvar.at\/wp-content\/uploads\/2018\/07\/push-r-30.jpg\" alt=\"\" width=\"61\" height=\"30\" \/><\/a><\/strong><\/p>\n<hr \/>\n<p><strong>Adresa \/ Adresse<br \/>\n<\/strong>Gdinj,\u00a0Dugi Dolac<\/p>\n<p><strong>Lokalna polo\u017eaj \/ Position<a href=\"https:\/\/goo.gl\/maps\/wdm1NaTVVP2mvSR97\"><img loading=\"lazy\" decoding=\"async\" class=\"alignright wp-image-11326\" src=\"https:\/\/www.topohvar.at\/wp-content\/uploads\/2018\/09\/0117.jpg\" alt=\"\" width=\"134\" height=\"100\" \/><\/a><br \/>\n<\/strong><span style=\"color: #3366ff;\"><a style=\"color: #3366ff;\" href=\"https:\/\/goo.gl\/maps\/wdm1NaTVVP2mvSR97\">Latitude: N 43,13167\u00b0\u00a0 \u00a0Longitude: E 16,92608\u00b0<\/a> <\/span><strong><br \/>\n<\/strong>Visina \/ H\u00f6he: 317 m<\/p>\n<p><strong>Zemlji\u0161te \/ Grundst\u00fccke<br \/>\n<\/strong>3669\u00a0<div class='content-column one_half'><div style=\"padding-right:6px;\"><p><strong>Datum snimanja \/ Erfassungsdatum<br \/>\n<\/strong>26.05.2013 15:03:25<\/p>\n<hr \/>\n<p><strong>Informacije<\/strong><\/p>\n<p>Kapelica kao mala kapela sv. Roka na zapadnom ulazu u Dugi Dolac izgradili su 1901. godine Mate i Toma \u0106urin p. Stipana.Na poticaj tre\u0107ega brata Jurja, iseljenika na Novom Zelandu.<\/p><\/div><\/div><div class='content-column one_half last_column'><div style=\"padding-right:0px;padding-left:6px;\"><p><strong>Za\u0161titni polo\u017eaj \/ Schutzstellung<br \/>\n<\/strong>&#8211;<\/p>\n<hr \/>\n<p><strong>Info<\/strong><\/p>\n<p>Der kapellenartige Bildstock des hl. Rochus am Westeingang von Dugi Dolac wurde 1901 von Mate und Toma \u0106urin gen. Stipana auf Betreiben seines dritten Bruders Georg, eines Emigranten nach Neuseeland errichtet.<\/p><\/div><\/div><div class='clear_column'><\/div><div class='content-column one_half'><div style=\"padding-right:6px;\"><p>Besobzirno je skra\u0107ena pri gradnji ceste 1969. g., a te\u0161ko o\u0161te\u0107eni kip sv. Roka pohanjen je u ing. Ive Radovanovi\u0107a. Prema predaji zapisanoj u ostav\u0161tini R. Radovanovi\u0107a, potje\u010de iz izvorne sve\u010deve crkvice u Gdinju, a kasnije se \u010duvao u staroj \u017eupnici.<\/p><\/div><\/div><div class='content-column one_half last_column'><div style=\"padding-right:0px;padding-left:6px;\"><p>Er wurde w\u00e4hrend des Baus der Stra\u00dfe im Jahr 1969 r\u00fccksichtslos verk\u00fcrzt. Die stark besch\u00e4digte Statue des hl. Rochus wurde von Ingenieur Ivo Radovanovi\u0107 restauriert. Laut der im Nachlass von R. Radovanovi\u0107 aufgezeichneten \u00dcberlieferung stammt sie aus der urspr\u00fcnglichen Heiligenkirche in Gdynia und wurde sp\u00e4ter in der alten Pfarrei aufbewahrt.<\/p><\/div><\/div><div class='clear_column'><\/div><\/p>\n<p style=\"text-align: center;\"><em>(Izvor: \/ Quelle: <span style=\"color: #3366ff;\"><a style=\"color: #3366ff;\" href=\"https:\/\/hrcak.srce.hr\/file\/316782\">Josko Kovacic, zupa Gdinj na Hvaru<\/a><\/span>)<\/em><\/p>\n<p style=\"text-align: right;\"><span style=\"color: #3366ff;\"><a style=\"color: #3366ff;\" href=\"#seite_oben\">natrag na vrh \/ Seitenanfang<\/a><\/span><\/p>\n<hr \/>\n<p><strong>Linkovi \/ Links<\/strong><\/p>\n<p>&#8211;<\/p>\n","protected":false},"excerpt":{"rendered":"<p>Ime \/ Name Kapelica \u00bbSv. Roka\u00ab \/ Bildstock des hl. Rochus Code: GJ-CS-01\u00a0 \u00a0 \u00a0 \u00a0 \u00a0 \u00a0 \u00a0 \u00a0 \u00a0 \u00a0 \u00a0 \u00a0 \u00a0 \u00a0 \u00a0 \u00a0 \u00a0 \u00a0 \u00a0 \u00a0 \u00a0 Adresa \/ Adresse Gdinj,\u00a0Dugi Dolac Lokalna polo\u017eaj &hellip; <a href=\"https:\/\/www.topohvar.at\/topo\/orte\/gj\/gj-cs-01-1\/\">Weiterlesen <span class=\"meta-nav\">&rarr;<\/span><\/a><\/p>\n","protected":false},"author":1,"featured_media":0,"parent":72,"menu_order":0,"comment_status":"closed","ping_status":"closed","template":"","meta":{"footnotes":""},"class_list":["post-11196","page","type-page","status-publish","hentry"],"_links":{"self":[{"href":"https:\/\/www.topohvar.at\/topo\/wp-json\/wp\/v2\/pages\/11196","targetHints":{"allow":["GET"]}}],"collection":[{"href":"https:\/\/www.topohvar.at\/topo\/wp-json\/wp\/v2\/pages"}],"about":[{"href":"https:\/\/www.topohvar.at\/topo\/wp-json\/wp\/v2\/types\/page"}],"author":[{"embeddable":true,"href":"https:\/\/www.topohvar.at\/topo\/wp-json\/wp\/v2\/users\/1"}],"replies":[{"embeddable":true,"href":"https:\/\/www.topohvar.at\/topo\/wp-json\/wp\/v2\/comments?post=11196"}],"version-history":[{"count":14,"href":"https:\/\/www.topohvar.at\/topo\/wp-json\/wp\/v2\/pages\/11196\/revisions"}],"predecessor-version":[{"id":56828,"href":"https:\/\/www.topohvar.at\/topo\/wp-json\/wp\/v2\/pages\/11196\/revisions\/56828"}],"up":[{"embeddable":true,"href":"https:\/\/www.topohvar.at\/topo\/wp-json\/wp\/v2\/pages\/72"}],"wp:attachment":[{"href":"https:\/\/www.topohvar.at\/topo\/wp-json\/wp\/v2\/media?parent=11196"}],"curies":[{"name":"wp","href":"https:\/\/api.w.org\/{rel}","templated":true}]}}