{"id":11226,"date":"2018-09-12T15:33:01","date_gmt":"2018-09-12T13:33:01","guid":{"rendered":"https:\/\/www.topohvar.at\/?page_id=11226"},"modified":"2024-11-24T14:21:04","modified_gmt":"2024-11-24T13:21:04","slug":"gj-mo-01-1","status":"publish","type":"page","link":"https:\/\/www.topohvar.at\/topo\/orte\/gj\/gj-mo-01-1\/","title":{"rendered":"GDINJ &#8211; Spomenik \u00bbPalim borcima NOR-a\u00ab"},"content":{"rendered":"<p><a name=\"seite_oben\"><\/a><br \/>\n<strong><img loading=\"lazy\" decoding=\"async\" class=\"aligncenter wp-image-70543 size-full\" src=\"https:\/\/www.topohvar.at\/wp-content\/uploads\/2024\/11\/gj-mo-01-21.jpg\" alt=\"\" width=\"1080\" height=\"530\" srcset=\"https:\/\/www.topohvar.at\/wp-content\/uploads\/2024\/11\/gj-mo-01-21.jpg 1080w, https:\/\/www.topohvar.at\/wp-content\/uploads\/2024\/11\/gj-mo-01-21-300x147.jpg 300w, https:\/\/www.topohvar.at\/wp-content\/uploads\/2024\/11\/gj-mo-01-21-1024x503.jpg 1024w, https:\/\/www.topohvar.at\/wp-content\/uploads\/2024\/11\/gj-mo-01-21-768x377.jpg 768w\" sizes=\"auto, (max-width: 1080px) 100vw, 1080px\" \/><\/strong><\/p>\n<p><strong>Ime \/ Name<br \/>\n<\/strong>Spomenik \u00bbPalim borcima NOR-a\u00ab \/ Denkmal f\u00fcr die Gefallenen des Nationalen Befreiungskampfes<\/p>\n<p><strong>Code: <\/strong>GJ-MO-01\u00a0 \u00a0 \u00a0 \u00a0 \u00a0 \u00a0 \u00a0 \u00a0 \u00a0 \u00a0 \u00a0 \u00a0 \u00a0 \u00a0 \u00a0 \u00a0 \u00a0 \u00a0 \u00a0 \u00a0 \u00a0<strong> <a href=\"https:\/\/www.topohvar.at\/topo\/orte\/gj\/gj-mo-04-1\/\"><img loading=\"lazy\" decoding=\"async\" class=\"alignnone wp-image-533 size-full\" src=\"https:\/\/www.topohvar.at\/wp-content\/uploads\/2018\/07\/push-l-30.jpg\" alt=\"\" width=\"61\" height=\"30\" \/><\/a> <a href=\"https:\/\/www.topohvar.at\/orte\/gj\/\"><img loading=\"lazy\" decoding=\"async\" class=\"alignnone wp-image-535 size-full\" src=\"https:\/\/www.topohvar.at\/wp-content\/uploads\/2018\/07\/push-o-30.jpg\" alt=\"\" width=\"61\" height=\"30\" \/><\/a> <a href=\"https:\/\/www.topohvar.at\/topo\/orte\/gj\/gj-mo-02-1\/\"><img loading=\"lazy\" decoding=\"async\" class=\"alignnone wp-image-536 size-full\" src=\"https:\/\/www.topohvar.at\/wp-content\/uploads\/2018\/07\/push-r-30.jpg\" alt=\"\" width=\"61\" height=\"30\" \/><\/a><\/strong><\/p>\n<hr \/>\n<p><strong>Adresa \/ Adresse<br \/>\n<\/strong>Gdinj,\u00a0Nova Crkva<\/p>\n<p><strong>Lokacija \/ Position<a href=\"https:\/\/goo.gl\/maps\/AA6j6Ggb6PLVcJN17\"><img loading=\"lazy\" decoding=\"async\" class=\"alignright wp-image-11387\" src=\"https:\/\/www.topohvar.at\/wp-content\/uploads\/2018\/09\/0122.jpg\" alt=\"\" width=\"134\" height=\"100\" \/><\/a><br \/>\n<\/strong><span style=\"color: #3366ff;\"><a style=\"color: #3366ff;\" href=\"https:\/\/goo.gl\/maps\/AA6j6Ggb6PLVcJN17\">Latitude: N 43,13173\u00b0\u00a0 \u00a0Longitude: E 16,94181\u00b0<\/a> <\/span><strong><br \/>\n<\/strong>Visina \/ H\u00f6he: 334 m<\/p>\n<p><strong>Katastarska \u010destica \/ Grundst\u00fccke<br \/>\n<\/strong>5031\/1 <div class='content-column one_half'><div style=\"padding-right:6px;\"><p><strong>Datum snimanja \/ Erfassungsdatum<br \/>\n<\/strong>27.05.2014 11:01:18<\/p>\n<hr \/>\n<p><strong>Informacije<\/strong><\/p>\n<p>Spomenik palim borcima NOR-a izra\u0111en je u obliku kamenog obeliska, koji je ogra\u0111en niskim kamenim zidom. Nalazi se u centru mjesta neposredno uz Osnovnu \u0161kolu uz oto\u010dku saobra\u0107ajnicu, koja se na tom mjestu spaja sa cestom za kom\u0161iluk Visoka u Gdinju.<\/p><\/div><\/div><div class='content-column one_half last_column'><div style=\"padding-right:0px;padding-left:6px;\"><p><strong>Stupanj za\u0161tite \/ Schutzstellung<br \/>\n<\/strong>&#8211;<\/p>\n<hr \/>\n<p><strong>Info<\/strong><\/p>\n<p>Das Denkmal f\u00fcr die Gefallenen des nationalen Befreiungskampfes in Nova Crkva ist in Form eines Steinobelisken, der von einer niedrigen Steinmauer umgeben ist, gestaltet. Es befindet sich im Ortszentrum auf einer Stra\u00dfeninsel neben der Grundschule, dort wo der Weg zur Nachbarortschaft Visoka abzweigt.<\/p><\/div><\/div><div class='clear_column'><\/div><div class='content-column one_half'><div style=\"padding-right:6px;\"><p>Natpis:<\/p>\n<p style=\"text-align: center;\">PALIM BORCIMA<br \/>\n1941-1945<br \/>\nNAROD GDINJA<\/p>\n<p style=\"text-align: center;\">VJE\u010cNO \u0106E \u017dIVJET U SRCIMA VJERNIM<br \/>\nU RASTU DJELA ZA KOJE SU PALI<br \/>\nNA PUTEVIMA SLAVE NEIZMJERNIM<br \/>\nU TEMELJ \u017dIVOTA \u017dIVOTOM SU STALNI<\/p><\/div><\/div><div class='content-column one_half last_column'><div style=\"padding-right:0px;padding-left:6px;\"><p>Inschrift:<\/p>\n<p style=\"text-align: center;\">Die gefallenen Soldaten<br \/>\n1941 -1945<br \/>\ndie Bewohner von Gdinj<\/p>\n<p style=\"text-align: center;\">Sie werden immer in den Herzen der Gl\u00e4ubigen leben<br \/>\nin der Gestalt ihrer Taten f\u00fcr die sie fielen<br \/>\nauf dem Weg zum Ruhm, unermesslich f\u00fcr die<br \/>\nGrundlage des Lebens, best\u00e4ndig f\u00fcr das Leben.<\/p><\/div><\/div><div class='clear_column'><\/div><\/p>\n<hr \/>\n<div class='content-column one_half'><div style=\"padding-right:6px;\"><p style=\"text-align: center;\">Imena pali \/ Namen der Gefallenen<\/p>\n<p style=\"text-align: center;\">\u0106URIN DARKO ANTE<br \/>\nBONKOVI\u0106 MILE STJEPANA<br \/>\nPOPOVI\u0106 VINKO IVANA<br \/>\nJURASOVI\u0106 JOSIP JURJA<\/p>\n<p style=\"text-align: center;\">SRZENTI\u0106 ANTE IVANA<br \/>\n\u0160EPUTI\u0106 BENJAMIN DUJE<br \/>\nHAJDUK DINKO MATE<br \/>\nTRBUHOVI\u0106 NIKOLA NIKOLE<\/p>\n<p style=\"text-align: center;\">\u0160EPUTI\u0106 VICKO SILVESTRA<br \/>\n\u0106URIN AN\u0110ELKO VICKA<br \/>\n\u0106URIN MILJENKO MARKA<br \/>\nKOSJER SLOBODAN LAZARA<\/p>\n<p style=\"text-align: center;\">BONKOVI\u0106 JURJA MATE<br \/>\n\u0106URIN BENJAMIN STJEPANA<br \/>\n\u0106URIN VINKO DOMINIKA<br \/>\nVISKOVI\u0106 DRAGUTIN JEROLIMA<\/p><\/div><\/div><div class='content-column one_half last_column'><div style=\"padding-right:0px;padding-left:6px;\"><p>Natpis na obelisk \/ Inschrift am Obelisk<\/p>\n<p style=\"text-align: center;\">DARKO<\/p>\n<p style=\"text-align: center;\">MILO<\/p>\n<p style=\"text-align: center;\">VINKO<\/p>\n<p style=\"text-align: center;\">JOSIP<\/p>\n<p style=\"text-align: center;\">ANTE<\/p>\n<p style=\"text-align: center;\">BENJAMIN<\/p>\n<p style=\"text-align: center;\">DARKO<\/p>\n<p style=\"text-align: center;\">NIKOLA<\/p>\n<p style=\"text-align: center;\">VICKO<\/p>\n<p style=\"text-align: center;\">AN\u0110ELKO<\/p>\n<p style=\"text-align: center;\">MILJENKO<\/p><\/div><\/div><div class='clear_column'><\/div><div class='content-column one_half'><div style=\"padding-right:6px;\"><p>Spomenik je postavila Mjesna organizacija SUBNOR-a Gdinj, 27.7.1958. godine, na Dan ustanka naroda Hrvatske.<\/p><\/div><\/div><div class='content-column one_half last_column'><div style=\"padding-right:0px;padding-left:6px;\"><p>Das Denkmal wurde von den lokalen Organisationen der Vereinigung der Soldaten des Nationalen Befreiungskampfes von Gdinj, am Tag des Aufstandes des kroatischen Volkes, am 27. Juli 1958 errichtet.<\/p><\/div><\/div><div class='clear_column'><\/div><\/p>\n<p style=\"text-align: right;\"><span style=\"color: #3366ff;\"><a style=\"color: #3366ff;\" href=\"#seite_oben\">natrag na vrh \/ Seitenanfang<\/a><\/span><\/p>\n<hr \/>\n<p><strong>Linkovi \/ Links<\/strong><\/p>\n<p>&#8211;<\/p>\n","protected":false},"excerpt":{"rendered":"<p>Ime \/ Name Spomenik \u00bbPalim borcima NOR-a\u00ab \/ Denkmal f\u00fcr die Gefallenen des Nationalen Befreiungskampfes Code: GJ-MO-01\u00a0 \u00a0 \u00a0 \u00a0 \u00a0 \u00a0 \u00a0 \u00a0 \u00a0 \u00a0 \u00a0 \u00a0 \u00a0 \u00a0 \u00a0 \u00a0 \u00a0 \u00a0 \u00a0 \u00a0 \u00a0 Adresa \/ Adresse &hellip; <a href=\"https:\/\/www.topohvar.at\/topo\/orte\/gj\/gj-mo-01-1\/\">Weiterlesen <span class=\"meta-nav\">&rarr;<\/span><\/a><\/p>\n","protected":false},"author":1,"featured_media":0,"parent":72,"menu_order":0,"comment_status":"closed","ping_status":"closed","template":"","meta":{"footnotes":""},"class_list":["post-11226","page","type-page","status-publish","hentry"],"_links":{"self":[{"href":"https:\/\/www.topohvar.at\/topo\/wp-json\/wp\/v2\/pages\/11226","targetHints":{"allow":["GET"]}}],"collection":[{"href":"https:\/\/www.topohvar.at\/topo\/wp-json\/wp\/v2\/pages"}],"about":[{"href":"https:\/\/www.topohvar.at\/topo\/wp-json\/wp\/v2\/types\/page"}],"author":[{"embeddable":true,"href":"https:\/\/www.topohvar.at\/topo\/wp-json\/wp\/v2\/users\/1"}],"replies":[{"embeddable":true,"href":"https:\/\/www.topohvar.at\/topo\/wp-json\/wp\/v2\/comments?post=11226"}],"version-history":[{"count":18,"href":"https:\/\/www.topohvar.at\/topo\/wp-json\/wp\/v2\/pages\/11226\/revisions"}],"predecessor-version":[{"id":70544,"href":"https:\/\/www.topohvar.at\/topo\/wp-json\/wp\/v2\/pages\/11226\/revisions\/70544"}],"up":[{"embeddable":true,"href":"https:\/\/www.topohvar.at\/topo\/wp-json\/wp\/v2\/pages\/72"}],"wp:attachment":[{"href":"https:\/\/www.topohvar.at\/topo\/wp-json\/wp\/v2\/media?parent=11226"}],"curies":[{"name":"wp","href":"https:\/\/api.w.org\/{rel}","templated":true}]}}