{"id":1127,"date":"2018-07-28T19:19:53","date_gmt":"2018-07-28T17:19:53","guid":{"rendered":"https:\/\/www.topohvar.at\/?page_id=1127"},"modified":"2025-11-07T17:24:39","modified_gmt":"2025-11-07T16:24:39","slug":"br-op-00-0","status":"publish","type":"page","link":"https:\/\/www.topohvar.at\/topo\/orte\/br\/br-op-00-0\/","title":{"rendered":"BRUSJE &#8211; Bunari, cisterne i to\u010dke za vodu &#8211; detaljno"},"content":{"rendered":"<p><a name=\"seite_oben\"><\/a><\/p>\n<p style=\"text-align: center;\"><a href=\"https:\/\/www.topohvar.at\/wp-content\/uploads\/2024\/06\/br-tr-00-2024-05.jpg\"><img loading=\"lazy\" decoding=\"async\" class=\"alignleft wp-image-68423 size-full\" src=\"https:\/\/www.topohvar.at\/wp-content\/uploads\/2024\/06\/br-tr-00-2024-05.jpg\" alt=\"\" width=\"2336\" height=\"1256\" srcset=\"https:\/\/www.topohvar.at\/wp-content\/uploads\/2024\/06\/br-tr-00-2024-05.jpg 2336w, https:\/\/www.topohvar.at\/wp-content\/uploads\/2024\/06\/br-tr-00-2024-05-300x161.jpg 300w, https:\/\/www.topohvar.at\/wp-content\/uploads\/2024\/06\/br-tr-00-2024-05-1024x551.jpg 1024w, https:\/\/www.topohvar.at\/wp-content\/uploads\/2024\/06\/br-tr-00-2024-05-768x413.jpg 768w, https:\/\/www.topohvar.at\/wp-content\/uploads\/2024\/06\/br-tr-00-2024-05-1536x826.jpg 1536w, https:\/\/www.topohvar.at\/wp-content\/uploads\/2024\/06\/br-tr-00-2024-05-2048x1101.jpg 2048w\" sizes=\"auto, (max-width: 2336px) 100vw, 2336px\" \/><\/a><br \/>\n<span style=\"color: #3366ff;\"><a style=\"color: #3366ff;\" href=\"https:\/\/www.topohvar.at\/wp-content\/uploads\/2024\/06\/br-tr-00-2024-05.jpg\">Pove\u0107aj sliku \u2013 klikni! \/ Bild vergr\u00f6\u00dfern \u2013 klicken!<\/a><\/span><\/p>\n<p><strong>Ime \/ Name<br \/>\n<\/strong>Bunari, cisterne i to\u010dke za vodu &#8211; detaljno<\/p>\n<p><strong>Code: <\/strong>BR-OP-01\/40\u00a0 \u00a0 \u00a0 \u00a0 \u00a0 \u00a0 \u00a0 \u00a0 \u00a0 \u00a0 \u00a0 \u00a0 \u00a0 \u00a0 \u00a0 \u00a0 \u00a0 \u00a0 \u00a0<strong><a href=\"https:\/\/www.topohvar.at\/orte\/br\/br-op-00-1\/\"><img loading=\"lazy\" decoding=\"async\" class=\"alignnone wp-image-533 size-full\" src=\"https:\/\/www.topohvar.at\/wp-content\/uploads\/2018\/07\/push-l-30.jpg\" alt=\"\" width=\"61\" height=\"30\" \/><\/a> <a href=\"https:\/\/www.topohvar.at\/orte\/br\/\"><img loading=\"lazy\" decoding=\"async\" class=\"alignnone wp-image-535 size-full\" src=\"https:\/\/www.topohvar.at\/wp-content\/uploads\/2018\/07\/push-o-30.jpg\" alt=\"\" width=\"61\" height=\"30\" \/><\/a> <\/strong><\/p>\n<hr \/>\n<div class='content-column one_half'><div style=\"padding-right:6px;\"><p><strong>Informacije<\/strong><\/p>\n<p>Na podru\u010dju Brusja nalaze se brojni bunari, cisterne i lokve.<\/p><\/div><\/div><div class='content-column one_half last_column'><div style=\"padding-right:0px;padding-left:6px;\"><p><strong>Info<\/strong><\/p>\n<p>Im Gebiet Brusje befinden sich zahlreiche Brunnen, Zisternen und Wasserstellen.<\/p><\/div><\/div><div class='clear_column'><\/div><\/p>\n<hr \/>\n<p><strong>Pojedina\u010dni objekti od \/ die einzelnen Objekte<\/strong><\/p>\n<p><strong>BR-OP-<\/strong><a style=\"color: #000000;\" href=\"#op-01\">01<\/a>\u00a0 <span style=\"color: #ff0000;\">02\u00a0 <a href=\"#op-03\"><span style=\"color: #000000;\">03<\/span><\/a>\u00a0 04\u00a0 05\u00a0 06\u00a0 07\u00a0 08\u00a0 09\u00a0 10\u00a0 11\u00a0 12\u00a0 13\u00a0 14\u00a0 15\u00a0 16\u00a0 17\u00a0 18\u00a0 19\u00a0 20\u00a0 21<\/span>\u00a0 <span style=\"color: #ff0000;\">22\u00a0 23\u00a0 24\u00a0 25\u00a0 26\u00a0 27\u00a0 28\u00a0 29\u00a0 30\u00a0 31\u00a0 32\u00a0 33\u00a0\u00a034\u00a0\u00a035\u00a0\u00a036\u00a0\u00a0<span style=\"color: #000000;\"><a style=\"color: #000000;\" href=\"#op-37\">37<\/a> \u00a0<a style=\"color: #000000;\" href=\"#op-38\">38<\/a>\u00a0\u00a0<a style=\"color: #000000;\" href=\"#op-39\">39<\/a> \u00a0<a style=\"color: #000000;\" href=\"#op-40\">40<\/a><\/span>\u00a0<\/span><a name=\"op-01\"><\/a><\/p>\n<hr \/>\n<h3><span style=\"color: #000000;\"><strong>Ime \/ Name<br \/>\n<\/strong>Objekt 01 &#8211; \u00bbVelika Gustirna\u00ab \/ Gro\u00dfe Zisterene<strong><br \/>\n<\/strong><\/span><\/h3>\n<p><strong><img loading=\"lazy\" decoding=\"async\" class=\"alignleft wp-image-62079 size-full\" src=\"https:\/\/www.topohvar.at\/wp-content\/uploads\/2022\/11\/br-op-01-09.jpg\" alt=\"\" width=\"640\" height=\"320\" srcset=\"https:\/\/www.topohvar.at\/wp-content\/uploads\/2022\/11\/br-op-01-09.jpg 640w, https:\/\/www.topohvar.at\/wp-content\/uploads\/2022\/11\/br-op-01-09-300x150.jpg 300w\" sizes=\"auto, (max-width: 640px) 100vw, 640px\" \/><\/strong><\/p>\n<p><strong>Code: <\/strong>BR-OP-01\u00a0 \u00a0 \u00a0 \u00a0 \u00a0 \u00a0 \u00a0 \u00a0 \u00a0 \u00a0 \u00a0 \u00a0 \u00a0 \u00a0 \u00a0 \u00a0\u00a0 <strong>\u00a0<\/strong><\/p>\n<p><strong>Adresa \/ Adresse<br \/>\n<\/strong>Brusje, Kalina, Pjover &#8211; gustirna<\/p>\n<p><strong>Lokacija<\/strong><strong> \/ Position<a href=\"https:\/\/goo.gl\/maps\/zE546sL3Yiq8G5X66\"><img loading=\"lazy\" decoding=\"async\" class=\"alignright wp-image-1133\" src=\"https:\/\/www.topohvar.at\/wp-content\/uploads\/2018\/07\/1167-1.jpg\" alt=\"\" width=\"134\" height=\"100\" \/><\/a><br \/>\n<\/strong><span style=\"color: #3366ff;\"><a style=\"color: #3366ff;\" href=\"https:\/\/goo.gl\/maps\/zE546sL3Yiq8G5X66\">Latitude: N 43,19035\u00b0\u00a0 \u00a0Longitude: E 16,48788\u00b0<\/a> <\/span><strong><br \/>\n<\/strong>Visina \/ H\u00f6he: 322 m<\/p>\n<p><strong>Katastarska \u010destica<\/strong><strong> \/ Grundst\u00fccke: <\/strong>1595, 1596\/1<br \/>\n<strong>Datum snimanja \/ Erfassungsdatum: <\/strong>25.10.2014 17:04:06<\/p>\n<div class='content-column one_half'><div style=\"padding-right:6px;\"><p><strong>Informacije<\/strong><\/p>\n<p>Velika gustirna ispod \u017eupne crkve sv. Jurja nedaleko Doma kulture.<\/p><\/div><\/div><div class='content-column one_half last_column'><div style=\"padding-right:0px;padding-left:6px;\"><p>&nbsp;<\/p>\n<p><strong>Info<\/strong><\/p>\n<p>Eine gro\u00dfe Zisterne befindet sich unterhalb der Pfarrkirche St. Juraj in der N\u00e4he des Kulturhauses.<\/p><\/div><\/div><div class='clear_column'><\/div><div class='content-column one_half'><div style=\"padding-right:6px;\"><p>Na lokaciji Kalina (od kal &#8211; blato) tako\u0111er je neko\u0107 bila lokva, a 1874. g. izgra\u0111ena je sada\u0161nje gustirna. Pjover je betoniran. Gustirna je gra\u0111ena na na\u010dinda su pregrade i filteri izvrsno sa\u010duvani. Voda je pitka i slu\u017eila je cijelom selu premda je skoro svaka ku\u0107a imala svoju gustirnu. Kruna je od betona, a rub kameni. Zaprema 60 vagona.<\/p><\/div><\/div><div class='content-column one_half last_column'><div style=\"padding-right:0px;padding-left:6px;\"><p>In der Gegend von\u00a0 Kalina (von kal &#8211; Schlamm) war einst ein T\u00fcmpel. Hier wurde im Jahr 1874 die heutige Zisterne errichtet. Das Wassersammelbecken ist betoniert. Die Zisterne ist auf Kojen gebaut, Schotten und Filter sind perfekt erhalten. Das Wasser war trinkbar und diente dem ganzen Dorf, obwohl fast jedes Haus seine eigene Zisterne hatte. Die Krone besteht aus Beton, der Rand aus Stein. Sie fasst 60 Wagen.<\/p><\/div><\/div><div class='clear_column'><\/div><\/p>\n<div id=\"attachment_1130\" style=\"width: 650px\" class=\"wp-caption alignnone\"><img loading=\"lazy\" decoding=\"async\" aria-describedby=\"caption-attachment-1130\" class=\"wp-image-1130 size-large\" src=\"https:\/\/www.topohvar.at\/wp-content\/uploads\/2018\/07\/BR-Op-01-1-1024x503.jpg\" alt=\"\" width=\"640\" height=\"314\" srcset=\"https:\/\/www.topohvar.at\/wp-content\/uploads\/2018\/07\/BR-Op-01-1-1024x503.jpg 1024w, https:\/\/www.topohvar.at\/wp-content\/uploads\/2018\/07\/BR-Op-01-1-300x147.jpg 300w, https:\/\/www.topohvar.at\/wp-content\/uploads\/2018\/07\/BR-Op-01-1-768x377.jpg 768w\" sizes=\"auto, (max-width: 640px) 100vw, 640px\" \/><p id=\"caption-attachment-1130\" class=\"wp-caption-text\">Cisterna prije obnove \/ Zisterne vor der Renovierung<\/p><\/div>\n<p style=\"text-align: center;\"><em>(Izvor: \/ Quelle: Kruvenica b<\/em><em>r. 17)<\/em><\/p>\n<div class='content-column one_half'><div style=\"padding-right:6px;\"><p>Cijeli je objekt temeljito obnovljen u 2018. godini. Godine 2022. objekt je nadopunjen postoljem\/stupom sa zdjelom za cvije\u0107e (?).<\/p><\/div><\/div><div class='content-column one_half last_column'><div style=\"padding-right:0px;padding-left:6px;\"><p>Im Jahr 2018 wurde die gesamte Anlage umfassend renoviert. Im Jahr 2022 wurde die Anlage durch ein Podest\/S\u00e4ule mit Blumenschale (?) erg\u00e4nzt.<\/div><\/div><div class='clear_column'><\/div><div class='content-column one_half'><div style=\"padding-right:6px;\"><img loading=\"lazy\" decoding=\"async\" class=\"alignleft size-medium wp-image-62080\" src=\"https:\/\/www.topohvar.at\/wp-content\/uploads\/2022\/11\/br-op-01-12-300x300.jpg\" alt=\"\" width=\"300\" height=\"300\" srcset=\"https:\/\/www.topohvar.at\/wp-content\/uploads\/2022\/11\/br-op-01-12-300x300.jpg 300w, https:\/\/www.topohvar.at\/wp-content\/uploads\/2022\/11\/br-op-01-12-150x150.jpg 150w, https:\/\/www.topohvar.at\/wp-content\/uploads\/2022\/11\/br-op-01-12.jpg 450w\" sizes=\"auto, (max-width: 300px) 100vw, 300px\" \/><\/p><\/div><\/div><div class='content-column one_half last_column'><div style=\"padding-right:0px;padding-left:6px;\"><p>&nbsp;<\/p>\n<p style=\"text-align: center;\">Na postamentu su uklesane rije\u010di<br \/>\nUTA\u017dI<br \/>\n\u017dEDJ i<br \/>\nDU\u0160O MOJA.<br \/>\n&#8211; \/ &#8211;<br \/>\nIm Podest sind die Worte<br \/>\nLINDER DEN SCHMERZ<br \/>\nDURST(?) und<br \/>\nMEINE SEELE<br \/>\neingraviert.<\/p><\/div><\/div><div class='clear_column'><\/div><\/p>\n<p><strong>Linkovi \/ Links:<br \/>\n<\/strong><span style=\"color: #3366ff;\"><a style=\"color: #3366ff;\" href=\"https:\/\/www.topohvar.at\/topo\/orte\/br\/br-is-04-2\/\">Spomen plo\u010da \u00bbna gustirnu\u00ab \/ Gedenktafel \u00bbbei der Zisterne\u00ab<\/a><br \/>\n<\/span><a href=\"https:\/\/www.topohvar.at\/topo\/orte\/br\/br-mo-04-2\/\"><span style=\"color: #3366ff;\">Kip \u00bbu blizini gustirne\u00ab \/ Skulptur \u00bbbei der Zisterne\u00ab<\/span><\/a><\/p>\n<p style=\"text-align: right;\"><span style=\"color: #3366ff;\"><a name=\"op-03\"><\/a><a style=\"color: #3366ff;\" href=\"#seite_oben\">natrag na vrh \/ Seitenanfang<\/a><\/span><\/p>\n<hr \/>\n<h3><span style=\"color: #000000;\"><strong>Ime \/ Name<br \/>\n<\/strong>Objekt 3 &#8211; \u00bbGustirna\u00ab \/ Zisterne<strong><br \/>\n<\/strong><\/span><\/h3>\n<p><strong><img loading=\"lazy\" decoding=\"async\" class=\"alignnone wp-image-66295 size-full\" src=\"https:\/\/www.topohvar.at\/wp-content\/uploads\/2024\/04\/br-op-03-11.jpg\" alt=\"\" width=\"640\" height=\"320\" srcset=\"https:\/\/www.topohvar.at\/wp-content\/uploads\/2024\/04\/br-op-03-11.jpg 640w, https:\/\/www.topohvar.at\/wp-content\/uploads\/2024\/04\/br-op-03-11-300x150.jpg 300w\" sizes=\"auto, (max-width: 640px) 100vw, 640px\" \/><\/strong><\/p>\n<p><strong>Code: <\/strong>BR-OP-03\u00a0 \u00a0 \u00a0 \u00a0 \u00a0 \u00a0 \u00a0 \u00a0 \u00a0 \u00a0 \u00a0 \u00a0 \u00a0 \u00a0 \u00a0 \u00a0 \u00a0<strong>\u00a0<\/strong><\/p>\n<p><strong>Adresa \/ Adresse<br \/>\n<\/strong>Brusje, Uvala Svira\u010dina<\/p>\n<p><strong>Lokacija<\/strong><strong> \/ Position<a href=\"https:\/\/maps.app.goo.gl\/7qvSgrmFEPABhgEW9\"><img loading=\"lazy\" decoding=\"async\" class=\"alignright wp-image-66296\" src=\"https:\/\/www.topohvar.at\/wp-content\/uploads\/2024\/04\/4002.jpg\" alt=\"\" width=\"134\" height=\"100\" \/><\/a><br \/>\n<\/strong><a href=\"https:\/\/maps.app.goo.gl\/7qvSgrmFEPABhgEW9\"><span style=\"color: #3366ff;\">Latitude: N 43,20127\u00b0\u00a0 \u00a0Longitude: E 16,45692\u00b0 <\/span><\/a><strong><br \/>\n<\/strong>Visina \/ H\u00f6he: 7 m<\/p>\n<p><strong>Katastarska \u010destica<\/strong><strong> \/ Grundst\u00fccke:<\/strong> 123\/4<br \/>\n<strong>Datum snimanja \/ Erfassungsdatum: <\/strong>16.05.2023 12:10:00<\/p>\n<p style=\"text-align: right;\"><span style=\"color: #3366ff;\"><a name=\"op-37\"><\/a><a style=\"color: #3366ff;\" href=\"#seite_oben\">natrag na vrh \/ Seitenanfang<\/a><\/span><\/p>\n<hr \/>\n<h3><span style=\"color: #000000;\"><strong>Ime \/ Name<br \/>\n<\/strong>Objekt 37 &#8211; \u00bbGustirna u ljetnikovcu Rinaldi (Mancirovo)\u00ab \/ Zisterne im Sommerhaus Rinaldi (Mancirovo)<strong><br \/>\n<\/strong><\/span><\/h3>\n<p><strong><img loading=\"lazy\" decoding=\"async\" class=\"alignleft wp-image-62069 size-full\" src=\"https:\/\/www.topohvar.at\/wp-content\/uploads\/2022\/11\/br-op-37-10.jpg\" alt=\"\" width=\"640\" height=\"320\" srcset=\"https:\/\/www.topohvar.at\/wp-content\/uploads\/2022\/11\/br-op-37-10.jpg 640w, https:\/\/www.topohvar.at\/wp-content\/uploads\/2022\/11\/br-op-37-10-300x150.jpg 300w\" sizes=\"auto, (max-width: 640px) 100vw, 640px\" \/><\/strong><\/p>\n<p><strong>Code: <\/strong>BR-OP-37\u00a0 \u00a0 \u00a0 \u00a0 \u00a0 \u00a0 \u00a0 \u00a0 \u00a0 \u00a0 \u00a0 \u00a0 \u00a0 \u00a0 \u00a0 \u00a0 \u00a0<strong>\u00a0<\/strong><\/p>\n<p><strong>Adresa \/ Adresse<br \/>\n<\/strong>Brusje, Jari\u0161\u0107e<\/p>\n<p><strong>Lokacija<\/strong><strong> \/ Position<a href=\"https:\/\/goo.gl\/maps\/MiVdsDGBtpt3UAx87\"><img loading=\"lazy\" decoding=\"async\" class=\"alignright wp-image-1278\" src=\"https:\/\/www.topohvar.at\/wp-content\/uploads\/2018\/07\/1431.jpg\" alt=\"\" width=\"134\" height=\"100\" \/><\/a><br \/>\n<\/strong><span style=\"color: #3366ff;\"><a style=\"color: #3366ff;\" href=\"https:\/\/goo.gl\/maps\/MiVdsDGBtpt3UAx87\">Latitude: N 43,19240\u00b0\u00a0 \u00a0Longitude: E 16,49452\u00b0<\/a> <\/span><strong><br \/>\n<\/strong>Visina \/ H\u00f6he: 300 m<\/p>\n<p><strong>Katastarska \u010destica<\/strong><strong> \/ Grundst\u00fccke: <\/strong>*291, *292<br \/>\n<strong>Datum snimanja \/ Erfassungsdatum: <\/strong>01.11.2022 09:34:05<\/p>\n<div class='content-column one_half'><div style=\"padding-right:6px;\"><p>Gusterna u ljetnikovcu Rinaldi (Mancirovo) nalazi se ispod dvori\u0161nog plo\u010dnika. Navodno je ovdje bila i kamena kruna bunara.<\/p><\/div><\/div><div class='content-column one_half last_column'><div style=\"padding-right:0px;padding-left:6px;\"><p>Die Zisterne im Sommerhaus Rinaldi (Mancirovo) befindet sich unter dem Hofpflaster. Angeblich war hier auch ein\u00a0 Steinkronenbrunnen.<\/p><\/div><\/div><div class='clear_column'><\/div><\/p>\n<p><strong>Linkovi \/ Links:<br \/>\n<\/strong><span style=\"color: #3366ff;\"><a style=\"color: #3366ff;\" href=\"https:\/\/www.topohvar.at\/topo\/orte\/br\/br-tg-11-2\/\">Ljetnikovac \u00bbRinaldi (Mancirovo)\u00ab \/ Sommerhaus \u00bbRinaldi (Mancirovo)\u00ab<\/a><\/span><\/p>\n<p style=\"text-align: right;\"><span style=\"color: #3366ff;\"><a name=\"op-38\"><\/a><a style=\"color: #3366ff;\" href=\"#seite_oben\">natrag na vrh \/ Seitenanfang<\/a><\/span><\/p>\n<hr \/>\n<h3><span style=\"color: #000000;\"><strong>Ime \/ Name<br \/>\n<\/strong>Objekt 38 \u00bbGustirna uz trim BR-TR-09\u00ab \/ Zisterne beim Trim BR-TR-09<strong><br \/>\n<\/strong><\/span><\/h3>\n<p><strong><img loading=\"lazy\" decoding=\"async\" class=\"aligncenter wp-image-73144 size-large\" src=\"https:\/\/www.topohvar.at\/wp-content\/uploads\/2025\/10\/BR-OP-38-01-1024x503.jpg\" alt=\"\" width=\"640\" height=\"314\" srcset=\"https:\/\/www.topohvar.at\/wp-content\/uploads\/2025\/10\/BR-OP-38-01-1024x503.jpg 1024w, https:\/\/www.topohvar.at\/wp-content\/uploads\/2025\/10\/BR-OP-38-01-300x147.jpg 300w, https:\/\/www.topohvar.at\/wp-content\/uploads\/2025\/10\/BR-OP-38-01-768x377.jpg 768w, https:\/\/www.topohvar.at\/wp-content\/uploads\/2025\/10\/BR-OP-38-01.jpg 1080w\" sizes=\"auto, (max-width: 640px) 100vw, 640px\" \/><\/strong><\/p>\n<p><strong>Code: <\/strong>BR-OP-38\u00a0 \u00a0 \u00a0 \u00a0 \u00a0 \u00a0 \u00a0 \u00a0 \u00a0 \u00a0 \u00a0 \u00a0 \u00a0 \u00a0 \u00a0 \u00a0 \u00a0<strong>\u00a0<\/strong><\/p>\n<p><strong>Adresa \/ Adresse<br \/>\n<\/strong>Brusje,<\/p>\n<p><strong>Lokacija<\/strong><strong> \/ Position<a href=\"https:\/\/maps.app.goo.gl\/iQeRpq6ZoFRSLVkR9\"><img loading=\"lazy\" decoding=\"async\" class=\"alignright wp-image-73145\" src=\"https:\/\/www.topohvar.at\/wp-content\/uploads\/2025\/10\/4380.jpg\" alt=\"\" width=\"134\" height=\"100\" \/><\/a><br \/>\n<\/strong><a href=\"https:\/\/maps.app.goo.gl\/iQeRpq6ZoFRSLVkR9\"><span style=\"color: #3366ff;\">Latitude: N 43,18314\u00b0\u00a0 \u00a0Longitude: E 16,47352\u00b0 <\/span><\/a><strong><br \/>\n<\/strong>Visina \/ H\u00f6he: 241 m<\/p>\n<p><strong>Katastarska \u010destica<\/strong><strong> \/ Grundst\u00fccke:<\/strong> 4285\/5<br \/>\n<strong>Datum snimanja \/ Erfassungsdatum: <\/strong>30.10.2025 11:32:56<\/p>\n<div class='content-column one_half'><div style=\"padding-right:6px;\"><p>Malo ju\u017enije je Trim <a href=\"https:\/\/www.topohvar.at\/topo\/orte\/br\/br-tr-09-2\"><strong><span style=\"color: #3366ff;\">BR-TR-09<\/span><\/strong><\/a><\/p><\/div><\/div><div class='content-column one_half last_column'><div style=\"padding-right:0px;padding-left:6px;\"><p>Etwas weiter s\u00fcdlich steht der Trim <a href=\"https:\/\/www.topohvar.at\/topo\/orte\/br\/br-tr-09-2\"><strong><span style=\"color: #3366ff;\">BR-TR-09<\/span><\/strong><\/a><\/p><\/div><\/div><div class='clear_column'><\/div><\/p>\n<p style=\"text-align: right;\"><span style=\"color: #3366ff;\"><a name=\"op-39\"><\/a><a style=\"color: #3366ff;\" href=\"#seite_oben\">natrag na vrh \/ Seitenanfang<\/a><\/span><\/p>\n<hr \/>\n<h3><span style=\"color: #000000;\"><strong>Ime \/ Name<br \/>\n<\/strong>Objekt 39 \u00bbGustirna\u00ab \/ Zisterne<\/span><\/h3>\n<h3><strong><img loading=\"lazy\" decoding=\"async\" class=\"aligncenter wp-image-73150 size-large\" src=\"https:\/\/www.topohvar.at\/wp-content\/uploads\/2025\/10\/BR-OP-39-01-1024x503.jpg\" alt=\"\" width=\"640\" height=\"314\" srcset=\"https:\/\/www.topohvar.at\/wp-content\/uploads\/2025\/10\/BR-OP-39-01-1024x503.jpg 1024w, https:\/\/www.topohvar.at\/wp-content\/uploads\/2025\/10\/BR-OP-39-01-300x147.jpg 300w, https:\/\/www.topohvar.at\/wp-content\/uploads\/2025\/10\/BR-OP-39-01-768x377.jpg 768w, https:\/\/www.topohvar.at\/wp-content\/uploads\/2025\/10\/BR-OP-39-01.jpg 1080w\" sizes=\"auto, (max-width: 640px) 100vw, 640px\" \/><\/strong><\/h3>\n<p><strong>Code: <\/strong>BR-OP-39\u00a0 \u00a0 \u00a0 \u00a0 \u00a0 \u00a0 \u00a0 \u00a0 \u00a0 \u00a0 \u00a0 \u00a0 \u00a0 \u00a0 \u00a0 \u00a0 \u00a0<strong>\u00a0<\/strong><\/p>\n<p><strong>Adresa \/ Adresse<br \/>\n<\/strong>Brusje,<\/p>\n<p><strong>Lokacija<\/strong><strong> \/ Position<a href=\"https:\/\/maps.app.goo.gl\/1k9rE47WZ1MravNd8\"><img loading=\"lazy\" decoding=\"async\" class=\"alignright wp-image-73151\" src=\"https:\/\/www.topohvar.at\/wp-content\/uploads\/2025\/10\/4381.jpg\" alt=\"\" width=\"134\" height=\"100\" \/><\/a><br \/>\n<\/strong><a href=\"https:\/\/maps.app.goo.gl\/1k9rE47WZ1MravNd8\"><span style=\"color: #3366ff;\">Latitude: N 43,18184\u00b0\u00a0 \u00a0Longitude: E 16,47355\u00b0 <\/span><\/a><strong><br \/>\n<\/strong>Visina \/ H\u00f6he: 264 m<\/p>\n<p><strong>Katastarska \u010destica<\/strong><strong> \/ Grundst\u00fccke:<\/strong> 4289\/1<br \/>\n<strong>Datum snimanja \/ Erfassungsdatum: <\/strong>30.10.2025 11:45:11<\/p>\n<p style=\"text-align: right;\"><span style=\"color: #3366ff;\"><a name=\"op-40\"><\/a><a style=\"color: #3366ff;\" href=\"#seite_oben\">natrag na vrh \/ Seitenanfang<\/a><\/span><\/p>\n<hr \/>\n<h3><span style=\"color: #000000;\"><strong>Ime \/ Name<br \/>\n<\/strong>Objekt 40 \u00bbotvorena cisterna\u00ab \/ offene Zisterne<\/span><\/h3>\n<h3><strong><img loading=\"lazy\" decoding=\"async\" class=\"alignleft wp-image-73435 size-full\" src=\"https:\/\/www.topohvar.at\/wp-content\/uploads\/2025\/11\/BR-OP-40-01.jpg\" alt=\"\" width=\"1080\" height=\"530\" srcset=\"https:\/\/www.topohvar.at\/wp-content\/uploads\/2025\/11\/BR-OP-40-01.jpg 1080w, https:\/\/www.topohvar.at\/wp-content\/uploads\/2025\/11\/BR-OP-40-01-300x147.jpg 300w, https:\/\/www.topohvar.at\/wp-content\/uploads\/2025\/11\/BR-OP-40-01-1024x503.jpg 1024w, https:\/\/www.topohvar.at\/wp-content\/uploads\/2025\/11\/BR-OP-40-01-768x377.jpg 768w\" sizes=\"auto, (max-width: 1080px) 100vw, 1080px\" \/><\/strong><\/h3>\n<p><strong>Code: <\/strong>BR-OP-40\u00a0 \u00a0 \u00a0 \u00a0 \u00a0 \u00a0 \u00a0 \u00a0 \u00a0 \u00a0 \u00a0 \u00a0 \u00a0 \u00a0 \u00a0 \u00a0 \u00a0<strong>\u00a0<\/strong><\/p>\n<p><strong>Adresa \/ Adresse<br \/>\n<\/strong>Brusje, na putu za Hvar \/ am Weg nach Hvar<\/p>\n<p><strong>Lokacija<\/strong><strong> \/ Position<a href=\"https:\/\/maps.app.goo.gl\/7NDrboGythkvsWJb7\"><img loading=\"lazy\" decoding=\"async\" class=\"alignright wp-image-73436\" src=\"https:\/\/www.topohvar.at\/wp-content\/uploads\/2025\/11\/4392.jpg\" alt=\"\" width=\"134\" height=\"100\" \/><\/a><br \/>\n<\/strong><a href=\"https:\/\/maps.app.goo.gl\/7NDrboGythkvsWJb7\"><span style=\"color: #3366ff;\">Latitude: N 43,17884\u00b0\u00a0 \u00a0Longitude: E 16,48010\u00b0 <\/span><\/a><strong><br \/>\n<\/strong>Visina \/ H\u00f6he: 324 m<\/p>\n<p><strong>Katastarska \u010destica<\/strong><strong> \/ Grundst\u00fccke:<\/strong> 4499<br \/>\n<strong>Datum snimanja \/ Erfassungsdatum: <\/strong>07.11.2025 11:07:36<\/p>\n<p style=\"text-align: right;\"><span style=\"color: #3366ff;\"><a name=\"op-41\"><\/a><a style=\"color: #3366ff;\" href=\"#seite_oben\">natrag na vrh \/ Seitenanfang<\/a><\/span><\/p>\n<hr \/>\n<p><strong>Linkovi \/ Links:<\/strong><\/p>\n<p><span style=\"color: #3366ff;\">\u00a0&#8211;<\/span><\/p>\n","protected":false},"excerpt":{"rendered":"<p>Pove\u0107aj sliku \u2013 klikni! \/ Bild vergr\u00f6\u00dfern \u2013 klicken! Ime \/ Name Bunari, cisterne i to\u010dke za vodu &#8211; detaljno Code: BR-OP-01\/40\u00a0 \u00a0 \u00a0 \u00a0 \u00a0 \u00a0 \u00a0 \u00a0 \u00a0 \u00a0 \u00a0 \u00a0 \u00a0 \u00a0 \u00a0 \u00a0 \u00a0 \u00a0 \u00a0 &hellip; <a href=\"https:\/\/www.topohvar.at\/topo\/orte\/br\/br-op-00-0\/\">Weiterlesen <span class=\"meta-nav\">&rarr;<\/span><\/a><\/p>\n","protected":false},"author":1,"featured_media":0,"parent":65,"menu_order":0,"comment_status":"closed","ping_status":"closed","template":"","meta":{"footnotes":""},"class_list":["post-1127","page","type-page","status-publish","hentry"],"_links":{"self":[{"href":"https:\/\/www.topohvar.at\/topo\/wp-json\/wp\/v2\/pages\/1127","targetHints":{"allow":["GET"]}}],"collection":[{"href":"https:\/\/www.topohvar.at\/topo\/wp-json\/wp\/v2\/pages"}],"about":[{"href":"https:\/\/www.topohvar.at\/topo\/wp-json\/wp\/v2\/types\/page"}],"author":[{"embeddable":true,"href":"https:\/\/www.topohvar.at\/topo\/wp-json\/wp\/v2\/users\/1"}],"replies":[{"embeddable":true,"href":"https:\/\/www.topohvar.at\/topo\/wp-json\/wp\/v2\/comments?post=1127"}],"version-history":[{"count":49,"href":"https:\/\/www.topohvar.at\/topo\/wp-json\/wp\/v2\/pages\/1127\/revisions"}],"predecessor-version":[{"id":73446,"href":"https:\/\/www.topohvar.at\/topo\/wp-json\/wp\/v2\/pages\/1127\/revisions\/73446"}],"up":[{"embeddable":true,"href":"https:\/\/www.topohvar.at\/topo\/wp-json\/wp\/v2\/pages\/65"}],"wp:attachment":[{"href":"https:\/\/www.topohvar.at\/topo\/wp-json\/wp\/v2\/media?parent=1127"}],"curies":[{"name":"wp","href":"https:\/\/api.w.org\/{rel}","templated":true}]}}