{"id":1141,"date":"2018-07-29T05:56:35","date_gmt":"2018-07-29T03:56:35","guid":{"rendered":"https:\/\/www.topohvar.at\/?page_id=1141"},"modified":"2021-08-24T16:24:18","modified_gmt":"2021-08-24T14:24:18","slug":"br-aa-01-2","status":"publish","type":"page","link":"https:\/\/www.topohvar.at\/topo\/orte\/br\/br-aa-01-2\/","title":{"rendered":"BRUSJE &#8211; Selo \u00bbBrusje\u00ab"},"content":{"rendered":"<p><a name=\"seite_oben\"><\/a><br \/>\n<strong><img loading=\"lazy\" decoding=\"async\" class=\"alignnone wp-image-36701 size-full\" src=\"https:\/\/www.topohvar.at\/wp-content\/uploads\/2020\/05\/br-aa-01-2.jpg\" alt=\"\" width=\"640\" height=\"314\" srcset=\"https:\/\/www.topohvar.at\/wp-content\/uploads\/2020\/05\/br-aa-01-2.jpg 640w, https:\/\/www.topohvar.at\/wp-content\/uploads\/2020\/05\/br-aa-01-2-300x147.jpg 300w\" sizes=\"auto, (max-width: 640px) 100vw, 640px\" \/><\/strong><\/p>\n<p><strong>Ime \/ Name<br \/>\n<\/strong>Selo \u00bbBrusje\u00ab \/ Dorf \u00bbBrusje\u00ab<\/p>\n<p><strong>Code: <\/strong>BR-AA-01\u00a0 \u00a0 \u00a0 \u00a0 \u00a0 \u00a0 \u00a0 \u00a0 \u00a0 \u00a0 \u00a0 \u00a0 \u00a0 \u00a0 \u00a0 \u00a0 \u00a0 \u00a0 \u00a0 \u00a0 \u00a0<strong> <a href=\"https:\/\/www.topohvar.at\/topo\/orte\/br\/br-am-00-1\/\"><img loading=\"lazy\" decoding=\"async\" class=\"alignnone wp-image-533 size-full\" src=\"https:\/\/www.topohvar.at\/wp-content\/uploads\/2018\/07\/push-l-30.jpg\" alt=\"\" width=\"61\" height=\"30\" \/><\/a> <a href=\"https:\/\/www.topohvar.at\/orte\/br\/\"><img loading=\"lazy\" decoding=\"async\" class=\"alignnone wp-image-535 size-full\" src=\"https:\/\/www.topohvar.at\/wp-content\/uploads\/2018\/07\/push-o-30.jpg\" alt=\"\" width=\"61\" height=\"30\" \/><\/a> <a href=\"https:\/\/www.topohvar.at\/orte\/br\/br-aa-02-2\/\"><img loading=\"lazy\" decoding=\"async\" class=\"alignnone wp-image-536 size-full\" src=\"https:\/\/www.topohvar.at\/wp-content\/uploads\/2018\/07\/push-r-30.jpg\" alt=\"\" width=\"61\" height=\"30\" \/><\/a> <a href=\"https:\/\/www.topohvar.at\/orte\/br\/br-au-10-1\/\"><img loading=\"lazy\" decoding=\"async\" class=\"alignnone wp-image-12299 size-full\" src=\"https:\/\/www.topohvar.at\/wp-content\/uploads\/2018\/09\/push-next-30.jpg\" alt=\"\" width=\"61\" height=\"30\" \/><\/a><\/strong><\/p>\n<hr \/>\n<p><strong>Adresa \/ Adresse<br \/>\n<\/strong>Brusje<\/p>\n<p><strong>Lokacija<\/strong><strong> \/ Position<a href=\"https:\/\/goo.gl\/maps\/wnqTgdi6Y8MQ1RMC9\"><img loading=\"lazy\" decoding=\"async\" class=\"alignright wp-image-818\" src=\"https:\/\/www.topohvar.at\/wp-content\/uploads\/2018\/07\/0051.jpg\" alt=\"\" width=\"134\" height=\"100\" \/><\/a><br \/>\n<\/strong><span style=\"color: #3366ff;\"><a style=\"color: #3366ff;\" href=\"https:\/\/goo.gl\/maps\/wnqTgdi6Y8MQ1RMC9\">Latitude: N 43,19093\u00b0\u00a0 \u00a0Longitude: E 16,48862\u00b0<\/a><\/span> <strong><br \/>\n<\/strong>Visina \/ H\u00f6he: 320 m<\/p>\n<p><strong>Katastarska \u010destica<\/strong><strong> \/ Grundst\u00fccke<br \/>\n<\/strong>&#8211;<div class='content-column one_half'><div style=\"padding-right:6px;\"><p><strong>Datum snimanja \/ Erfassungsdatum<br \/>\n<\/strong>01.01.2000 00:00:00<\/p>\n<hr \/>\n<p><strong>Informacije<\/strong><\/p>\n<p>Brusje, pitoreskno mjesto nadomak grada Hvara\u00a0je nastalo kao pastirski suburbium grada u XVI. st., gdje su naseljeni Primorci \u010duvali stada patricija i gradana, dok nisu osposobili zemlju za agrarne kulture i valorizirali duboke i jako \u0161umovite bru\u0161ke uvale.<\/p><\/div><\/div><div class='content-column one_half last_column'><div style=\"padding-right:0px;padding-left:6px;\"><p><strong>Stupanj za\u0161tite<\/strong><strong> \/ Schutzstellung<br \/>\n<\/strong>P-963 (Ruralna cjelina Brusje)<\/p>\n<hr \/>\n<p><strong>Info<\/strong><\/p>\n<p>Brusje, ein malerischer Ort in der N\u00e4he der Stard Hvar wurde im 16. Jahrhundert als Hirtensiedlung der Stadt gegr\u00fcndet. Hier hielten Hirten aus Primorska die Herden der Patrizier und B\u00fcrger der Stadt, bis sie das Land f\u00fcr kultivierten und die tiefen und waldreichen Buchten von Brusje rodeten.<\/p><\/div><\/div><div class='clear_column'><\/div><div class='content-column one_half'><div style=\"padding-right:6px;\"><p>U mjestu su kasnije neke obitelji ekonomski oja\u010dale zahvaljuju\u0107i brodarstvu (Barbari\u010d npr.), gradevine su \u010desto imitacija gradskih po dimenzijama i formi, a patriciji su (i biskup) ljetovali u blizini (Moncirovo XVI. st.) zahvaljuju\u0107i nadmorskoj visini i svje\u017eini.<\/p><\/div><\/div><div class='content-column one_half last_column'><div style=\"padding-right:0px;padding-left:6px;\"><p>Sp\u00e4ter wurden im Ort einige Familien dank der Schifffahrt wirtschaftlich st\u00e4rker (zum Beispiel die Barbari\u010d) und die Geb\u00e4ude wurden oft in Gr\u00f6\u00dfe und Form den st\u00e4dtischen nachgeahmt. Patrizier (und der Bischof) machten in der N\u00e4he (Moncirovo 16. Jh.) wegen der H\u00f6henlage und Frische hier Urlaub.<\/p><\/div><\/div><div class='clear_column'><\/div><div class='content-column one_half'><div style=\"padding-right:6px;\"><p>Najstariji podatak o ustroju sela Brusja zabilje\u017een je 1834. godine na austrijskoj katastarskoj mapi. Najstariji stanovnici Brusja bavili su se sto\u010darstvom, no ono ve\u0107 tijekom 18. stolje\u0107a gubi svoj zna\u010daj i daljinji razvoj naselja zasniva se na poljoprivredi \u2013 uzgoju vinove loze i masline. Nizovi stambeno-gospodarskih ku\u0107a zajedno s vrtovima ogra\u0111enima suhozidima u neposrednoj blizini, gospodarskim prizemnicama i gustirnama tvore jedinstveni prostor rada i stanovanja.<\/p><\/div><\/div><div class='content-column one_half last_column'><div style=\"padding-right:0px;padding-left:6px;\"><p>\u00c4lteste Informationen \u00fcber die Struktur des Dorfes bringt die \u00f6sterreichische Katasterkarte aus dem Jahr 1834. Die ersten Bewohner von Brusje betrieben Viehhaltung, die aber bereits im 18. Jahrhundert an Bedeutung verlor. Die weitere Siedlungsentwicklung bestand aus Landwirtschaft &#8211; dem Anbau von Wein und Oliven. Reihen von Wohn- und Wirtschaftsgeb\u00e4uden, G\u00e4rten mit Steinmauern umgeben, niedrige Wirtschaftsgeb\u00e4ude und nahe Zisternen bilden ein einzigartiges Arbeits- und Wohnumfeld.<\/p><\/div><\/div><div class='clear_column'><\/div><div class='content-column one_half'><div style=\"padding-right:6px;\"><p>Uz samu cestu ni\u017eu se rusti\u010dne kamene ku\u0107e povezane u \u017eivopisne i slikovite arhitektonske sklopove. Na prilazu selu nalaze se ru\u0161evine dvaju ljetnikovaca iz 16.st, a selo je poznato po proizvodnji visoko kvalitetnih eteri\u010dnih ulja od lavande i ru\u017emarina. Osim u simpati\u010dnom okru\u017eju malog oto\u010dkog sela i nadasve \u010distom zraku, u\u017eivati \u0107ete udi\u0161u\u0107i mirise s beskrajnih polja lavande kao i u impresivnom panoramskom pogledu na susjedne otoke.<\/p><\/div><\/div><div class='content-column one_half last_column'><div style=\"padding-right:0px;padding-left:6px;\"><p>Neben der Stra\u00dfe sind niedrige rustikale Steinh\u00e4user eingebunden in ein malerisches architektonisches Gef\u00fcge. Das Dorf beherbergt die Ruinen von zwei Herrenh\u00e4usern aus dem 16. Jh. Das Dorf ist bekannt f\u00fcr die Herstellung von hochwertigen \u00e4therischen \u00d6len aus Lavendel und Rosmarin. Neben der sympathischen Umgebung eines kleinen Inseldorfes und vor allem der reinen Luft, kann man die atemberaubenden D\u00fcfte aus endlosen Lavendelfeldern sowie beeindruckende Panoramablicke auf die Nachbarinseln genie\u00dfen.<\/p><\/div><\/div><div class='clear_column'><\/div><div class='content-column one_half'><div style=\"padding-right:6px;\"><p>Po\u010detkom 20. stolje\u0107a Brusje je imalo preko 1000 stanovnika. Danas (2010) ostalo je samo oko 150.\u00a0Svetac za\u0161titnika Brusja je sveti Adalbert, \u010diji se dan slave obilje\u017eava 23. travnja.<\/p><\/div><\/div><div class='content-column one_half last_column'><div style=\"padding-right:0px;padding-left:6px;\"><p>Im fr\u00fchen 20. Jahrhundert hatte Brusje noch \u00fcber 1000 Einwohner. Heute (2010) sind es nur noch etwa 150.\u00a0Der Schutzpatron von Brusje ist der Heilige Adalbert, dessen Ged\u00e4chtnistag am 23. April gefeiert wird.<\/p><\/div><\/div><div class='clear_column'><\/div><div class='content-column one_half'><div style=\"padding-right:6px;\"><p>Ruralna cjelina Brusje je kulturno dobro Republike Hrvatske.<\/p><\/div><\/div><div class='content-column one_half last_column'><div style=\"padding-right:0px;padding-left:6px;\"><p>Das Dorf Brusje gilt als d\u00f6rflich- l\u00e4ndliche Einheit des kulturellen Erbes der Republik Kroatien.<\/p><\/div><\/div><div class='clear_column'><\/div><\/p>\n<p style=\"text-align: right;\"><a href=\"#seite_oben\">natrag na vrh \/ Seitenanfang<\/a><\/p>\n<hr \/>\n<p><strong>Linkovi \/ Links<\/strong><\/p>\n<p>&#8211;<\/p>\n","protected":false},"excerpt":{"rendered":"<p>Ime \/ Name Selo \u00bbBrusje\u00ab \/ Dorf \u00bbBrusje\u00ab Code: BR-AA-01\u00a0 \u00a0 \u00a0 \u00a0 \u00a0 \u00a0 \u00a0 \u00a0 \u00a0 \u00a0 \u00a0 \u00a0 \u00a0 \u00a0 \u00a0 \u00a0 \u00a0 \u00a0 \u00a0 \u00a0 \u00a0 Adresa \/ Adresse Brusje Lokacija \/ Position Latitude: N 43,19093\u00b0\u00a0 &hellip; <a href=\"https:\/\/www.topohvar.at\/topo\/orte\/br\/br-aa-01-2\/\">Weiterlesen <span class=\"meta-nav\">&rarr;<\/span><\/a><\/p>\n","protected":false},"author":1,"featured_media":0,"parent":65,"menu_order":0,"comment_status":"closed","ping_status":"closed","template":"","meta":{"footnotes":""},"class_list":["post-1141","page","type-page","status-publish","hentry"],"_links":{"self":[{"href":"https:\/\/www.topohvar.at\/topo\/wp-json\/wp\/v2\/pages\/1141","targetHints":{"allow":["GET"]}}],"collection":[{"href":"https:\/\/www.topohvar.at\/topo\/wp-json\/wp\/v2\/pages"}],"about":[{"href":"https:\/\/www.topohvar.at\/topo\/wp-json\/wp\/v2\/types\/page"}],"author":[{"embeddable":true,"href":"https:\/\/www.topohvar.at\/topo\/wp-json\/wp\/v2\/users\/1"}],"replies":[{"embeddable":true,"href":"https:\/\/www.topohvar.at\/topo\/wp-json\/wp\/v2\/comments?post=1141"}],"version-history":[{"count":23,"href":"https:\/\/www.topohvar.at\/topo\/wp-json\/wp\/v2\/pages\/1141\/revisions"}],"predecessor-version":[{"id":51410,"href":"https:\/\/www.topohvar.at\/topo\/wp-json\/wp\/v2\/pages\/1141\/revisions\/51410"}],"up":[{"embeddable":true,"href":"https:\/\/www.topohvar.at\/topo\/wp-json\/wp\/v2\/pages\/65"}],"wp:attachment":[{"href":"https:\/\/www.topohvar.at\/topo\/wp-json\/wp\/v2\/media?parent=1141"}],"curies":[{"name":"wp","href":"https:\/\/api.w.org\/{rel}","templated":true}]}}