{"id":11444,"date":"2018-09-13T18:40:31","date_gmt":"2018-09-13T16:40:31","guid":{"rendered":"https:\/\/www.topohvar.at\/?page_id=11444"},"modified":"2024-07-14T11:55:26","modified_gmt":"2024-07-14T09:55:26","slug":"sb-aa-03-1","status":"publish","type":"page","link":"https:\/\/www.topohvar.at\/topo\/orte\/sb\/sb-aa-03-1\/","title":{"rendered":"SELCA KOD BOGOMOLJA &#8211; Ruralna cjelina \u00bbZaseok Marin(j)a Glavica\u00ab"},"content":{"rendered":"<p><a name=\"seite_oben\"><\/a><strong><img loading=\"lazy\" decoding=\"async\" class=\"alignnone wp-image-36070 size-full\" src=\"https:\/\/www.topohvar.at\/wp-content\/uploads\/2020\/04\/sb-aa-03-12.jpg\" alt=\"\" width=\"1080\" height=\"540\" srcset=\"https:\/\/www.topohvar.at\/wp-content\/uploads\/2020\/04\/sb-aa-03-12.jpg 1080w, https:\/\/www.topohvar.at\/wp-content\/uploads\/2020\/04\/sb-aa-03-12-300x150.jpg 300w, https:\/\/www.topohvar.at\/wp-content\/uploads\/2020\/04\/sb-aa-03-12-1024x512.jpg 1024w, https:\/\/www.topohvar.at\/wp-content\/uploads\/2020\/04\/sb-aa-03-12-768x384.jpg 768w\" sizes=\"auto, (max-width: 1080px) 100vw, 1080px\" \/><\/strong><\/p>\n<p><strong>Ime \/ Name<br \/>\n<\/strong>Ruralna cjelina \u00bbZaseok \/ L\u00e4ndliche Einheit Weiler <em>Marin(j)a Glavica<\/em>\u00ab<\/p>\n<p><strong>Code: <\/strong>SB-AA-03\u00a0 \u00a0 \u00a0 \u00a0 \u00a0 \u00a0 \u00a0 \u00a0 \u00a0 \u00a0 \u00a0 \u00a0 \u00a0 \u00a0 \u00a0 \u00a0 <strong><a href=\"https:\/\/www.topohvar.at\/orte\/sb\/sb-am-03-1\/\"><img loading=\"lazy\" decoding=\"async\" class=\"alignnone wp-image-533 size-full\" src=\"https:\/\/www.topohvar.at\/wp-content\/uploads\/2018\/07\/push-l-30.jpg\" alt=\"\" width=\"61\" height=\"30\" \/><\/a> <a href=\"https:\/\/www.topohvar.at\/orte\/sb\/\"><img loading=\"lazy\" decoding=\"async\" class=\"alignnone wp-image-535 size-full\" src=\"https:\/\/www.topohvar.at\/wp-content\/uploads\/2018\/07\/push-o-30.jpg\" alt=\"\" width=\"61\" height=\"30\" \/><\/a> <a href=\"https:\/\/www.topohvar.at\/orte\/sb\/sb-aa-01-1\/\"><img loading=\"lazy\" decoding=\"async\" class=\"alignnone wp-image-536 size-full\" src=\"https:\/\/www.topohvar.at\/wp-content\/uploads\/2018\/07\/push-r-30.jpg\" alt=\"\" width=\"61\" height=\"30\" \/><\/a> <a href=\"https:\/\/www.topohvar.at\/orte\/sb\/sb-au-10-1\/\"><img loading=\"lazy\" decoding=\"async\" class=\"alignnone wp-image-12299 size-full\" src=\"https:\/\/www.topohvar.at\/wp-content\/uploads\/2018\/09\/push-next-30.jpg\" alt=\"\" width=\"61\" height=\"30\" \/><\/a><\/strong><\/p>\n<hr \/>\n<p><strong>Adresa \/ Adresse<br \/>\n<\/strong>Selca kod Bogomolja, Marina Glavica<\/p>\n<p><strong>Lokacija \/ Position<a href=\"https:\/\/goo.gl\/maps\/5faxsbESTBdnvsCH8\"><img loading=\"lazy\" decoding=\"async\" class=\"alignright wp-image-11469\" src=\"https:\/\/www.topohvar.at\/wp-content\/uploads\/2018\/09\/1351.jpg\" alt=\"\" width=\"134\" height=\"100\" \/><\/a><br \/>\n<\/strong><span style=\"color: #3366ff;\"><a style=\"color: #3366ff;\" href=\"https:\/\/goo.gl\/maps\/5faxsbESTBdnvsCH8\">Latitude: N 43,12300\u00b0 Longitude: E 17,06700\u00b0<\/a> <\/span><strong><br \/>\n<\/strong>Visina \/ H\u00f6he: 160 m<\/p>\n<p><strong>Katastarska \u010destica <\/strong><strong>\/ Grundst\u00fccke<br \/>\n<\/strong><\/p>\n<p>Zona A: 310, 4127, 252, 4126, 234, 201, 200, 4120, 4155, 199, 235, 343, 344, 4119, 345, 341, 342, 244<br \/>\nZona B: 4124, 4122, 4125, 4131, 4132, 4123, 4121, 4118, 4117\/1, 4117\/2, 4116, 4250\/3, 4114, 4113, 4112<\/p>\n<div class='content-column one_half'><div style=\"padding-right:6px;\"><p><strong>Datum snimanja \/ Erfassungsdatum<br \/>\n<\/strong>27.10.2014 09:40:09<\/p>\n<hr \/>\n<p><strong>Informacije<\/strong><\/p>\n<p>Selca kod Bogomolja je naselje na otoka Hvara, ki upravno spada pod ob\u010dino Su\u0107uraj. Do teritorijalne reorganizacije u Hrvatskoj nalazila su se u sastavu stare op\u0107ine Hvar. Na popisu stanovni\u0161tva 1991. godine, naseljeno mjesto Selca kod Bogomolja je imalo 9 stanovnika, i 2019. godine samo 6 stanovnika. Glavno selo Marina Glavica treba u velikoj mjeri sa\u010duvati u skladu s prostornim planom op\u0107ine Su\u0107uraj.<\/p><\/div><\/div><div class='content-column one_half last_column'><div style=\"padding-right:0px;padding-left:6px;\"><p><strong>Stupanj za\u0161tite<\/strong><strong> \/ Schutzstellung<br \/>\n<\/strong>P-3586<\/p>\n<hr \/>\n<p><strong>Info<\/strong><\/p>\n<p>Selca in der N\u00e4he von Bogomolje ist ein Dorf auf der Insel Hvar, das administrativ zur Gemeinde Su\u0107uraj geh\u00f6rt. Bis zur territorialen Neuordnung in Kroatien geh\u00f6rte der Ort &#8222;Selca bei Bogomolje&#8220; zur alten Gemeinde Hvar. In der Volksz\u00e4hlung von 1991 hatte der Ort 9 und im Jahr 2019 nur noch 6 Einwohner. Der Hauptort Marina Glavica soll gem\u00e4\u00df Raumordnungsplan der Gemeinde Su\u0107uraj im Wesentlichen in seinem Bestand gesichert werden.<\/p><\/div><\/div><div class='clear_column'><\/div><\/p>\n<p><img loading=\"lazy\" decoding=\"async\" class=\"alignnone wp-image-34011 size-large\" style=\"text-align: center;\" src=\"https:\/\/www.topohvar.at\/wp-content\/uploads\/2020\/03\/sb-aa-03-13-1024x503.jpg\" alt=\"\" width=\"640\" height=\"314\" srcset=\"https:\/\/www.topohvar.at\/wp-content\/uploads\/2020\/03\/sb-aa-03-13-1024x503.jpg 1024w, https:\/\/www.topohvar.at\/wp-content\/uploads\/2020\/03\/sb-aa-03-13-300x147.jpg 300w, https:\/\/www.topohvar.at\/wp-content\/uploads\/2020\/03\/sb-aa-03-13-768x377.jpg 768w, https:\/\/www.topohvar.at\/wp-content\/uploads\/2020\/03\/sb-aa-03-13.jpg 1080w\" sizes=\"auto, (max-width: 640px) 100vw, 640px\" \/><\/p>\n<hr \/>\n<div class='content-column one_half'><div style=\"padding-right:6px;\"><p>Selca kod Bogomolja su slikovito malo naselje smje\u0161teno. Nalazi se blizu isto\u010dne obale otoka, nedaleko od mjesta Bogomolje. Ovo \u0161armantno selo poznato je po bogatoj povijesti, prekrasnoj prirodnoj ljepoti te tradicionalnoj arhitekturi.<\/p><\/div><\/div><div class='content-column one_half last_column'><div style=\"padding-right:0px;padding-left:6px;\"><p>Selca in der N\u00e4he von Bogomolje ist ein malerisches kleines Dorf . Es liegt nahe der Ostk\u00fcste der Insel, nicht weit von Bogomolje entfernt. Dieses charmante Dorf ist f\u00fcr seine reiche Geschichte, wundervolle Natursch\u00f6nheit und traditionelle Architektur bekannt.<\/p><\/div><\/div><div class='clear_column'><\/div><div class='content-column one_half'><div style=\"padding-right:6px;\"><p>Selca je karakterizirana ku\u0107ama izgra\u0111enim od kamena i uskim vijugavim ulicama, \u0161to joj daje jedinstveni i autenti\u010dni mediteranski ugo\u0111aj. Upotreba lokalnog kamena u gradnji rezultirala je skladnim spojem s prirodnim okru\u017eenjem. \u0160etaju\u0107i ulicama Selca, posjetitelji mogu diviti se vje\u0161tini koja je ulo\u017eena u stvaranje ovih tradicionalnih gra\u0111evina.<\/p><\/div><\/div><div class='content-column one_half last_column'><div style=\"padding-right:0px;padding-left:6px;\"><p>Selca zeichnet sich durch H\u00e4user aus Stein und enge, verwinkelte Gassen aus, die ihm eine einzigartige und authentische mediterrane Atmosph\u00e4re verleihen. Durch die Verwendung von lokalem Stein beim Bau entstand eine harmonische Verbindung mit der nat\u00fcrlichen Umgebung. Bei einem Spaziergang durch die Gassen von Selca k\u00f6nnen Besucher die Kunstfertigkeit bewundern, mit der diese traditionellen Geb\u00e4ude geschaffen wurden.<\/p><\/div><\/div><div class='clear_column'><\/div><div class='content-column one_half'><div style=\"padding-right:6px;\"><p>Lokacija sela blizu obale pru\u017ea posjetiteljima priliku da istra\u017ee netaknute pla\u017ee i u\u017eivaju u kristalno \u010distim vodama Jadranskog mora. Obala nudi razne mogu\u0107nosti za plivanje, sun\u010danje i vodene sportove, \u010dine\u0107i Selcu idealnom destinacijom za opu\u0161tanje i avanturu.<\/p><\/div><\/div><div class='content-column one_half last_column'><div style=\"padding-right:0px;padding-left:6px;\"><p>Die Lage des Dorfes nahe der K\u00fcste bietet Besuchern die M\u00f6glichkeit, unber\u00fchrte Str\u00e4nde zu erkunden und das kristallklare Wasser der Adria zu genie\u00dfen. Die K\u00fcste bietet vielf\u00e4ltige M\u00f6glichkeiten zum Schwimmen, Sonnenbaden und Wassersport und macht Selca zu einem idealen Reiseziel f\u00fcr Entspannung und Abenteuer.<\/p><\/div><\/div><div class='clear_column'><\/div><div class='content-column one_half'><div style=\"padding-right:6px;\"><p>Za one koji su zainteresirani za povijest, Selca kod Bogomolja pru\u017ea priliku da istra\u017ee pro\u0161lost kroz svoju arhitekturu i spomenike. \u0160etaju\u0107i selom, mo\u017eete nai\u0107i na povijesne lokacije koje odra\u017eavaju zna\u010daj sela kroz stolje\u0107a.<\/p><\/div><\/div><div class='content-column one_half last_column'><div style=\"padding-right:0px;padding-left:6px;\"><p>F\u00fcr Geschichtsinteressierte bietet Selca die M\u00f6glichkeit, die Vergangenheit anhand seiner Architektur und Denkm\u00e4ler zu erkunden. Bei einem Spaziergang durch das Dorf sto\u00dfen Sie auf historische St\u00e4tten, die die Bedeutung des Dorfes im Laufe der Jahrhunderte widerspiegeln.<\/p><\/div><\/div><div class='clear_column'><\/div><div class='content-column one_half'><div style=\"padding-right:6px;\"><p>Sveukupno, Selca kod Bogomolja na otoku Hvaru su skriveni dragulj koji osvaja posjetitelje svojim prekrasnim krajolicima, tradicionalnim \u0161armom i toplim gostoprimstvom. Bez obzira tra\u017eite li mirno uto\u010di\u0161te, istra\u017eivanje povijesti ili uranjanje u lokalnu kulturu, Selca pru\u017ea zaista oboga\u0107uju\u0107e iskustvo na prekrasnom otoku Hvaru.<\/p><\/div><\/div><div class='content-column one_half last_column'><div style=\"padding-right:0px;padding-left:6px;\"><p>Insgesamt ist Selca ein verstecktes Juwel, das Besucher mit seiner wundersch\u00f6nen Landschaft, seinem traditionellen Charme und seiner herzlichen Gastfreundschaft in seinen Bann zieht. Egal, ob Sie auf der Suche nach einem ruhigen R\u00fcckzugsort sind, die Geschichte erkunden oder in die lokale Kultur eintauchen m\u00f6chten, Selca bietet ein wirklich bereicherndes Erlebnis auf der wundersch\u00f6nen Insel Hvar.<\/p><\/div><\/div><div class='clear_column'><\/div><\/p>\n<p style=\"text-align: center;\">Izvor:\/Quelle: <span style=\"color: #3366ff;\"><a style=\"color: #3366ff;\" href=\"https:\/\/www.hvar.com\/hr\/destinacije\/selca-kod-bogomolja\/\">https:\/\/www.hvar.com\/hr\/destinacije\/selca-kod-bogomolja\/<\/a><\/span><\/p>\n<p style=\"text-align: right;\"><span style=\"color: #3366ff;\"><a style=\"color: #3366ff;\" href=\"#seite_oben\">natrag na vrh \/ Seitenanfang<\/a><\/span><\/p>\n<p>&nbsp;<\/p>\n<hr \/>\n<p><strong>Linkovi \/ Links<\/strong><\/p>\n<p>&#8211;<\/p>\n","protected":false},"excerpt":{"rendered":"<p>Ime \/ Name Ruralna cjelina \u00bbZaseok \/ L\u00e4ndliche Einheit Weiler Marin(j)a Glavica\u00ab Code: SB-AA-03\u00a0 \u00a0 \u00a0 \u00a0 \u00a0 \u00a0 \u00a0 \u00a0 \u00a0 \u00a0 \u00a0 \u00a0 \u00a0 \u00a0 \u00a0 \u00a0 Adresa \/ Adresse Selca kod Bogomolja, Marina Glavica Lokacija \/ Position &hellip; <a href=\"https:\/\/www.topohvar.at\/topo\/orte\/sb\/sb-aa-03-1\/\">Weiterlesen <span class=\"meta-nav\">&rarr;<\/span><\/a><\/p>\n","protected":false},"author":1,"featured_media":0,"parent":97,"menu_order":0,"comment_status":"closed","ping_status":"closed","template":"","meta":{"footnotes":""},"class_list":["post-11444","page","type-page","status-publish","hentry"],"_links":{"self":[{"href":"https:\/\/www.topohvar.at\/topo\/wp-json\/wp\/v2\/pages\/11444","targetHints":{"allow":["GET"]}}],"collection":[{"href":"https:\/\/www.topohvar.at\/topo\/wp-json\/wp\/v2\/pages"}],"about":[{"href":"https:\/\/www.topohvar.at\/topo\/wp-json\/wp\/v2\/types\/page"}],"author":[{"embeddable":true,"href":"https:\/\/www.topohvar.at\/topo\/wp-json\/wp\/v2\/users\/1"}],"replies":[{"embeddable":true,"href":"https:\/\/www.topohvar.at\/topo\/wp-json\/wp\/v2\/comments?post=11444"}],"version-history":[{"count":26,"href":"https:\/\/www.topohvar.at\/topo\/wp-json\/wp\/v2\/pages\/11444\/revisions"}],"predecessor-version":[{"id":69193,"href":"https:\/\/www.topohvar.at\/topo\/wp-json\/wp\/v2\/pages\/11444\/revisions\/69193"}],"up":[{"embeddable":true,"href":"https:\/\/www.topohvar.at\/topo\/wp-json\/wp\/v2\/pages\/97"}],"wp:attachment":[{"href":"https:\/\/www.topohvar.at\/topo\/wp-json\/wp\/v2\/media?parent=11444"}],"curies":[{"name":"wp","href":"https:\/\/api.w.org\/{rel}","templated":true}]}}