{"id":11449,"date":"2018-09-13T18:46:34","date_gmt":"2018-09-13T16:46:34","guid":{"rendered":"https:\/\/www.topohvar.at\/?page_id=11449"},"modified":"2024-04-24T17:07:48","modified_gmt":"2024-04-24T15:07:48","slug":"sb-aa-02-1","status":"publish","type":"page","link":"https:\/\/www.topohvar.at\/topo\/orte\/sb\/sb-aa-02-1\/","title":{"rendered":"SELCA KOD BOGOMOLJA &#8211; Stambeno-gospodarski sklop \u00bbGodinovi\u0107\u00ab"},"content":{"rendered":"<p><a name=\"seite_oben\"><\/a><br \/>\n<strong><img loading=\"lazy\" decoding=\"async\" class=\"aligncenter size-full wp-image-36480\" src=\"https:\/\/www.topohvar.at\/wp-content\/uploads\/2020\/04\/sb-aa-02-1.jpg\" alt=\"\" width=\"1080\" height=\"530\" srcset=\"https:\/\/www.topohvar.at\/wp-content\/uploads\/2020\/04\/sb-aa-02-1.jpg 1080w, https:\/\/www.topohvar.at\/wp-content\/uploads\/2020\/04\/sb-aa-02-1-300x147.jpg 300w, https:\/\/www.topohvar.at\/wp-content\/uploads\/2020\/04\/sb-aa-02-1-1024x503.jpg 1024w, https:\/\/www.topohvar.at\/wp-content\/uploads\/2020\/04\/sb-aa-02-1-768x377.jpg 768w\" sizes=\"auto, (max-width: 1080px) 100vw, 1080px\" \/><\/strong><\/p>\n<p><strong>Ime \/ Name<br \/>\n<\/strong>Stambeno-gospodarski sklop \u00bbGodinovi\u0107\u00ab \/\u00a0Wohn- und Wirtschaftskomplex\u00a0\u00a0<em>Godinovi\u0107<\/em><\/p>\n<p><strong>Code: <\/strong>SB-AA-02\u00a0 \u00a0 \u00a0 \u00a0 \u00a0 \u00a0 \u00a0 \u00a0 \u00a0 \u00a0 \u00a0 \u00a0 \u00a0 \u00a0 \u00a0 \u00a0\u00a0<strong><a href=\"https:\/\/www.topohvar.at\/orte\/sb\/sb-aa-01-1\/\"><img loading=\"lazy\" decoding=\"async\" class=\"alignnone wp-image-533 size-full\" src=\"https:\/\/www.topohvar.at\/wp-content\/uploads\/2018\/07\/push-l-30.jpg\" alt=\"\" width=\"61\" height=\"30\" \/><\/a> <a href=\"https:\/\/www.topohvar.at\/orte\/sb\/\"><img loading=\"lazy\" decoding=\"async\" class=\"alignnone wp-image-535 size-full\" src=\"https:\/\/www.topohvar.at\/wp-content\/uploads\/2018\/07\/push-o-30.jpg\" alt=\"\" width=\"61\" height=\"30\" \/><\/a> <a href=\"https:\/\/www.topohvar.at\/orte\/sb\/sb-ai-01-1\/\"><img loading=\"lazy\" decoding=\"async\" class=\"alignnone wp-image-536 size-full\" src=\"https:\/\/www.topohvar.at\/wp-content\/uploads\/2018\/07\/push-r-30.jpg\" alt=\"\" width=\"61\" height=\"30\" \/><\/a> <a href=\"https:\/\/www.topohvar.at\/orte\/sb\/sb-au-10-1\/\"><img loading=\"lazy\" decoding=\"async\" class=\"alignnone wp-image-12299 size-full\" src=\"https:\/\/www.topohvar.at\/wp-content\/uploads\/2018\/09\/push-next-30.jpg\" alt=\"\" width=\"61\" height=\"30\" \/><\/a><\/strong><\/p>\n<hr \/>\n<p><strong>Adresa \/ Adresse<br \/>\n<\/strong>Selca kod Bogomolje,\u00a0Godinovi\u0107<\/p>\n<p><strong>Lokacija \/ Position<a href=\"https:\/\/goo.gl\/maps\/o4AVWRkC4VsrieSL8\"><img loading=\"lazy\" decoding=\"async\" class=\"alignright wp-image-11489\" src=\"https:\/\/www.topohvar.at\/wp-content\/uploads\/2018\/09\/1295.jpg\" alt=\"\" width=\"134\" height=\"100\" \/><\/a><br \/>\n<\/strong><span style=\"color: #3366ff;\">Latitude: N 43,13266\u00b0 Longitude: E 17,05403\u00b0 <\/span><strong><br \/>\n<\/strong>Visina \/ H\u00f6he: 175 m<\/p>\n<p><strong>Katastarska \u010destica <\/strong><strong>\/ Grundst\u00fccke<br \/>\n<\/strong><\/p>\n<p>*372, *373, *374, *375, *376, *377, *378, *379, 4194\/122, 4194\/123, 4194\/136, 4194\/137, 4194\/138, 4194\/139,\u00a04194\/140<\/p>\n<div class='content-column one_half'><div style=\"padding-right:6px;\"><p><strong>Datum snimanja \/ Erfassungsdatum<br \/>\n<\/strong>27.10.2014 09:40:00<\/p>\n<hr \/>\n<p><strong>Informacije<\/strong><\/p>\n<p>Gra\u0111evinski kompleks Godinovi\u0107 danas vi\u0161e nije naseljen, ali se jo\u0161 uvijek koristi ekonomski. Veliki, zanimljiv trim stoji usred zgrada.<\/p><\/div><\/div><div class='content-column one_half last_column'><div style=\"padding-right:0px;padding-left:6px;\"><p><strong>Stupanj za\u0161tite<\/strong><strong> \/ Schutzstellung<br \/>\n<\/strong>(P-3642)<\/p>\n<hr \/>\n<p><strong>Info<\/strong><\/p>\n<p>Der Geb\u00e4udekomplex Godinovi\u0107 ist heute nicht mehr bewohnt, wird aber wirtschaftlich noch genutzt. Ein gro\u00dfer, interessanter Trim steht inmitten der Bauten.<\/p><\/div><\/div><div class='clear_column'><\/div><div class='content-column one_half'><div style=\"padding-right:6px;\"><p>Stambeno-gospodarski kompleks stavljen je pod preventivnu za\u0161titu kao spomenik. Definitivan za\u0161titni polo\u017eaj nije postojao.<br \/>\nDatum isteka preventivne za\u0161tite: 14. 04. 2013.<br \/>\nBroj registra: P-3642.<\/p><\/div><\/div><div class='content-column one_half last_column'><div style=\"padding-right:0px;padding-left:6px;\"><p>Der Wohn- und Wirtschaftskomplex wurde als Denkmal unter vorbeugendem Schutz gestellt. Eine definitive Unterschutzstellung erfolgte nicht.<br \/>\nAblaufdatum des vorbeugenden Schutzes: 14. 4. 2013.<br \/>\nRegistrierungsnummer: P-3642.<\/p><\/div><\/div><div class='clear_column'><\/div><\/p>\n<p style=\"text-align: right;\"><span style=\"color: #3366ff;\"><a style=\"color: #3366ff;\" href=\"#seite_oben\">natrag na vrh \/ Seitenanfang<\/a><\/span><\/p>\n<hr \/>\n<p><strong>Linkovi \/ Links<\/strong><\/p>\n<p><span style=\"color: #3366ff;\"><a style=\"color: #3366ff;\" href=\"https:\/\/www.topohvar.at\/topo\/orte\/sb\/sb-aa-02-1\/\">Trim (Torijun) \u00bbSB-TR-03\u00ab<\/a><\/span><\/p>\n","protected":false},"excerpt":{"rendered":"<p>Ime \/ Name Stambeno-gospodarski sklop \u00bbGodinovi\u0107\u00ab \/\u00a0Wohn- und Wirtschaftskomplex\u00a0\u00a0Godinovi\u0107 Code: SB-AA-02\u00a0 \u00a0 \u00a0 \u00a0 \u00a0 \u00a0 \u00a0 \u00a0 \u00a0 \u00a0 \u00a0 \u00a0 \u00a0 \u00a0 \u00a0 \u00a0\u00a0 Adresa \/ Adresse Selca kod Bogomolje,\u00a0Godinovi\u0107 Lokacija \/ Position Latitude: N 43,13266\u00b0 Longitude: E &hellip; <a href=\"https:\/\/www.topohvar.at\/topo\/orte\/sb\/sb-aa-02-1\/\">Weiterlesen <span class=\"meta-nav\">&rarr;<\/span><\/a><\/p>\n","protected":false},"author":1,"featured_media":0,"parent":97,"menu_order":0,"comment_status":"closed","ping_status":"closed","template":"","meta":{"footnotes":""},"class_list":["post-11449","page","type-page","status-publish","hentry"],"_links":{"self":[{"href":"https:\/\/www.topohvar.at\/topo\/wp-json\/wp\/v2\/pages\/11449","targetHints":{"allow":["GET"]}}],"collection":[{"href":"https:\/\/www.topohvar.at\/topo\/wp-json\/wp\/v2\/pages"}],"about":[{"href":"https:\/\/www.topohvar.at\/topo\/wp-json\/wp\/v2\/types\/page"}],"author":[{"embeddable":true,"href":"https:\/\/www.topohvar.at\/topo\/wp-json\/wp\/v2\/users\/1"}],"replies":[{"embeddable":true,"href":"https:\/\/www.topohvar.at\/topo\/wp-json\/wp\/v2\/comments?post=11449"}],"version-history":[{"count":22,"href":"https:\/\/www.topohvar.at\/topo\/wp-json\/wp\/v2\/pages\/11449\/revisions"}],"predecessor-version":[{"id":66893,"href":"https:\/\/www.topohvar.at\/topo\/wp-json\/wp\/v2\/pages\/11449\/revisions\/66893"}],"up":[{"embeddable":true,"href":"https:\/\/www.topohvar.at\/topo\/wp-json\/wp\/v2\/pages\/97"}],"wp:attachment":[{"href":"https:\/\/www.topohvar.at\/topo\/wp-json\/wp\/v2\/media?parent=11449"}],"curies":[{"name":"wp","href":"https:\/\/api.w.org\/{rel}","templated":true}]}}