{"id":11457,"date":"2018-09-13T18:54:29","date_gmt":"2018-09-13T16:54:29","guid":{"rendered":"https:\/\/www.topohvar.at\/?page_id=11457"},"modified":"2022-10-06T08:07:53","modified_gmt":"2022-10-06T06:07:53","slug":"sb-cs-01-1","status":"publish","type":"page","link":"https:\/\/www.topohvar.at\/topo\/orte\/sb\/sb-cs-01-1\/","title":{"rendered":"SELCA KOD BOGOMOLJA &#8211; Kapelica \u00bbSv. Nikola\u00ab"},"content":{"rendered":"<p><a name=\"seite_oben\"><\/a><br \/>\n<strong><img loading=\"lazy\" decoding=\"async\" class=\"alignnone wp-image-11437 size-large\" src=\"https:\/\/www.topohvar.at\/wp-content\/uploads\/2018\/09\/sb-cs-01-0-1024x503.jpg\" alt=\"\" width=\"640\" height=\"314\" srcset=\"https:\/\/www.topohvar.at\/wp-content\/uploads\/2018\/09\/sb-cs-01-0-1024x503.jpg 1024w, https:\/\/www.topohvar.at\/wp-content\/uploads\/2018\/09\/sb-cs-01-0-300x147.jpg 300w, https:\/\/www.topohvar.at\/wp-content\/uploads\/2018\/09\/sb-cs-01-0-768x377.jpg 768w, https:\/\/www.topohvar.at\/wp-content\/uploads\/2018\/09\/sb-cs-01-0.jpg 1080w\" sizes=\"auto, (max-width: 640px) 100vw, 640px\" \/><\/strong><\/p>\n<p><strong>Ime \/ Name<br \/>\n<\/strong>Kapelica \u00bbSv. Nikola\u00ab \/ kapellenartiger Bildstock des hl. Nikolaus<\/p>\n<p><strong>Code: <\/strong>SB-CS-01\u00a0 \u00a0 \u00a0 \u00a0 \u00a0 \u00a0 \u00a0 \u00a0 \u00a0 \u00a0 \u00a0 \u00a0 \u00a0 \u00a0 \u00a0 \u00a0 \u00a0 \u00a0 \u00a0 \u00a0 \u00a0\u00a0<strong> <a href=\"https:\/\/www.topohvar.at\/orte\/sb\/\"><img loading=\"lazy\" decoding=\"async\" class=\"alignnone wp-image-535 size-full\" src=\"https:\/\/www.topohvar.at\/wp-content\/uploads\/2018\/07\/push-o-30.jpg\" alt=\"\" width=\"61\" height=\"30\" \/><\/a> <a href=\"https:\/\/www.topohvar.at\/topo\/orte\/sb\/sb-cs-02-1\/\"><img loading=\"lazy\" decoding=\"async\" class=\"alignnone wp-image-536 size-full\" src=\"https:\/\/www.topohvar.at\/wp-content\/uploads\/2018\/07\/push-r-30.jpg\" alt=\"\" width=\"61\" height=\"30\" \/><\/a> <\/strong><\/p>\n<hr \/>\n<p><strong>Adresa \/ Adresse<br \/>\n<\/strong>Selca kod Bogomolja, Uvala \/ Bucht <em>Kozja<\/em><\/p>\n<p><strong>Lokacija \/ Position<a href=\"https:\/\/goo.gl\/maps\/6TJHVGcugQXMG35t5\"><img loading=\"lazy\" decoding=\"async\" class=\"alignright wp-image-11507\" src=\"https:\/\/www.topohvar.at\/wp-content\/uploads\/2018\/09\/1423.jpg\" alt=\"\" width=\"134\" height=\"100\" \/><\/a><br \/>\n<\/strong><span style=\"color: #3366ff;\"><a style=\"color: #3366ff;\" href=\"https:\/\/goo.gl\/maps\/6TJHVGcugQXMG35t5\">Latitude: N 43,11396\u00b0 Longitude: E 17,04938\u00b0<\/a> <\/span><strong><br \/>\n<\/strong>Visina \/ H\u00f6he: 8 m<\/p>\n<p><strong>Katastarska \u010destica <\/strong><strong>\/ Grundst\u00fccke<br \/>\n<\/strong>4159\/1 <div class='content-column one_half'><div style=\"padding-right:6px;\"><p><strong>Datum snimanja \/ Erfassungsdatum<br \/>\n<\/strong>01.01.2000 00:00:00<\/p>\n<hr \/>\n<p><strong>Informacije<\/strong><\/p>\n<p>Kapelica Sv. Nikola u uvali Kozja isti\u010de se lijepom drvenim kipom iz 17. st., izvorno po svemu sude\u0107i dijelom nekog oltarnog retebla, nedavno vra\u0107enima na svoje mjdesto pod neobi\u010dnim okolnostima. Nikola Srhoj je sagradio kapelica oko 1910.g., a 1992.g. obnovila obitelj Bil\u010di\u0107. U srpnju 1992.g. kip je vra\u0107en u kapelicu.<\/p><\/div><\/div><div class='content-column one_half last_column'><div style=\"padding-right:0px;padding-left:6px;\"><p><strong>Stupanj za\u0161tite<\/strong><strong> \/ Schutzstellung<br \/>\n<\/strong>&#8211;<\/p>\n<hr \/>\n<p><strong>Info<\/strong><\/p>\n<p>Die kleine Kapelle des hl. Nikola in der Kozja-Bucht zeichnet sich durch eine wundersch\u00f6ne Holzstatue aus dem 17. Jahrhundert aus, die urspr\u00fcnglich offenbar Teil eines Altaraufbaues war und k\u00fcrzlich unter ungew\u00f6hnlichen Umst\u00e4nden an ihren Platz zur\u00fcckgekehrt ist. Nikola Srhoj baute die Kapelle um 1910. Im Jahr 1992 wurde die Kapelle von der Familie Bil\u010di\u0107 restauriert. Im Juli 1992 wurde die Statue in die Kapelle zur\u00fcckgebracht.<\/p><\/div><\/div><div class='clear_column'><\/div><\/p>\n<p style=\"text-align: center;\"><em>(Izvor \/ Quelle: Jo\u0161ko Kova\u010di\u0107, \u017dupa Bogomolje na Hvaru)<\/em><\/p>\n<p style=\"text-align: right;\"><span style=\"color: #3366ff;\"><a style=\"color: #3366ff;\" href=\"#seite_oben\">natrag na vrh \/ Seitenanfang<\/a><\/span><\/p>\n<hr \/>\n<p><strong>Linkovi \/ Links<\/strong><\/p>\n<p>&#8211;<\/p>\n","protected":false},"excerpt":{"rendered":"<p>Ime \/ Name Kapelica \u00bbSv. Nikola\u00ab \/ kapellenartiger Bildstock des hl. Nikolaus Code: SB-CS-01\u00a0 \u00a0 \u00a0 \u00a0 \u00a0 \u00a0 \u00a0 \u00a0 \u00a0 \u00a0 \u00a0 \u00a0 \u00a0 \u00a0 \u00a0 \u00a0 \u00a0 \u00a0 \u00a0 \u00a0 \u00a0\u00a0 Adresa \/ Adresse Selca kod Bogomolja, &hellip; <a href=\"https:\/\/www.topohvar.at\/topo\/orte\/sb\/sb-cs-01-1\/\">Weiterlesen <span class=\"meta-nav\">&rarr;<\/span><\/a><\/p>\n","protected":false},"author":1,"featured_media":0,"parent":97,"menu_order":0,"comment_status":"closed","ping_status":"closed","template":"","meta":{"footnotes":""},"class_list":["post-11457","page","type-page","status-publish","hentry"],"_links":{"self":[{"href":"https:\/\/www.topohvar.at\/topo\/wp-json\/wp\/v2\/pages\/11457","targetHints":{"allow":["GET"]}}],"collection":[{"href":"https:\/\/www.topohvar.at\/topo\/wp-json\/wp\/v2\/pages"}],"about":[{"href":"https:\/\/www.topohvar.at\/topo\/wp-json\/wp\/v2\/types\/page"}],"author":[{"embeddable":true,"href":"https:\/\/www.topohvar.at\/topo\/wp-json\/wp\/v2\/users\/1"}],"replies":[{"embeddable":true,"href":"https:\/\/www.topohvar.at\/topo\/wp-json\/wp\/v2\/comments?post=11457"}],"version-history":[{"count":15,"href":"https:\/\/www.topohvar.at\/topo\/wp-json\/wp\/v2\/pages\/11457\/revisions"}],"predecessor-version":[{"id":61247,"href":"https:\/\/www.topohvar.at\/topo\/wp-json\/wp\/v2\/pages\/11457\/revisions\/61247"}],"up":[{"embeddable":true,"href":"https:\/\/www.topohvar.at\/topo\/wp-json\/wp\/v2\/pages\/97"}],"wp:attachment":[{"href":"https:\/\/www.topohvar.at\/topo\/wp-json\/wp\/v2\/media?parent=11457"}],"curies":[{"name":"wp","href":"https:\/\/api.w.org\/{rel}","templated":true}]}}