{"id":11461,"date":"2018-09-13T18:59:23","date_gmt":"2018-09-13T16:59:23","guid":{"rendered":"https:\/\/www.topohvar.at\/?page_id=11461"},"modified":"2022-02-17T15:43:23","modified_gmt":"2022-02-17T14:43:23","slug":"sb-po-01-1","status":"publish","type":"page","link":"https:\/\/www.topohvar.at\/topo\/orte\/sb\/sb-po-01-1\/","title":{"rendered":"SELCA KOD BOGOMOLJA &#8211; Prapovijesna lokalitet \u00bbVela Mo\u0161ev\u010dica (Gradina)\u00ab"},"content":{"rendered":"<p><a name=\"seite_oben\"><\/a>&nbsp;<strong><img loading=\"lazy\" decoding=\"async\" class=\"alignnone wp-image-20955 size-large\" src=\"https:\/\/www.topohvar.at\/wp-content\/uploads\/2019\/04\/sb-po-03-1-1024x503.jpg\" alt=\"\" width=\"640\" height=\"314\" srcset=\"https:\/\/www.topohvar.at\/wp-content\/uploads\/2019\/04\/sb-po-03-1-1024x503.jpg 1024w, https:\/\/www.topohvar.at\/wp-content\/uploads\/2019\/04\/sb-po-03-1-300x147.jpg 300w, https:\/\/www.topohvar.at\/wp-content\/uploads\/2019\/04\/sb-po-03-1-768x377.jpg 768w, https:\/\/www.topohvar.at\/wp-content\/uploads\/2019\/04\/sb-po-03-1.jpg 1080w\" sizes=\"auto, (max-width: 640px) 100vw, 640px\" \/><\/strong><\/p>\n<p><strong>Ime \/ Name<br \/>\n<\/strong>Prapovijesna lokalitet \/ Pr\u00e4historische Lokalit\u00e4t \u00bbVela Mo\u0161ev\u010dica (Gradina)\u00ab<\/p>\n<p><strong>Code: <\/strong>SB-PO-01\u00a0 \u00a0 \u00a0 \u00a0 \u00a0 \u00a0 \u00a0 \u00a0 \u00a0 \u00a0 \u00a0 \u00a0 \u00a0 \u00a0 \u00a0 \u00a0 \u00a0 \u00a0 \u00a0 \u00a0 \u00a0\u00a0<strong>\u00a0<a href=\"https:\/\/www.topohvar.at\/orte\/sb\/\"><img loading=\"lazy\" decoding=\"async\" class=\"alignnone wp-image-535 size-full\" src=\"https:\/\/www.topohvar.at\/wp-content\/uploads\/2018\/07\/push-o-30.jpg\" alt=\"\" width=\"61\" height=\"30\" \/><\/a> <a href=\"https:\/\/www.topohvar.at\/orte\/sb\/sb-po-02-1\/\"><img loading=\"lazy\" decoding=\"async\" class=\"alignnone wp-image-536 size-full\" src=\"https:\/\/www.topohvar.at\/wp-content\/uploads\/2018\/07\/push-r-30.jpg\" alt=\"\" width=\"61\" height=\"30\" \/><\/a><\/strong><\/p>\n<hr \/>\n<p><strong>Adresa \/ Adresse<br \/>\n<\/strong>Selca kod Bogomolja, Mo\u0161ev\u010dica, Bogov\u010dija<\/p>\n<p><strong>Lokacija \/ Position<a href=\"https:\/\/goo.gl\/maps\/RWJTvGNsAw7SzM458\"><img loading=\"lazy\" decoding=\"async\" class=\"alignright wp-image-20956\" src=\"https:\/\/www.topohvar.at\/wp-content\/uploads\/2019\/04\/2039.jpg\" alt=\"\" width=\"134\" height=\"100\" \/><\/a><br \/>\n<\/strong><a href=\"https:\/\/goo.gl\/maps\/RWJTvGNsAw7SzM458\">Latitude: N 43,13535\u00b0 Longitude: E 17,06032\u00b0<\/a> <strong><br \/>\n<\/strong>Visina \/ H\u00f6he: 125 m<\/p>\n<p><strong>Katastarska \u010destica <\/strong><strong>\/ Grundst\u00fccke<br \/>\n<\/strong>4191\/93, 4191\/94 <div class='content-column one_half'><div style=\"padding-right:6px;\"><p><strong>Datum snimanja \/ Erfassungsdatum<br \/>\n<\/strong>22.03.2019 13:46:00<\/p>\n<hr \/>\n<p><strong>Informacije<\/strong><\/p>\n<p>Prapovijesna gradina Vela Mo\u0161ev\u010dica kod Selca s velikom kamenom gomilom (bedem).<\/p>\n<p>Krajem bakrenog doba i u bron\u010danom dobu, stanovnici otoka po\u010dinju podizati svoja naselja i zakloni\u0161ta na uzvisinama koje zovemo gradinama. Gradine su smje\u0161tene na istaknutim i prirodno dobro branjenim polo\u017eajima s ve\u0107im kamenim nasipima (bedemima) na mjestu najlak\u0161eg prilaza. To su veliki objekti dobro vidljivi u krajoliku kao Vela Mo\u0161ev\u010dica,\u00a0 Gr\u010dka gomila, Likovi\u0107, Humac i Likova glava (prapovijesna gradina kru\u017enog tlocrta). Uokolo spomenutih gradina na istaknutim bre\u017euljcima i na rubnim podru\u010djima visoravni nalazi se veliki broj kamenih gomila. U tim gomilama \u201ekriju\u201c se kamene \u0161krinje napravljene od ve\u0107ih kamenih plo\u010da u kojima su otkriveni kosturi pokojnika pokopanih u zgr\u010denom polo\u017eaju, a mogu se vidjeti kod otkopanih kamenih gomila na lokalitetima Gomilice, Vela gomila, Glava Maslinova kod Bogomolje i na Umi\u0107u kod Su\u0107urja.<\/p><\/div><\/div><div class='content-column one_half last_column'><div style=\"padding-right:0px;padding-left:6px;\"><p><strong>Stupanj za\u0161tite<\/strong><strong> \/ Schutzstellung<br \/>\n<\/strong>&#8211;<\/p>\n<hr \/>\n<p><strong>Info<\/strong><\/p>\n<p>Die pr\u00e4historischen Ruinen von \u201eVela Mo\u0161ev\u010dic\u201c bei Selca mit einem gro\u00dfen Steinh\u00fcgel (Mauer).<\/p>\n<p>Am Ende der Kupferzeit und der Bronzezeit begannen die Bewohner der Insel ihre Siedlungen und Schutzh\u00fctten auf den H\u00fcgeln zu befestigen. Die Bauten wurden in gut zug\u00e4nglichen und gut zu verteidigenden Orten mittels gr\u00f6\u00dferer Steine und W\u00e4lle (Mauern) errichtet. Diese gro\u00dfen Anlagen sind in der Landschaft deutlich sichtbar wie Vela Mo\u0161ev\u010dica, Gr\u010dka gomila, Likovi\u0107, Humac i Likova glava (pr\u00e4historischen Ruinen in kreisf\u00f6rmiger Anordnung). Rund um die oben genannten Anlagen auf prominenten H\u00fcgeln am Rand des Plateaus gibt es viele Steinhaufen. In diesen Haufen waren Truhen aus gro\u00dfen Steinplatten &#8222;versteckt&#8220;, wo einige Skelette in Kauerstellung entdeckt wurden. Diese ausgegrabenen Steinhaufen kann man noch im Bereich Gomilice, Vela gomila, Glava Maslinova bei Bogomolje und bei Umi\u0107u bei Su\u0107urja sehen.<\/p><\/div><\/div><div class='clear_column'><\/div><\/p>\n<p style=\"text-align: right;\"><span style=\"color: #3366ff;\"><a style=\"color: #3366ff;\" href=\"#seite_oben\">natrag na vrh \/ Seitenanfang<\/a><\/span><\/p>\n<hr \/>\n<p><strong>Linkovi \/ Links<\/strong><\/p>\n<p>&#8211;<\/p>\n","protected":false},"excerpt":{"rendered":"<p>&nbsp; Ime \/ Name Prapovijesna lokalitet \/ Pr\u00e4historische Lokalit\u00e4t \u00bbVela Mo\u0161ev\u010dica (Gradina)\u00ab Code: SB-PO-01\u00a0 \u00a0 \u00a0 \u00a0 \u00a0 \u00a0 \u00a0 \u00a0 \u00a0 \u00a0 \u00a0 \u00a0 \u00a0 \u00a0 \u00a0 \u00a0 \u00a0 \u00a0 \u00a0 \u00a0 \u00a0\u00a0\u00a0 Adresa \/ Adresse Selca kod Bogomolja, &hellip; <a href=\"https:\/\/www.topohvar.at\/topo\/orte\/sb\/sb-po-01-1\/\">Weiterlesen <span class=\"meta-nav\">&rarr;<\/span><\/a><\/p>\n","protected":false},"author":1,"featured_media":0,"parent":97,"menu_order":0,"comment_status":"closed","ping_status":"closed","template":"","meta":{"footnotes":""},"class_list":["post-11461","page","type-page","status-publish","hentry"],"_links":{"self":[{"href":"https:\/\/www.topohvar.at\/topo\/wp-json\/wp\/v2\/pages\/11461","targetHints":{"allow":["GET"]}}],"collection":[{"href":"https:\/\/www.topohvar.at\/topo\/wp-json\/wp\/v2\/pages"}],"about":[{"href":"https:\/\/www.topohvar.at\/topo\/wp-json\/wp\/v2\/types\/page"}],"author":[{"embeddable":true,"href":"https:\/\/www.topohvar.at\/topo\/wp-json\/wp\/v2\/users\/1"}],"replies":[{"embeddable":true,"href":"https:\/\/www.topohvar.at\/topo\/wp-json\/wp\/v2\/comments?post=11461"}],"version-history":[{"count":13,"href":"https:\/\/www.topohvar.at\/topo\/wp-json\/wp\/v2\/pages\/11461\/revisions"}],"predecessor-version":[{"id":57439,"href":"https:\/\/www.topohvar.at\/topo\/wp-json\/wp\/v2\/pages\/11461\/revisions\/57439"}],"up":[{"embeddable":true,"href":"https:\/\/www.topohvar.at\/topo\/wp-json\/wp\/v2\/pages\/97"}],"wp:attachment":[{"href":"https:\/\/www.topohvar.at\/topo\/wp-json\/wp\/v2\/media?parent=11461"}],"curies":[{"name":"wp","href":"https:\/\/api.w.org\/{rel}","templated":true}]}}