{"id":11463,"date":"2018-09-13T19:01:31","date_gmt":"2018-09-13T17:01:31","guid":{"rendered":"https:\/\/www.topohvar.at\/?page_id=11463"},"modified":"2022-02-17T15:43:55","modified_gmt":"2022-02-17T14:43:55","slug":"sb-po-02-1","status":"publish","type":"page","link":"https:\/\/www.topohvar.at\/topo\/orte\/sb\/sb-po-02-1\/","title":{"rendered":"SELCA KOD BOGOMOLJA &#8211; Arheolo\u0161ko nalazi\u0161te \u00bb\u0161piljia \u017diva\u00ab"},"content":{"rendered":"<p><a name=\"seite_oben\"><br \/>\n<\/a><strong><img loading=\"lazy\" decoding=\"async\" class=\"alignnone wp-image-20959 size-large\" src=\"https:\/\/www.topohvar.at\/wp-content\/uploads\/2019\/04\/sb-po-02-1-1024x503.jpg\" alt=\"\" width=\"640\" height=\"314\" srcset=\"https:\/\/www.topohvar.at\/wp-content\/uploads\/2019\/04\/sb-po-02-1-1024x503.jpg 1024w, https:\/\/www.topohvar.at\/wp-content\/uploads\/2019\/04\/sb-po-02-1-300x147.jpg 300w, https:\/\/www.topohvar.at\/wp-content\/uploads\/2019\/04\/sb-po-02-1-768x377.jpg 768w, https:\/\/www.topohvar.at\/wp-content\/uploads\/2019\/04\/sb-po-02-1.jpg 1080w\" sizes=\"auto, (max-width: 640px) 100vw, 640px\" \/><\/strong><\/p>\n<p><strong>Ime \/ Name<br \/>\n<\/strong>Arheolo\u0161ko nalazi\u0161te \u00bb\u0161piljia \u017diva\u00ab \/ Arch\u00e4ologische St\u00e4tte H\u00f6hle\u00a0<em>\u017diva<\/em><\/p>\n<p><strong>Code: <\/strong>SB-PO-02\u00a0 \u00a0 \u00a0 \u00a0 \u00a0 \u00a0 \u00a0 \u00a0 \u00a0 \u00a0 \u00a0 \u00a0 \u00a0 \u00a0 \u00a0 \u00a0 \u00a0 \u00a0 \u00a0 \u00a0 \u00a0\u00a0<strong><a href=\"https:\/\/www.topohvar.at\/orte\/sb\/sb-po-01-1\/\"><img loading=\"lazy\" decoding=\"async\" class=\"alignnone wp-image-533 size-full\" src=\"https:\/\/www.topohvar.at\/wp-content\/uploads\/2018\/07\/push-l-30.jpg\" alt=\"\" width=\"61\" height=\"30\" \/><\/a> <a href=\"https:\/\/www.topohvar.at\/orte\/sb\/\"><img loading=\"lazy\" decoding=\"async\" class=\"alignnone wp-image-535 size-full\" src=\"https:\/\/www.topohvar.at\/wp-content\/uploads\/2018\/07\/push-o-30.jpg\" alt=\"\" width=\"61\" height=\"30\" \/><\/a> <\/strong><\/p>\n<hr \/>\n<p><strong>Adresa \/ Adresse<br \/>\n<\/strong>Selca kod Bogomolja, spilja \/ H\u00f6hle <em>\u017diva<\/em><\/p>\n<p><strong>Lokacija \/ Position<img loading=\"lazy\" decoding=\"async\" class=\"wp-image-387 size-full alignright\" src=\"https:\/\/www.topohvar.at\/wp-content\/uploads\/2018\/07\/00-00-00-1.jpg\" alt=\"\" width=\"114\" height=\"56\" \/><br \/>\n<\/strong>Latitude: N 00,00000\u00b0 Longitude: E 00,00000\u00b0 <strong><br \/>\n<\/strong>Visina \/ H\u00f6he: 000 m<\/p>\n<p><strong>Katastarska \u010destica <\/strong><strong>\/ Grundst\u00fccke<br \/>\n<\/strong>&#8211; <div class='content-column one_half'><div style=\"padding-right:6px;\"><p><strong>Datum snimanja \/ Erfassungsdatum<br \/>\n<\/strong>01.01.2000 00:00:00<\/p>\n<hr \/>\n<p><strong>Informacije<\/strong><\/p>\n<p>Prema arheolo\u0161kom nalazu, ulomku impresso keramike koji je prona\u0111en u spilji \u017diva voda kod Selca, najraniji trag boravka \u010dovjeka na ovom dijelu otoka datira od prije 8000 godina (6000 g. prije Kr.). U brojnim \u0161piljama kao Mala spila, Vela spila, Vranine, Podspile u Bristovi, Vela Mo\u0161ev\u010dica, Mala Maslinica i \u017diva voda otkriveni su kerami\u010dki ulomci posuda koji potvr\u0111uju da je ovaj dio otoka bio \u017eivi nosilac.<\/p><\/div><\/div><div class='content-column one_half last_column'><div style=\"padding-right:0px;padding-left:6px;\"><p><strong>Stupanj za\u0161tite <\/strong><strong>\/ Schutzstellung<br \/>\n<\/strong>&#8211;<\/p>\n<hr \/>\n<p><strong>Info<\/strong><\/p>\n<p>Nach arch\u00e4ologischen Funden, Keramikbruchst\u00fccke die in der H\u00f6hle \u017diva in der N\u00e4he von Selca Wasser gefunden wurden, stammen die fr\u00fchesten Zeugnisse menschlichen Lebens in diesem Teil der Insel (6000 v. Chr.). In vielen H\u00f6hlen wie \u00a0Mala spila, Vela spila, Vranine, Podspile u Bristovi, Vela Mo\u0161ev\u010dica, Mala Maslinica i \u017diva wurden Fragmente von Keramikgef\u00e4\u00dfe gefunden, die best\u00e4tigen, dass dieser Teil der Insel bewohnt war.<\/p><\/div><\/div><div class='clear_column'><\/div><\/p>\n<p style=\"text-align: center;\">(http:\/\/www.podrum-vujnovic.hr\/index.php\/component\/content\/article\/2-uncategorised\/101-sucuraj)<\/p>\n<p style=\"text-align: right;\"><span style=\"color: #3366ff;\"><a style=\"color: #3366ff;\" href=\"#seite_oben\">natrag na vrh \/ Seitenanfang<\/a><\/span><\/p>\n<hr \/>\n<p><strong>Linkovi \/ Links<\/strong><\/p>\n<p>&#8211;<\/p>\n","protected":false},"excerpt":{"rendered":"<p>Ime \/ Name Arheolo\u0161ko nalazi\u0161te \u00bb\u0161piljia \u017diva\u00ab \/ Arch\u00e4ologische St\u00e4tte H\u00f6hle\u00a0\u017diva Code: SB-PO-02\u00a0 \u00a0 \u00a0 \u00a0 \u00a0 \u00a0 \u00a0 \u00a0 \u00a0 \u00a0 \u00a0 \u00a0 \u00a0 \u00a0 \u00a0 \u00a0 \u00a0 \u00a0 \u00a0 \u00a0 \u00a0\u00a0 Adresa \/ Adresse Selca kod Bogomolja, spilja &hellip; <a href=\"https:\/\/www.topohvar.at\/topo\/orte\/sb\/sb-po-02-1\/\">Weiterlesen <span class=\"meta-nav\">&rarr;<\/span><\/a><\/p>\n","protected":false},"author":1,"featured_media":0,"parent":97,"menu_order":0,"comment_status":"closed","ping_status":"closed","template":"","meta":{"footnotes":""},"class_list":["post-11463","page","type-page","status-publish","hentry"],"_links":{"self":[{"href":"https:\/\/www.topohvar.at\/topo\/wp-json\/wp\/v2\/pages\/11463","targetHints":{"allow":["GET"]}}],"collection":[{"href":"https:\/\/www.topohvar.at\/topo\/wp-json\/wp\/v2\/pages"}],"about":[{"href":"https:\/\/www.topohvar.at\/topo\/wp-json\/wp\/v2\/types\/page"}],"author":[{"embeddable":true,"href":"https:\/\/www.topohvar.at\/topo\/wp-json\/wp\/v2\/users\/1"}],"replies":[{"embeddable":true,"href":"https:\/\/www.topohvar.at\/topo\/wp-json\/wp\/v2\/comments?post=11463"}],"version-history":[{"count":8,"href":"https:\/\/www.topohvar.at\/topo\/wp-json\/wp\/v2\/pages\/11463\/revisions"}],"predecessor-version":[{"id":57440,"href":"https:\/\/www.topohvar.at\/topo\/wp-json\/wp\/v2\/pages\/11463\/revisions\/57440"}],"up":[{"embeddable":true,"href":"https:\/\/www.topohvar.at\/topo\/wp-json\/wp\/v2\/pages\/97"}],"wp:attachment":[{"href":"https:\/\/www.topohvar.at\/topo\/wp-json\/wp\/v2\/media?parent=11463"}],"curies":[{"name":"wp","href":"https:\/\/api.w.org\/{rel}","templated":true}]}}