{"id":11570,"date":"2018-09-15T06:29:48","date_gmt":"2018-09-15T04:29:48","guid":{"rendered":"https:\/\/www.topohvar.at\/?page_id=11570"},"modified":"2025-01-06T14:56:08","modified_gmt":"2025-01-06T13:56:08","slug":"su-tg-02-1","status":"publish","type":"page","link":"https:\/\/www.topohvar.at\/topo\/orte\/su\/su-tg-02-1\/","title":{"rendered":"SU\u0106URAJ &#8211; Ku\u0107a \u00bbBiskupovu pala\u010du\u00ab"},"content":{"rendered":"<p><a name=\"seite_oben\"><\/a><br \/>\n<strong><img loading=\"lazy\" decoding=\"async\" class=\"alignnone wp-image-11558 size-large\" src=\"https:\/\/www.topohvar.at\/wp-content\/uploads\/2018\/09\/su-tg-02-0-1024x503.jpg\" alt=\"\" width=\"640\" height=\"314\" srcset=\"https:\/\/www.topohvar.at\/wp-content\/uploads\/2018\/09\/su-tg-02-0-1024x503.jpg 1024w, https:\/\/www.topohvar.at\/wp-content\/uploads\/2018\/09\/su-tg-02-0-300x147.jpg 300w, https:\/\/www.topohvar.at\/wp-content\/uploads\/2018\/09\/su-tg-02-0-768x377.jpg 768w, https:\/\/www.topohvar.at\/wp-content\/uploads\/2018\/09\/su-tg-02-0.jpg 1080w\" sizes=\"auto, (max-width: 640px) 100vw, 640px\" \/><\/strong><\/p>\n<p><strong>Ime \/ Name<br \/>\n<\/strong>Ku\u0107a \u00bbBiskupovu pala\u010du\u00ab \/ Haus <em>Bischofspalast<\/em><\/p>\n<p><strong>Code: <\/strong>SU-TG-02\u00a0 \u00a0 \u00a0 \u00a0 \u00a0 \u00a0 \u00a0 \u00a0 \u00a0 \u00a0 \u00a0 \u00a0 \u00a0 \u00a0 \u00a0 \u00a0 \u00a0 \u00a0 \u00a0 \u00a0 <strong><a href=\"https:\/\/www.topohvar.at\/topo\/su-tg-01-1\/\"><img loading=\"lazy\" decoding=\"async\" class=\"alignnone wp-image-12300 size-full\" src=\"https:\/\/www.topohvar.at\/wp-content\/uploads\/2018\/09\/push-vor-30.jpg\" alt=\"\" width=\"61\" height=\"30\" \/><\/a><\/strong>\u00a0<strong><a href=\"https:\/\/www.topohvar.at\/orte\/su\/su-tg-07-1\/\"><img loading=\"lazy\" decoding=\"async\" class=\"alignnone wp-image-533 size-full\" src=\"https:\/\/www.topohvar.at\/wp-content\/uploads\/2018\/07\/push-l-30.jpg\" alt=\"\" width=\"61\" height=\"30\" \/><\/a> <a href=\"https:\/\/www.topohvar.at\/orte\/su\/\"><img loading=\"lazy\" decoding=\"async\" class=\"alignnone wp-image-535 size-full\" src=\"https:\/\/www.topohvar.at\/wp-content\/uploads\/2018\/07\/push-o-30.jpg\" alt=\"\" width=\"61\" height=\"30\" \/><\/a>\u00a0<a href=\"https:\/\/www.topohvar.at\/orte\/su\/su-tg-04-1\/\"><img loading=\"lazy\" decoding=\"async\" class=\"alignnone wp-image-536 size-full\" src=\"https:\/\/www.topohvar.at\/wp-content\/uploads\/2018\/07\/push-r-30.jpg\" alt=\"\" width=\"61\" height=\"30\" \/><\/a><\/strong><\/p>\n<hr \/>\n<p><strong>Adresa \/ Adresse<br \/>\n<\/strong>Su\u0107uraj<\/p>\n<p><strong>Lokacija<\/strong><strong> \/ Position<a href=\"https:\/\/goo.gl\/maps\/dFkJuGkLGKRZuKXQA\"><img loading=\"lazy\" decoding=\"async\" class=\"alignright wp-image-21049\" src=\"https:\/\/www.topohvar.at\/wp-content\/uploads\/2019\/04\/1384.jpg\" alt=\"\" width=\"134\" height=\"100\" \/><\/a><br \/>\n<\/strong><span style=\"color: #3366ff;\"><a style=\"color: #3366ff;\" href=\"https:\/\/goo.gl\/maps\/dFkJuGkLGKRZuKXQA\">Latitude: N 43,12520\u00b0\u00a0 \u00a0Longitude: E 17,18729\u00b0<\/a> <\/span><strong><br \/>\n<\/strong>Visina \/ H\u00f6he: 1 m<\/p>\n<p><strong>Katastarska \u010destica <\/strong><strong>\/ Grundst\u00fccke<br \/>\n<\/strong>*4\/1, *4\/2, *4\/3, *5, *6\/1, *6\/2 <div class='content-column one_half'><div style=\"padding-right:6px;\"><p><strong>Datum snimanja \/ Erfassungsdatum<br \/>\n<\/strong>23.03.2019 10:20:00<\/p>\n<hr \/>\n<p><strong>Informacije<\/strong><\/p>\n<p>Budu\u0107i da je makarsko primorje bilo pod turskom vla\u0161\u0107u, u Su\u0107urju je stolovao makarski biskup fra Bartul Ka\u010di\u0107 \u017darkovi\u0107. On je dao sagraditi \u201eBiskupovu pala\u010du&#8220;, sru\u0161enu u 2. svj. ratu. Biskup fra Bartul umro je 1645., a pokopan je u staroj crkvi sv. Jurja. Smr\u0107u biskupa Su\u0107urani su izgubili istaknutog duhovnog i narodnog vo\u0111u, tvorca suvremenog Su\u0107urja.<\/p><\/div><\/div><div class='content-column one_half last_column'><div style=\"padding-right:0px;padding-left:6px;\"><p><strong>Stupanj za\u0161tite<\/strong><strong> \/ Schutzstellung<br \/>\n<\/strong>&#8211;<\/p>\n<hr \/>\n<p><strong>Info<\/strong><\/p>\n<p>Als die Makarska Riviera unter t\u00fcrkischer Herrschaft war, war in Sucuraj der Sitz des Bischofs von Makarska Fra Bartul Ka\u010di\u0107 \u017darkovi\u0107. Er hatte den &#8222;Bischofspalast &#8220; gebaut, der im 2. Weltkrieg abgetragen wurde. Bischof Fr. Bartholomeus starb im Jahre 1645 und wurde in der alten Kirche des hl. Georg begraben. Mit dem Tod des Su\u0107uranjer Bischofs ging ein herausragender, geistiger und nationaler F\u00fchrer verloren, der Sch\u00f6pfer des modernen Su\u0107uraj.<br \/><\/div><\/div><div class='clear_column'><\/div><\/p>\n<hr \/>\n<div class='content-column one_half'><div style=\"padding-right:6px;\"><p><img loading=\"lazy\" decoding=\"async\" class=\"aligncenter size-full wp-image-69194\" style=\"font-size: 16px;\" src=\"https:\/\/www.topohvar.at\/wp-content\/uploads\/2024\/07\/su-tg-02-11.jpg\" alt=\"\" width=\"300\" height=\"398\" srcset=\"https:\/\/www.topohvar.at\/wp-content\/uploads\/2024\/07\/su-tg-02-11.jpg 300w, https:\/\/www.topohvar.at\/wp-content\/uploads\/2024\/07\/su-tg-02-11-226x300.jpg 226w\" sizes=\"auto, (max-width: 300px) 100vw, 300px\" \/><\/p><\/div><\/div><div class='content-column one_half last_column'><div style=\"padding-right:0px;padding-left:6px;\"><p>&nbsp;<\/p>\n<p>Barokni prozor na katu sjevernog pro\u010delja pala\u010de makarskog biskupa fra Bartula Ka\u010di\u0107a \u017darkovi\u0107a izgra\u0111ena u prvoj polovici 17 stolje\u0107a.<\/p>\n<p>&#8211; \/ &#8211;<\/p>\n<p>Barockfenster im Obergescho\u00df der Nordfassade des Palastes des Bischofs Pater Bartul Ka\u010di\u0107 \u017darkovi\u0107, erbaut in der ersten H\u00e4lfte des 17. Jahrhunderts.<\/p><\/div><\/div><div class='clear_column'><\/div><\/p>\n<hr \/>\n<div class='content-column one_half'><div style=\"padding-right:6px;\"><p>Pogled s Rive na kompleks ku\u0107a vi\u0161e obitelji Ka\u010di\u0107 Bartulovi\u0107 u Donjoj bandi (Ponta Gubavaz). Prema prona\u0111enom natpisu prva gradnja na ovom polo\u017eaju spominje se 1600. godina. Tridesetih godina 17 stolje\u0107a tu gradi svoju pala\u010du makarski biskup Bartul Ka\u010di\u0107 \u017darkovi\u0107. Pala\u010da je uni\u0161tena bombardiranjem u Drugom svjetskom ratu.<\/p><\/div><\/div><div class='content-column one_half last_column'><div style=\"padding-right:0px;padding-left:6px;\"><p>Blick von der Riva auf den H\u00e4userkomplex Ka\u010di\u0107 Bartulovi\u0107 in Donja banda (Ponta Gubavaz). Laut einer gefundenen Inschrift wird der erste Bau an dieser Stelle im Jahr 1600 erw\u00e4hnt. In den drei\u00dfiger Jahren des 17. Jahrhunderts errichtete der Bischof von Makarska, Bartul Ka\u010di\u0107 \u017darkovi\u0107, dort seinen Palast. Der Palast wurde im Zweiten Weltkrieg durch Bombenangriffe zerst\u00f6rt.<\/div><\/div><div class='clear_column'><\/div><div id=\"attachment_21050\" style=\"width: 650px\" class=\"wp-caption alignnone\"><img loading=\"lazy\" decoding=\"async\" aria-describedby=\"caption-attachment-21050\" class=\"wp-image-21050 size-large\" style=\"font-weight: bold; background-color: #f1f1f1; font-size: 12px; text-align: center;\" src=\"https:\/\/www.topohvar.at\/wp-content\/uploads\/2019\/04\/su-tg-02-10-1024x503.jpg\" alt=\"\" width=\"640\" height=\"314\" srcset=\"https:\/\/www.topohvar.at\/wp-content\/uploads\/2019\/04\/su-tg-02-10-1024x503.jpg 1024w, https:\/\/www.topohvar.at\/wp-content\/uploads\/2019\/04\/su-tg-02-10-300x147.jpg 300w, https:\/\/www.topohvar.at\/wp-content\/uploads\/2019\/04\/su-tg-02-10-768x377.jpg 768w, https:\/\/www.topohvar.at\/wp-content\/uploads\/2019\/04\/su-tg-02-10.jpg 1080w\" sizes=\"auto, (max-width: 640px) 100vw, 640px\" \/><p id=\"caption-attachment-21050\" class=\"wp-caption-text\">Dana\u0161nje zgrade na podru\u010dju biv\u0161e biskupske pala\u010de \/ Heutige Bauten im Bereich des ehemaligen Bischofpalastes<\/p><\/div><\/p>\n<p style=\"text-align: center;\"><em>Izvor:\/Quelle: Nik\u0161a Vujnovi\u0107<\/em><\/p>\n<p style=\"text-align: right;\"><span style=\"color: #3366ff;\"><a style=\"color: #3366ff;\" href=\"#seite_oben\">natrag na vrh \/ Seitenanfang<\/a><\/span><\/p>\n<hr \/>\n<p><strong>Linkovi \/ Links<\/strong><\/p>\n<p>&#8211;<\/p>\n","protected":false},"excerpt":{"rendered":"<p>Ime \/ Name Ku\u0107a \u00bbBiskupovu pala\u010du\u00ab \/ Haus Bischofspalast Code: SU-TG-02\u00a0 \u00a0 \u00a0 \u00a0 \u00a0 \u00a0 \u00a0 \u00a0 \u00a0 \u00a0 \u00a0 \u00a0 \u00a0 \u00a0 \u00a0 \u00a0 \u00a0 \u00a0 \u00a0 \u00a0 \u00a0 \u00a0 Adresa \/ Adresse Su\u0107uraj Lokacija \/ Position Latitude: &hellip; <a href=\"https:\/\/www.topohvar.at\/topo\/orte\/su\/su-tg-02-1\/\">Weiterlesen <span class=\"meta-nav\">&rarr;<\/span><\/a><\/p>\n","protected":false},"author":1,"featured_media":0,"parent":103,"menu_order":0,"comment_status":"closed","ping_status":"closed","template":"","meta":{"footnotes":""},"class_list":["post-11570","page","type-page","status-publish","hentry"],"_links":{"self":[{"href":"https:\/\/www.topohvar.at\/topo\/wp-json\/wp\/v2\/pages\/11570","targetHints":{"allow":["GET"]}}],"collection":[{"href":"https:\/\/www.topohvar.at\/topo\/wp-json\/wp\/v2\/pages"}],"about":[{"href":"https:\/\/www.topohvar.at\/topo\/wp-json\/wp\/v2\/types\/page"}],"author":[{"embeddable":true,"href":"https:\/\/www.topohvar.at\/topo\/wp-json\/wp\/v2\/users\/1"}],"replies":[{"embeddable":true,"href":"https:\/\/www.topohvar.at\/topo\/wp-json\/wp\/v2\/comments?post=11570"}],"version-history":[{"count":35,"href":"https:\/\/www.topohvar.at\/topo\/wp-json\/wp\/v2\/pages\/11570\/revisions"}],"predecessor-version":[{"id":70927,"href":"https:\/\/www.topohvar.at\/topo\/wp-json\/wp\/v2\/pages\/11570\/revisions\/70927"}],"up":[{"embeddable":true,"href":"https:\/\/www.topohvar.at\/topo\/wp-json\/wp\/v2\/pages\/103"}],"wp:attachment":[{"href":"https:\/\/www.topohvar.at\/topo\/wp-json\/wp\/v2\/media?parent=11570"}],"curies":[{"name":"wp","href":"https:\/\/api.w.org\/{rel}","templated":true}]}}