{"id":11572,"date":"2018-09-15T06:31:51","date_gmt":"2018-09-15T04:31:51","guid":{"rendered":"https:\/\/www.topohvar.at\/?page_id=11572"},"modified":"2022-10-11T09:34:21","modified_gmt":"2022-10-11T07:34:21","slug":"su-tr-01-1","status":"publish","type":"page","link":"https:\/\/www.topohvar.at\/topo\/orte\/su\/su-tr-01-1\/","title":{"rendered":"SU\u0106URAJ &#8211; Trim (Torijun) \u00bbSU-TR-01\u00ab"},"content":{"rendered":"<p><a name=\"seite_oben\"><\/a><br \/>\n<strong><img loading=\"lazy\" decoding=\"async\" class=\"aligncenter wp-image-61075 size-full\" src=\"https:\/\/www.topohvar.at\/wp-content\/uploads\/2022\/10\/su-tr-01-10.jpg\" alt=\"\" width=\"1080\" height=\"530\" srcset=\"https:\/\/www.topohvar.at\/wp-content\/uploads\/2022\/10\/su-tr-01-10.jpg 1080w, https:\/\/www.topohvar.at\/wp-content\/uploads\/2022\/10\/su-tr-01-10-300x147.jpg 300w, https:\/\/www.topohvar.at\/wp-content\/uploads\/2022\/10\/su-tr-01-10-1024x503.jpg 1024w, https:\/\/www.topohvar.at\/wp-content\/uploads\/2022\/10\/su-tr-01-10-768x377.jpg 768w\" sizes=\"auto, (max-width: 1080px) 100vw, 1080px\" \/><\/strong><\/p>\n<p><strong>Ime \/ Name<br \/>\n<\/strong>Trim \u00bbSU-TR-01\u00ab<\/p>\n<p><strong>Code: <\/strong>SU-TR-01\u00a0 \u00a0 \u00a0 \u00a0 \u00a0 \u00a0 \u00a0 \u00a0 \u00a0 \u00a0 \u00a0 \u00a0 \u00a0 \u00a0 \u00a0 \u00a0 \u00a0 \u00a0 \u00a0 \u00a0 \u00a0<strong> <a href=\"https:\/\/www.topohvar.at\/orte\/su\/su-tr-00-1\/\"><img loading=\"lazy\" decoding=\"async\" class=\"alignnone wp-image-12300 size-full\" src=\"https:\/\/www.topohvar.at\/wp-content\/uploads\/2018\/09\/push-vor-30.jpg\" alt=\"\" width=\"61\" height=\"30\" \/><\/a> <a href=\"https:\/\/www.topohvar.at\/orte\/su\/su-tr-09-1\/\"><img loading=\"lazy\" decoding=\"async\" class=\"alignnone wp-image-533 size-full\" src=\"https:\/\/www.topohvar.at\/wp-content\/uploads\/2018\/07\/push-l-30.jpg\" alt=\"\" width=\"61\" height=\"30\" \/><\/a>\u00a0<a href=\"https:\/\/www.topohvar.at\/orte\/su\/\"><img loading=\"lazy\" decoding=\"async\" class=\"alignnone wp-image-535 size-full\" src=\"https:\/\/www.topohvar.at\/wp-content\/uploads\/2018\/07\/push-o-30.jpg\" alt=\"\" width=\"61\" height=\"30\" \/><\/a>\u00a0<a href=\"https:\/\/www.topohvar.at\/orte\/su\/su-tr-08-2\/\"><img loading=\"lazy\" decoding=\"async\" class=\"alignnone wp-image-536 size-full\" src=\"https:\/\/www.topohvar.at\/wp-content\/uploads\/2018\/07\/push-r-30.jpg\" alt=\"\" width=\"61\" height=\"30\" \/><\/a><\/strong><\/p>\n<hr \/>\n<p><strong>Adresa \/ Adresse<br \/>\n<\/strong>Su\u0107uraj, Le\u0107evi\u0161ta<\/p>\n<p><strong>Lokacija<\/strong><strong> \/ Position<a href=\"https:\/\/goo.gl\/maps\/ZeFfr8qxe12VvQM76\"><img loading=\"lazy\" decoding=\"async\" class=\"alignright wp-image-61074\" src=\"https:\/\/www.topohvar.at\/wp-content\/uploads\/2022\/10\/3759.jpg\" alt=\"\" width=\"134\" height=\"100\" \/><\/a><br \/>\n<\/strong><a href=\"https:\/\/goo.gl\/maps\/ZeFfr8qxe12VvQM76\"><span style=\"color: #3366ff;\">Latitude: N 43,12806\u00b0\u00a0 \u00a0Longitude: E 17,16919\u00b0<\/span><\/a> <strong><br \/>\n<\/strong>Visina \/ H\u00f6he: 34 m<\/p>\n<p><strong>Katastarska \u010destica <\/strong><strong>\/ Grundst\u00fccke<br \/>\n<\/strong>695\/9 <div class='content-column one_half'><div style=\"padding-right:6px;\"><p><strong>Datum snimanja \/ Erfassungsdatum<br \/>\n<\/strong>22.09.2022 10:38:27<\/p>\n<hr \/>\n<p><strong>Informacije<\/strong><\/p>\n<p>Na podru\u010dju Le\u0107evi\u0161ta nalazi se dvoslojni obrub s ilirskom gomilom (11) na ju\u017enom rubu. \u0160iroka, vrlo lijepa obloga podignuta je vrlo pa\u017eljivo. Ulaz, zarastao u grmlje, vodi u okruglu unutra\u0161njost sa kamenim podom. Posteljina je u vrlo dobrom stanju, ali se vi\u0161e ne koristi.<\/p><\/div><\/div><div class='content-column one_half last_column'><div style=\"padding-right:0px;padding-left:6px;\"><p><strong>Stupanj za\u0161tite<\/strong><strong> \/ Schutzstellung<br \/>\n<\/strong>&#8211;<\/p>\n<hr \/>\n<p><strong>Info<\/strong><\/p>\n<p>Im Bereich Le\u0107evi\u0161ta befindet sich ein zweistufiger Trim mit einem Illyrischen H\u00fcgel (11) am s\u00fcdlichen Rand. Der breite, sehr sch\u00f6ne Trim wurde sehr sorgf\u00e4ltig errichet. Durch den, mit B\u00fcschen bewachsenen, Eingang gelangt man in den runden Innenraum mit Felsboden. Der Trim ist sehr gut erhalten, wird aber nicht mehr genutzt<\/p><\/div><\/div><div class='clear_column'><\/div><div class='content-column one_half'><div style=\"padding-right:6px;\"><p>Hvala gospodinu Nik\u0161i Vujnovi\u0107u koji mi je pokazao poziciju.<\/p><\/div><\/div><div class='content-column one_half last_column'><div style=\"padding-right:0px;padding-left:6px;\"><p>Danke Herrn Nik\u0161a Vujnovi\u0107, der mit die Position gezeigt hat.<\/p><\/div><\/div><div class='clear_column'><\/div><div class='content-column one_half'><div style=\"padding-right:6px;\"><div id=\"attachment_61344\" style=\"width: 310px\" class=\"wp-caption aligncenter\"><img loading=\"lazy\" decoding=\"async\" aria-describedby=\"caption-attachment-61344\" class=\"wp-image-61344\" src=\"https:\/\/www.topohvar.at\/wp-content\/uploads\/2022\/10\/su-tr-01-5.jpg\" alt=\"\" width=\"300\" height=\"300\" srcset=\"https:\/\/www.topohvar.at\/wp-content\/uploads\/2022\/10\/su-tr-01-5.jpg 450w, https:\/\/www.topohvar.at\/wp-content\/uploads\/2022\/10\/su-tr-01-5-300x300.jpg 300w, https:\/\/www.topohvar.at\/wp-content\/uploads\/2022\/10\/su-tr-01-5-150x150.jpg 150w\" sizes=\"auto, (max-width: 300px) 100vw, 300px\" \/><p id=\"caption-attachment-61344\" class=\"wp-caption-text\">Ulaz \/ Eingang<\/p><\/div>\n<p>Dana 22.09.2022 trim SU-TR-01 je posje\u0107en i ustanovljeno je sljede\u0107e:<\/p>\n<p>Lokacija: maslinik<br \/>\nPodloga: ravna<br \/>\nPovezan s:\u00a0 samostoje\u0107i, izoliran<br \/>\nUpotreba: ne koristi se<br \/>\nStanje: vrlo dobro uzdr\u017eati<br \/>\nBroj stepenica trima: 2<br \/>\nDodatni kameni prsten: nema<br \/>\nStepeni\u0161te: nema<br \/>\nOblik kamena: uglast<br \/>\nPodru\u010dje ispred ulaza: zaraslo<br \/>\nOrijentacija ulaza: JZ (230\u00b0)<br \/>\nPromjer trima (cm): 530<br \/>\nVisina trima (cm): 280<br \/>\nVisina stepenica (cm): stepenica 1: 170 , stepenica 2: 220<br \/>\nDebljina zida (cm): 95<br \/>\n\u0160irina vrata (cm): 75<br \/>\nVisina vrata (cm): 100<br \/>\n\u0160irina unutra (cm): 310 &#8211; 340<br \/>\nVisina unutra (cm): 250<br \/>\nVolumen iznutra (m3): 13,24<br \/>\nNi\u0161a 1 (P\/\u0160\/V\/D) (cm): 65 \/ 20 \/ 15 \/ 20<\/p><\/div><\/div><div class='content-column one_half last_column'><div style=\"padding-right:0px;padding-left:6px;\"><div id=\"attachment_61345\" style=\"width: 310px\" class=\"wp-caption aligncenter\"><img loading=\"lazy\" decoding=\"async\" aria-describedby=\"caption-attachment-61345\" class=\"wp-image-61345 size-medium\" src=\"https:\/\/www.topohvar.at\/wp-content\/uploads\/2022\/10\/su-tr-01-6-300x300.jpg\" alt=\"\" width=\"300\" height=\"300\" srcset=\"https:\/\/www.topohvar.at\/wp-content\/uploads\/2022\/10\/su-tr-01-6-300x300.jpg 300w, https:\/\/www.topohvar.at\/wp-content\/uploads\/2022\/10\/su-tr-01-6-150x150.jpg 150w, https:\/\/www.topohvar.at\/wp-content\/uploads\/2022\/10\/su-tr-01-6.jpg 450w\" sizes=\"auto, (max-width: 300px) 100vw, 300px\" \/><p id=\"caption-attachment-61345\" class=\"wp-caption-text\">Jugoisto\u010dna strana trima \/ S\u00fcdostseite<\/p><\/div>\n<p>Am 22.09.2022 wurde der Trim SU-TR-01 besucht und n\u00e4her untersucht:<\/p>\n<p>Standort: Olivenhain<br \/>\nUntergrund: eben<br \/>\nVerbunden mit: freistehend<br \/>\nNutzung: ungenutzt<br \/>\nZustand: sehr gut erhalten<br \/>\nAnzahl der Trimstufen: 2<br \/>\nZus\u00e4tzlicher Steinring: kein Steinring<br \/>\nStiege: keine<br \/>\nSteinform: kantig<br \/>\nEingangsbereich: verwachsen<br \/>\nEingangsseite: SW (230\u00b0)<br \/>\nTrimdurchmesser (cm): 530<br \/>\nTrimh\u00f6he (cm): 280<br \/>\nH\u00f6he der Trimstufen (cm): Stufe 1: 170 , Stufe 2: 220<br \/>\nWandst\u00e4rke (cm): 95<br \/>\nT\u00fcrbreite (cm): 75<br \/>\nT\u00fcrh\u00f6he (cm): 100<br \/>\nInnenraumbreite (cm): 310 &#8211; 340<br \/>\nInnenraumh\u00f6he (cm): 250<br \/>\nRaumvolumen (m3): 13,24<br \/>\nNische 1 (P\/B\/H\/T) (cm): 65 \/ 20 \/ 15 \/ 20<\/p><\/div><\/div><div class='clear_column'><\/div><\/p>\n<p><img loading=\"lazy\" decoding=\"async\" class=\"aligncenter size-full wp-image-61338\" src=\"https:\/\/www.topohvar.at\/wp-content\/uploads\/2022\/10\/su-tr-01-scan.jpg\" alt=\"\" width=\"640\" height=\"953\" srcset=\"https:\/\/www.topohvar.at\/wp-content\/uploads\/2022\/10\/su-tr-01-scan.jpg 640w, https:\/\/www.topohvar.at\/wp-content\/uploads\/2022\/10\/su-tr-01-scan-201x300.jpg 201w\" sizes=\"auto, (max-width: 640px) 100vw, 640px\" \/><\/p>\n<p style=\"text-align: right;\"><span style=\"color: #3366ff;\"><a style=\"color: #3366ff;\" href=\"#seite_oben\">natrag na vrh \/ Seitenanfang<\/a><\/span><\/p>\n<hr \/>\n<p><strong>Linkovi \/ Links<\/strong><\/p>\n<p><span style=\"color: #3366ff;\"><a style=\"color: #3366ff;\" href=\"https:\/\/www.topohvar.at\/topo\/orte\/su\/su-pg-00-1\/#pg-11\">Ilirska gomila (11) \/ Illyrischer H\u00fcgel (11)<\/a><\/span><\/p>\n","protected":false},"excerpt":{"rendered":"<p>Ime \/ Name Trim \u00bbSU-TR-01\u00ab Code: SU-TR-01\u00a0 \u00a0 \u00a0 \u00a0 \u00a0 \u00a0 \u00a0 \u00a0 \u00a0 \u00a0 \u00a0 \u00a0 \u00a0 \u00a0 \u00a0 \u00a0 \u00a0 \u00a0 \u00a0 \u00a0 \u00a0 \u00a0\u00a0 Adresa \/ Adresse Su\u0107uraj, Le\u0107evi\u0161ta Lokacija \/ Position Latitude: N 43,12806\u00b0\u00a0 \u00a0Longitude: &hellip; <a href=\"https:\/\/www.topohvar.at\/topo\/orte\/su\/su-tr-01-1\/\">Weiterlesen <span class=\"meta-nav\">&rarr;<\/span><\/a><\/p>\n","protected":false},"author":1,"featured_media":0,"parent":103,"menu_order":0,"comment_status":"closed","ping_status":"closed","template":"","meta":{"footnotes":""},"class_list":["post-11572","page","type-page","status-publish","hentry"],"_links":{"self":[{"href":"https:\/\/www.topohvar.at\/topo\/wp-json\/wp\/v2\/pages\/11572","targetHints":{"allow":["GET"]}}],"collection":[{"href":"https:\/\/www.topohvar.at\/topo\/wp-json\/wp\/v2\/pages"}],"about":[{"href":"https:\/\/www.topohvar.at\/topo\/wp-json\/wp\/v2\/types\/page"}],"author":[{"embeddable":true,"href":"https:\/\/www.topohvar.at\/topo\/wp-json\/wp\/v2\/users\/1"}],"replies":[{"embeddable":true,"href":"https:\/\/www.topohvar.at\/topo\/wp-json\/wp\/v2\/comments?post=11572"}],"version-history":[{"count":20,"href":"https:\/\/www.topohvar.at\/topo\/wp-json\/wp\/v2\/pages\/11572\/revisions"}],"predecessor-version":[{"id":61378,"href":"https:\/\/www.topohvar.at\/topo\/wp-json\/wp\/v2\/pages\/11572\/revisions\/61378"}],"up":[{"embeddable":true,"href":"https:\/\/www.topohvar.at\/topo\/wp-json\/wp\/v2\/pages\/103"}],"wp:attachment":[{"href":"https:\/\/www.topohvar.at\/topo\/wp-json\/wp\/v2\/media?parent=11572"}],"curies":[{"name":"wp","href":"https:\/\/api.w.org\/{rel}","templated":true}]}}