{"id":11574,"date":"2018-09-15T06:33:53","date_gmt":"2018-09-15T04:33:53","guid":{"rendered":"https:\/\/www.topohvar.at\/?page_id=11574"},"modified":"2022-01-23T17:32:24","modified_gmt":"2022-01-23T16:32:24","slug":"su-ca-01-1","status":"publish","type":"page","link":"https:\/\/www.topohvar.at\/topo\/orte\/su\/su-ca-01-1\/","title":{"rendered":"SU\u0106URAJ &#8211; Samostan \u00bbFranjeva\u010dki samostan (biv\u0161i Augustinski samostan)\u00ab"},"content":{"rendered":"<p><a name=\"seite_oben\"><\/a><br \/>\n<strong><img loading=\"lazy\" decoding=\"async\" class=\"alignnone wp-image-11521 size-large\" src=\"https:\/\/www.topohvar.at\/wp-content\/uploads\/2018\/09\/su-ca-01-0-1024x503.jpg\" alt=\"\" width=\"640\" height=\"314\" srcset=\"https:\/\/www.topohvar.at\/wp-content\/uploads\/2018\/09\/su-ca-01-0-1024x503.jpg 1024w, https:\/\/www.topohvar.at\/wp-content\/uploads\/2018\/09\/su-ca-01-0-300x147.jpg 300w, https:\/\/www.topohvar.at\/wp-content\/uploads\/2018\/09\/su-ca-01-0-768x377.jpg 768w, https:\/\/www.topohvar.at\/wp-content\/uploads\/2018\/09\/su-ca-01-0.jpg 1080w\" sizes=\"auto, (max-width: 640px) 100vw, 640px\" \/><\/strong><\/p>\n<p><strong>Ime \/ Name<br \/>\n<\/strong>Samostan \u00bbFranjeva\u010dki samostan (biv\u0161i Augustinski samostan)\u00ab \/ Franziskanerkloser (ehemaliges Augustinerkloster)<\/p>\n<p><strong>Code: <\/strong>SU-CA-01\u00a0 \u00a0 \u00a0 \u00a0 \u00a0 \u00a0 \u00a0 \u00a0 \u00a0 \u00a0 \u00a0 \u00a0 \u00a0 \u00a0 \u00a0 \u00a0<strong><a href=\"https:\/\/www.topohvar.at\/orte\/su\/su-ca-03-1\/\"><img loading=\"lazy\" decoding=\"async\" class=\"alignnone wp-image-533 size-full\" src=\"https:\/\/www.topohvar.at\/wp-content\/uploads\/2018\/07\/push-l-30.jpg\" alt=\"\" width=\"61\" height=\"30\" \/><\/a> <a href=\"https:\/\/www.topohvar.at\/orte\/su\/\"><img loading=\"lazy\" decoding=\"async\" class=\"alignnone wp-image-535 size-full\" src=\"https:\/\/www.topohvar.at\/wp-content\/uploads\/2018\/07\/push-o-30.jpg\" alt=\"\" width=\"61\" height=\"30\" \/><\/a> <a href=\"https:\/\/www.topohvar.at\/orte\/su\/su-ca-02-1\/\"><img loading=\"lazy\" decoding=\"async\" class=\"alignnone wp-image-536 size-full\" src=\"https:\/\/www.topohvar.at\/wp-content\/uploads\/2018\/07\/push-r-30.jpg\" alt=\"\" width=\"61\" height=\"30\" \/><\/a> <a href=\"https:\/\/www.topohvar.at\/orte\/su\/su-ci-01-1\/\"><img loading=\"lazy\" decoding=\"async\" class=\"alignnone wp-image-12299 size-full\" src=\"https:\/\/www.topohvar.at\/wp-content\/uploads\/2018\/09\/push-next-30.jpg\" alt=\"\" width=\"61\" height=\"30\" \/><\/a><\/strong><\/p>\n<hr \/>\n<p><strong>Adresa \/ Adresse<br \/>\n<\/strong>Su\u0107uraj,\u00a0Ulica Sv. Jurja<\/p>\n<p><strong>Lokacija \/ Position<a href=\"https:\/\/goo.gl\/maps\/EK3atN1tAh5CK1Lt6\"><img loading=\"lazy\" decoding=\"async\" class=\"alignright wp-image-11661\" src=\"https:\/\/www.topohvar.at\/wp-content\/uploads\/2018\/09\/0763.jpg\" alt=\"\" width=\"133\" height=\"100\" \/><\/a><br \/>\n<\/strong><span style=\"color: #3366ff;\"><a style=\"color: #3366ff;\" href=\"https:\/\/goo.gl\/maps\/EK3atN1tAh5CK1Lt6\">Latitude: N 43,12645\u00b0\u00a0 \u00a0Longitude: E 17,18772\u00b0<\/a> <\/span><strong><br \/>\n<\/strong>Visina \/ H\u00f6he: 7 m<\/p>\n<p><strong>Katastarska \u010destica <\/strong><strong>\/ Grundst\u00fccke<br \/>\n<\/strong>*148, *149, *150, 178, 182\/1 <div class='content-column one_half'><div style=\"padding-right:6px;\"><p><strong>Datum snimanja \/ Erfassungsdatum<br \/>\n<\/strong>26.05.2013 16:52:03<\/p>\n<hr \/>\n<p><strong>Informacije<\/strong><\/p>\n<p>Franjeva\u010dki (biv\u0161i Augustinski samostan iz 9. stolje\u0107a do 1787) samostan u Su\u0107urju \u2013 godina izgradnje nije poznata, ali poznato je da je prvo preure\u0111ivanje 1309. godine napravilo osam augustinskih pustinjaka.<\/p><\/div><\/div><div class='content-column one_half last_column'><div style=\"padding-right:0px;padding-left:6px;\"><p><strong>Stupanj za\u0161tite <\/strong><strong>\/ Schutzstellung<br \/>\n<\/strong>&#8211;<\/p>\n<hr \/>\n<p><strong>Info<\/strong><\/p>\n<p>Das Baujahr des Franziskaner Klosters in Su\u0107uraj (ehemaliges Augustiner-Kloster aus dem 9. Jh., um 1787 aufgelassen) ist nicht bekannt, aber es ist bekannt, dass der erste Umbau im Jahre 1309 durch acht Augustiner-Einsiedler durchgef\u00fchrt wurde.<\/p><\/div><\/div><div class='clear_column'><\/div><div class='content-column one_half'><div style=\"padding-right:6px;\"><p>Na pragu iznad ulaznih vrata samostana stoji natpis: COENOBIVM ORDINIS FRATRVM EREMI. TARVM S. AVGVSTINI. MCCCIX RESTAVRATVM (samostan reda bra\u0107e pustinjaka svetog Augustina 1309. obnovljen). Te je godine dovr\u0161ena obnova samostana, jer su ga oko 1280. zapalili Omi\u0161ki gusari.<\/p><\/div><\/div><div class='content-column one_half last_column'><div style=\"padding-right:0px;padding-left:6px;\"><p>Am Sturz \u00fcber der Eingangst\u00fcr des Klosters steht die Inschrift: COENOBIVM ORDINIS FRATRVM EREMI. TARVM S. AVGVSTINI. MCCCIX RESTAVRATVM (Kloster des Ordens der Einsiedlerbr\u00fcder des hl. Augustinus 1309. restauriert). In diesem Jahr wurde die Renovierung des Klosters abgeschlossen, da es um 1280 von Piraten aus Omis in Brand gesteckt wurde.<\/p><\/div><\/div><div class='clear_column'><\/div><div class='content-column one_half'><div style=\"padding-right:6px;\"><p>Samostan je bio zapali\u0161e i turki 1526, 1539, 1571, 1663. i 1664. Turci su osvojili Primorje (\u017divogo\u0161\u0107e i Zaostrog) godine 1492. Bje\u017ee\u0107i pred turskim zulumom, nasiljem i terorom, u Su\u0107uraj su godine 1646. sa svojim narodom izbjegli franjevci iz Zaostroga, a sljede\u0107e godine franjevci i narod iz \u017divogo\u0161\u0107a. Obojica su izgradili samostan u Su\u0107urju. U drugoj polovici 17. stolje\u0107a, primjerice, bile su tri \u017eupe, tri \u017eupne crkve i tri samostana.<\/p><\/div><\/div><div class='content-column one_half last_column'><div style=\"padding-right:0px;padding-left:6px;\"><p>Das Kloster wurde auch von den T\u00fcrken in den Jahren 1526, 1539 1571 1663 und 1664 niedergebrannt. Die T\u00fcrken eroberten 1492 die Primorje (\u017divogo\u0161\u0107e und Zaostrog). Vor t\u00fcrkischer Gewalt und Terror flohen im Jahre 1646 zuerst die Franziskaner aus Zaostrog und die Br\u00fcder aus \u017divogo\u0161\u0107e folgten ihnen nach. Beide bauten in Su\u0107uraj jeweils ein Kloster. So gab es in der zweiten H\u00e4lfte des 17. Jh. hier drei Pfarren, drei Pfarrkirchen und drei Kl\u00f6ster.<\/p><\/div><\/div><div class='clear_column'><\/div><div class='content-column one_half'><div style=\"padding-right:6px;\"><p>Ovdje je boravilo nekoliko makarskih biskupa. Od 1789. samostan slu\u017ei kao \u017eupni dvor. Obnovi\u0161e ga 1993. franjevci bosne srebrene.<\/p><\/div><\/div><div class='content-column one_half last_column'><div style=\"padding-right:0px;padding-left:6px;\"><p>Hier war der Aufenthalt einiger Makarska Bisch\u00f6fe.\u00a0Seit 1789 dient das Kloster als Pfarrhaus. Seine Renovierung erfolgte 1993 durch bosnische Franziskaner aus Sarajevo.<\/p><\/div><\/div><div class='clear_column'><\/div><\/p>\n<p style=\"text-align: right;\"><span style=\"color: #3366ff;\"><a style=\"color: #3366ff;\" href=\"#seite_oben\">natrag na vrh \/ Seitenanfang<\/a><\/span><\/p>\n<hr \/>\n<p><strong>Linkovi \/ Links<\/strong><\/p>\n<p><span style=\"color: #3366ff;\"><a style=\"color: #3366ff;\" href=\"https:\/\/www.topohvar.at\/orte\/su\/su-in-01-1\/\">Natpisi \u00bbNa nadvratnici vrata samostana\u00ab \/ Inschriften am Klosterportal<\/a><br \/>\n<a style=\"color: #3366ff;\" href=\"https:\/\/www.topohvar.at\/orte\/su\/su-is-04-1\/\">Spomen plo\u010da \u00bbAugustinaca samostan (biv\u0161i)\u00ab \/ Gedenktafel an das ehemalige Augustinerkloster<\/a><\/span><br \/>\n<span style=\"color: #3366ff;\"><a style=\"color: #3366ff;\" href=\"https:\/\/www.topohvar.at\/orte\/su\/su-ca-02-1\/\">Samostan \u00bbBiv\u0161i Franjeva\u010dki samostan Sv. Ante\u00ab \/ Ehemaliges Franziskanerkloser zum hl. Antonius<\/a><br \/>\n<a style=\"color: #3366ff;\" href=\"https:\/\/www.topohvar.at\/orte\/su\/su-ca-03-1\/\">Samostan \u00bbBiv\u0161i franjeva\u010dki samostan Sv. Kri\u017e\u00ab \/ Ehemaliges Franziskanerkloster\u00a0<em>Heiligenkreuz<\/em><\/a><\/span><\/p>\n","protected":false},"excerpt":{"rendered":"<p>Ime \/ Name Samostan \u00bbFranjeva\u010dki samostan (biv\u0161i Augustinski samostan)\u00ab \/ Franziskanerkloser (ehemaliges Augustinerkloster) Code: SU-CA-01\u00a0 \u00a0 \u00a0 \u00a0 \u00a0 \u00a0 \u00a0 \u00a0 \u00a0 \u00a0 \u00a0 \u00a0 \u00a0 \u00a0 \u00a0 \u00a0 Adresa \/ Adresse Su\u0107uraj,\u00a0Ulica Sv. Jurja Lokacija \/ Position Latitude: &hellip; <a href=\"https:\/\/www.topohvar.at\/topo\/orte\/su\/su-ca-01-1\/\">Weiterlesen <span class=\"meta-nav\">&rarr;<\/span><\/a><\/p>\n","protected":false},"author":1,"featured_media":0,"parent":103,"menu_order":0,"comment_status":"closed","ping_status":"closed","template":"","meta":{"footnotes":""},"class_list":["post-11574","page","type-page","status-publish","hentry"],"_links":{"self":[{"href":"https:\/\/www.topohvar.at\/topo\/wp-json\/wp\/v2\/pages\/11574","targetHints":{"allow":["GET"]}}],"collection":[{"href":"https:\/\/www.topohvar.at\/topo\/wp-json\/wp\/v2\/pages"}],"about":[{"href":"https:\/\/www.topohvar.at\/topo\/wp-json\/wp\/v2\/types\/page"}],"author":[{"embeddable":true,"href":"https:\/\/www.topohvar.at\/topo\/wp-json\/wp\/v2\/users\/1"}],"replies":[{"embeddable":true,"href":"https:\/\/www.topohvar.at\/topo\/wp-json\/wp\/v2\/comments?post=11574"}],"version-history":[{"count":20,"href":"https:\/\/www.topohvar.at\/topo\/wp-json\/wp\/v2\/pages\/11574\/revisions"}],"predecessor-version":[{"id":56646,"href":"https:\/\/www.topohvar.at\/topo\/wp-json\/wp\/v2\/pages\/11574\/revisions\/56646"}],"up":[{"embeddable":true,"href":"https:\/\/www.topohvar.at\/topo\/wp-json\/wp\/v2\/pages\/103"}],"wp:attachment":[{"href":"https:\/\/www.topohvar.at\/topo\/wp-json\/wp\/v2\/media?parent=11574"}],"curies":[{"name":"wp","href":"https:\/\/api.w.org\/{rel}","templated":true}]}}