{"id":11578,"date":"2018-09-15T06:37:40","date_gmt":"2018-09-15T04:37:40","guid":{"rendered":"https:\/\/www.topohvar.at\/?page_id=11578"},"modified":"2025-02-07T16:57:27","modified_gmt":"2025-02-07T15:57:27","slug":"su-ca-03-1","status":"publish","type":"page","link":"https:\/\/www.topohvar.at\/topo\/orte\/su\/su-ca-03-1\/","title":{"rendered":"SU\u0106URAJ &#8211; Samostan \u00bbBiv\u0161i franjeva\u010dki samostan Sv. Kri\u017e\u00ab"},"content":{"rendered":"<p><a name=\"seite_oben\"><\/a><br \/>\n<strong><img loading=\"lazy\" decoding=\"async\" class=\"aligncenter wp-image-71059 size-full\" src=\"https:\/\/www.topohvar.at\/wp-content\/uploads\/2025\/02\/su-ca-03-10.jpg\" alt=\"\" width=\"841\" height=\"530\" srcset=\"https:\/\/www.topohvar.at\/wp-content\/uploads\/2025\/02\/su-ca-03-10.jpg 841w, https:\/\/www.topohvar.at\/wp-content\/uploads\/2025\/02\/su-ca-03-10-300x189.jpg 300w, https:\/\/www.topohvar.at\/wp-content\/uploads\/2025\/02\/su-ca-03-10-768x484.jpg 768w\" sizes=\"auto, (max-width: 841px) 100vw, 841px\" \/><\/strong><\/p>\n<p><strong>Ime \/ Name<br \/>\n<\/strong>Samostan \u00bbBiv\u0161i franjeva\u010dki samostan Sv. Kri\u017e\u00ab \/ Ehemaliges Franziskanerkloster <em>Heiligenkreuz<\/em><\/p>\n<p><strong>Code: <\/strong>SU-CA-03\u00a0 \u00a0 \u00a0 \u00a0 \u00a0 \u00a0 \u00a0 \u00a0 \u00a0 \u00a0 \u00a0 \u00a0 \u00a0 \u00a0 \u00a0 \u00a0<strong><a href=\"https:\/\/www.topohvar.at\/orte\/su\/su-ca-02-1\/\"><img loading=\"lazy\" decoding=\"async\" class=\"alignnone wp-image-533 size-full\" src=\"https:\/\/www.topohvar.at\/wp-content\/uploads\/2018\/07\/push-l-30.jpg\" alt=\"\" width=\"61\" height=\"30\" \/><\/a> <a href=\"https:\/\/www.topohvar.at\/orte\/su\/\"><img loading=\"lazy\" decoding=\"async\" class=\"alignnone wp-image-535 size-full\" src=\"https:\/\/www.topohvar.at\/wp-content\/uploads\/2018\/07\/push-o-30.jpg\" alt=\"\" width=\"61\" height=\"30\" \/><\/a> <a href=\"https:\/\/www.topohvar.at\/orte\/su\/su-ca-01-1\/\"><img loading=\"lazy\" decoding=\"async\" class=\"alignnone wp-image-536 size-full\" src=\"https:\/\/www.topohvar.at\/wp-content\/uploads\/2018\/07\/push-r-30.jpg\" alt=\"\" width=\"61\" height=\"30\" \/><\/a> <a href=\"https:\/\/www.topohvar.at\/orte\/su\/su-ci-01-1\/\"><img loading=\"lazy\" decoding=\"async\" class=\"alignnone wp-image-12299 size-full\" src=\"https:\/\/www.topohvar.at\/wp-content\/uploads\/2018\/09\/push-next-30.jpg\" alt=\"\" width=\"61\" height=\"30\" \/><\/a><\/strong><\/p>\n<hr \/>\n<p><strong>Adresa \/ Adresse<br \/>\n<\/strong>Su\u0107uraj, Donja banda, Ponta Gubavaz<\/p>\n<p><strong>Lokacija \/ Position<a href=\"https:\/\/goo.gl\/maps\/KMrmLmUci13SsC426\"><img loading=\"lazy\" decoding=\"async\" class=\"alignright wp-image-11694\" src=\"https:\/\/www.topohvar.at\/wp-content\/uploads\/2018\/09\/0765.jpg\" alt=\"\" width=\"133\" height=\"100\" \/><\/a><br \/>\n<\/strong><span style=\"color: #3366ff;\">Latitude: N 43,12508\u00b0\u00a0 \u00a0Longitude: E 17,18695\u00b0<\/span><strong><br \/>\n<\/strong>Visina \/ H\u00f6he: 2 m<\/p>\n<p><strong>Katastarska \u010destica <\/strong><strong>\/ Grundst\u00fccke<br \/>\n<\/strong>&#8211; <div class='content-column one_half'><div style=\"padding-right:6px;\"><p><strong>Datum snimanja \/ Erfassungsdatum<br \/>\n<\/strong>07.02.2025 12:00:00<\/p>\n<hr \/>\n<p><strong>Informacije<\/strong><\/p>\n<p>Turci su osvojili Primorje (\u017divogo\u0161\u0107e i Zaostrog) godine 1492. Bje\u017ee\u0107i pred turskim zulumom, nasiljem i terorom, u Su\u0107uraj su godine 1646. sa svojim narodom izbjegli franjevci iz Zaostroga, a sljede\u0107e godine franjevci i narod iz \u017divogo\u0161\u0107a.<\/p><\/div><\/div><div class='content-column one_half last_column'><div style=\"padding-right:0px;padding-left:6px;\"><p><strong>Stupanj za\u0161tite<\/strong><strong> \/ Schutzstellung<br \/>\n<\/strong>&#8211;<\/p>\n<hr \/>\n<p><strong>Info<\/strong><\/p>\n<p>Die T\u00fcrken eroberten 1492 die Primorje (Zivogosce und Zaostrog). Vor t\u00fcrkischer Gewalt und Terror flohen im Jahre 1646 zuerst die Franziskaner aus Zaostrog und die Br\u00fcder aus \u017divogo\u0161\u0107e folgten ihnen nach.<\/p><\/div><\/div><div class='clear_column'><\/div><div class='content-column one_half'><div style=\"padding-right:6px;\"><p>\u017divogo\u0161\u0107ani su sagradili samostan i crkvu Sv. Kri\u017ea. U Su\u0107urju su u vrijeme Kandijskog rata postojale dvije skupdne franjevaca svaka sa svojim oratorijem i \u017eupom. Spomen na njih nalazimo u vizitaciji hvarskog biskupa Andreisa iz 1669. On dobro razlikuje te dvije skupine: jedni su oni pod vodstvom fra Mihovila Jelavi\u0107a, koji vr\u0161i \u017eupni\u010dku du\u017enost; a drugi se nalaze pod gvardijanom fra Marjanom Seroti\u0107em, koji tako\u0111er vr\u0161i istu du\u017enost.<\/p><\/div><\/div><div class='content-column one_half last_column'><div style=\"padding-right:0px;padding-left:6px;\"><p>Die \u017divogosce bauten das Kloster und die Kirche zum hl. Kreuz. W\u00e4hrend des Candianischen Krieges (Kreta-Krieges) gab es in Sucuraj zwei Franziskanergruppen, jede mit einem eigenen Oratorium und einer eigenen Gemeinde. Einen Bericht dar\u00fcber findet man in der Visitation des Bischofs von Hvar, Andreis, aus dem Jahr 1669. Er unterscheidet diese beiden Gruppen gut: eine unter der Leitung von P. Mihovil Jelavi\u0107, der pastorale Aufgaben wahrnimmt und die andere die unter der Leitung von Pater Marjan Serotic steht, der ebenfalls die gleiche Aufgabe erf\u00fcllt.<\/p><\/div><\/div><div class='clear_column'><\/div><div class='content-column one_half'><div style=\"padding-right:6px;\"><p>Samostan s crkvicom sv. Kri\u017e je vjerojatno bio na istom mjestu gdje je danas crkva Sv. Ante stoji.<\/p><\/div><\/div><div class='content-column one_half last_column'><div style=\"padding-right:0px;padding-left:6px;\"><p>Das Kloster mit der kleinen Kirche zum hl. Kreuz befand sich vermutlich an derselben Stelle, an der heute die Kirche Sv. Ante steht.<\/p><\/div><\/div><div class='clear_column'><\/div><\/p>\n<hr \/>\n<div id=\"attachment_71060\" style=\"width: 1090px\" class=\"wp-caption aligncenter\"><img loading=\"lazy\" decoding=\"async\" aria-describedby=\"caption-attachment-71060\" class=\"size-full wp-image-71060\" src=\"https:\/\/www.topohvar.at\/wp-content\/uploads\/2025\/02\/su-ca-03-12.jpg\" alt=\"\" width=\"1080\" height=\"533\" srcset=\"https:\/\/www.topohvar.at\/wp-content\/uploads\/2025\/02\/su-ca-03-12.jpg 1080w, https:\/\/www.topohvar.at\/wp-content\/uploads\/2025\/02\/su-ca-03-12-300x148.jpg 300w, https:\/\/www.topohvar.at\/wp-content\/uploads\/2025\/02\/su-ca-03-12-1024x505.jpg 1024w, https:\/\/www.topohvar.at\/wp-content\/uploads\/2025\/02\/su-ca-03-12-768x379.jpg 768w\" sizes=\"auto, (max-width: 1080px) 100vw, 1080px\" \/><p id=\"caption-attachment-71060\" class=\"wp-caption-text\">Foto: Nik\u0161a Vujnovi\u0107<\/p><\/div>\n<div class='content-column one_half'><div style=\"padding-right:6px;\"><p>Ostaci nekada\u0161njeg samostana kojega su osnovali franjevci iz samostana Svetog Kri\u017ea u \u017divogo\u0161\u0107u u 17 stolje\u0107u. Franjevci dolaze s novim stanovnicima (abitanti nuovi) koje Venecija naseljava u vrijeme Kandijskog rata (1646-1669) uz fiskalne privilegije<\/p><\/div><\/div><div class='content-column one_half last_column'><div style=\"padding-right:0px;padding-left:6px;\"><p>\u00dcberreste des ehemaligen Klosters, das im 17. Jahrhundert von Franziskanern aus dem Kloster Sveti Kri\u017e in \u017divogo\u0161\u0107e gegr\u00fcndet wurde. Die Franziskaner kamen mit neuen Bewohnern (abitanti nuovi), die Venedig w\u00e4hrend des Kreta-Krieges (1646-1669), ausgestattet mit steuerlichen Privilegien, ansiedelte.<\/p><\/div><\/div><div class='clear_column'><\/div><div class='content-column one_half'><div style=\"padding-right:6px;\"><p>Pored samostana podigli su i crkvu Svetog Kri\u017ea od koje danas nema ostataka, ali postoje informacije o nalazima grobova u vrtovima blizu mjesta gdje se pretpostavlja da je crkva bila.<\/p><\/div><\/div><div class='content-column one_half last_column'><div style=\"padding-right:0px;padding-left:6px;\"><p>Neben dem Kloster errichteten sie auch die Kirche des Heiligen Kreuzes, von der heute keine \u00dcberreste mehr existieren, aber es gibt Informationen \u00fcber Gr\u00e4berfunde in den G\u00e4rten in der N\u00e4he des Ortes, an dem die Kirche gewesen sein soll.<\/p><\/div><\/div><div class='clear_column'><\/div><div class='content-column one_half'><div style=\"padding-right:6px;\"><p>Zgrade samostana su uni\u0161tene bombom u II svjetskom ratu. Danas su vlasnici zgrade nasljednici Peri\u0107a koji su u 18 stolje\u0107u kupili od franjevaca. U zgradi je s prijelaza 19 na 20 stolje\u0107a bila gostionica i pansion za no\u0107enje turista.<\/p><\/div><\/div><div class='content-column one_half last_column'><div style=\"padding-right:0px;padding-left:6px;\"><p>Die Klostergeb\u00e4ude wurden im Zweiten Weltkrieg durch eine Bombe zerst\u00f6rt. Heute sind die Eigent\u00fcmer des Geb\u00e4udes die Nachkommen der Familie Peri\u0107, die es im 18. Jahrhundert von den Franziskanern gekauft haben. Das Geb\u00e4ude diente um die Jahrhundertwende vom 19. zum 20. Jahrhundert als Gasthaus und Pension f\u00fcr Touristen.<\/p><\/div><\/div><div class='clear_column'><\/div><\/p>\n<p style=\"text-align: center;\"><em>Tekst\/Text: Nik\u0161a Vujnovi\u0107, Facebook<\/em><\/p>\n<p style=\"text-align: right;\"><span style=\"color: #3366ff;\"><a style=\"color: #3366ff;\" href=\"#seite_oben\">natrag na vrh \/ Seitenanfang<\/a><\/span><\/p>\n<hr \/>\n<p><strong>Linkovi \/ Links<\/strong><\/p>\n<p><span style=\"color: #3366ff;\"><a style=\"color: #3366ff;\" href=\"https:\/\/www.topohvar.at\/orte\/su\/su-ca-01-1\/\">Samostan \u00bbFranjeva\u010dki samostan (biv\u0161i Augustinski samostan)\u00ab \/ Franziskanerkloser (ehemaliges Augustinerkloster)<\/a><br \/>\n<a style=\"color: #3366ff;\" href=\"https:\/\/www.topohvar.at\/orte\/su\/su-ca-02-1\/\">Samostan \u00bbBiv\u0161i Franjeva\u010dki samostan Sv. Ante\u00ab \/ Ehemaliges Franziskanerkloser zum hl. Antonius<\/a><br \/>\n<\/span><\/p>\n<p>&nbsp;<\/p>\n","protected":false},"excerpt":{"rendered":"<p>Ime \/ Name Samostan \u00bbBiv\u0161i franjeva\u010dki samostan Sv. Kri\u017e\u00ab \/ Ehemaliges Franziskanerkloster Heiligenkreuz Code: SU-CA-03\u00a0 \u00a0 \u00a0 \u00a0 \u00a0 \u00a0 \u00a0 \u00a0 \u00a0 \u00a0 \u00a0 \u00a0 \u00a0 \u00a0 \u00a0 \u00a0 Adresa \/ Adresse Su\u0107uraj, Donja banda, Ponta Gubavaz Lokacija \/ &hellip; <a href=\"https:\/\/www.topohvar.at\/topo\/orte\/su\/su-ca-03-1\/\">Weiterlesen <span class=\"meta-nav\">&rarr;<\/span><\/a><\/p>\n","protected":false},"author":1,"featured_media":0,"parent":103,"menu_order":0,"comment_status":"closed","ping_status":"closed","template":"","meta":{"footnotes":""},"class_list":["post-11578","page","type-page","status-publish","hentry"],"_links":{"self":[{"href":"https:\/\/www.topohvar.at\/topo\/wp-json\/wp\/v2\/pages\/11578","targetHints":{"allow":["GET"]}}],"collection":[{"href":"https:\/\/www.topohvar.at\/topo\/wp-json\/wp\/v2\/pages"}],"about":[{"href":"https:\/\/www.topohvar.at\/topo\/wp-json\/wp\/v2\/types\/page"}],"author":[{"embeddable":true,"href":"https:\/\/www.topohvar.at\/topo\/wp-json\/wp\/v2\/users\/1"}],"replies":[{"embeddable":true,"href":"https:\/\/www.topohvar.at\/topo\/wp-json\/wp\/v2\/comments?post=11578"}],"version-history":[{"count":15,"href":"https:\/\/www.topohvar.at\/topo\/wp-json\/wp\/v2\/pages\/11578\/revisions"}],"predecessor-version":[{"id":71062,"href":"https:\/\/www.topohvar.at\/topo\/wp-json\/wp\/v2\/pages\/11578\/revisions\/71062"}],"up":[{"embeddable":true,"href":"https:\/\/www.topohvar.at\/topo\/wp-json\/wp\/v2\/pages\/103"}],"wp:attachment":[{"href":"https:\/\/www.topohvar.at\/topo\/wp-json\/wp\/v2\/media?parent=11578"}],"curies":[{"name":"wp","href":"https:\/\/api.w.org\/{rel}","templated":true}]}}