{"id":11594,"date":"2018-09-15T06:50:41","date_gmt":"2018-09-15T04:50:41","guid":{"rendered":"https:\/\/www.topohvar.at\/?page_id=11594"},"modified":"2024-08-05T18:31:24","modified_gmt":"2024-08-05T16:31:24","slug":"su-cs-01-1","status":"publish","type":"page","link":"https:\/\/www.topohvar.at\/topo\/orte\/su\/su-cs-01-1\/","title":{"rendered":"SU\u0106URAJ &#8211; Kapelica \u00bbSv. \u0160piridijun\u00ab"},"content":{"rendered":"<p><a name=\"seite_oben\"><\/a><strong><img loading=\"lazy\" decoding=\"async\" class=\"alignnone wp-image-20841 size-large\" src=\"https:\/\/www.topohvar.at\/wp-content\/uploads\/2019\/04\/su-cs-01-11-1024x503.jpg\" alt=\"\" width=\"640\" height=\"314\" srcset=\"https:\/\/www.topohvar.at\/wp-content\/uploads\/2019\/04\/su-cs-01-11-1024x503.jpg 1024w, https:\/\/www.topohvar.at\/wp-content\/uploads\/2019\/04\/su-cs-01-11-300x147.jpg 300w, https:\/\/www.topohvar.at\/wp-content\/uploads\/2019\/04\/su-cs-01-11-768x377.jpg 768w, https:\/\/www.topohvar.at\/wp-content\/uploads\/2019\/04\/su-cs-01-11.jpg 1080w\" sizes=\"auto, (max-width: 640px) 100vw, 640px\" \/><\/strong><\/p>\n<p><strong>Ime \/ Name<br \/>\n<\/strong>Kapelica \u00bbSv. \u0160piridijun\u00ab \/ Bildstock des hl. Spiridon<\/p>\n<p><strong>Code: <\/strong>SU-CS-01\u00a0 \u00a0 \u00a0 \u00a0 \u00a0 \u00a0 \u00a0 \u00a0 \u00a0 \u00a0 \u00a0 \u00a0 \u00a0 \u00a0 \u00a0 \u00a0<strong><a href=\"https:\/\/www.topohvar.at\/orte\/su\/su-cs-06-1\/\"><img loading=\"lazy\" decoding=\"async\" class=\"alignnone wp-image-533 size-full\" src=\"https:\/\/www.topohvar.at\/wp-content\/uploads\/2018\/07\/push-l-30.jpg\" alt=\"\" width=\"61\" height=\"30\" \/><\/a> <a href=\"https:\/\/www.topohvar.at\/orte\/su\/\"><img loading=\"lazy\" decoding=\"async\" class=\"alignnone wp-image-535 size-full\" src=\"https:\/\/www.topohvar.at\/wp-content\/uploads\/2018\/07\/push-o-30.jpg\" alt=\"\" width=\"61\" height=\"30\" \/><\/a> <a href=\"https:\/\/www.topohvar.at\/orte\/su\/su-cs-02-1\/\"><img loading=\"lazy\" decoding=\"async\" class=\"alignnone wp-image-536 size-full\" src=\"https:\/\/www.topohvar.at\/wp-content\/uploads\/2018\/07\/push-r-30.jpg\" alt=\"\" width=\"61\" height=\"30\" \/><\/a><\/strong><\/p>\n<hr \/>\n<p><strong>Adresa \/ Adresse<br \/>\n<\/strong>Su\u0107uraj, Punta Ma\u010dak<\/p>\n<p><strong>Lokacija \/ Position<a href=\"https:\/\/goo.gl\/maps\/Qpp3Je6NA3SebxPi8\"><img loading=\"lazy\" decoding=\"async\" class=\"alignright wp-image-30466\" src=\"https:\/\/www.topohvar.at\/wp-content\/uploads\/2020\/02\/2013.jpg\" alt=\"\" width=\"134\" height=\"100\" \/><\/a><br \/>\n<\/strong><span style=\"color: #3366ff;\"><a style=\"color: #3366ff;\" href=\"https:\/\/goo.gl\/maps\/Qpp3Je6NA3SebxPi8\">Latitude: N 43,12333\u00b0\u00a0 \u00a0Longitude: E 17,18173\u00b0<\/a><\/span> <strong><br \/>\n<\/strong>Visina \/ H\u00f6he: 4 m<\/p>\n<p><strong>Katastarska \u010destica <\/strong><strong>\/ Grundst\u00fccke<br \/>\n<\/strong>&#8211; <div class='content-column one_half'><div style=\"padding-right:6px;\"><p><strong>Datum snimanja \/ Erfassungsdatum<br \/>\n<\/strong>23.03.2019 14:14:35<\/p>\n<hr \/>\n<p><strong>Informacije<\/strong><\/p>\n<p>Kapelica sv. Spiridiona, za\u0161titnika maslina, maslinara i uljara, nalazi se u predjelu Ma\u010dak. Kapelica je sagradila obitelj Kuluz u znak zahvalnosti za izvrsne urode maslina na prijelazu iz 19. u 20. stolje\u0107e.<\/p><\/div><\/div><div class='content-column one_half last_column'><div style=\"padding-right:0px;padding-left:6px;\"><p><strong>Stupanj za\u0161tite<\/strong><strong> \/ Schutzstellung<br \/>\n<\/strong>&#8211;<\/p>\n<hr \/>\n<p><strong>Info<\/strong><\/p>\n<p>Der Bildstock des hl. Spiridion, Schutzpatron der Oliven, Olivenbauern und \u00d6lm\u00fchlen, befindet sich im Gebiet namens Ma\u010dak. Die Kapelle wurde von der Familie Kuluz als Dank f\u00fcr ausgezeichneten Olivenertrag an der Wende vom 19. zum 20.Jahrhundert errichtet.<\/p><\/div><\/div><div class='clear_column'><\/div><div class='content-column one_half'><div style=\"padding-right:6px;\"><p><img loading=\"lazy\" decoding=\"async\" class=\"alignnone size-full wp-image-69499\" src=\"https:\/\/www.topohvar.at\/wp-content\/uploads\/2024\/08\/su-cs-01-21.jpg\" alt=\"\" width=\"450\" height=\"600\" srcset=\"https:\/\/www.topohvar.at\/wp-content\/uploads\/2024\/08\/su-cs-01-21.jpg 450w, https:\/\/www.topohvar.at\/wp-content\/uploads\/2024\/08\/su-cs-01-21-225x300.jpg 225w\" sizes=\"auto, (max-width: 450px) 100vw, 450px\" \/><\/p><\/div><\/div><div class='content-column one_half last_column'><div style=\"padding-right:0px;padding-left:6px;\"><p>&nbsp;<\/p>\n<p style=\"text-align: center;\">Kip je oko 1900. izradio Ivana Vujnovi\u0107a od korijena masline. Kapelica uni\u0161teno je nakon Drugog svjetskog rata, ali je ponovno obnovljeno 2008.\/2009. zajedno s kipom.<\/p>\n<p style=\"text-align: center;\">-\/-<\/p>\n<p style=\"text-align: center;\">Die Statue wurde um 1900 von Ivan Vujnovi\u0107 aus den Wurzeln eines Olivenbaums gefertigt. Der Bildstock wurde nach dem Zweiten Weltkrieg zerst\u00f6rt, in den Jahren 2008\/2009 aber wieder samt Statue renoviert.<\/p><\/div><\/div><div class='clear_column'><\/div><\/p>\n<p style=\"text-align: center;\"><em>(Izvor: \/ Quelle: Niksa Vujnovic, Facebook)<\/em><\/p>\n<p style=\"text-align: right;\"><span style=\"color: #3366ff;\"><a style=\"color: #3366ff;\" href=\"#seite_oben\">natrag na vrh \/ Seitenanfang<\/a><\/span><\/p>\n<hr \/>\n<p><strong>Linkovi \/ Links<\/strong><\/p>\n<p>&#8211;<\/p>\n","protected":false},"excerpt":{"rendered":"<p>Ime \/ Name Kapelica \u00bbSv. \u0160piridijun\u00ab \/ Bildstock des hl. Spiridon Code: SU-CS-01\u00a0 \u00a0 \u00a0 \u00a0 \u00a0 \u00a0 \u00a0 \u00a0 \u00a0 \u00a0 \u00a0 \u00a0 \u00a0 \u00a0 \u00a0 \u00a0 Adresa \/ Adresse Su\u0107uraj, Punta Ma\u010dak Lokacija \/ Position Latitude: N 43,12333\u00b0\u00a0 &hellip; <a href=\"https:\/\/www.topohvar.at\/topo\/orte\/su\/su-cs-01-1\/\">Weiterlesen <span class=\"meta-nav\">&rarr;<\/span><\/a><\/p>\n","protected":false},"author":1,"featured_media":0,"parent":103,"menu_order":0,"comment_status":"closed","ping_status":"closed","template":"","meta":{"footnotes":""},"class_list":["post-11594","page","type-page","status-publish","hentry"],"_links":{"self":[{"href":"https:\/\/www.topohvar.at\/topo\/wp-json\/wp\/v2\/pages\/11594","targetHints":{"allow":["GET"]}}],"collection":[{"href":"https:\/\/www.topohvar.at\/topo\/wp-json\/wp\/v2\/pages"}],"about":[{"href":"https:\/\/www.topohvar.at\/topo\/wp-json\/wp\/v2\/types\/page"}],"author":[{"embeddable":true,"href":"https:\/\/www.topohvar.at\/topo\/wp-json\/wp\/v2\/users\/1"}],"replies":[{"embeddable":true,"href":"https:\/\/www.topohvar.at\/topo\/wp-json\/wp\/v2\/comments?post=11594"}],"version-history":[{"count":16,"href":"https:\/\/www.topohvar.at\/topo\/wp-json\/wp\/v2\/pages\/11594\/revisions"}],"predecessor-version":[{"id":69503,"href":"https:\/\/www.topohvar.at\/topo\/wp-json\/wp\/v2\/pages\/11594\/revisions\/69503"}],"up":[{"embeddable":true,"href":"https:\/\/www.topohvar.at\/topo\/wp-json\/wp\/v2\/pages\/103"}],"wp:attachment":[{"href":"https:\/\/www.topohvar.at\/topo\/wp-json\/wp\/v2\/media?parent=11594"}],"curies":[{"name":"wp","href":"https:\/\/api.w.org\/{rel}","templated":true}]}}