{"id":11600,"date":"2018-09-15T06:55:27","date_gmt":"2018-09-15T04:55:27","guid":{"rendered":"https:\/\/www.topohvar.at\/?page_id=11600"},"modified":"2024-07-13T18:28:47","modified_gmt":"2024-07-13T16:28:47","slug":"su-cz-01-1","status":"publish","type":"page","link":"https:\/\/www.topohvar.at\/topo\/orte\/su\/su-cz-01-1\/","title":{"rendered":"SU\u0106URAJ &#8211; Kri\u017e \u00bbKameni kri\u017e s oltarom\u00ab"},"content":{"rendered":"<p><a name=\"seite_oben\"><\/a><strong><img loading=\"lazy\" decoding=\"async\" class=\"alignnone wp-image-20855 size-large\" src=\"https:\/\/www.topohvar.at\/wp-content\/uploads\/2019\/04\/su-cz-01-11-1024x503.jpg\" alt=\"\" width=\"640\" height=\"314\" srcset=\"https:\/\/www.topohvar.at\/wp-content\/uploads\/2019\/04\/su-cz-01-11-1024x503.jpg 1024w, https:\/\/www.topohvar.at\/wp-content\/uploads\/2019\/04\/su-cz-01-11-300x147.jpg 300w, https:\/\/www.topohvar.at\/wp-content\/uploads\/2019\/04\/su-cz-01-11-768x377.jpg 768w, https:\/\/www.topohvar.at\/wp-content\/uploads\/2019\/04\/su-cz-01-11.jpg 1080w\" sizes=\"auto, (max-width: 640px) 100vw, 640px\" \/><\/strong><\/p>\n<p><strong>Ime \/ Name<br \/>\n<\/strong>Kri\u017e \u00bbKameni kri\u017e s oltarom\u00ab \/ Steinkreuz mit Altar<\/p>\n<p><strong>Code: <\/strong>SU-CZ-01\u00a0 \u00a0 \u00a0 \u00a0 \u00a0 \u00a0 \u00a0 \u00a0 \u00a0 \u00a0 \u00a0 \u00a0 \u00a0 \u00a0 \u00a0 \u00a0 \u00a0 \u00a0 \u00a0 \u00a0 \u00a0<strong> <a href=\"https:\/\/www.topohvar.at\/orte\/su\/\"><img loading=\"lazy\" decoding=\"async\" class=\"alignnone wp-image-535 size-full\" src=\"https:\/\/www.topohvar.at\/wp-content\/uploads\/2018\/07\/push-o-30.jpg\" alt=\"\" width=\"61\" height=\"30\" \/><\/a> <a href=\"https:\/\/www.topohvar.at\/orte\/su\/su-cz-02-1\/\"><img loading=\"lazy\" decoding=\"async\" class=\"alignnone wp-image-536 size-full\" src=\"https:\/\/www.topohvar.at\/wp-content\/uploads\/2018\/07\/push-r-30.jpg\" alt=\"\" width=\"61\" height=\"30\" \/><\/a><\/strong><\/p>\n<hr \/>\n<p><strong>Adresa \/ Adresse<br \/>\n<\/strong>Su\u0107uraj<\/p>\n<p><strong>Lokacija \/ Position<a href=\"https:\/\/goo.gl\/maps\/gKt7iWzKCbGso3cs5\"><img loading=\"lazy\" decoding=\"async\" class=\"alignright wp-image-11723\" src=\"https:\/\/www.topohvar.at\/wp-content\/uploads\/2018\/09\/0773.jpg\" alt=\"\" width=\"133\" height=\"100\" \/><\/a><br \/>\n<\/strong><span style=\"color: #3366ff;\"><a style=\"color: #3366ff;\" href=\"https:\/\/goo.gl\/maps\/gKt7iWzKCbGso3cs5\">Latitude: N 43,12645\u00b0\u00a0 \u00a0Longitude: E 17,18645\u00b0<\/a> <\/span><strong><br \/>\n<\/strong>Visina \/ H\u00f6he: 2 m<\/p>\n<p><strong>Katastarska \u010destica <\/strong><strong>\/ Grundst\u00fccke<br \/>\n<\/strong>1460\/1\u00a0<div class='content-column one_half'><div style=\"padding-right:6px;\"><p><strong>Datum snimanja \/ Erfassungsdatum<br \/>\n<\/strong>26.05.2013 16:56:06<\/p>\n<hr \/>\n<p><strong>Informacije<\/strong><\/p>\n<p>Kameni kri\u017e s oltarom na portu, napravljen 1991. godine, blagoslovljen je na blagdan Sv. Ante, 13. lipnja iste godine. Na mjestu ovog kri\u017ea nalazio se stariji kri\u017e sli\u010dnog izgleda, napravljen 1872. u spomen isusova\u010dkoj misiji, a sru\u0161en za vrijeme komunisti\u010dke vlasti, nakon 2. svjetskog rata.<\/p><\/div><\/div><div class='content-column one_half last_column'><div style=\"padding-right:0px;padding-left:6px;\"><p><strong>Stupanj za\u0161tite<\/strong><strong> \/ Schutzstellung<br \/>\n<\/strong>&#8211;<\/p>\n<hr \/>\n<p><strong>Info<\/strong><\/p>\n<p>Das Steinkreuz mit Altar am Hafen wurde 1991 errichtet und am 13. Juni, dem Festtag des heiligen Antonius, eingeweiht. An der Stelle dieses Kreuzes stand ein \u00e4lteres mit \u00e4hnlichem Aussehen, das im Jahre 1872 in Erinnerung an die Jesuitenmission errichtet wurde und w\u00e4hrend des kommunistischen Regimes nach dem 2. Weltkrieg zerst\u00f6rt wurde.<\/p><\/div><\/div><div class='clear_column'><\/div><\/p>\n<p style=\"text-align: center;\">Izvor: \/ Quelle: <span style=\"color: #3366ff;\"><a style=\"color: #3366ff;\" href=\"https:\/\/www.sucuraj.com\/hr\/sucuraj-hvar\/znamenitosti\">https:\/\/www.sucuraj.com\/hr\/sucuraj-hvar\/znamenitosti<\/a><\/span><\/p>\n<hr \/>\n<p style=\"text-align: center;\">Natpis: \/ Inschrift<br \/>\n13. 6. 1991<\/p>\n<p style=\"text-align: right;\"><span style=\"color: #3366ff;\"><a style=\"color: #3366ff;\" href=\"#seite_oben\">natrag na vrh \/ Seitenanfang<\/a><\/span><\/p>\n<hr \/>\n<p><strong>Linkovi \/ Links<\/strong><\/p>\n<p>&#8211;<\/p>\n","protected":false},"excerpt":{"rendered":"<p>Ime \/ Name Kri\u017e \u00bbKameni kri\u017e s oltarom\u00ab \/ Steinkreuz mit Altar Code: SU-CZ-01\u00a0 \u00a0 \u00a0 \u00a0 \u00a0 \u00a0 \u00a0 \u00a0 \u00a0 \u00a0 \u00a0 \u00a0 \u00a0 \u00a0 \u00a0 \u00a0 \u00a0 \u00a0 \u00a0 \u00a0 \u00a0 Adresa \/ Adresse Su\u0107uraj Lokacija \/ &hellip; <a href=\"https:\/\/www.topohvar.at\/topo\/orte\/su\/su-cz-01-1\/\">Weiterlesen <span class=\"meta-nav\">&rarr;<\/span><\/a><\/p>\n","protected":false},"author":1,"featured_media":0,"parent":103,"menu_order":0,"comment_status":"closed","ping_status":"closed","template":"","meta":{"footnotes":""},"class_list":["post-11600","page","type-page","status-publish","hentry"],"_links":{"self":[{"href":"https:\/\/www.topohvar.at\/topo\/wp-json\/wp\/v2\/pages\/11600","targetHints":{"allow":["GET"]}}],"collection":[{"href":"https:\/\/www.topohvar.at\/topo\/wp-json\/wp\/v2\/pages"}],"about":[{"href":"https:\/\/www.topohvar.at\/topo\/wp-json\/wp\/v2\/types\/page"}],"author":[{"embeddable":true,"href":"https:\/\/www.topohvar.at\/topo\/wp-json\/wp\/v2\/users\/1"}],"replies":[{"embeddable":true,"href":"https:\/\/www.topohvar.at\/topo\/wp-json\/wp\/v2\/comments?post=11600"}],"version-history":[{"count":10,"href":"https:\/\/www.topohvar.at\/topo\/wp-json\/wp\/v2\/pages\/11600\/revisions"}],"predecessor-version":[{"id":69176,"href":"https:\/\/www.topohvar.at\/topo\/wp-json\/wp\/v2\/pages\/11600\/revisions\/69176"}],"up":[{"embeddable":true,"href":"https:\/\/www.topohvar.at\/topo\/wp-json\/wp\/v2\/pages\/103"}],"wp:attachment":[{"href":"https:\/\/www.topohvar.at\/topo\/wp-json\/wp\/v2\/media?parent=11600"}],"curies":[{"name":"wp","href":"https:\/\/api.w.org\/{rel}","templated":true}]}}