{"id":11614,"date":"2018-09-15T07:08:45","date_gmt":"2018-09-15T05:08:45","guid":{"rendered":"https:\/\/www.topohvar.at\/?page_id=11614"},"modified":"2021-12-03T13:48:45","modified_gmt":"2021-12-03T12:48:45","slug":"su-is-03-1","status":"publish","type":"page","link":"https:\/\/www.topohvar.at\/topo\/orte\/su\/su-is-03-1\/","title":{"rendered":"SU\u0106URAJ &#8211; Spomen plo\u010da \u00bbDon Dinko Vrankovi\u0107\u00ab"},"content":{"rendered":"<p><a name=\"seite_oben\"><\/a><br \/>\n<strong><img loading=\"lazy\" decoding=\"async\" class=\"alignnone wp-image-20903 size-large\" src=\"https:\/\/www.topohvar.at\/wp-content\/uploads\/2019\/04\/su-is-03-11-1024x503.jpg\" alt=\"\" width=\"640\" height=\"314\" srcset=\"https:\/\/www.topohvar.at\/wp-content\/uploads\/2019\/04\/su-is-03-11-1024x503.jpg 1024w, https:\/\/www.topohvar.at\/wp-content\/uploads\/2019\/04\/su-is-03-11-300x147.jpg 300w, https:\/\/www.topohvar.at\/wp-content\/uploads\/2019\/04\/su-is-03-11-768x377.jpg 768w, https:\/\/www.topohvar.at\/wp-content\/uploads\/2019\/04\/su-is-03-11.jpg 1080w\" sizes=\"auto, (max-width: 640px) 100vw, 640px\" \/><\/strong><\/p>\n<p><strong>Ime \/ Name<br \/>\n<\/strong>Spomen plo\u010da \/ Gedenktafel \u00bbDon Dinko Vrankovi\u0107\u00ab<\/p>\n<p><strong>Code: <\/strong>SU-IS-03\u00a0 \u00a0 \u00a0 \u00a0 \u00a0 \u00a0 \u00a0 \u00a0 \u00a0 \u00a0 \u00a0 \u00a0 \u00a0 \u00a0 \u00a0 <strong><a href=\"https:\/\/www.topohvar.at\/topo\/orte\/su\/su-ip-01-1\/\"><img loading=\"lazy\" decoding=\"async\" class=\"alignnone wp-image-12300 size-full\" src=\"https:\/\/www.topohvar.at\/wp-content\/uploads\/2018\/09\/push-vor-30.jpg\" alt=\"\" width=\"61\" height=\"30\" \/><\/a><\/strong> <strong><a href=\"https:\/\/www.topohvar.at\/orte\/su\/su-is-02-1\/\"><img loading=\"lazy\" decoding=\"async\" class=\"alignnone wp-image-533 size-full\" src=\"https:\/\/www.topohvar.at\/wp-content\/uploads\/2018\/07\/push-l-30.jpg\" alt=\"\" width=\"61\" height=\"30\" \/><\/a> <a href=\"https:\/\/www.topohvar.at\/orte\/su\/\"><img loading=\"lazy\" decoding=\"async\" class=\"alignnone wp-image-535 size-full\" src=\"https:\/\/www.topohvar.at\/wp-content\/uploads\/2018\/07\/push-o-30.jpg\" alt=\"\" width=\"61\" height=\"30\" \/><\/a> <a href=\"https:\/\/www.topohvar.at\/orte\/su\/su-is-04-1\/\"><img loading=\"lazy\" decoding=\"async\" class=\"alignnone wp-image-536 size-full\" src=\"https:\/\/www.topohvar.at\/wp-content\/uploads\/2018\/07\/push-r-30.jpg\" alt=\"\" width=\"61\" height=\"30\" \/><\/a><\/strong><\/p>\n<hr \/>\n<p><strong>Adresa \/ Adresse<br \/>\n<\/strong>Su\u0107uraj, Ulica Sv. Jurja<\/p>\n<p><strong>Lokacija \/ Position<a href=\"https:\/\/goo.gl\/maps\/zcvXiBeKXNJ1KcXq9\"><img loading=\"lazy\" decoding=\"async\" class=\"alignright wp-image-11661\" src=\"https:\/\/www.topohvar.at\/wp-content\/uploads\/2018\/09\/0763.jpg\" alt=\"\" width=\"133\" height=\"100\" \/><\/a><br \/>\n<\/strong><span style=\"color: #3366ff;\"><a style=\"color: #3366ff;\" href=\"https:\/\/goo.gl\/maps\/zcvXiBeKXNJ1KcXq9\">Latitude: N 43,12645\u00b0\u00a0 \u00a0Longitude: E 17,18772\u00b0<\/a> <\/span><strong><br \/>\n<\/strong>Visina \/ H\u00f6he: 7 m<\/p>\n<p><strong>Katastarska \u010destica <\/strong><strong>\/ Grundst\u00fccke<br \/>\n<\/strong>*148, *149, *150, 178, 182\/1 <div class='content-column one_half'><div style=\"padding-right:6px;\"><p><strong>Datum snimanja \/ Erfassungsdatum<br \/>\n<\/strong>12.10.2014 16:31:50<\/p>\n<hr \/>\n<p><strong>Informacije<\/strong><\/p>\n<p>Nad ulazom u samostan nalazi se plo\u010da sa sljede\u0107im natpisom:<\/p><\/div><\/div><div class='content-column one_half last_column'><div style=\"padding-right:0px;padding-left:6px;\"><p><strong>Stupanj za\u0161tite<\/strong><strong> \/ Schutzstellung<br \/>\n<\/strong>&#8211;<\/p>\n<hr \/>\n<p><strong>Info<\/strong><\/p>\n<p>\u00dcber dem Klostereingang befindet sich eine Gedenktafel mit folgender Inschrift:<\/p><\/div><\/div><div class='clear_column'><\/div><div class='content-column one_half'><div style=\"padding-right:6px;\"><p style=\"text-align: center;\"><strong>DON DINKU VRANKOVI\u0106U<\/strong><br \/>\n*1906 &#8211; + 1970<br \/>\nSVE\u0106ENIKU<br \/>\nO 75. OBLJETNICI DOLASKA ZA \u017dUPNIKA<br \/>\nOVAJ SPOMEN PODI\u017dU<br \/>\nZAHVALNI<br \/>\n\u017dUPLJANI I OP\u010cINA SU\u0106URAJ<br \/>\n4. LISTOPAD 2008<\/p><\/div><\/div><div class='content-column one_half last_column'><div style=\"padding-right:0px;padding-left:6px;\"><p style=\"text-align: center;\"><strong>Don Dinko Vrankovi\u0107<\/strong><br \/>\n* 1906 &#8211; + 1970<br \/>\nPriester<br \/>\nAnl\u00e4sslich des 75. Jahrestages seiner Ankunft<br \/>\nin der Pfarre wurde diese Gedenktafel errichtet<br \/>\nDie dankbaren<br \/>\nGemeindemitglieder und Gemeinde Su\u010duraj<br \/>\n4. Oktober 2008.<\/p><\/div><\/div><div class='clear_column'><\/div><\/p>\n<hr \/>\n<div class='content-column one_half'><div style=\"padding-right:6px;\"><p><strong>Don Dinko Vrankovi\u0107<\/strong><\/p>\n<p>*Svir\u010de, 22.1.1906, +Split 4.9.1970. Mlade mise, na Bartulovo 1930.g. 1934.-39.g. slu\u017ebovanja u Bogomolju, 1939.-64.g.\u00a0 \u017eupe u Su\u0107urju, 1964.-70. g. \u017eupe u Vrboskoj. Sve\u0107enik, povjesni\u010dar.<\/p><\/div><\/div><div class='content-column one_half last_column'><div style=\"padding-right:0px;padding-left:6px;\"><p><strong>Don Dinko Vrankovi\u0107<\/strong><\/p>\n<p>Geboren in Svir\u010de am 22. J\u00e4nner 1906, gestorben am 4. September 1970 in Split. Priesterweihe in Bartulov im Jahr 1930. In den Jahren 1934 \u2013 1939 wirkte er in Bogomolje, von 1939 \u2013 1964 war er Pfarrer in Su\u010duraj und von 1964 bis zu seinem Tod im Jahr 1970 Pfarrer in Vrboska. Er war verdienter Historiker.<\/p><\/div><\/div><div class='clear_column'><\/div><\/p>\n<p style=\"text-align: right;\"><span style=\"color: #3366ff;\"><a style=\"color: #3366ff;\" href=\"#seite_oben\">natrag na vrh \/ Seitenanfang<\/a><\/span><\/p>\n<hr \/>\n<p><strong>Linkovi \/ Links<\/strong><\/p>\n<p><span style=\"color: #3366ff;\"><a style=\"color: #3366ff;\" href=\"https:\/\/www.topohvar.at\/orte\/su\/su-ca-01-1\/\">Franjeva\u010dki samostan \/ Franziskanerkloster<\/a><br \/>\n<a style=\"color: #3366ff;\" href=\"https:\/\/www.topohvar.at\/orte\/su\/su-in-01-1\/\">Natpis \u00bbNa nadvratnici vrata samostana\u00ab \/ Inschrift am Klosterportal<\/a><br \/>\n<a style=\"color: #3366ff;\" href=\"https:\/\/www.topohvar.at\/orte\/su\/su-is-04-1\/\">Spomen plo\u010da \u00bbAugustinaca samostan (biv\u0161i)\u00ab \/ Gedenktafel an das ehemalige Augustinerkloster<\/a><\/span><\/p>\n<p>&nbsp;<\/p>\n","protected":false},"excerpt":{"rendered":"<p>Ime \/ Name Spomen plo\u010da \/ Gedenktafel \u00bbDon Dinko Vrankovi\u0107\u00ab Code: SU-IS-03\u00a0 \u00a0 \u00a0 \u00a0 \u00a0 \u00a0 \u00a0 \u00a0 \u00a0 \u00a0 \u00a0 \u00a0 \u00a0 \u00a0 \u00a0 Adresa \/ Adresse Su\u0107uraj, Ulica Sv. Jurja Lokacija \/ Position Latitude: N 43,12645\u00b0\u00a0 \u00a0Longitude: &hellip; <a href=\"https:\/\/www.topohvar.at\/topo\/orte\/su\/su-is-03-1\/\">Weiterlesen <span class=\"meta-nav\">&rarr;<\/span><\/a><\/p>\n","protected":false},"author":1,"featured_media":0,"parent":103,"menu_order":0,"comment_status":"closed","ping_status":"closed","template":"","meta":{"footnotes":""},"class_list":["post-11614","page","type-page","status-publish","hentry"],"_links":{"self":[{"href":"https:\/\/www.topohvar.at\/topo\/wp-json\/wp\/v2\/pages\/11614","targetHints":{"allow":["GET"]}}],"collection":[{"href":"https:\/\/www.topohvar.at\/topo\/wp-json\/wp\/v2\/pages"}],"about":[{"href":"https:\/\/www.topohvar.at\/topo\/wp-json\/wp\/v2\/types\/page"}],"author":[{"embeddable":true,"href":"https:\/\/www.topohvar.at\/topo\/wp-json\/wp\/v2\/users\/1"}],"replies":[{"embeddable":true,"href":"https:\/\/www.topohvar.at\/topo\/wp-json\/wp\/v2\/comments?post=11614"}],"version-history":[{"count":12,"href":"https:\/\/www.topohvar.at\/topo\/wp-json\/wp\/v2\/pages\/11614\/revisions"}],"predecessor-version":[{"id":54461,"href":"https:\/\/www.topohvar.at\/topo\/wp-json\/wp\/v2\/pages\/11614\/revisions\/54461"}],"up":[{"embeddable":true,"href":"https:\/\/www.topohvar.at\/topo\/wp-json\/wp\/v2\/pages\/103"}],"wp:attachment":[{"href":"https:\/\/www.topohvar.at\/topo\/wp-json\/wp\/v2\/media?parent=11614"}],"curies":[{"name":"wp","href":"https:\/\/api.w.org\/{rel}","templated":true}]}}